{"id":96,"date":"2021-10-20T12:30:45","date_gmt":"2021-10-20T09:30:45","guid":{"rendered":"https:\/\/aboanalytics.wordpress.com\/?page_id=96"},"modified":"2025-11-11T20:29:17","modified_gmt":"2025-11-11T18:29:17","slug":"96-2","status":"publish","type":"page","link":"https:\/\/vihti-gym.fi\/index.php\/96-2\/","title":{"rendered":"Toimintaperiaatteet ja toimintalinja"},"content":{"rendered":"\n<h2 class=\"wp-block-heading\">Seuran tavoitteet ja pelis\u00e4\u00e4nn\u00f6t<br>&nbsp;<\/h2>\n\n\n\n<p><strong>Vihti-Gymin toiminnan tarkoituksena on tarjota monipuolisia mahdollisuuksia niin harraste- ja kuntoliikuntaan kuin kilpailu- ja valmennustoimintaan \u2013 olemme mukana edist\u00e4m\u00e4ss\u00e4 liikkuvaa, tervett\u00e4 ja hyvinvoivaa el\u00e4m\u00e4\u00e4 kaikille vihtil\u00e4isille!<\/strong><\/p>\n\n\n\n<p>Vihti-Gymin visio heijastaa vahvasti edell\u00e4 mainittuja seuratoimintamme arvoja. Visiomme on olla tunnettu ja arvostettu liikuntaseura, joka kokoaa yhteen eri-ik\u00e4iset liikkujat. Toiminta tarjoaa vahvaa yhteis\u00f6llisyytt\u00e4 ja juurruttaa liikunnan ilon ja yhdess\u00e4 tekemisen kulttuurin sukupolvilta toisille.<\/p>\n\n\n\n<p>Visiota toteutamme nelj\u00e4n strategisen painopisteen kautta:<\/p>\n\n\n\n<ul class=\"wp-block-list\">\n<li><strong>J\u00e4senist\u00f6 ja n\u00e4kyvyys<\/strong><\/li>\n<\/ul>\n\n\n\n<p>Pyrimme laajentamaan ja monipuolistamaan j\u00e4senpohjaamme, jotta seuran toiminta jatkuu my\u00f6s tulevaisuudessa. T\u00e4m\u00e4n mahdollistaminen vaatii viestint\u00e4\u00e4 toiminnastamme, suunnitelmallista markkinointia ja l\u00e4sn\u00e4olemista paikallisissa tapahtumissa.<\/p>\n\n\n\n<ul class=\"wp-block-list\">\n<li><strong>Vastuullisuus<\/strong><\/li>\n<\/ul>\n\n\n\n<p>Haluamme olla arvostettu liikuntaseura, mik\u00e4 edellytt\u00e4\u00e4 vastuullista johtamista ja sit\u00e4 kautta seuramme taloudellisen vakauden varmistamista. Vastuullisuuteen liittyy my\u00f6s ajatus siit\u00e4, ett\u00e4 hyvinvoivassa seurayhteis\u00f6ss\u00e4 on turvallinen, avoin ja kannustava ilmapiiri.<\/p>\n\n\n\n<ul class=\"wp-block-list\">\n<li><strong>Laadukkuus ja monipuolisuus<\/strong><\/li>\n<\/ul>\n\n\n\n<p>Ohjaajien ja valmentajien osaamisen kehitt\u00e4misen tukeminen on avain laadukkaaseen ohjaukseen ja valmennukseen. Jotta toimintamme voi olla laadukasta ja monipuolista on meid\u00e4n my\u00f6s oltava avoimia kehitt\u00e4m\u00e4\u00e4n sit\u00e4 s\u00e4\u00e4nn\u00f6llisesti.&nbsp; Kehitt\u00e4minen tulee kuitenkin tehd\u00e4 tasapainoisesti harraste- ja kilpatoiminnan kesken. Kehitt\u00e4misen taustalla vaikuttaa my\u00f6s j\u00e4senist\u00f6lt\u00e4 s\u00e4\u00e4nn\u00f6llisesti ker\u00e4tty palaute.<\/p>\n\n\n\n<ul class=\"wp-block-list\">\n<li><strong>Vapaaehtoistoiminta<\/strong><\/li>\n<\/ul>\n\n\n\n<p>Vapaaehtoistoiminta ja sit\u00e4 kautta my\u00f6s yhteis\u00f6llisyyden tunteen muodostuminen edellytt\u00e4\u00e4 sit\u00e4, ett\u00e4 vapaaehtoisilla on selke\u00e4t roolit ja he saavat teht\u00e4viins\u00e4 my\u00f6s perehdytyst\u00e4 ja koulutusta. Vapaaehtoistoiminnalle tulee olla selke\u00e4t kiitt\u00e4misen ja palkitsemisen mallit.<\/p>\n\n\n\n<h2 class=\"wp-block-heading\">Toimintalinja<\/h2>\n\n\n\n<p>Vihti-Gymin on <a href=\"https:\/\/vihti-gym.fi\/wp-content\/uploads\/2025\/11\/Toimintalinja-2025-2026.pdf\" data-type=\"attachment\" data-id=\"2577\">toimintalinja<\/a> p\u00e4ivitetty 11\/2025.<\/p>\n\n\n\n<h2 class=\"wp-block-heading\">Valmennuslinjat<\/h2>\n\n\n\n<p>Voimistelun <a href=\"https:\/\/vihti-gym.fi\/wp-content\/uploads\/2024\/11\/Valmennuslinja_voimistelu_2425.pdf\" data-type=\"attachment\" data-id=\"2221\">valmennuslinja<\/a> on p\u00e4ivitetty syksyll\u00e4 2024.<\/p>\n\n\n\n<p>Cheerleadingin <a href=\"https:\/\/vihti-gym.fi\/wp-content\/uploads\/2022\/11\/Valmennuslinja_cheerleading_2022-2023.pdf\" target=\"_blank\" rel=\"noreferrer noopener\">valmennuslinja<\/a> on p\u00e4ivitetty syksyll\u00e4 2022.<\/p>\n\n\n\n<p>Aikuisten liikunnan <a href=\"https:\/\/vihti-gym.fi\/wp-content\/uploads\/2024\/11\/Aikuisten-harrastustoiminnan-ohjauslinjaus-24-25.pdf\" data-type=\"attachment\" data-id=\"2223\">harrastuslinja<\/a> on p\u00e4ivitetty syksyll\u00e4 2024.<\/p>\n\n\n\n<p>Lasten liikunnan <a href=\"https:\/\/vihti-gym.fi\/wp-content\/uploads\/2024\/11\/Lasten-harrastustoiminnan-ohjauslinjaus-24-25.pdf\" data-type=\"attachment\" data-id=\"2222\">harrastuslinja<\/a> on p\u00e4ivitetty syksyll\u00e4 2024.<\/p>\n\n\n\n<h2 class=\"wp-block-heading\">S\u00e4\u00e4nn\u00f6t<\/h2>\n\n\n\n<p>Liikuntaseura Vihti-Gym ry:n <a rel=\"noreferrer noopener\" href=\"https:\/\/vihti-gym.fi\/wp-content\/uploads\/2022\/11\/Vihti-Gym-saannot_prh.pdf\" target=\"_blank\">s\u00e4\u00e4nn\u00f6t<\/a>.<\/p>\n\n\n\n<h2 class=\"wp-block-heading\">Urheilu edist\u00e4\u00e4 sosiaalisia taitoja<br>&nbsp;<\/h2>\n\n\n\n<ul class=\"wp-block-list\">\n<li>sosiaaliset tilanteet opettavat yhteiskunnan ja l\u00e4hiymp\u00e4rist\u00f6n s\u00e4\u00e4nt\u00f6j\u00e4<\/li>\n\n\n\n<li>urheilussa ryhm\u00e4n etu ja ty\u00f6skentely yhteisen tavoitteen hyv\u00e4ksi on t\u00e4rke\u00e4\u00e4 sosiaalistumisen kannalta<\/li>\n\n\n\n<li>joukkueessa tai ryhm\u00e4ss\u00e4 toimiminen eiv\u00e4t automaattisesti edist\u00e4 sosiaalista kasvua<\/li>\n\n\n\n<li><strong>erilaisuuden suvaitseminen on eritt\u00e4in t\u00e4rke\u00e4\u00e4!<\/strong><\/li>\n<\/ul>\n\n\n\n<p>Urheilullinen el\u00e4m\u00e4ntapa vahvistaa sosiaalisia taitoja, lis\u00e4\u00e4 sosiaalista kanssak\u00e4ymist\u00e4 ja opettaa sosiaalisille tavoille. Kypsien vanhempien ja taitavien valmentajien avulla lapsi p\u00e4\u00e4see osallistumaan erilaisiin sosiaalisiin tilanteisiin. N\u00e4m\u00e4 kohtaamiset rakentavat lapsen sosiaalisia taitoja kuten: reilun pelin periaatteita, yhdess\u00e4 tekemisen haasteita sek\u00e4 vahvojen tunteiden tuntemista. Lapsi oppii mm. h\u00e4vi\u00e4m\u00e4\u00e4n ja voittamaan, kokemaan ilon ja surun tunteita, odottamaan vuoroaan ja olemaan sitke\u00e4. N\u00e4m\u00e4 kaikki ovat taitoja, joita tarvitaan el\u00e4m\u00e4n my\u00f6hemmiss\u00e4kin sosiaalisissa tilanteissa. Vaihe vaiheelta rakentuneet ja vahvat sosiaaliset taidot suojaavat lasta p\u00e4ihteiden k\u00e4yt\u00f6lt\u00e4 ja tuovat lapsen el\u00e4m\u00e4\u00e4n suuren ilon!<br><br>Itsetunnon vahvistumisen kautta ja sosiaalisten taitojen rakentuessa urheilullinen el\u00e4m\u00e4ntapa muuttuu my\u00f6s urheilulliseksi el\u00e4m\u00e4nasenteeksi, jossa keskeisiksi arvoiksi nousevat oman itsen tunteminen &#8211; niin mahdollisuuksien kuin rajojenkin &#8211; , toisten ihmisten huomioiminen, moninaisuuden arvostaminen ja el\u00e4m\u00e4n kunnioittaminen.<\/p>\n\n\n\n<h2 class=\"wp-block-heading\">Ongelmanratkaisupolku<\/h2>\n\n\n\n<p><a><\/a><\/p>\n\n\n\n<p>Joskus ryhm\u00e4n sis\u00e4isesti tai kanssak\u00e4ymisess\u00e4 vanhempien kanssa syntyy ongelmatilanteita. Jotta ryhm\u00e4n, vanhempien&nbsp;ja ohjaajien&nbsp;hyv\u00e4 henki harrastuksen suhteen s\u00e4ilyy, on n\u00e4ihin tilanteisiin haettava ratkaisu. Kaikki ongelmatilanteet hoidetaan seuran sis\u00e4ll\u00e4 ja niihin reagoidaan nopeasti. Jokaisen ryhm\u00e4n vanhempia informoidaan ongelmanratkaisupolusta.<\/p>\n\n\n\n<p>Katso ongelmanratkaisupolku t\u00e4\u00e4lt\u00e4: https:\/\/vihti-gym.fi\/index.php\/vastuullisuus\/<\/p>\n","protected":false},"excerpt":{"rendered":"<p>Seuran tavoitteet ja pelis\u00e4\u00e4nn\u00f6t&nbsp; Vihti-Gymin toiminnan tarkoituksena on tarjota monipuolisia mahdollisuuksia niin harraste- ja kuntoliikuntaan kuin kilpailu- ja valmennustoimintaan \u2013 olemme mukana edist\u00e4m\u00e4ss\u00e4 liikkuvaa, tervett\u00e4 ja hyvinvoivaa el\u00e4m\u00e4\u00e4 kaikille vihtil\u00e4isille! Vihti-Gymin visio heijastaa vahvasti edell\u00e4 mainittuja seuratoimintamme arvoja. Visiomme on olla tunnettu ja arvostettu liikuntaseura, joka kokoaa yhteen eri-ik\u00e4iset liikkujat. Toiminta tarjoaa vahvaa yhteis\u00f6llisyytt\u00e4 ja [&hellip;]<\/p>\n","protected":false},"author":2,"featured_media":0,"parent":0,"menu_order":0,"comment_status":"closed","ping_status":"closed","template":"","meta":{"site-sidebar-layout":"default","site-content-layout":"","ast-site-content-layout":"default","site-content-style":"default","site-sidebar-style":"default","ast-global-header-display":"","ast-banner-title-visibility":"","ast-main-header-display":"","ast-hfb-above-header-display":"","ast-hfb-below-header-display":"","ast-hfb-mobile-header-display":"","site-post-title":"","ast-breadcrumbs-content":"","ast-featured-img":"","footer-sml-layout":"","ast-disable-related-posts":"","theme-transparent-header-meta":"","adv-header-id-meta":"","stick-header-meta":"","header-above-stick-meta":"","header-main-stick-meta":"","header-below-stick-meta":"","astra-migrate-meta-layouts":"set","ast-page-background-enabled":"default","ast-page-background-meta":{"desktop":{"background-color":"var(--ast-global-color-4)","background-image":"","background-repeat":"repeat","background-position":"center center","background-size":"auto","background-attachment":"scroll","background-type":"","background-media":"","overlay-type":"","overlay-color":"","overlay-opacity":"","overlay-gradient":""},"tablet":{"background-color":"","background-image":"","background-repeat":"repeat","background-position":"center center","background-size":"auto","background-attachment":"scroll","background-type":"","background-media":"","overlay-type":"","overlay-color":"","overlay-opacity":"","overlay-gradient":""},"mobile":{"background-color":"","background-image":"","background-repeat":"repeat","background-position":"center center","background-size":"auto","background-attachment":"scroll","background-type":"","background-media":"","overlay-type":"","overlay-color":"","overlay-opacity":"","overlay-gradient":""}},"ast-content-background-meta":{"desktop":{"background-color":"var(--ast-global-color-5)","background-image":"","background-repeat":"repeat","background-position":"center center","background-size":"auto","background-attachment":"scroll","background-type":"","background-media":"","overlay-type":"","overlay-color":"","overlay-opacity":"","overlay-gradient":""},"tablet":{"background-color":"var(--ast-global-color-5)","background-image":"","background-repeat":"repeat","background-position":"center center","background-size":"auto","background-attachment":"scroll","background-type":"","background-media":"","overlay-type":"","overlay-color":"","overlay-opacity":"","overlay-gradient":""},"mobile":{"background-color":"var(--ast-global-color-5)","background-image":"","background-repeat":"repeat","background-position":"center center","background-size":"auto","background-attachment":"scroll","background-type":"","background-media":"","overlay-type":"","overlay-color":"","overlay-opacity":"","overlay-gradient":""}},"footnotes":""},"class_list":["post-96","page","type-page","status-publish","hentry"],"_links":{"self":[{"href":"https:\/\/vihti-gym.fi\/index.php\/wp-json\/wp\/v2\/pages\/96","targetHints":{"allow":["GET"]}}],"collection":[{"href":"https:\/\/vihti-gym.fi\/index.php\/wp-json\/wp\/v2\/pages"}],"about":[{"href":"https:\/\/vihti-gym.fi\/index.php\/wp-json\/wp\/v2\/types\/page"}],"author":[{"embeddable":true,"href":"https:\/\/vihti-gym.fi\/index.php\/wp-json\/wp\/v2\/users\/2"}],"replies":[{"embeddable":true,"href":"https:\/\/vihti-gym.fi\/index.php\/wp-json\/wp\/v2\/comments?post=96"}],"version-history":[{"count":15,"href":"https:\/\/vihti-gym.fi\/index.php\/wp-json\/wp\/v2\/pages\/96\/revisions"}],"predecessor-version":[{"id":2578,"href":"https:\/\/vihti-gym.fi\/index.php\/wp-json\/wp\/v2\/pages\/96\/revisions\/2578"}],"wp:attachment":[{"href":"https:\/\/vihti-gym.fi\/index.php\/wp-json\/wp\/v2\/media?parent=96"}],"curies":[{"name":"wp","href":"https:\/\/api.w.org\/{rel}","templated":true}]}}