{"id":91,"date":"2021-10-20T12:27:55","date_gmt":"2021-10-20T09:27:55","guid":{"rendered":"https:\/\/aboanalytics.wordpress.com\/?page_id=91"},"modified":"2025-07-07T14:53:28","modified_gmt":"2025-07-07T11:53:28","slug":"jasenmaksut","status":"publish","type":"page","link":"https:\/\/vihti-gym.fi\/index.php\/jasenmaksut\/","title":{"rendered":"J\u00e4senmaksut"},"content":{"rendered":"\n<p><strong>HUOM! <\/strong>Syyskokouksen p\u00e4\u00e4t\u00f6ksell\u00e4 olemme p\u00e4ivitt\u00e4neet el\u00e4kel\u00e4isalennuksen kev\u00e4tkaudelle 2025. Alennuksen on tarkoitus ollut olla -50% kausimaksusta, johon nyt my\u00f6s palautamme alennuksen.<\/p>\n\n\n\n<p><strong>J\u00e4sen- ja kausimaksu<\/strong><\/p>\n\n\n\n<p>Liikuntaseura Vihti-Gymin kausimaksu oikeuttaa k\u00e4ym\u00e4\u00e4n ilmoittaudutulle kaudelle niill\u00e4 tunneilla, joihin j\u00e4sen on onnistuneesti ilmoittautunut. Lasku muodostuu ilmoittautumisen yhteydess\u00e4, mutta&nbsp;<strong>ryhm\u00e4\u00e4 voi kokeilla 2 krt ennen laskun maksamista.<\/strong>&nbsp;Ilmoittautuminen tulee perua j\u00e4rjestelm\u00e4ss\u00e4, mik\u00e4li paikkaa ei oteta vastaan.&nbsp;<\/p>\n\n\n\n<h3 class=\"wp-block-heading\"><strong>J\u00e4sen- ja kausimaksut kaudella 2025-2026<\/strong><\/h3>\n\n\n\n<p><strong>Huom.&nbsp;<\/strong>35\u20ac j\u00e4senmaksu maksetaan ilmoittautumisen yhteydess\u00e4 (vain kerran). Kausimaksu ja ryhm\u00e4maksut maksetaan sek\u00e4 syksyll\u00e4 ett\u00e4 kev\u00e4\u00e4ll\u00e4. Ryhm\u00e4maksu ja kausimaksu koskevat vain harrasteryhmi\u00e4. <\/p>\n\n\n\n<figure class=\"wp-block-gallery has-nested-images columns-default is-cropped wp-block-gallery-1 is-layout-flex wp-block-gallery-is-layout-flex\">\n<figure class=\"wp-block-image size-large\"><img loading=\"lazy\" decoding=\"async\" width=\"1024\" height=\"1024\" data-id=\"2446\" src=\"https:\/\/vihti-gym.fi\/wp-content\/uploads\/2025\/07\/Pink-Beauty-Price-list-2-1024x1024.png\" alt=\"\" class=\"wp-image-2446\" srcset=\"https:\/\/vihti-gym.fi\/wp-content\/uploads\/2025\/07\/Pink-Beauty-Price-list-2-1024x1024.png 1024w, https:\/\/vihti-gym.fi\/wp-content\/uploads\/2025\/07\/Pink-Beauty-Price-list-2-300x300.png 300w, https:\/\/vihti-gym.fi\/wp-content\/uploads\/2025\/07\/Pink-Beauty-Price-list-2-150x150.png 150w, https:\/\/vihti-gym.fi\/wp-content\/uploads\/2025\/07\/Pink-Beauty-Price-list-2-768x768.png 768w, https:\/\/vihti-gym.fi\/wp-content\/uploads\/2025\/07\/Pink-Beauty-Price-list-2-1536x1536.png 1536w, https:\/\/vihti-gym.fi\/wp-content\/uploads\/2025\/07\/Pink-Beauty-Price-list-2-2048x2048.png 2048w\" sizes=\"auto, (max-width: 1024px) 100vw, 1024px\" \/><\/figure>\n<\/figure>\n\n\n\n<p><strong>HUOM!<\/strong><\/p>\n\n\n\n<ul class=\"wp-block-list\">\n<li>Perheliikunnan&nbsp;maksut: Aikuinen maksaa &nbsp;j\u00e4senmaksun (35&nbsp;\u20ac)&nbsp;ja lapsi j\u00e4sen- sek\u00e4 kausimaksun.<\/li>\n\n\n\n<li>Cheerleadingin harrasteryhmiin osallistuvien tulee ostaa Cheerleadingliiton harrastelisenssi. Lisenssin hinta EI sis\u00e4lly j\u00e4sen- eik\u00e4 kausimaksuihin. <a href=\"https:\/\/scl.fi\/harrastajalle\/lisenssit\/\" target=\"_blank\" rel=\"noreferrer noopener\">Tutustu lisenssiin.<\/a><\/li>\n<\/ul>\n\n\n\n<p class=\"has-vivid-red-color has-text-color has-link-color wp-elements-aeb85acee8a9d1befe879a65fc745f60\"><strong>Seura hoitaa Perheliikunnan&nbsp;aikuisen ilmoittautumisen ja laskuttaa j\u00e4senmaksun.<\/strong><\/p>\n\n\n\n<p>Jos aikuisen kanssa ryhm\u00e4\u00e4n tulee&nbsp;useampi lapsi, tulee&nbsp;jokaisesta lapsesta maksaa oma j\u00e4sen- ja kausimaksu.&nbsp;Lapsen kanssa perheliikunnan ryhm\u00e4ss\u00e4 voi k\u00e4yd\u00e4 perheen tilanteesta riippuen eri aikuinen eri kerroilla. Jos perheest\u00e4&nbsp;useampi lapsi k\u00e4y ryhm\u00e4ss\u00e4 ja&nbsp;my\u00f6s aikuisia on useampi kerrallaan,&nbsp;kaikki aikuiset maksavat j\u00e4senmaksunsa.&nbsp; Jos aikuinen haluaa osallistua lis\u00e4ksi muihin ryhmiin kuin perheliikuntaryhm\u00e4\u00e4n, tulee h\u00e4nen maksaa aikuisen kausimaksu.&nbsp;<\/p>\n\n\n\n<p><strong>Vihti-Gymiss\u00e4 liikut edullisesti ammattitaitoisten ohjaajien johdolla!<\/strong><\/p>\n\n\n\n<p>Vihti-Gymin aikuisten 225 euron kokonaismaksulla p\u00e4\u00e4set osallistumaan yhdelle tunnille viikossa koko vuoden ajan. Jos osallistut useampaan kuin yhteen jumppaan viikossa, niin jokaisesta ryhm\u00e4st\u00e4 veloitetaan 15 euron ryhm\u00e4maksu syksyll\u00e4 ja kev\u00e4\u00e4ll\u00e4. Jos siis osallistut kahteen tuntiin viikossa, maksusi on silloin 255\u20ac jne. My\u00f6s lapset ja nuoret maksavat 15 euron ryhm\u00e4maksun jokaisesta ryhm\u00e4st\u00e4.<\/p>\n\n\n\n<p><strong>J\u00e4senkortti &#8211;&nbsp;alennuksia yhteisty\u00f6kumppaneilta ja avain jumppatunnille<\/strong><\/p>\n\n\n\n<p>Maksettuaan j\u00e4sen- ja vuosimaksun sek\u00e4 mahdolliset erillismaksut, j\u00e4sen saa j\u00e4senkortin. J\u00e4senkortti n\u00e4kyy MyClubissa, niin sovelluksessa kuin nettiselainversiossa.<\/p>\n\n\n\n<h2 class=\"wp-block-heading\"><strong>Valmennusryhm\u00e4t<\/strong><\/h2>\n\n\n\n<p>Valmennusryhm\u00e4l\u00e4iset maksavat seuralle vuosittain&nbsp;<strong>j\u00e4senmaksun<\/strong>. T\u00e4m\u00e4n lis\u00e4ksi valmennusjoukkueiden kulut muodostuvat valmennusmaksuista ja kilpamaksuista.<\/p>\n\n\n\n<p><strong>VALMENNUSMAKSU<\/strong> ja <strong>KILPAMAKSU<\/strong><\/p>\n\n\n\n<p><a href=\"https:\/\/vihti-gym.fi\/wp-content\/uploads\/2025\/07\/Valmennusjoukkueen-kulujen-muodostuminen-2025-2026-1.pdf\" data-type=\"attachment\" data-id=\"2472\">T\u00e4st\u00e4 l\u00f6yd\u00e4t tiedotteen valmennusjoukkueiden kulujen muodostumiseen. <\/a><\/p>\n\n\n\n<h2 class=\"wp-block-heading\"><strong>Vakuutus<\/strong><\/h2>\n\n\n\n<p><strong>HUOM! Seura ei ole vakuuttanut j\u00e4seni\u00e4\u00e4n, joten tarkista oman vakuutuksesi korvaavuusehdot liikuntaharrastuksissa.<\/strong><\/p>\n\n\n\n<p>Kaikilla, jotka osallistuvat Voimisteluliiton lajien kilpailuihin tai cheerleading-kilpailuihin,<strong>&nbsp;pit\u00e4\u00e4 olla vakuutus sek\u00e4 lisenssi.<\/strong><\/p>\n\n\n\n<p><strong>Jokainen ohjaaja on vakuutettu tapaturmien varalta.<\/strong><\/p>\n\n\n\n<h2 class=\"wp-block-heading\">Vihti-Gymin j\u00e4sen- ja kausimaksun voit maksaa my\u00f6s ePassilla!<\/h2>\n\n\n\n<p>Vihti-Gymin j\u00e4sen- ja kausimaksun voi maksaa k\u00e4tev\u00e4sti netiss\u00e4 osoitteessa&nbsp;<a href=\"https:\/\/www.epassi.fi\/fi\/etusivu\">https:\/\/www.epassi.fi\/fi\/etusivu<\/a>. <strong>HUOM:&nbsp;Maksu tulee tehd\u00e4 verkkomaksuna, mobiilisovelluksen kautta maksua ei voi tehd\u00e4! Huomioithan, ett\u00e4 ty\u00f6nantajan my\u00f6nt\u00e4m\u00e4 ePassi -etu on henkil\u00f6kohtainen eik\u00e4 sit\u00e4 voi k\u00e4ytt\u00e4\u00e4 perheenj\u00e4senten eduksi.<\/strong><\/p>\n\n\n\n<p>HENKIL\u00d6KOHTAISEN LASKUSI MAKSU VERKKOMAKSULLA<\/p>\n\n\n\n<p><br>1. Kirjaudu sis\u00e4\u00e4n omilla tunnuksillasi epassi.fi -sivulla.<\/p>\n\n\n\n<p><br>2. Aloita hakemalla palveluntarjoaja esim. jollain seuraavista kriteereist\u00e4:<br>NIMI: vihti-gym<br>PAIKKAKUNTA: nummela<br>POSTINUMERO: 03100<br>Paina HAE<\/p>\n\n\n\n<p><br>3. Valitse palveluntarjoaja, klikkaa &#8221;Seuraava&#8221;, t\u00e4yt\u00e4 summa, laskun viite ja paina maksa<\/p>\n\n\n\n<p>(Mik\u00e4li haluat maksaa vain osan ePassilla, t\u00e4yt\u00e4 haluamasi&nbsp;summa, laskun viite ja paina maksa ePassissa.&nbsp;ePassi&nbsp;maksun j\u00e4lkeen laskusta maksetaan j\u00e4ljelle j\u00e4\u00e4v\u00e4 summa tilisiirtona, n\u00e4in molemmat maksut kohdistuvat laskullesi ja lasku kirjautuu maksetuksi, kun molemmat suoritukset on vastaanotettu.)<\/p>\n\n\n\n<p>PID\u00c4T\u00c4MME OIKEUDET MUUTOKSIIN<\/p>\n","protected":false},"excerpt":{"rendered":"<p>HUOM! Syyskokouksen p\u00e4\u00e4t\u00f6ksell\u00e4 olemme p\u00e4ivitt\u00e4neet el\u00e4kel\u00e4isalennuksen kev\u00e4tkaudelle 2025. Alennuksen on tarkoitus ollut olla -50% kausimaksusta, johon nyt my\u00f6s palautamme alennuksen. J\u00e4sen- ja kausimaksu Liikuntaseura Vihti-Gymin kausimaksu oikeuttaa k\u00e4ym\u00e4\u00e4n ilmoittaudutulle kaudelle niill\u00e4 tunneilla, joihin j\u00e4sen on onnistuneesti ilmoittautunut. Lasku muodostuu ilmoittautumisen yhteydess\u00e4, mutta&nbsp;ryhm\u00e4\u00e4 voi kokeilla 2 krt ennen laskun maksamista.&nbsp;Ilmoittautuminen tulee perua j\u00e4rjestelm\u00e4ss\u00e4, mik\u00e4li paikkaa ei [&hellip;]<\/p>\n","protected":false},"author":2,"featured_media":0,"parent":0,"menu_order":0,"comment_status":"closed","ping_status":"closed","template":"","meta":{"site-sidebar-layout":"default","site-content-layout":"","ast-site-content-layout":"default","site-content-style":"default","site-sidebar-style":"default","ast-global-header-display":"","ast-banner-title-visibility":"","ast-main-header-display":"","ast-hfb-above-header-display":"","ast-hfb-below-header-display":"","ast-hfb-mobile-header-display":"","site-post-title":"","ast-breadcrumbs-content":"","ast-featured-img":"","footer-sml-layout":"","ast-disable-related-posts":"","theme-transparent-header-meta":"","adv-header-id-meta":"","stick-header-meta":"","header-above-stick-meta":"","header-main-stick-meta":"","header-below-stick-meta":"","astra-migrate-meta-layouts":"set","ast-page-background-enabled":"default","ast-page-background-meta":{"desktop":{"background-color":"var(--ast-global-color-4)","background-image":"","background-repeat":"repeat","background-position":"center center","background-size":"auto","background-attachment":"scroll","background-type":"","background-media":"","overlay-type":"","overlay-color":"","overlay-opacity":"","overlay-gradient":""},"tablet":{"background-color":"","background-image":"","background-repeat":"repeat","background-position":"center center","background-size":"auto","background-attachment":"scroll","background-type":"","background-media":"","overlay-type":"","overlay-color":"","overlay-opacity":"","overlay-gradient":""},"mobile":{"background-color":"","background-image":"","background-repeat":"repeat","background-position":"center center","background-size":"auto","background-attachment":"scroll","background-type":"","background-media":"","overlay-type":"","overlay-color":"","overlay-opacity":"","overlay-gradient":""}},"ast-content-background-meta":{"desktop":{"background-color":"var(--ast-global-color-5)","background-image":"","background-repeat":"repeat","background-position":"center center","background-size":"auto","background-attachment":"scroll","background-type":"","background-media":"","overlay-type":"","overlay-color":"","overlay-opacity":"","overlay-gradient":""},"tablet":{"background-color":"var(--ast-global-color-5)","background-image":"","background-repeat":"repeat","background-position":"center center","background-size":"auto","background-attachment":"scroll","background-type":"","background-media":"","overlay-type":"","overlay-color":"","overlay-opacity":"","overlay-gradient":""},"mobile":{"background-color":"var(--ast-global-color-5)","background-image":"","background-repeat":"repeat","background-position":"center center","background-size":"auto","background-attachment":"scroll","background-type":"","background-media":"","overlay-type":"","overlay-color":"","overlay-opacity":"","overlay-gradient":""}},"footnotes":""},"class_list":["post-91","page","type-page","status-publish","hentry"],"_links":{"self":[{"href":"https:\/\/vihti-gym.fi\/index.php\/wp-json\/wp\/v2\/pages\/91","targetHints":{"allow":["GET"]}}],"collection":[{"href":"https:\/\/vihti-gym.fi\/index.php\/wp-json\/wp\/v2\/pages"}],"about":[{"href":"https:\/\/vihti-gym.fi\/index.php\/wp-json\/wp\/v2\/types\/page"}],"author":[{"embeddable":true,"href":"https:\/\/vihti-gym.fi\/index.php\/wp-json\/wp\/v2\/users\/2"}],"replies":[{"embeddable":true,"href":"https:\/\/vihti-gym.fi\/index.php\/wp-json\/wp\/v2\/comments?post=91"}],"version-history":[{"count":20,"href":"https:\/\/vihti-gym.fi\/index.php\/wp-json\/wp\/v2\/pages\/91\/revisions"}],"predecessor-version":[{"id":2473,"href":"https:\/\/vihti-gym.fi\/index.php\/wp-json\/wp\/v2\/pages\/91\/revisions\/2473"}],"wp:attachment":[{"href":"https:\/\/vihti-gym.fi\/index.php\/wp-json\/wp\/v2\/media?parent=91"}],"curies":[{"name":"wp","href":"https:\/\/api.w.org\/{rel}","templated":true}]}}