{"id":70,"date":"2021-10-20T12:10:58","date_gmt":"2021-10-20T09:10:58","guid":{"rendered":"https:\/\/aboanalytics.wordpress.com\/?page_id=70"},"modified":"2024-12-08T19:47:58","modified_gmt":"2024-12-08T17:47:58","slug":"jasenedut_ja_yhteistyokumppanit","status":"publish","type":"page","link":"https:\/\/vihti-gym.fi\/index.php\/jasenedut_ja_yhteistyokumppanit\/","title":{"rendered":"J\u00e4senedut ja yhteisty\u00f6kumppanit"},"content":{"rendered":"\n<h1 class=\"wp-block-heading\">Vihti-Gymil\u00e4isten j\u00e4senedut<\/h1>\n\n\n\n<p>Vihti-Gymin kaikkien j\u00e4senten yhteisty\u00f6kumppaneita ovat&nbsp;<strong>Putiikki Bra<\/strong>,<strong>&nbsp;Intersport Nummela&nbsp;sek\u00e4&nbsp;Sari&#8217;s place.&nbsp;&nbsp;<\/strong>Yhteisty\u00f6kumppaneiltamme saa tuotteista ja palveluista alennusta Vihti-Gymin j\u00e4senkorttia n\u00e4ytt\u00e4m\u00e4ll\u00e4.<\/p>\n\n\n\n<p>Yll\u00e4mainittujen pysyvien j\u00e4senetujen lis\u00e4ksi &nbsp;neuvottelemme yhteisty\u00f6kumppaneidemme kanssa kampanjaj\u00e4senetuja.<\/p>\n\n\n\n<div class=\"wp-block-columns is-layout-flex wp-container-core-columns-is-layout-28f84493 wp-block-columns-is-layout-flex\">\n<div class=\"wp-block-column is-layout-flow wp-block-column-is-layout-flow\" style=\"flex-basis:50%\">\n<figure class=\"wp-block-image aligncenter size-full\"><img loading=\"lazy\" decoding=\"async\" width=\"384\" height=\"168\" src=\"https:\/\/vihti-gym.fi\/wp-content\/uploads\/2022\/02\/Putiikki-Bra-logo-kassa.bmp\" alt=\"\" class=\"wp-image-889\" srcset=\"https:\/\/vihti-gym.fi\/wp-content\/uploads\/2022\/02\/Putiikki-Bra-logo-kassa.bmp 384w, https:\/\/vihti-gym.fi\/wp-content\/uploads\/2022\/02\/Putiikki-Bra-logo-kassa-300x131.jpg 300w\" sizes=\"auto, (max-width: 384px) 100vw, 384px\" \/><\/figure>\n\n\n\n<figure class=\"wp-block-gallery has-nested-images columns-default is-cropped wp-block-gallery-1 is-layout-flex wp-block-gallery-is-layout-flex\">\n<figure class=\"wp-block-image size-large\"><img loading=\"lazy\" decoding=\"async\" width=\"960\" height=\"715\" data-id=\"1811\" src=\"https:\/\/vihti-gym.fi\/wp-content\/uploads\/2023\/10\/thumbnail_5523_1695_001_B07_012_rgb_960.jpg\" alt=\"\" class=\"wp-image-1811\" srcset=\"https:\/\/vihti-gym.fi\/wp-content\/uploads\/2023\/10\/thumbnail_5523_1695_001_B07_012_rgb_960.jpg 960w, https:\/\/vihti-gym.fi\/wp-content\/uploads\/2023\/10\/thumbnail_5523_1695_001_B07_012_rgb_960-300x223.jpg 300w, https:\/\/vihti-gym.fi\/wp-content\/uploads\/2023\/10\/thumbnail_5523_1695_001_B07_012_rgb_960-768x572.jpg 768w\" sizes=\"auto, (max-width: 960px) 100vw, 960px\" \/><\/figure>\n<\/figure>\n<\/div>\n\n\n\n<div class=\"wp-block-column is-layout-flow wp-block-column-is-layout-flow\" style=\"flex-basis:50%\">\n<div class=\"inherit-container-width wp-block-group is-layout-constrained wp-block-group-is-layout-constrained\"><div class=\"wp-block-group__inner-container\">\n<p>Laadukkaat naisten alusasut arkeen ja juhlaan.&nbsp;<strong>Putiikki Bra&nbsp;<\/strong>on palveleva ja l\u00e4mminhenkinen alusasuliike.&nbsp; Vihti-Gymin j\u00e4senkorttia n\u00e4ytt\u00e4m\u00e4ll\u00e4 saat<strong>&nbsp;-15 %&nbsp;<\/strong>alennuksen normaalihintaisista ostoksistasi.&nbsp;<\/p>\n\n\n\n<p>Yhteystiedot:&nbsp;                                       Putiikki Bra:  <a rel=\"noreferrer noopener\" href=\"https:\/\/www.bing.com\/maps\/default.aspx?v=2&amp;pc=FACEBK&amp;mid=8100&amp;rtp=adr.%7Epos.60.33406262402_24.320237977201_Putiikki+Bra_Pilkkukuja+1%2C+Nummela%2C+Etel%C3%A4-Suomen+L%C3%A4%C3%A4ni%2C+Finland&amp;cp=60.33406262402%7E24.320237977201&amp;lvl=16&amp;sty=r&amp;rtop=0%7E0%7E0%7E&amp;mode=D&amp;FORM=FBKPL1&amp;mkt=fi-FI\" target=\"_blank\">Pilkkukuja 1<\/a>, 03100 Nummela               <\/p>\n\n\n\n<p>puh. 040 088557<\/p>\n<\/div><\/div>\n<\/div>\n<\/div>\n\n\n\n<div class=\"wp-block-columns is-layout-flex wp-container-core-columns-is-layout-28f84493 wp-block-columns-is-layout-flex\">\n<div class=\"wp-block-column is-layout-flow wp-block-column-is-layout-flow\">\n<figure class=\"wp-block-image size-full\"><img loading=\"lazy\" decoding=\"async\" width=\"679\" height=\"242\" src=\"https:\/\/vihti-gym.fi\/wp-content\/uploads\/2021\/11\/intersport_nummela_uusilogo.jpeg\" alt=\"\" class=\"wp-image-341\" srcset=\"https:\/\/vihti-gym.fi\/wp-content\/uploads\/2021\/11\/intersport_nummela_uusilogo.jpeg 679w, https:\/\/vihti-gym.fi\/wp-content\/uploads\/2021\/11\/intersport_nummela_uusilogo-300x107.jpeg 300w\" sizes=\"auto, (max-width: 679px) 100vw, 679px\" \/><\/figure>\n<\/div>\n\n\n\n<div class=\"wp-block-column is-layout-flow wp-block-column-is-layout-flow\">\n<p>Intersport Nummela ja Lohja tarjoavat Vihti-Gymin j\u00e4senille perheineen -10% alennusta kaikista hinnoista, pois lukien s\u00e4hk\u00f6polkupy\u00f6r\u00e4t. Alennusta ei voi yhdist\u00e4\u00e4 sopimushintoihin tai muihin alennuksiin. Verkkokaupasta ei my\u00f6nnet\u00e4 alennusta.<\/p>\n<\/div>\n<\/div>\n\n\n\n<p><\/p>\n\n\n\n<h2 class=\"wp-block-heading\"><\/h2>\n\n\n\n<div class=\"wp-block-columns is-layout-flex wp-container-core-columns-is-layout-28f84493 wp-block-columns-is-layout-flex\">\n<div class=\"wp-block-column is-layout-flow wp-block-column-is-layout-flow\">\n<figure class=\"wp-block-image size-full\"><img loading=\"lazy\" decoding=\"async\" width=\"325\" height=\"244\" src=\"https:\/\/vihti-gym.fi\/wp-content\/uploads\/2021\/11\/saris_place_normilogo.jpeg\" alt=\"\" class=\"wp-image-347\" srcset=\"https:\/\/vihti-gym.fi\/wp-content\/uploads\/2021\/11\/saris_place_normilogo.jpeg 325w, https:\/\/vihti-gym.fi\/wp-content\/uploads\/2021\/11\/saris_place_normilogo-300x225.jpeg 300w\" sizes=\"auto, (max-width: 325px) 100vw, 325px\" \/><\/figure>\n\n\n\n<p>Sari&#8217;s place tarjoaa vankkumattomalla kahdenkymmenenviiden vuoden&nbsp;ammattitaidolla koko perheen kampaamo- ja parturipalvelut.&nbsp;<br><br>Sari&#8217;s place palvelee henkil\u00f6kohtaisesti ja sinun tarpeitasi kuunnellen.&nbsp;Uusia tuulia haetaan kouluttautumalla jatkuvasti ja kulkemalla silm\u00e4t avoinna&nbsp;uusille trendeille.<br><br>Palvelumme sis\u00e4lt\u00e4v\u00e4t kaikki hiusten leikkaukset, v\u00e4rj\u00e4ykset,&nbsp;kiharrusk\u00e4sittelyt ja kampaukset naisille, miehille sek\u00e4 lapsille.<br><br>Jokaisella k\u00e4yntikerralla sinulla on mahdollisuus rentouttavaan hiusten&nbsp;tehohoitoon hieronnalla.<br><br>Olet l\u00e4mpim\u00e4sti tervetullut kokonaisvaltaisen hiuspalvelun Sari&#8217;s placeen!<\/p>\n<\/div>\n\n\n\n<div class=\"wp-block-column is-layout-flow wp-block-column-is-layout-flow\">\n<p><strong>Vihti Gymil\u00e4iset saavat seuraavanlaisen edun<\/strong><\/p>\n\n\n\n<p>Alennukset kampaamo- ja parturipalveluista:<\/p>\n\n\n\n<p>Alle 100 euron palveluista -10%<\/p>\n\n\n\n<p>Yli 100 euron palveluista -10 eur<\/p>\n\n\n\n<p><\/p>\n\n\n\n<p>Sari&#8217;s place<br>Pisteenpolku 4, Nummela<\/p>\n\n\n\n<p>Eroittajan liiketalo, torin puoli.<br>040-520 81 68<br><a rel=\"noreferrer noopener\" href=\"http:\/\/www.sarisplace.fi\/\" target=\"_blank\">www.sarisplace.fi<\/a><\/p>\n<\/div>\n<\/div>\n\n\n\n<figure class=\"wp-block-image size-large\"><img loading=\"lazy\" decoding=\"async\" width=\"1024\" height=\"583\" src=\"https:\/\/vihti-gym.fi\/wp-content\/uploads\/2024\/12\/S_SSO-1024x583.jpg\" alt=\"\" class=\"wp-image-2264\" srcset=\"https:\/\/vihti-gym.fi\/wp-content\/uploads\/2024\/12\/S_SSO-1024x583.jpg 1024w, https:\/\/vihti-gym.fi\/wp-content\/uploads\/2024\/12\/S_SSO-300x171.jpg 300w, https:\/\/vihti-gym.fi\/wp-content\/uploads\/2024\/12\/S_SSO-768x438.jpg 768w, https:\/\/vihti-gym.fi\/wp-content\/uploads\/2024\/12\/S_SSO-1536x875.jpg 1536w, https:\/\/vihti-gym.fi\/wp-content\/uploads\/2024\/12\/S_SSO-2048x1167.jpg 2048w\" sizes=\"auto, (max-width: 1024px) 100vw, 1024px\" \/><\/figure>\n\n\n\n<div class=\"wp-block-columns is-layout-flex wp-container-core-columns-is-layout-28f84493 wp-block-columns-is-layout-flex\">\n<div class=\"wp-block-column is-layout-flow wp-block-column-is-layout-flow\"><\/div>\n\n\n\n<div class=\"wp-block-column is-layout-flow wp-block-column-is-layout-flow\"><\/div>\n<\/div>\n\n\n\n<h1 class=\"wp-block-heading\">Vihti-Gymin j\u00e4senten Voimisteluliiton neuvottelemat edut<\/h1>\n\n\n\n<p>Vihti-Gym on Suomen voimisteluliiton j\u00e4sen ja sen vuoksi kaikki Suomen Voimisteluliiton neuvottelemat edut ovat my\u00f6s Vihti-Gymin j\u00e4senten k\u00e4ytett\u00e4viss\u00e4.<\/p>\n\n\n\n<p><a href=\"http:\/\/www.voimistelu.fi\/fi\/Seuroille\/J%C3%A4senyys\/Yritysyhteisty%C3%B6kumppaneiden-tarjoamat-edut\" target=\"_blank\" rel=\"noreferrer noopener\">Voimisteluliiton j\u00e4senedut<\/a><\/p>\n\n\n\n<p>Etuja on runsaasti, k\u00e4y katsomassa linkin takaa!<\/p>\n","protected":false},"excerpt":{"rendered":"<p>Vihti-Gymil\u00e4isten j\u00e4senedut Vihti-Gymin kaikkien j\u00e4senten yhteisty\u00f6kumppaneita ovat&nbsp;Putiikki Bra,&nbsp;Intersport Nummela&nbsp;sek\u00e4&nbsp;Sari&#8217;s place.&nbsp;&nbsp;Yhteisty\u00f6kumppaneiltamme saa tuotteista ja palveluista alennusta Vihti-Gymin j\u00e4senkorttia n\u00e4ytt\u00e4m\u00e4ll\u00e4. Yll\u00e4mainittujen pysyvien j\u00e4senetujen lis\u00e4ksi &nbsp;neuvottelemme yhteisty\u00f6kumppaneidemme kanssa kampanjaj\u00e4senetuja. Laadukkaat naisten alusasut arkeen ja juhlaan.&nbsp;Putiikki Bra&nbsp;on palveleva ja l\u00e4mminhenkinen alusasuliike.&nbsp; Vihti-Gymin j\u00e4senkorttia n\u00e4ytt\u00e4m\u00e4ll\u00e4 saat&nbsp;-15 %&nbsp;alennuksen normaalihintaisista ostoksistasi.&nbsp; Yhteystiedot:&nbsp; Putiikki Bra: Pilkkukuja 1, 03100 Nummela puh. 040 088557 Intersport [&hellip;]<\/p>\n","protected":false},"author":2,"featured_media":0,"parent":0,"menu_order":0,"comment_status":"closed","ping_status":"closed","template":"","meta":{"site-sidebar-layout":"default","site-content-layout":"","ast-site-content-layout":"default","site-content-style":"default","site-sidebar-style":"default","ast-global-header-display":"","ast-banner-title-visibility":"","ast-main-header-display":"","ast-hfb-above-header-display":"","ast-hfb-below-header-display":"","ast-hfb-mobile-header-display":"","site-post-title":"","ast-breadcrumbs-content":"","ast-featured-img":"","footer-sml-layout":"","ast-disable-related-posts":"","theme-transparent-header-meta":"","adv-header-id-meta":"","stick-header-meta":"","header-above-stick-meta":"","header-main-stick-meta":"","header-below-stick-meta":"","astra-migrate-meta-layouts":"set","ast-page-background-enabled":"default","ast-page-background-meta":{"desktop":{"background-color":"var(--ast-global-color-4)","background-image":"","background-repeat":"repeat","background-position":"center center","background-size":"auto","background-attachment":"scroll","background-type":"","background-media":"","overlay-type":"","overlay-color":"","overlay-opacity":"","overlay-gradient":""},"tablet":{"background-color":"","background-image":"","background-repeat":"repeat","background-position":"center center","background-size":"auto","background-attachment":"scroll","background-type":"","background-media":"","overlay-type":"","overlay-color":"","overlay-opacity":"","overlay-gradient":""},"mobile":{"background-color":"","background-image":"","background-repeat":"repeat","background-position":"center center","background-size":"auto","background-attachment":"scroll","background-type":"","background-media":"","overlay-type":"","overlay-color":"","overlay-opacity":"","overlay-gradient":""}},"ast-content-background-meta":{"desktop":{"background-color":"var(--ast-global-color-5)","background-image":"","background-repeat":"repeat","background-position":"center center","background-size":"auto","background-attachment":"scroll","background-type":"","background-media":"","overlay-type":"","overlay-color":"","overlay-opacity":"","overlay-gradient":""},"tablet":{"background-color":"var(--ast-global-color-5)","background-image":"","background-repeat":"repeat","background-position":"center center","background-size":"auto","background-attachment":"scroll","background-type":"","background-media":"","overlay-type":"","overlay-color":"","overlay-opacity":"","overlay-gradient":""},"mobile":{"background-color":"var(--ast-global-color-5)","background-image":"","background-repeat":"repeat","background-position":"center center","background-size":"auto","background-attachment":"scroll","background-type":"","background-media":"","overlay-type":"","overlay-color":"","overlay-opacity":"","overlay-gradient":""}},"footnotes":""},"class_list":["post-70","page","type-page","status-publish","hentry"],"_links":{"self":[{"href":"https:\/\/vihti-gym.fi\/index.php\/wp-json\/wp\/v2\/pages\/70","targetHints":{"allow":["GET"]}}],"collection":[{"href":"https:\/\/vihti-gym.fi\/index.php\/wp-json\/wp\/v2\/pages"}],"about":[{"href":"https:\/\/vihti-gym.fi\/index.php\/wp-json\/wp\/v2\/types\/page"}],"author":[{"embeddable":true,"href":"https:\/\/vihti-gym.fi\/index.php\/wp-json\/wp\/v2\/users\/2"}],"replies":[{"embeddable":true,"href":"https:\/\/vihti-gym.fi\/index.php\/wp-json\/wp\/v2\/comments?post=70"}],"version-history":[{"count":18,"href":"https:\/\/vihti-gym.fi\/index.php\/wp-json\/wp\/v2\/pages\/70\/revisions"}],"predecessor-version":[{"id":2265,"href":"https:\/\/vihti-gym.fi\/index.php\/wp-json\/wp\/v2\/pages\/70\/revisions\/2265"}],"wp:attachment":[{"href":"https:\/\/vihti-gym.fi\/index.php\/wp-json\/wp\/v2\/media?parent=70"}],"curies":[{"name":"wp","href":"https:\/\/api.w.org\/{rel}","templated":true}]}}