{"id":67,"date":"2021-10-20T11:59:46","date_gmt":"2021-10-20T08:59:46","guid":{"rendered":"https:\/\/aboanalytics.wordpress.com\/?page_id=67"},"modified":"2025-03-18T17:32:31","modified_gmt":"2025-03-18T15:32:31","slug":"seuran-tiedot","status":"publish","type":"page","link":"https:\/\/vihti-gym.fi\/index.php\/seuran-tiedot\/","title":{"rendered":"Seuran tiedot"},"content":{"rendered":"\n<h2 class=\"wp-block-heading\">Liikuntaseura Vihti-Gym<\/h2>\n\n\n\n<p>Liikuntaseura Vihti-Gym Ry on yksi\u00a0<a href=\"http:\/\/www.voimistelu.fi\/\" target=\"_blank\" rel=\"noreferrer noopener\">Suomen Voimisteluliiton<\/a><a href=\"https:\/\/www.voimistelu.fi\/\" target=\"_blank\" rel=\"noreferrer noopener\">\u00a0<\/a>ja <a href=\"http:\/\/scl.fi\/\" target=\"_blank\" rel=\"noreferrer noopener\">Suomen Cheerleadingliiton<\/a>\u00a0j\u00e4senseuroista. Vihti-Gymin\u00a0yli\u00a045\u00a0toimintavuoden aikana seura on kasvanut yli 600 j\u00e4senen seuraksi.<\/p>\n\n\n\n<p><strong>Jumppaa jokaiselle<\/strong><\/p>\n\n\n\n<p>Vihti-Gymin liikuntavalikoimassa l\u00f6ytyy jumppia kaikein ik\u00e4isille Seuran noin 70 ohjaajaa liikuttavat vihtil\u00e4isi\u00e4 viikoittain monilla erilaisilla tunneilla. Seurassa viihtyv\u00e4t niin harrastajat kuin kilpailijatkin, sill\u00e4 harrastetoiminnan lis\u00e4ksi seurassa kilpaillaan aktiivisesti joukkuevoimistelussa, tanssillisessa voimistelussa ja cheerleadingissa.<\/p>\n\n\n\n<p><strong>Energinen ja toimiva seura<\/strong><\/p>\n\n\n\n<p>Liikuntaseura Vihti-Gym kehitt\u00e4\u00e4 toimintaansa aktiivisesti, ja energinen ja toimiva seura onkin historiansa aikana saanut monia tunnustuksia ja palkintoja paneutuneesta seuraty\u00f6st\u00e4. Vuonna 1997 seura sai Svolin historian ensimm\u00e4isen T\u00e4htiseura-palkinnon. Vuosina 1993, 1998, 2004, 2006,&nbsp;2010, 2014 ja 2017&nbsp;seura on saanut&nbsp;<a rel=\"noreferrer noopener\" href=\"https:\/\/www.voimistelu.fi\/fi\/Seuroille\/Seuran-kehitt%C3%A4minen\/Laatuseuratoiminta\/Sinetti-seura\" target=\"_blank\">Nuoren Suomen Sinettiseuran<\/a>&nbsp;arvon toimivasta lasten- ja nuorten harrastetoiminnasta,<a rel=\"noreferrer noopener\" href=\"http:\/\/www.voimistelu.fi\/fi\/Seurat\/Seuratoiminta\/Laatuseurat\/Priima-seura\" target=\"_blank\">&nbsp;<\/a><a rel=\"noreferrer noopener\" href=\"http:\/\/voimistelu.fi\/fi\/Seurat\/Seuratoiminta\/Laatuseurat\/Priima-seura\" target=\"_blank\">PRIIMA-aikuisliikunnan<\/a>&nbsp;laatuseura-sertifikaatin Vihti-Gym on saanut vuosina 2008, 2011, 2014 ja 2017. Syksyll\u00e4 2015 Vihti-Gymist\u00e4 tuli my\u00f6s Active Cheer-seura. Vuonna 2018 Vihti-Gymist\u00e4 tuli&nbsp;<a rel=\"noreferrer noopener\" href=\"https:\/\/www.olympiakomitea.fi\/seuratoiminta\/tahtiseurat\/tahtiseurat-seurojen-laatuohjelma\/\" target=\"_blank\">T\u00e4htiseura<\/a><a rel=\"noreferrer noopener\" href=\"https:\/\/www.olympiakomitea.fi\/seuratoiminta\/tahtiseurat-seurojen-laatuohjelma\/\" target=\"_blank\">!&nbsp;<\/a>Seura sai sek\u00e4 aikuisten ett\u00e4 lapset &amp; nuoret osa-alueen T\u00e4htimerkin.&nbsp;Kev\u00e4\u00e4ll\u00e4 2021 Vihti-Gym uusi voimistelun aikuisten ett\u00e4 lapset &amp; nuoret osa-alueen t\u00e4htimerkin sek\u00e4 sai my\u00f6s Cheerleadingin t\u00e4htimerkit lapset &amp; nuoret sek\u00e4 aikuiset osa-alueesta.<\/p>\n\n\n\n<p>Liikuntaseura Vihti-Gymin hallinnollinen puoli toimii vapaaehtoisvoimin.\u00a0Ohjaajia, talkoolaisia ja seuratoimijoita pit\u00e4\u00e4 mukana liikkumisen ilo ja hyv\u00e4 mieli. Omasta kiinnostuksesta ja tekemisen halusta kumpuava vapaaehtoinen seuraty\u00f6 \u2013 jumppien ohjaaminen, valmentaminen, tapahtumien j\u00e4rjest\u00e4minen ja seuran kehitt\u00e4minen \u2013 onkin seuramme sielu.<\/p>\n\n\n\n<p>Vihti-Gymiss\u00e4 uskotaan yhdess\u00e4 tekemisen kautta l\u00f6ytyv\u00e4n paras mahdollinen urheiluseuratoiminta sek\u00e4 lapsille ett\u00e4 vanhemmille. Toteutamme vuosittain&nbsp;kolme isoa tapahtumaa&nbsp;vapaaehtoisvoimin ja n\u00e4in pid\u00e4mme my\u00f6s maksut matalina. My\u00f6s joukkueiden taustaty\u00f6h\u00f6n tarvitsemme vanhempien panosta, mutta se antaa my\u00f6s paljon takaisin yhteisin\u00e4 kokemuksina.<\/p>\n\n\n\n<p><strong>Johtokunta<\/strong><\/p>\n\n\n\n<p>Urheiluseura on juridinen yksikk\u00f6, joka tarvitsee viralliset vastuuhenkil\u00f6t ja johtokunnan. Johtokunta organisoi seuran toimintaa ja edustaa seuraa mm. kunnassa ja valtakunnallisissa liitoissa. 1.9.2023 alkaen puheenjohtajana toimii Sini Koppanen. <br>\u00a0<\/p>\n\n\n\n<p>Jotta jumpparit voivat keskitty\u00e4 liikunnan ilosta nauttimiseen, tarvitaan osaava joukko muita taustahenkil\u00f6it\u00e4, jotka organisoivat seuraty\u00f6h\u00f6n liittyvi\u00e4 asioita. Seuran vastuuhenkil\u00f6ille kuuluvat muun muassa salivuorojen j\u00e4rjest\u00e4minen, ohjaajien rekrytointi, talousasiat, koulutuksen j\u00e4rjest\u00e4minen, tapahtumien organisointi ja kaikkien muiden juoksevien asioiden hoitaminen.<\/p>\n\n\n\n<p>Toiminnan j\u00e4rjest\u00e4minen vaatii ison osan aktiivisten j\u00e4senten toiminnasta, mutta kyse on hauskasta harrastuksesta samanhenkisten ihmisten kanssa. Hyv\u00e4 yhteishenki ja vapaa-ehtoisuus toimivat kantavina voimina.<\/p>\n\n\n\n<h2 class=\"wp-block-heading\">Takana yli 45\u00a0vuotta jumppaamista<\/h2>\n\n\n\n<p>Liikuntaseura Vihti-Gym perustettiin Vihdin Naisvoimistelijoina 17.6.1976. Paikalle oli saapunut 147 naisvoimistelun kannattajaa, ja puheenjohtajaksi valittiin Varpu Salomaa (nykyisin Joenrinne). Seuran tarkoituksena oli j\u00e4rjest\u00e4\u00e4 tyt\u00f6ille ja naisille voimistelukerhoja Vihdin kunnan alueella. Ensimm\u00e4isen\u00e4 toimintavuonna toimintaan osallistui yli 400 j\u00e4sent\u00e4. Tuolloin vuosittainen j\u00e4senmaksu oli muutaman markan ja kaikki ohjaajat ohjasivat palkatta.&nbsp; Esiintymiset, n\u00e4yt\u00f6kset ja osallistumiset valtakunnallisiin ja ulkomaisiin tapahtumiin tekiv\u00e4t seuraa sek\u00e4 Vihti\u00e4 tunnetuiksi. Toimintansa aikana seura on saanut vastaanottaa useita valtakunnallisia tunnustuksia.<\/p>\n\n\n\n<p><strong>Seuran puheenjohtajina ovat toimineet:<\/strong><\/p>\n\n\n\n<ul class=\"wp-block-list\">\n<li>Varpu Joenrinne 1976 &#8211; 1991, 1.9.2003-31.8.2005<\/li>\n\n\n\n<li>P\u00e4ivi Tamminen 1992 &#8211; 1993<\/li>\n\n\n\n<li>Viola Ikonen 1994<\/li>\n\n\n\n<li>Tuija Erppola 1995 &#8211; 1996<\/li>\n\n\n\n<li>Sirpa J\u00e4rvinen 1997 &#8211; 31.8.2003<\/li>\n\n\n\n<li>Heli H\u00e4m\u00e4l\u00e4inen 1.9.2005 &#8211; 31.8.2009<\/li>\n\n\n\n<li>Anne Kempas 1.9.2009 &#8211; 31.8.2020<\/li>\n\n\n\n<li>Roosa J\u00e4rventausta 1.9.2020 &#8211; 31.8.2023 <\/li>\n\n\n\n<li>Sini Koppanen 1.9.2023 &#8211;<\/li>\n<\/ul>\n\n\n\n<p>Ohjaajien lis\u00e4ksi seurassa on toiminut aktiivisia talkoolaisia, jotka ovat tehneet seuran hyv\u00e4ksi merkitt\u00e4v\u00e4\u00e4 ty\u00f6t\u00e4 mm. valmistamalla esiintymisasuja ja osallistumalla erilaisten tapahtumien j\u00e4rjest\u00e4miseen.<\/p>\n\n\n\n<p>Vuonna 1994 seuran nimi vaihtui Liikuntaseura Vihti-Gym ry:ksi, jota&nbsp;muutosta edelsiv\u00e4t muutokset lajiliitto SVUL:ssa. Nimenmuutoksen my\u00f6t\u00e4 seura alkoi j\u00e4rjest\u00e4\u00e4 jumppaa my\u00f6s miehille. Erilaisten liikuntamuotojen kehittyminen ja liikunnan muoti-ilmi\u00f6t ovat muokanneet ja laajentaneet seuramme jumppatarjontaa. Seuran tavoitteena onkin vastata ajan haasteisiin ja tarjota monipuolista liikuntaa vihtil\u00e4isille.<\/p>\n","protected":false},"excerpt":{"rendered":"<p>Liikuntaseura Vihti-Gym Liikuntaseura Vihti-Gym Ry on yksi\u00a0Suomen Voimisteluliiton\u00a0ja Suomen Cheerleadingliiton\u00a0j\u00e4senseuroista. Vihti-Gymin\u00a0yli\u00a045\u00a0toimintavuoden aikana seura on kasvanut yli 600 j\u00e4senen seuraksi. Jumppaa jokaiselle Vihti-Gymin liikuntavalikoimassa l\u00f6ytyy jumppia kaikein ik\u00e4isille Seuran noin 70 ohjaajaa liikuttavat vihtil\u00e4isi\u00e4 viikoittain monilla erilaisilla tunneilla. Seurassa viihtyv\u00e4t niin harrastajat kuin kilpailijatkin, sill\u00e4 harrastetoiminnan lis\u00e4ksi seurassa kilpaillaan aktiivisesti joukkuevoimistelussa, tanssillisessa voimistelussa ja cheerleadingissa. Energinen [&hellip;]<\/p>\n","protected":false},"author":2,"featured_media":0,"parent":0,"menu_order":0,"comment_status":"closed","ping_status":"closed","template":"","meta":{"site-sidebar-layout":"default","site-content-layout":"","ast-site-content-layout":"default","site-content-style":"default","site-sidebar-style":"default","ast-global-header-display":"","ast-banner-title-visibility":"","ast-main-header-display":"","ast-hfb-above-header-display":"","ast-hfb-below-header-display":"","ast-hfb-mobile-header-display":"","site-post-title":"","ast-breadcrumbs-content":"","ast-featured-img":"","footer-sml-layout":"","ast-disable-related-posts":"","theme-transparent-header-meta":"","adv-header-id-meta":"","stick-header-meta":"","header-above-stick-meta":"","header-main-stick-meta":"","header-below-stick-meta":"","astra-migrate-meta-layouts":"set","ast-page-background-enabled":"default","ast-page-background-meta":{"desktop":{"background-color":"var(--ast-global-color-4)","background-image":"","background-repeat":"repeat","background-position":"center center","background-size":"auto","background-attachment":"scroll","background-type":"","background-media":"","overlay-type":"","overlay-color":"","overlay-opacity":"","overlay-gradient":""},"tablet":{"background-color":"","background-image":"","background-repeat":"repeat","background-position":"center center","background-size":"auto","background-attachment":"scroll","background-type":"","background-media":"","overlay-type":"","overlay-color":"","overlay-opacity":"","overlay-gradient":""},"mobile":{"background-color":"","background-image":"","background-repeat":"repeat","background-position":"center center","background-size":"auto","background-attachment":"scroll","background-type":"","background-media":"","overlay-type":"","overlay-color":"","overlay-opacity":"","overlay-gradient":""}},"ast-content-background-meta":{"desktop":{"background-color":"var(--ast-global-color-5)","background-image":"","background-repeat":"repeat","background-position":"center center","background-size":"auto","background-attachment":"scroll","background-type":"","background-media":"","overlay-type":"","overlay-color":"","overlay-opacity":"","overlay-gradient":""},"tablet":{"background-color":"var(--ast-global-color-5)","background-image":"","background-repeat":"repeat","background-position":"center center","background-size":"auto","background-attachment":"scroll","background-type":"","background-media":"","overlay-type":"","overlay-color":"","overlay-opacity":"","overlay-gradient":""},"mobile":{"background-color":"var(--ast-global-color-5)","background-image":"","background-repeat":"repeat","background-position":"center center","background-size":"auto","background-attachment":"scroll","background-type":"","background-media":"","overlay-type":"","overlay-color":"","overlay-opacity":"","overlay-gradient":""}},"footnotes":""},"class_list":["post-67","page","type-page","status-publish","hentry"],"_links":{"self":[{"href":"https:\/\/vihti-gym.fi\/index.php\/wp-json\/wp\/v2\/pages\/67","targetHints":{"allow":["GET"]}}],"collection":[{"href":"https:\/\/vihti-gym.fi\/index.php\/wp-json\/wp\/v2\/pages"}],"about":[{"href":"https:\/\/vihti-gym.fi\/index.php\/wp-json\/wp\/v2\/types\/page"}],"author":[{"embeddable":true,"href":"https:\/\/vihti-gym.fi\/index.php\/wp-json\/wp\/v2\/users\/2"}],"replies":[{"embeddable":true,"href":"https:\/\/vihti-gym.fi\/index.php\/wp-json\/wp\/v2\/comments?post=67"}],"version-history":[{"count":7,"href":"https:\/\/vihti-gym.fi\/index.php\/wp-json\/wp\/v2\/pages\/67\/revisions"}],"predecessor-version":[{"id":2329,"href":"https:\/\/vihti-gym.fi\/index.php\/wp-json\/wp\/v2\/pages\/67\/revisions\/2329"}],"wp:attachment":[{"href":"https:\/\/vihti-gym.fi\/index.php\/wp-json\/wp\/v2\/media?parent=67"}],"curies":[{"name":"wp","href":"https:\/\/api.w.org\/{rel}","templated":true}]}}