{"id":442,"date":"2023-11-05T19:24:39","date_gmt":"2023-11-05T17:24:39","guid":{"rendered":"https:\/\/vihti-gym.fi\/?page_id=442"},"modified":"2025-03-09T18:46:56","modified_gmt":"2025-03-09T16:46:56","slug":"rosalia-2013-2015","status":"publish","type":"page","link":"https:\/\/vihti-gym.fi\/index.php\/rosalia-2013-2015\/","title":{"rendered":"Rosalia 2013\u20132015"},"content":{"rendered":"\n<figure class=\"wp-block-image aligncenter size-large is-resized\"><img loading=\"lazy\" decoding=\"async\" width=\"1024\" height=\"1024\" src=\"https:\/\/vihti-gym.fi\/wp-content\/uploads\/2023\/11\/Rosalia_syksy2023_tanvocup1-1024x1024.jpg\" alt=\"\" class=\"wp-image-1839\" srcset=\"https:\/\/vihti-gym.fi\/wp-content\/uploads\/2023\/11\/Rosalia_syksy2023_tanvocup1-1024x1024.jpg 1024w, https:\/\/vihti-gym.fi\/wp-content\/uploads\/2023\/11\/Rosalia_syksy2023_tanvocup1-300x300.jpg 300w, https:\/\/vihti-gym.fi\/wp-content\/uploads\/2023\/11\/Rosalia_syksy2023_tanvocup1-150x150.jpg 150w, https:\/\/vihti-gym.fi\/wp-content\/uploads\/2023\/11\/Rosalia_syksy2023_tanvocup1-768x768.jpg 768w, https:\/\/vihti-gym.fi\/wp-content\/uploads\/2023\/11\/Rosalia_syksy2023_tanvocup1.jpg 1080w\" sizes=\"auto, (max-width: 1024px) 100vw, 1024px\" \/><figcaption class=\"wp-element-caption\">Tanssillisen voimistelun CUP 1 -kisa Jyv\u00e4skyl\u00e4 (4.11.2023)<\/figcaption><\/figure>\n\n\n\n<p class=\"has-medium-font-size\">Joukkue<\/p>\n\n\n\n<p>Rosalia on tanssillisen voimistelun valmennusryhm\u00e4 vuosina 2013 &#8211; 2015 syntyneille voimistelijoille. Joukkue on perustettu syksyll\u00e4 2021. P\u00e4\u00e4tavoitteena on kasvattaa voimistelun lajitaitoja huomioiden valmennusryhm\u00e4n ik\u00e4taso  ja osallistua tanssillisen voimistelun kisoihin. <\/p>\n\n\n\n<p class=\"has-medium-font-size\">Harjoitukset <\/p>\n\n\n\n<p><strong>Harjoitusajat ja -paikat kaudella 2024-2025<\/strong><\/p>\n\n\n\n<figure class=\"wp-block-table\"><table><tbody><tr><td>Tiistai klo 17.30-19.00<\/td><td>Kuoppanummen koulu, pallosali<\/td><\/tr><tr><td>Torstai klo 17.00-18.30<\/td><td>Otalammen koulu<\/td><\/tr><tr><td>Sunnuntai klo 16.00-18.00<\/td><td>Kuoppanummen koulu, tanssisali<\/td><\/tr><\/tbody><\/table><\/figure>\n\n\n\n<p class=\"has-medium-font-size\">Voimistelijat<\/p>\n\n\n\n<p>Joukkueessa voimistelee t\u00e4ll\u00e4 hetkell\u00e4 12 voimistelijaa. Joukkueeseen otetaan uusia voimistelijoita mukaan. Ole yhteydess\u00e4 joukkueen valmentajiin ja sovi kokeilukerta!<\/p>\n\n\n\n<p class=\"has-medium-font-size\">Valmentajat<\/p>\n\n\n\n<p>Sanna Nurmesniemi: sanna.nurmesniemi@gmail.com<\/p>\n\n\n\n<p>Arja Puro: puro.arja@gmail.com<\/p>\n\n\n\n<p>Apuvalmentajat Saga Puisto, Jila Marttinen ja Kaisa Jyrkinen<\/p>\n\n\n\n<figure class=\"wp-block-gallery has-nested-images columns-default is-cropped wp-block-gallery-1 is-layout-flex wp-block-gallery-is-layout-flex\"><\/figure>\n\n\n\n\n\n<figure class=\"wp-block-gallery has-nested-images columns-default is-cropped wp-block-gallery-2 is-layout-flex wp-block-gallery-is-layout-flex\"><\/figure>\n","protected":false},"excerpt":{"rendered":"<p>Joukkue Rosalia on tanssillisen voimistelun valmennusryhm\u00e4 vuosina 2013 &#8211; 2015 syntyneille voimistelijoille. Joukkue on perustettu syksyll\u00e4 2021. P\u00e4\u00e4tavoitteena on kasvattaa voimistelun lajitaitoja huomioiden valmennusryhm\u00e4n ik\u00e4taso ja osallistua tanssillisen voimistelun kisoihin. Harjoitukset Harjoitusajat ja -paikat kaudella 2024-2025 Tiistai klo 17.30-19.00 Kuoppanummen koulu, pallosali Torstai klo 17.00-18.30 Otalammen koulu Sunnuntai klo 16.00-18.00 Kuoppanummen koulu, tanssisali Voimistelijat Joukkueessa [&hellip;]<\/p>\n","protected":false},"author":1,"featured_media":0,"parent":0,"menu_order":0,"comment_status":"closed","ping_status":"closed","template":"","meta":{"site-sidebar-layout":"default","site-content-layout":"","ast-site-content-layout":"default","site-content-style":"default","site-sidebar-style":"default","ast-global-header-display":"","ast-banner-title-visibility":"","ast-main-header-display":"","ast-hfb-above-header-display":"","ast-hfb-below-header-display":"","ast-hfb-mobile-header-display":"","site-post-title":"","ast-breadcrumbs-content":"","ast-featured-img":"","footer-sml-layout":"","ast-disable-related-posts":"","theme-transparent-header-meta":"","adv-header-id-meta":"","stick-header-meta":"","header-above-stick-meta":"","header-main-stick-meta":"","header-below-stick-meta":"","astra-migrate-meta-layouts":"set","ast-page-background-enabled":"default","ast-page-background-meta":{"desktop":{"background-color":"var(--ast-global-color-4)","background-image":"","background-repeat":"repeat","background-position":"center center","background-size":"auto","background-attachment":"scroll","background-type":"","background-media":"","overlay-type":"","overlay-color":"","overlay-opacity":"","overlay-gradient":""},"tablet":{"background-color":"","background-image":"","background-repeat":"repeat","background-position":"center center","background-size":"auto","background-attachment":"scroll","background-type":"","background-media":"","overlay-type":"","overlay-color":"","overlay-opacity":"","overlay-gradient":""},"mobile":{"background-color":"","background-image":"","background-repeat":"repeat","background-position":"center center","background-size":"auto","background-attachment":"scroll","background-type":"","background-media":"","overlay-type":"","overlay-color":"","overlay-opacity":"","overlay-gradient":""}},"ast-content-background-meta":{"desktop":{"background-color":"var(--ast-global-color-5)","background-image":"","background-repeat":"repeat","background-position":"center center","background-size":"auto","background-attachment":"scroll","background-type":"","background-media":"","overlay-type":"","overlay-color":"","overlay-opacity":"","overlay-gradient":""},"tablet":{"background-color":"var(--ast-global-color-5)","background-image":"","background-repeat":"repeat","background-position":"center center","background-size":"auto","background-attachment":"scroll","background-type":"","background-media":"","overlay-type":"","overlay-color":"","overlay-opacity":"","overlay-gradient":""},"mobile":{"background-color":"var(--ast-global-color-5)","background-image":"","background-repeat":"repeat","background-position":"center center","background-size":"auto","background-attachment":"scroll","background-type":"","background-media":"","overlay-type":"","overlay-color":"","overlay-opacity":"","overlay-gradient":""}},"footnotes":""},"class_list":["post-442","page","type-page","status-publish","hentry"],"_links":{"self":[{"href":"https:\/\/vihti-gym.fi\/index.php\/wp-json\/wp\/v2\/pages\/442","targetHints":{"allow":["GET"]}}],"collection":[{"href":"https:\/\/vihti-gym.fi\/index.php\/wp-json\/wp\/v2\/pages"}],"about":[{"href":"https:\/\/vihti-gym.fi\/index.php\/wp-json\/wp\/v2\/types\/page"}],"author":[{"embeddable":true,"href":"https:\/\/vihti-gym.fi\/index.php\/wp-json\/wp\/v2\/users\/1"}],"replies":[{"embeddable":true,"href":"https:\/\/vihti-gym.fi\/index.php\/wp-json\/wp\/v2\/comments?post=442"}],"version-history":[{"count":14,"href":"https:\/\/vihti-gym.fi\/index.php\/wp-json\/wp\/v2\/pages\/442\/revisions"}],"predecessor-version":[{"id":2307,"href":"https:\/\/vihti-gym.fi\/index.php\/wp-json\/wp\/v2\/pages\/442\/revisions\/2307"}],"wp:attachment":[{"href":"https:\/\/vihti-gym.fi\/index.php\/wp-json\/wp\/v2\/media?parent=442"}],"curies":[{"name":"wp","href":"https:\/\/api.w.org\/{rel}","templated":true}]}}