{"id":377,"date":"2021-11-20T19:10:01","date_gmt":"2021-11-20T17:10:01","guid":{"rendered":"https:\/\/vihti-gym.fi\/?page_id=377"},"modified":"2025-11-06T13:51:25","modified_gmt":"2025-11-06T11:51:25","slug":"about","status":"publish","type":"page","link":"https:\/\/vihti-gym.fi\/","title":{"rendered":"Liikuntaseura Vihti-Gym ry"},"content":{"rendered":"\n<div class=\"wp-block-cover alignfull is-light has-parallax word-break: keep-all\" style=\"min-height:792px;aspect-ratio:unset;\"><div class=\"wp-block-cover__image-background wp-image-398 has-parallax\" style=\"background-position:50% 50%;background-image:url(https:\/\/vihti-gym.fi\/wp-content\/uploads\/2021\/11\/teast-scaled.jpg)\"><\/div><span aria-hidden=\"true\" class=\"wp-block-cover__background has-ast-global-color-1-background-color has-background-dim\"><\/span><div class=\"wp-block-cover__inner-container is-layout-flow wp-block-cover-is-layout-flow\">\n<h1 class=\"wp-block-heading alignfull has-text-align-center word-break: keep-all has-white-color has-text-color has-huge-font-size\"><strong>Liikuntaseura Vihti-Gym\u200b<\/strong> ry<\/h1>\n\n\n\n<p>l<\/p>\n\n\n\n<div class=\"inherit-container-width wp-block-group is-layout-constrained wp-block-group-is-layout-constrained\"><div class=\"wp-block-group__inner-container\">\n<div class=\"wp-block-columns is-layout-flex wp-container-core-columns-is-layout-28f84493 wp-block-columns-is-layout-flex\">\n<div class=\"wp-block-column is-vertically-aligned-center is-layout-flow wp-block-column-is-layout-flow\">\n<div class=\"wp-block-buttons is-layout-flex wp-block-buttons-is-layout-flex\">\n<div class=\"wp-block-button has-custom-width wp-block-button__width-100 is-style-fill\"><a class=\"wp-block-button__link wp-element-button\" href=\"https:\/\/vihti-gym.fi\/index.php\/valmennusryhmat\/\" style=\"border-radius:10px\">Valmennusryhm\u00e4t<\/a><\/div>\n<\/div>\n<\/div>\n\n\n\n<div class=\"wp-block-column is-vertically-aligned-center is-layout-flow wp-block-column-is-layout-flow\">\n<div class=\"wp-block-buttons is-layout-flex wp-block-buttons-is-layout-flex\">\n<div class=\"wp-block-button has-custom-width wp-block-button__width-100 is-style-fill\"><a class=\"wp-block-button__link wp-element-button\" href=\"https:\/\/vihti-gym.fi\/index.php\/harrasteryhmat\/\" style=\"border-radius:10px\">Harrasteryhm\u00e4t<\/a><\/div>\n<\/div>\n<\/div>\n<\/div>\n\n\n\n<div class=\"wp-block-buttons is-layout-flex wp-block-buttons-is-layout-flex\">\n<div class=\"wp-block-button has-custom-width wp-block-button__width-100\"><a class=\"wp-block-button__link wp-element-button\" href=\"https:\/\/vihti-gym.myclub.fi\/flow\/login\" style=\"border-radius:10px\">Ilmoittaudu mukaan! <\/a><\/div>\n<\/div>\n<\/div><\/div>\n\n\n\n<div class=\"wp-block-columns is-layout-flex wp-container-core-columns-is-layout-28f84493 wp-block-columns-is-layout-flex\">\n<div class=\"wp-block-column is-layout-flow wp-block-column-is-layout-flow\">\n<p class=\"has-text-align-center has-white-color has-vivid-purple-background-color has-text-color has-background has-link-color wp-elements-4b79d95a1e5257d15ceb7513a164aa3f\"><a href=\"https:\/\/vihti-gym.fi\/index.php\/jasenrekisteri-ja-ilmoittautuminen\/\" data-type=\"page\" data-id=\"110\">Ilmoittautumisohjeet<\/a><\/p>\n<\/div>\n<\/div>\n<\/div><\/div>\n\n\n\n<div class=\"wp-block-columns is-layout-flex wp-container-core-columns-is-layout-28f84493 wp-block-columns-is-layout-flex\">\n<div class=\"wp-block-column is-layout-flow wp-block-column-is-layout-flow\" style=\"flex-basis:100%\">\n<div class=\"inherit-container-width wp-block-group alignfull is-layout-constrained wp-block-group-is-layout-constrained\"><div class=\"wp-block-group__inner-container\">\n<div class=\"wp-block-columns are-vertically-aligned-center is-layout-flex wp-container-core-columns-is-layout-28f84493 wp-block-columns-is-layout-flex\">\n<div class=\"wp-block-column is-vertically-aligned-center is-layout-flow wp-block-column-is-layout-flow\">\n<h2 class=\"wp-block-heading alignfull has-ast-global-color-0-color has-text-color\"><a href=\"https:\/\/vihti-gym.fi\/index.php\/uutiset\/\" data-type=\"page\" data-id=\"780\">Uuti\u00adset<\/a><\/h2>\n\n\n\n<p><\/p>\n\n\n\n<div class=\"wp-block-query is-layout-flow wp-block-query-is-layout-flow\"><ul class=\"wp-block-post-template is-layout-flow wp-block-post-template-is-layout-flow\"><li class=\"wp-block-post post-2681 post type-post status-publish format-standard hentry category-yleinen\">\n<h2 class=\"wp-block-post-title\"><a href=\"https:\/\/vihti-gym.fi\/index.php\/2026\/04\/12\/vihti-gymin-saantomaarainen-kevatkokous-ke-6-5-2026-seuran-toimistolla-kello-17-30\/\" target=\"_self\" >Vihti-Gymin s\u00e4\u00e4nt\u00f6m\u00e4\u00e4r\u00e4inen kev\u00e4tkokous ke 6.5.2026 seuran toimistolla kello 17.30<\/a><\/h2>\n\n\n\n<div class=\"wp-block-post-excerpt\"><p class=\"wp-block-post-excerpt__excerpt\">Seuran s\u00e4\u00e4nt\u00f6m\u00e4\u00e4r\u00e4inen kev\u00e4tkokous j\u00e4rjestet\u00e4\u00e4n seuran toimistolla keskiviikkona 6.5.2026 kello 17.30. Kokouksessa k\u00e4sitell\u00e4\u00e4n s\u00e4\u00e4nt\u00f6m\u00e4\u00e4r\u00e4iset asiat. Kokoukseen voi osallistua l\u00e4sn\u00e4 tai et\u00e4n\u00e4. Mik\u00e4li j\u00e4sen haluaa osallistua kokoukseen et\u00e4n\u00e4, h\u00e4nen tulee ilmoittaa siit\u00e4 seuran puheenjohtajalle 4.5.2026 menness\u00e4.<\/p><p class=\"wp-block-post-excerpt__more-text\"><a class=\"wp-block-post-excerpt__more-link\" href=\"https:\/\/vihti-gym.fi\/index.php\/2026\/04\/12\/vihti-gymin-saantomaarainen-kevatkokous-ke-6-5-2026-seuran-toimistolla-kello-17-30\/\">Lue lis\u00e4\u00e4<\/a><\/p><\/div>\n\n<div class=\"wp-block-post-date\"><time datetime=\"2026-04-12T16:55:43+03:00\">12.4.2026<\/time><\/div>\n\n\n<hr class=\"wp-block-separator has-css-opacity\"\/>\n\n<\/li><\/ul>\n\n\n<p><a href=\"https:\/\/vihti-gym.fi\/index.php\/uutiset\/\"><strong>Lue t\u00e4\u00e4lt\u00e4 kaikki uutiset<\/strong><\/a><\/p>\n<\/div>\n<\/div>\n<\/div>\n<\/div><\/div>\n<\/div>\n<\/div>\n\n\n\n<div class=\"wp-block-cover alignwide is-light\"><img loading=\"lazy\" decoding=\"async\" width=\"2000\" height=\"1333\" class=\"wp-block-cover__image-background wp-image-632\" alt=\"\" src=\"https:\/\/vihti-gym.fi\/wp-content\/uploads\/2021\/12\/vihtigym_lores-42.jpg\" data-object-fit=\"cover\" srcset=\"https:\/\/vihti-gym.fi\/wp-content\/uploads\/2021\/12\/vihtigym_lores-42.jpg 2000w, https:\/\/vihti-gym.fi\/wp-content\/uploads\/2021\/12\/vihtigym_lores-42-300x200.jpg 300w, https:\/\/vihti-gym.fi\/wp-content\/uploads\/2021\/12\/vihtigym_lores-42-1024x682.jpg 1024w, https:\/\/vihti-gym.fi\/wp-content\/uploads\/2021\/12\/vihtigym_lores-42-768x512.jpg 768w, https:\/\/vihti-gym.fi\/wp-content\/uploads\/2021\/12\/vihtigym_lores-42-1536x1024.jpg 1536w\" sizes=\"auto, (max-width: 2000px) 100vw, 2000px\" \/><span aria-hidden=\"true\" class=\"wp-block-cover__background has-background-dim\"><\/span><div class=\"wp-block-cover__inner-container is-layout-flow wp-block-cover-is-layout-flow\">\n<p class=\"has-text-align-center word-break: keep-all; has-ast-global-color-5-color has-text-color\" style=\"font-size:50px\">Tervetuloa liikkumaan!<\/p>\n<\/div><\/div>\n\n\n\n<div style=\"height:100px\" aria-hidden=\"true\" class=\"wp-block-spacer\"><\/div>\n\n\n\n<figure class=\"wp-block-image size-large\"><img loading=\"lazy\" decoding=\"async\" width=\"1024\" height=\"205\" src=\"https:\/\/vihti-gym.fi\/wp-content\/uploads\/2022\/07\/VG_arvot_palkki-1024x205.jpg\" alt=\"\" class=\"wp-image-1223\" srcset=\"https:\/\/vihti-gym.fi\/wp-content\/uploads\/2022\/07\/VG_arvot_palkki-1024x205.jpg 1024w, https:\/\/vihti-gym.fi\/wp-content\/uploads\/2022\/07\/VG_arvot_palkki-300x60.jpg 300w, https:\/\/vihti-gym.fi\/wp-content\/uploads\/2022\/07\/VG_arvot_palkki-768x154.jpg 768w, https:\/\/vihti-gym.fi\/wp-content\/uploads\/2022\/07\/VG_arvot_palkki-1536x307.jpg 1536w, https:\/\/vihti-gym.fi\/wp-content\/uploads\/2022\/07\/VG_arvot_palkki-2048x410.jpg 2048w\" sizes=\"auto, (max-width: 1024px) 100vw, 1024px\" \/><\/figure>\n\n\n\n<figure class=\"wp-block-pullquote\"><blockquote><p>Hyv\u00e4ss\u00e4 seurassa on ilo liikkua! \u00ae <\/p><\/blockquote><\/figure>\n\n\n\n<figure class=\"wp-block-image size-full\"><a href=\"https:\/\/www.teamplace.eu\/vihtigym\/\"><img loading=\"lazy\" decoding=\"async\" width=\"800\" height=\"450\" src=\"https:\/\/vihti-gym.fi\/wp-content\/uploads\/2024\/09\/thumbnail_TEAM-PLACE-04.png\" alt=\"\" class=\"wp-image-2165\" srcset=\"https:\/\/vihti-gym.fi\/wp-content\/uploads\/2024\/09\/thumbnail_TEAM-PLACE-04.png 800w, https:\/\/vihti-gym.fi\/wp-content\/uploads\/2024\/09\/thumbnail_TEAM-PLACE-04-300x169.png 300w, https:\/\/vihti-gym.fi\/wp-content\/uploads\/2024\/09\/thumbnail_TEAM-PLACE-04-768x432.png 768w\" sizes=\"auto, (max-width: 800px) 100vw, 800px\" \/><\/a><\/figure>\n\n\n\n<p><\/p>\n","protected":false},"excerpt":{"rendered":"<p><\/p>\n<p class=\"read-more\"> <a class=\"\" href=\"https:\/\/websitedemos.net\/mountain-08\/about\/\"> <span class=\"screen-reader-text\">About<\/span> Read More \u00bb<\/a><\/p>\n","protected":false},"author":1,"featured_media":0,"parent":0,"menu_order":0,"comment_status":"closed","ping_status":"closed","template":"","meta":{"site-sidebar-layout":"no-sidebar","site-content-layout":"plain-container","ast-site-content-layout":"normal-width-container","site-content-style":"unboxed","site-sidebar-style":"unboxed","ast-global-header-display":"","ast-banner-title-visibility":"","ast-main-header-display":"","ast-hfb-above-header-display":"","ast-hfb-below-header-display":"","ast-hfb-mobile-header-display":"","site-post-title":"disabled","ast-breadcrumbs-content":"","ast-featured-img":"disabled","footer-sml-layout":"","ast-disable-related-posts":"","theme-transparent-header-meta":"enabled","adv-header-id-meta":"","stick-header-meta":"","header-above-stick-meta":"","header-main-stick-meta":"","header-below-stick-meta":"","astra-migrate-meta-layouts":"set","ast-page-background-enabled":"default","ast-page-background-meta":{"desktop":{"background-color":"var(--ast-global-color-4)","background-image":"","background-repeat":"repeat","background-position":"center center","background-size":"auto","background-attachment":"scroll","background-type":"","background-media":"","overlay-type":"","overlay-color":"","overlay-opacity":"","overlay-gradient":""},"tablet":{"background-color":"","background-image":"","background-repeat":"repeat","background-position":"center center","background-size":"auto","background-attachment":"scroll","background-type":"","background-media":"","overlay-type":"","overlay-color":"","overlay-opacity":"","overlay-gradient":""},"mobile":{"background-color":"","background-image":"","background-repeat":"repeat","background-position":"center center","background-size":"auto","background-attachment":"scroll","background-type":"","background-media":"","overlay-type":"","overlay-color":"","overlay-opacity":"","overlay-gradient":""}},"ast-content-background-meta":{"desktop":{"background-color":"var(--ast-global-color-5)","background-image":"","background-repeat":"repeat","background-position":"center center","background-size":"auto","background-attachment":"scroll","background-type":"","background-media":"","overlay-type":"","overlay-color":"","overlay-opacity":"","overlay-gradient":""},"tablet":{"background-color":"var(--ast-global-color-5)","background-image":"","background-repeat":"repeat","background-position":"center center","background-size":"auto","background-attachment":"scroll","background-type":"","background-media":"","overlay-type":"","overlay-color":"","overlay-opacity":"","overlay-gradient":""},"mobile":{"background-color":"var(--ast-global-color-5)","background-image":"","background-repeat":"repeat","background-position":"center center","background-size":"auto","background-attachment":"scroll","background-type":"","background-media":"","overlay-type":"","overlay-color":"","overlay-opacity":"","overlay-gradient":""}},"footnotes":""},"class_list":["post-377","page","type-page","status-publish","hentry"],"_links":{"self":[{"href":"https:\/\/vihti-gym.fi\/index.php\/wp-json\/wp\/v2\/pages\/377","targetHints":{"allow":["GET"]}}],"collection":[{"href":"https:\/\/vihti-gym.fi\/index.php\/wp-json\/wp\/v2\/pages"}],"about":[{"href":"https:\/\/vihti-gym.fi\/index.php\/wp-json\/wp\/v2\/types\/page"}],"author":[{"embeddable":true,"href":"https:\/\/vihti-gym.fi\/index.php\/wp-json\/wp\/v2\/users\/1"}],"replies":[{"embeddable":true,"href":"https:\/\/vihti-gym.fi\/index.php\/wp-json\/wp\/v2\/comments?post=377"}],"version-history":[{"count":20,"href":"https:\/\/vihti-gym.fi\/index.php\/wp-json\/wp\/v2\/pages\/377\/revisions"}],"predecessor-version":[{"id":2562,"href":"https:\/\/vihti-gym.fi\/index.php\/wp-json\/wp\/v2\/pages\/377\/revisions\/2562"}],"wp:attachment":[{"href":"https:\/\/vihti-gym.fi\/index.php\/wp-json\/wp\/v2\/media?parent=377"}],"curies":[{"name":"wp","href":"https:\/\/api.w.org\/{rel}","templated":true}]}}