{"id":305,"date":"2021-11-20T14:25:16","date_gmt":"2021-11-20T12:25:16","guid":{"rendered":"https:\/\/aboanalytics.wordpress.com\/?page_id=305"},"modified":"2026-03-04T17:53:14","modified_gmt":"2026-03-04T15:53:14","slug":"johtokunta","status":"publish","type":"page","link":"https:\/\/vihti-gym.fi\/index.php\/johtokunta\/","title":{"rendered":"Johtokunta"},"content":{"rendered":"\n<h1 class=\"wp-block-heading\" id=\"seuran-organisaatio\">Seuran organisaatio&nbsp;<\/h1>\n\n\n\n<p>Seuran ylin p\u00e4\u00e4tt\u00e4v\u00e4 elin on johtokunta. Johtokunta kokoontuu kuukausittain p\u00e4\u00e4tt\u00e4m\u00e4\u00e4n seuran asioista. Johtokunnassa p\u00e4\u00e4tetyist\u00e4 ja keskustelluista t\u00e4rkeist\u00e4 asioista tiedotetaan ohjaajia ja j\u00e4senist\u00f6\u00e4.<\/p>\n\n\n\n<p><strong>Johtokunta 1.9.2025&nbsp;alkaen<\/strong><\/p>\n\n\n\n<p><strong>Sini Koppanen<\/strong><\/p>\n\n\n\n<div class=\"wp-block-columns is-layout-flex wp-container-core-columns-is-layout-28f84493 wp-block-columns-is-layout-flex\">\n<div class=\"wp-block-column is-layout-flow wp-block-column-is-layout-flow\" style=\"flex-basis:50%\">\n<figure class=\"wp-block-image size-large\"><img loading=\"lazy\" decoding=\"async\" width=\"768\" height=\"1024\" src=\"https:\/\/vihti-gym.fi\/wp-content\/uploads\/2023\/08\/sini_koppanen_vihti-gym-2-768x1024.jpg\" alt=\"\" class=\"wp-image-1721\" srcset=\"https:\/\/vihti-gym.fi\/wp-content\/uploads\/2023\/08\/sini_koppanen_vihti-gym-2-768x1024.jpg 768w, https:\/\/vihti-gym.fi\/wp-content\/uploads\/2023\/08\/sini_koppanen_vihti-gym-2-225x300.jpg 225w, https:\/\/vihti-gym.fi\/wp-content\/uploads\/2023\/08\/sini_koppanen_vihti-gym-2-1152x1536.jpg 1152w, https:\/\/vihti-gym.fi\/wp-content\/uploads\/2023\/08\/sini_koppanen_vihti-gym-2.jpg 1536w\" sizes=\"auto, (max-width: 768px) 100vw, 768px\" \/><figcaption class=\"wp-element-caption\">sini@vihti-gym.fi<\/figcaption><\/figure>\n<\/div>\n\n\n\n<div class=\"wp-block-column is-layout-flow wp-block-column-is-layout-flow\" style=\"flex-basis:50%\">\n<p><strong>Puheenjohtaja: <\/strong><br><em>Vastuullisuus ja tietosuoja<br>Varainhankinta- ja sponsorivastaava<br>T\u00e4htiseuravastaava<br>S\u00e4\u00e4nt\u00f6m\u00e4\u00e4r\u00e4iset asiat, toimintalinja ja kunnan anomus yms. <\/em><\/p>\n\n\n\n<p>Olen jumpannut seurassa lapsuudessani erilaisissa harrastepuolen ryhmiss\u00e4 ja jalkapallovuosien j\u00e4lkeen ajauduin muutama vuosi sitten takaisin seuran toiminnan pariin lasteni voimisteluharrastusten kautta. T\u00e4ll\u00e4 hetkell\u00e4 voimistelen my\u00f6s itse tanssillisen voimistelun harrasteryhm\u00e4 Aureliassa. Olen aina pit\u00e4nyt seura-\/yhdistystoiminnasta ja johtokuntaan \/ puheenjohtajan pestiin l\u00e4hdin, sill\u00e4 koen minulla olevan annettavaa seuralle ja haluan olla mukana luomassa seuran tulevaisuutta.<\/p>\n\n\n\n<p>Aloitin johtokunnassa\/puheejohtajana syksyll\u00e4 2023. Siiviiliss\u00e4 ty\u00f6skentelen henkil\u00f6st\u00f6p\u00e4\u00e4llik\u00f6n roolissa.<\/p>\n<\/div>\n<\/div>\n\n\n\n<p><strong>Helen Haapala<\/strong><\/p>\n\n\n\n<div class=\"wp-block-columns is-layout-flex wp-container-core-columns-is-layout-28f84493 wp-block-columns-is-layout-flex\">\n<div class=\"wp-block-column is-layout-flow wp-block-column-is-layout-flow\" style=\"flex-basis:50%\">\n<figure class=\"wp-block-image size-large\"><img loading=\"lazy\" decoding=\"async\" width=\"819\" height=\"1024\" src=\"https:\/\/vihti-gym.fi\/wp-content\/uploads\/2022\/10\/Helen_Haapala_johtokunta_VG-819x1024.jpg\" alt=\"\" class=\"wp-image-1374\" srcset=\"https:\/\/vihti-gym.fi\/wp-content\/uploads\/2022\/10\/Helen_Haapala_johtokunta_VG-819x1024.jpg 819w, https:\/\/vihti-gym.fi\/wp-content\/uploads\/2022\/10\/Helen_Haapala_johtokunta_VG-240x300.jpg 240w, https:\/\/vihti-gym.fi\/wp-content\/uploads\/2022\/10\/Helen_Haapala_johtokunta_VG-768x960.jpg 768w, https:\/\/vihti-gym.fi\/wp-content\/uploads\/2022\/10\/Helen_Haapala_johtokunta_VG.jpg 1080w\" sizes=\"auto, (max-width: 819px) 100vw, 819px\" \/><figcaption class=\"wp-element-caption\">helen@vihti-gym.fi<\/figcaption><\/figure>\n<\/div>\n\n\n\n<div class=\"wp-block-column is-layout-flow wp-block-column-is-layout-flow\" style=\"flex-basis:50%\">\n<p><strong>Varapuheenjohtaja<\/strong><br><strong>Joukkuevoimistelun-valmennusryhmien vastaava<\/strong><br><em>JV-valmennuslinja<br>Lippupalveluvastaava<\/em><\/p>\n\n\n\n<p>Helen on tullut seuraan vuonna 2007 harrastevoimisteluun ja vuodet 2008-2014 voimistelut joukkuevoimistelun ja rytmisen voimistelun kilparyhmiss\u00e4. Vuonna 2011 Helen aloitti ohjaajauransa ensin apuohjaajana ja vuodesta 2012 alkaen ohjaten eri voimistelun harrasteryhmi\u00e4. T\u00e4ll\u00e4 hetkell\u00e4 Helen valmentaa joukkuevoimistelun Amelia Lila, Amelia Lux ja Amira joukkueita. Helen on k\u00e4ynyt valmentajakoulutuksia Voimisteluliiton toisen tasoon asti sek\u00e4 toimii joukkuevoimistelun 2KH-tason tuomarina. T\u00e4ll\u00e4 hetkell\u00e4\u00a0Helen opiskelee Turun Yliopistossa Taloustieteen maisteriopintoja.\u00a0Vihti-Gymin johtokunnassa h\u00e4n aloitti syksyll\u00e4 2022. \u00a0<\/p>\n\n\n\n<p><\/p>\n<\/div>\n<\/div>\n\n\n\n<p><strong>Minna Laapas<\/strong><\/p>\n\n\n\n<div class=\"wp-block-columns is-layout-flex wp-container-core-columns-is-layout-28f84493 wp-block-columns-is-layout-flex\">\n<div class=\"wp-block-column is-layout-flow wp-block-column-is-layout-flow\">\n<figure class=\"wp-block-image size-large\"><img loading=\"lazy\" decoding=\"async\" width=\"1024\" height=\"1024\" src=\"https:\/\/vihti-gym.fi\/wp-content\/uploads\/2022\/07\/hahmo-1024x1024.jpg\" alt=\"\" class=\"wp-image-1167\" srcset=\"https:\/\/vihti-gym.fi\/wp-content\/uploads\/2022\/07\/hahmo-1024x1024.jpg 1024w, https:\/\/vihti-gym.fi\/wp-content\/uploads\/2022\/07\/hahmo-300x300.jpg 300w, https:\/\/vihti-gym.fi\/wp-content\/uploads\/2022\/07\/hahmo-150x150.jpg 150w, https:\/\/vihti-gym.fi\/wp-content\/uploads\/2022\/07\/hahmo-768x768.jpg 768w, https:\/\/vihti-gym.fi\/wp-content\/uploads\/2022\/07\/hahmo.jpg 1080w\" sizes=\"auto, (max-width: 1024px) 100vw, 1024px\" \/><figcaption class=\"wp-element-caption\"><a href=\"mailto:minna@vihti-gym.fi\" target=\"_blank\" rel=\"noreferrer noopener\">minna@vihti-gym.fi<\/a><\/figcaption><\/figure>\n<\/div>\n\n\n\n<div class=\"wp-block-column is-layout-flow wp-block-column-is-layout-flow\">\n<p><strong>Jojo-vastaava<\/strong><br><em>Talkooty\u00f6n organisointi<\/em> <\/p>\n\n\n\n<p>Minna on toiminut seurassa monien vuosien ajan ohjaajana. Minna hypp\u00e4si johtokuntaan mukaan Tammikuussa 2022.<\/p>\n<\/div>\n<\/div>\n\n\n\n<div class=\"wp-block-columns is-layout-flex wp-container-core-columns-is-layout-28f84493 wp-block-columns-is-layout-flex\">\n<div class=\"wp-block-column is-layout-flow wp-block-column-is-layout-flow\" style=\"flex-basis:50%\"><\/div>\n<\/div>\n\n\n\n<p><strong>Sue Haaksi<\/strong><\/p>\n\n\n\n<div class=\"wp-block-columns is-layout-flex wp-container-core-columns-is-layout-28f84493 wp-block-columns-is-layout-flex\">\n<div class=\"wp-block-column is-layout-flow wp-block-column-is-layout-flow\">\n<figure class=\"wp-block-image size-large\"><img loading=\"lazy\" decoding=\"async\" width=\"682\" height=\"1024\" src=\"https:\/\/vihti-gym.fi\/wp-content\/uploads\/2022\/02\/henkilokunta_sue-1-682x1024.jpg\" alt=\"\" class=\"wp-image-878\" srcset=\"https:\/\/vihti-gym.fi\/wp-content\/uploads\/2022\/02\/henkilokunta_sue-1-682x1024.jpg 682w, https:\/\/vihti-gym.fi\/wp-content\/uploads\/2022\/02\/henkilokunta_sue-1-200x300.jpg 200w, https:\/\/vihti-gym.fi\/wp-content\/uploads\/2022\/02\/henkilokunta_sue-1-768x1152.jpg 768w, https:\/\/vihti-gym.fi\/wp-content\/uploads\/2022\/02\/henkilokunta_sue-1-1024x1536.jpg 1024w, https:\/\/vihti-gym.fi\/wp-content\/uploads\/2022\/02\/henkilokunta_sue-1.jpg 1333w\" sizes=\"auto, (max-width: 682px) 100vw, 682px\" \/><\/figure>\n\n\n\n<p><a href=\"mailto:sue@vihti-gym.fi\" target=\"_blank\" rel=\"noreferrer noopener\">sue@vihti-gym.fi<\/a><\/p>\n<\/div>\n\n\n\n<div class=\"wp-block-column is-layout-flow wp-block-column-is-layout-flow\">\n<p><strong>Cheerleadingin harraste- ja valmennusvastaava<\/strong><br><em>Kilpajoukkueiden urheilija- ja valmentaja listan yll\u00e4pito rekistereiss\u00e4<br>Luksian tilavaraukset<\/em><\/p>\n\n\n\n<p>Olen tullut Liikuntaseura Vihti-Gymin toimintaan mukaan aluksi harrastajana erilaisissa jumpissa. 2016 tytt\u00e4ret aloittivat seurassa cheerleadingin ja itse siirryin saman lajin pariin tammikuussa 2018 aikuisjoukkue Voiman riveihin.&nbsp;Usean lajitaustan omaavana, olen aina ollut aktiivinen liikkuja ja joukkue urheilija. Lentopalloa pelasin noin 38 vuotta aina 1-sarjatasolle asti. Lentopallouran aikana olin my\u00f6s J\u00e4rvenp\u00e4\u00e4l\u00e4isen Blues Volleyn johtokunnassa.<br><br>Vihti-Gymin johtokunnassa aloitin syksyll\u00e4 2020. Siviiliss\u00e4 ty\u00f6skentelen terveydenhuoltoalalla.<\/p>\n<\/div>\n<\/div>\n\n\n\n<p><strong>Elina Lindholm<\/strong><\/p>\n\n\n\n<div class=\"wp-block-columns is-layout-flex wp-container-core-columns-is-layout-28f84493 wp-block-columns-is-layout-flex\">\n<div class=\"wp-block-column is-layout-flow wp-block-column-is-layout-flow\" style=\"flex-basis:50%\">\n<figure class=\"wp-block-image aligncenter size-large\"><img loading=\"lazy\" decoding=\"async\" width=\"682\" height=\"1024\" src=\"https:\/\/vihti-gym.fi\/wp-content\/uploads\/2022\/02\/henkilokunta_elina-682x1024.jpg\" alt=\"\" class=\"wp-image-860\" srcset=\"https:\/\/vihti-gym.fi\/wp-content\/uploads\/2022\/02\/henkilokunta_elina-682x1024.jpg 682w, https:\/\/vihti-gym.fi\/wp-content\/uploads\/2022\/02\/henkilokunta_elina-200x300.jpg 200w, https:\/\/vihti-gym.fi\/wp-content\/uploads\/2022\/02\/henkilokunta_elina-768x1152.jpg 768w, https:\/\/vihti-gym.fi\/wp-content\/uploads\/2022\/02\/henkilokunta_elina-1024x1536.jpg 1024w, https:\/\/vihti-gym.fi\/wp-content\/uploads\/2022\/02\/henkilokunta_elina.jpg 1333w\" sizes=\"auto, (max-width: 682px) 100vw, 682px\" \/><\/figure>\n\n\n\n<p><a href=\"mailto:elina@vihti-gym.fi\" target=\"_blank\" rel=\"noreferrer noopener\">elina@vihti-gym.fi<\/a><\/p>\n<\/div>\n\n\n\n<div class=\"wp-block-column is-layout-flow wp-block-column-is-layout-flow\" style=\"flex-basis:50%\">\n<p><strong>Aikuisten- ja perheliikunnan vastaava<\/strong><br><strong>Lasten ja nuorten harrastevastaava<\/strong><em> <\/em><\/p>\n\n\n\n<p>Olen aloittanut Vihti-Gymiss\u00e4 nuorena diskotanssiryhm\u00e4ss\u00e4. Siit\u00e4 jatkoin harrastamaan kilpa-aerobicci\u00e4 viiden vuoden ajan, jonka j\u00e4lkeen siirryin valmentamaan nuoria aerobiccaajia. Olen ohjannut my\u00f6s aikuisten jumpparyhmi\u00e4 vuodesta 2005.&nbsp;<\/p>\n\n\n\n<p>Ty\u00f6skentelen Nummelassa fysioterapeuttina.<\/p>\n<\/div>\n<\/div>\n\n\n\n<p><strong>Sanni Oksanen<\/strong><\/p>\n\n\n\n<div class=\"wp-block-columns is-layout-flex wp-container-core-columns-is-layout-28f84493 wp-block-columns-is-layout-flex\">\n<div class=\"wp-block-column is-layout-flow wp-block-column-is-layout-flow\">\n<figure class=\"wp-block-image size-large\"><img loading=\"lazy\" decoding=\"async\" width=\"1024\" height=\"1024\" src=\"https:\/\/vihti-gym.fi\/wp-content\/uploads\/2022\/07\/hahmo-1024x1024.jpg\" alt=\"\" class=\"wp-image-1167\" srcset=\"https:\/\/vihti-gym.fi\/wp-content\/uploads\/2022\/07\/hahmo-1024x1024.jpg 1024w, https:\/\/vihti-gym.fi\/wp-content\/uploads\/2022\/07\/hahmo-300x300.jpg 300w, https:\/\/vihti-gym.fi\/wp-content\/uploads\/2022\/07\/hahmo-150x150.jpg 150w, https:\/\/vihti-gym.fi\/wp-content\/uploads\/2022\/07\/hahmo-768x768.jpg 768w, https:\/\/vihti-gym.fi\/wp-content\/uploads\/2022\/07\/hahmo.jpg 1080w\" sizes=\"auto, (max-width: 1024px) 100vw, 1024px\" \/><figcaption class=\"wp-element-caption\"><a href=\"mailto:sanni@vihti-gym.fi\" target=\"_blank\" rel=\"noreferrer noopener\">sanni@vihti-gym.fi<\/a><\/figcaption><\/figure>\n<\/div>\n\n\n\n<div class=\"wp-block-column is-layout-flow wp-block-column-is-layout-flow\">\n<p><strong>Kokoussihteeri ja salivuorovastaava<\/strong><br><em>Tilavaraukset<\/em><br><em>Avainvastaava<\/em><\/p>\n\n\n\n<p>Olen tullut seuran toimintaan alunperin pienen\u00e4 lapsena satujumppaan, my\u00f6hemmin kuitenkin aloitin seurassa rytmisenvoimistelun vuonna 2011. Siirryin kuitenkin vuonna 2013 Vihti-Gymin joukkuevoimistelun Korallit joukkueeseen ja siit\u00e4 my\u00f6hemmin tanssillisenvoimistelun Alegria joukkueeseen. Olen toiminut seurassa valmentajana muutaman vuoden. Kev\u00e4\u00e4ll\u00e4 2021 kouluttauduin my\u00f6s tanssillisenvoimistelun tuomariksi. Aloitin johtokunnassa syksyll\u00e4 2021.<\/p>\n<\/div>\n<\/div>\n\n\n\n<p><strong>Sanna Nurmesniemi<\/strong><\/p>\n\n\n\n<div class=\"wp-block-columns is-layout-flex wp-container-core-columns-is-layout-28f84493 wp-block-columns-is-layout-flex\">\n<div class=\"wp-block-column is-layout-flow wp-block-column-is-layout-flow\">\n<figure class=\"wp-block-image size-large\"><img loading=\"lazy\" decoding=\"async\" width=\"1024\" height=\"1024\" src=\"https:\/\/vihti-gym.fi\/wp-content\/uploads\/2022\/07\/hahmo-1024x1024.jpg\" alt=\"\" class=\"wp-image-1167\" srcset=\"https:\/\/vihti-gym.fi\/wp-content\/uploads\/2022\/07\/hahmo-1024x1024.jpg 1024w, https:\/\/vihti-gym.fi\/wp-content\/uploads\/2022\/07\/hahmo-300x300.jpg 300w, https:\/\/vihti-gym.fi\/wp-content\/uploads\/2022\/07\/hahmo-150x150.jpg 150w, https:\/\/vihti-gym.fi\/wp-content\/uploads\/2022\/07\/hahmo-768x768.jpg 768w, https:\/\/vihti-gym.fi\/wp-content\/uploads\/2022\/07\/hahmo.jpg 1080w\" sizes=\"auto, (max-width: 1024px) 100vw, 1024px\" \/><figcaption class=\"wp-element-caption\">sanna@vihti-gym.fi<\/figcaption><\/figure>\n<\/div>\n\n\n\n<div class=\"wp-block-column is-layout-flow wp-block-column-is-layout-flow\">\n<p><strong>Tanssillisen voimistelun valmennusvastaava <\/strong><br><em>Tanssillisen voimistelun valmennuslinja<\/em><\/p>\n\n\n\n<p>Seuran toimintaan olen tullut mukaan lasten voimisteluharrastuksen my\u00f6t\u00e4 vuonna 2020, t\u00e4ll\u00e4 hetkell\u00e4 toimin my\u00f6s itse tanssillisen joukkueen valmentajana ja voimistelen itsekin. Voimistelu- ja ohjaajataustaa l\u00f6ytyy pitk\u00e4lt\u00e4 ajalta. <\/p>\n\n\n\n<p>P\u00e4\u00e4ty\u00f6kseni toimin ohjelmistoyrityksess\u00e4 kehitysp\u00e4\u00e4llikk\u00f6n\u00e4. <\/p>\n<\/div>\n<\/div>\n\n\n\n<p><strong>Venla Tuomi<\/strong><\/p>\n\n\n\n<div class=\"wp-block-columns is-layout-flex wp-container-core-columns-is-layout-28f84493 wp-block-columns-is-layout-flex\">\n<div class=\"wp-block-column is-layout-flow wp-block-column-is-layout-flow\">\n<figure class=\"wp-block-image size-large\"><img loading=\"lazy\" decoding=\"async\" width=\"1024\" height=\"1024\" src=\"https:\/\/vihti-gym.fi\/wp-content\/uploads\/2022\/07\/hahmo-1024x1024.jpg\" alt=\"\" class=\"wp-image-1167\" srcset=\"https:\/\/vihti-gym.fi\/wp-content\/uploads\/2022\/07\/hahmo-1024x1024.jpg 1024w, https:\/\/vihti-gym.fi\/wp-content\/uploads\/2022\/07\/hahmo-300x300.jpg 300w, https:\/\/vihti-gym.fi\/wp-content\/uploads\/2022\/07\/hahmo-150x150.jpg 150w, https:\/\/vihti-gym.fi\/wp-content\/uploads\/2022\/07\/hahmo-768x768.jpg 768w, https:\/\/vihti-gym.fi\/wp-content\/uploads\/2022\/07\/hahmo.jpg 1080w\" sizes=\"auto, (max-width: 1024px) 100vw, 1024px\" \/><figcaption class=\"wp-element-caption\">venla@vihti-gym.fi<\/figcaption><\/figure>\n<\/div>\n\n\n\n<div class=\"wp-block-column is-layout-flow wp-block-column-is-layout-flow\">\n<p><strong>Viestint\u00e4vastaava<\/strong><\/p>\n\n\n\n<p>Olen ollut seuran toiminnassa mukana pienest\u00e4 pit\u00e4en. Aloittaen harrastejumpista ja siit\u00e4 eteenp\u00e4in voimistellut pitk\u00e4\u00e4n joukkuevoimistelun ja tanssillisen voimistelun valmennusjoukkueissa.  Nyky\u00e4\u00e4n valmennan Odessa ja Kiara joukkueita joukkuevoimistelussa. Valmennuskokemusta on jo kahdeksan vuoden ajalta. Lis\u00e4ksi olen k\u00e4ynyt 1. tason valmentajakoulutukset sek\u00e4 toimin 2. luokan tuomarina.<\/p>\n\n\n\n<p>Aloitin johtokunnassa syksyll\u00e4 2025. T\u00e4ll\u00e4 hetkell\u00e4 vastaan erityisesti seuran viestinn\u00e4st\u00e4 sosiaalisessa mediassa.<\/p>\n\n\n\n<p>Opiskelen liikuntaa XAMK:ssa ja ty\u00f6skentelen matkailu- ja tapahtuma-alalla.<\/p>\n<\/div>\n<\/div>\n\n\n\n<p><strong>Pauli P\u00f6yhi\u00e4<\/strong><\/p>\n\n\n\n<div class=\"wp-block-columns is-layout-flex wp-container-core-columns-is-layout-28f84493 wp-block-columns-is-layout-flex\">\n<div class=\"wp-block-column is-layout-flow wp-block-column-is-layout-flow\">\n<figure class=\"wp-block-image size-large\"><img loading=\"lazy\" decoding=\"async\" width=\"1024\" height=\"1024\" src=\"https:\/\/vihti-gym.fi\/wp-content\/uploads\/2022\/07\/hahmo-1024x1024.jpg\" alt=\"\" class=\"wp-image-1167\" srcset=\"https:\/\/vihti-gym.fi\/wp-content\/uploads\/2022\/07\/hahmo-1024x1024.jpg 1024w, https:\/\/vihti-gym.fi\/wp-content\/uploads\/2022\/07\/hahmo-300x300.jpg 300w, https:\/\/vihti-gym.fi\/wp-content\/uploads\/2022\/07\/hahmo-150x150.jpg 150w, https:\/\/vihti-gym.fi\/wp-content\/uploads\/2022\/07\/hahmo-768x768.jpg 768w, https:\/\/vihti-gym.fi\/wp-content\/uploads\/2022\/07\/hahmo.jpg 1080w\" sizes=\"auto, (max-width: 1024px) 100vw, 1024px\" \/><\/figure>\n<\/div>\n\n\n\n<div class=\"wp-block-column is-layout-flow wp-block-column-is-layout-flow\">\n<p><strong>Turvallisuusvastaava<\/strong><\/p>\n<\/div>\n<\/div>\n","protected":false},"excerpt":{"rendered":"<p>Seuran organisaatio&nbsp; Seuran ylin p\u00e4\u00e4tt\u00e4v\u00e4 elin on johtokunta. Johtokunta kokoontuu kuukausittain p\u00e4\u00e4tt\u00e4m\u00e4\u00e4n seuran asioista. Johtokunnassa p\u00e4\u00e4tetyist\u00e4 ja keskustelluista t\u00e4rkeist\u00e4 asioista tiedotetaan ohjaajia ja j\u00e4senist\u00f6\u00e4. Johtokunta 1.9.2025&nbsp;alkaen Sini Koppanen Puheenjohtaja: Vastuullisuus ja tietosuojaVarainhankinta- ja sponsorivastaavaT\u00e4htiseuravastaavaS\u00e4\u00e4nt\u00f6m\u00e4\u00e4r\u00e4iset asiat, toimintalinja ja kunnan anomus yms. Olen jumpannut seurassa lapsuudessani erilaisissa harrastepuolen ryhmiss\u00e4 ja jalkapallovuosien j\u00e4lkeen ajauduin muutama vuosi sitten takaisin [&hellip;]<\/p>\n","protected":false},"author":2,"featured_media":0,"parent":0,"menu_order":0,"comment_status":"closed","ping_status":"closed","template":"","meta":{"site-sidebar-layout":"default","site-content-layout":"","ast-site-content-layout":"default","site-content-style":"default","site-sidebar-style":"default","ast-global-header-display":"","ast-banner-title-visibility":"","ast-main-header-display":"","ast-hfb-above-header-display":"","ast-hfb-below-header-display":"","ast-hfb-mobile-header-display":"","site-post-title":"","ast-breadcrumbs-content":"","ast-featured-img":"","footer-sml-layout":"","ast-disable-related-posts":"","theme-transparent-header-meta":"","adv-header-id-meta":"","stick-header-meta":"","header-above-stick-meta":"","header-main-stick-meta":"","header-below-stick-meta":"","astra-migrate-meta-layouts":"set","ast-page-background-enabled":"default","ast-page-background-meta":{"desktop":{"background-color":"var(--ast-global-color-4)","background-image":"","background-repeat":"repeat","background-position":"center center","background-size":"auto","background-attachment":"scroll","background-type":"","background-media":"","overlay-type":"","overlay-color":"","overlay-opacity":"","overlay-gradient":""},"tablet":{"background-color":"","background-image":"","background-repeat":"repeat","background-position":"center center","background-size":"auto","background-attachment":"scroll","background-type":"","background-media":"","overlay-type":"","overlay-color":"","overlay-opacity":"","overlay-gradient":""},"mobile":{"background-color":"","background-image":"","background-repeat":"repeat","background-position":"center center","background-size":"auto","background-attachment":"scroll","background-type":"","background-media":"","overlay-type":"","overlay-color":"","overlay-opacity":"","overlay-gradient":""}},"ast-content-background-meta":{"desktop":{"background-color":"var(--ast-global-color-5)","background-image":"","background-repeat":"repeat","background-position":"center center","background-size":"auto","background-attachment":"scroll","background-type":"","background-media":"","overlay-type":"","overlay-color":"","overlay-opacity":"","overlay-gradient":""},"tablet":{"background-color":"var(--ast-global-color-5)","background-image":"","background-repeat":"repeat","background-position":"center center","background-size":"auto","background-attachment":"scroll","background-type":"","background-media":"","overlay-type":"","overlay-color":"","overlay-opacity":"","overlay-gradient":""},"mobile":{"background-color":"var(--ast-global-color-5)","background-image":"","background-repeat":"repeat","background-position":"center center","background-size":"auto","background-attachment":"scroll","background-type":"","background-media":"","overlay-type":"","overlay-color":"","overlay-opacity":"","overlay-gradient":""}},"footnotes":""},"class_list":["post-305","page","type-page","status-publish","hentry"],"_links":{"self":[{"href":"https:\/\/vihti-gym.fi\/index.php\/wp-json\/wp\/v2\/pages\/305","targetHints":{"allow":["GET"]}}],"collection":[{"href":"https:\/\/vihti-gym.fi\/index.php\/wp-json\/wp\/v2\/pages"}],"about":[{"href":"https:\/\/vihti-gym.fi\/index.php\/wp-json\/wp\/v2\/types\/page"}],"author":[{"embeddable":true,"href":"https:\/\/vihti-gym.fi\/index.php\/wp-json\/wp\/v2\/users\/2"}],"replies":[{"embeddable":true,"href":"https:\/\/vihti-gym.fi\/index.php\/wp-json\/wp\/v2\/comments?post=305"}],"version-history":[{"count":20,"href":"https:\/\/vihti-gym.fi\/index.php\/wp-json\/wp\/v2\/pages\/305\/revisions"}],"predecessor-version":[{"id":2665,"href":"https:\/\/vihti-gym.fi\/index.php\/wp-json\/wp\/v2\/pages\/305\/revisions\/2665"}],"wp:attachment":[{"href":"https:\/\/vihti-gym.fi\/index.php\/wp-json\/wp\/v2\/media?parent=305"}],"curies":[{"name":"wp","href":"https:\/\/api.w.org\/{rel}","templated":true}]}}