{"id":294,"date":"2021-11-20T13:57:32","date_gmt":"2021-11-20T11:57:32","guid":{"rendered":"https:\/\/aboanalytics.wordpress.com\/?page_id=294"},"modified":"2021-12-10T18:29:54","modified_gmt":"2021-12-10T16:29:54","slug":"ryhmat","status":"publish","type":"page","link":"https:\/\/vihti-gym.fi\/index.php\/ryhmat\/","title":{"rendered":"Ryhm\u00e4t"},"content":{"rendered":"\n<p><strong>Jumppaa jokaiselle<\/strong><\/p>\n\n\n\n<p>Vihti-Gymin liikuntavalikoimassa l\u00f6ytyy jumppia tyt\u00f6ille, pojille, naisille ja miehille. Seuran noin 80 ohjaajaa liikuttavat vihtil\u00e4isi\u00e4 viikoittain yli seitsem\u00e4ll\u00e4kymmenell\u00e4 tunnilla. Seurassa viihtyv\u00e4t niin harrastajat kuin kilpailijatkin, sill\u00e4 harrastetoiminnan lis\u00e4ksi seurassa kilpaillaan aktiivisesti joukkuevoimistelussa, tanssillisessa voimistelussa, rytmisess\u00e4 voimistelussa, cheerleadingissa ja vapaassa tanssissa.<\/p>\n\n\n\n<div class=\"wp-block-columns is-layout-flex wp-container-core-columns-is-layout-28f84493 wp-block-columns-is-layout-flex\">\n<div class=\"wp-block-column is-layout-flow wp-block-column-is-layout-flow\">\n<div class=\"wp-block-buttons is-layout-flex wp-block-buttons-is-layout-flex\">\n<div class=\"wp-block-button has-custom-width wp-block-button__width-100\"><a class=\"wp-block-button__link\" href=\"https:\/\/vihti-gym.fi\/index.php\/valmennusryhmat\">Valmennusryhm\u00e4t<\/a><\/div>\n<\/div>\n<\/div>\n\n\n\n<div class=\"wp-block-column is-layout-flow wp-block-column-is-layout-flow\">\n<div class=\"wp-block-buttons is-layout-flex wp-block-buttons-is-layout-flex\">\n<div class=\"wp-block-button has-custom-width wp-block-button__width-100\"><a class=\"wp-block-button__link\" href=\"https:\/\/vihti-gym.fi\/index.php\/harrasteryhmat\/\">Harrasteryhm\u00e4t<\/a><\/div>\n<\/div>\n<\/div>\n<\/div>\n\n\n\n<div class=\"wp-block-columns is-layout-flex wp-container-core-columns-is-layout-28f84493 wp-block-columns-is-layout-flex\">\n<div class=\"wp-block-column is-layout-flow wp-block-column-is-layout-flow\">\n<figure class=\"wp-block-image size-large\"><img loading=\"lazy\" decoding=\"async\" width=\"1024\" height=\"682\" src=\"https:\/\/vihti-gym.fi\/wp-content\/uploads\/2021\/12\/vihtigym_lores-38-1-1024x682.jpg\" alt=\"\" class=\"wp-image-678\" srcset=\"https:\/\/vihti-gym.fi\/wp-content\/uploads\/2021\/12\/vihtigym_lores-38-1-1024x682.jpg 1024w, https:\/\/vihti-gym.fi\/wp-content\/uploads\/2021\/12\/vihtigym_lores-38-1-300x200.jpg 300w, https:\/\/vihti-gym.fi\/wp-content\/uploads\/2021\/12\/vihtigym_lores-38-1-768x512.jpg 768w, https:\/\/vihti-gym.fi\/wp-content\/uploads\/2021\/12\/vihtigym_lores-38-1-1536x1024.jpg 1536w, https:\/\/vihti-gym.fi\/wp-content\/uploads\/2021\/12\/vihtigym_lores-38-1.jpg 2000w\" sizes=\"auto, (max-width: 1024px) 100vw, 1024px\" \/><\/figure>\n<\/div>\n\n\n\n<div class=\"wp-block-column is-layout-flow wp-block-column-is-layout-flow\">\n<div class=\"wp-block-columns is-layout-flex wp-container-core-columns-is-layout-28f84493 wp-block-columns-is-layout-flex\">\n<div class=\"wp-block-column is-layout-flow wp-block-column-is-layout-flow\">\n<figure class=\"wp-block-image size-large\"><img loading=\"lazy\" decoding=\"async\" width=\"1024\" height=\"682\" src=\"https:\/\/vihti-gym.fi\/wp-content\/uploads\/2021\/12\/vihtigym_lores-81-1024x682.jpg\" alt=\"\" class=\"wp-image-679\" srcset=\"https:\/\/vihti-gym.fi\/wp-content\/uploads\/2021\/12\/vihtigym_lores-81-1024x682.jpg 1024w, https:\/\/vihti-gym.fi\/wp-content\/uploads\/2021\/12\/vihtigym_lores-81-300x200.jpg 300w, https:\/\/vihti-gym.fi\/wp-content\/uploads\/2021\/12\/vihtigym_lores-81-768x512.jpg 768w, https:\/\/vihti-gym.fi\/wp-content\/uploads\/2021\/12\/vihtigym_lores-81-1536x1024.jpg 1536w, https:\/\/vihti-gym.fi\/wp-content\/uploads\/2021\/12\/vihtigym_lores-81.jpg 2000w\" sizes=\"auto, (max-width: 1024px) 100vw, 1024px\" \/><\/figure>\n<\/div>\n<\/div>\n<\/div>\n<\/div>\n\n\n\n<p><\/p>\n","protected":false},"excerpt":{"rendered":"<p>Jumppaa jokaiselle Vihti-Gymin liikuntavalikoimassa l\u00f6ytyy jumppia tyt\u00f6ille, pojille, naisille ja miehille. Seuran noin 80 ohjaajaa liikuttavat vihtil\u00e4isi\u00e4 viikoittain yli seitsem\u00e4ll\u00e4kymmenell\u00e4 tunnilla. Seurassa viihtyv\u00e4t niin harrastajat kuin kilpailijatkin, sill\u00e4 harrastetoiminnan lis\u00e4ksi seurassa kilpaillaan aktiivisesti joukkuevoimistelussa, tanssillisessa voimistelussa, rytmisess\u00e4 voimistelussa, cheerleadingissa ja vapaassa tanssissa.<\/p>\n","protected":false},"author":2,"featured_media":0,"parent":0,"menu_order":0,"comment_status":"closed","ping_status":"closed","template":"","meta":{"site-sidebar-layout":"default","site-content-layout":"","ast-site-content-layout":"default","site-content-style":"default","site-sidebar-style":"default","ast-global-header-display":"","ast-banner-title-visibility":"","ast-main-header-display":"","ast-hfb-above-header-display":"","ast-hfb-below-header-display":"","ast-hfb-mobile-header-display":"","site-post-title":"","ast-breadcrumbs-content":"","ast-featured-img":"","footer-sml-layout":"","ast-disable-related-posts":"","theme-transparent-header-meta":"","adv-header-id-meta":"","stick-header-meta":"","header-above-stick-meta":"","header-main-stick-meta":"","header-below-stick-meta":"","astra-migrate-meta-layouts":"default","ast-page-background-enabled":"default","ast-page-background-meta":{"desktop":{"background-color":"var(--ast-global-color-4)","background-image":"","background-repeat":"repeat","background-position":"center center","background-size":"auto","background-attachment":"scroll","background-type":"","background-media":"","overlay-type":"","overlay-color":"","overlay-opacity":"","overlay-gradient":""},"tablet":{"background-color":"","background-image":"","background-repeat":"repeat","background-position":"center center","background-size":"auto","background-attachment":"scroll","background-type":"","background-media":"","overlay-type":"","overlay-color":"","overlay-opacity":"","overlay-gradient":""},"mobile":{"background-color":"","background-image":"","background-repeat":"repeat","background-position":"center center","background-size":"auto","background-attachment":"scroll","background-type":"","background-media":"","overlay-type":"","overlay-color":"","overlay-opacity":"","overlay-gradient":""}},"ast-content-background-meta":{"desktop":{"background-color":"var(--ast-global-color-5)","background-image":"","background-repeat":"repeat","background-position":"center center","background-size":"auto","background-attachment":"scroll","background-type":"","background-media":"","overlay-type":"","overlay-color":"","overlay-opacity":"","overlay-gradient":""},"tablet":{"background-color":"var(--ast-global-color-5)","background-image":"","background-repeat":"repeat","background-position":"center center","background-size":"auto","background-attachment":"scroll","background-type":"","background-media":"","overlay-type":"","overlay-color":"","overlay-opacity":"","overlay-gradient":""},"mobile":{"background-color":"var(--ast-global-color-5)","background-image":"","background-repeat":"repeat","background-position":"center center","background-size":"auto","background-attachment":"scroll","background-type":"","background-media":"","overlay-type":"","overlay-color":"","overlay-opacity":"","overlay-gradient":""}},"footnotes":""},"class_list":["post-294","page","type-page","status-publish","hentry"],"_links":{"self":[{"href":"https:\/\/vihti-gym.fi\/index.php\/wp-json\/wp\/v2\/pages\/294","targetHints":{"allow":["GET"]}}],"collection":[{"href":"https:\/\/vihti-gym.fi\/index.php\/wp-json\/wp\/v2\/pages"}],"about":[{"href":"https:\/\/vihti-gym.fi\/index.php\/wp-json\/wp\/v2\/types\/page"}],"author":[{"embeddable":true,"href":"https:\/\/vihti-gym.fi\/index.php\/wp-json\/wp\/v2\/users\/2"}],"replies":[{"embeddable":true,"href":"https:\/\/vihti-gym.fi\/index.php\/wp-json\/wp\/v2\/comments?post=294"}],"version-history":[{"count":5,"href":"https:\/\/vihti-gym.fi\/index.php\/wp-json\/wp\/v2\/pages\/294\/revisions"}],"predecessor-version":[{"id":682,"href":"https:\/\/vihti-gym.fi\/index.php\/wp-json\/wp\/v2\/pages\/294\/revisions\/682"}],"wp:attachment":[{"href":"https:\/\/vihti-gym.fi\/index.php\/wp-json\/wp\/v2\/media?parent=294"}],"curies":[{"name":"wp","href":"https:\/\/api.w.org\/{rel}","templated":true}]}}