{"id":2619,"date":"2025-12-09T20:14:48","date_gmt":"2025-12-09T18:14:48","guid":{"rendered":"https:\/\/vihti-gym.fi\/?page_id=2619"},"modified":"2025-12-09T21:00:37","modified_gmt":"2025-12-09T19:00:37","slug":"odessa-2019-2020","status":"publish","type":"page","link":"https:\/\/vihti-gym.fi\/index.php\/valmennusryhmat\/joukkuevoimistelu-2\/odessa-2019-2020\/","title":{"rendered":"Odessa 2019-2020"},"content":{"rendered":"\n<p>Odessa on joukkuevoimistelun esivalmennusjoukkue. Joukkue on 2019-2020 syntyneille. <\/p>\n\n\n\n<p>Joukkue harjoittelee kaksi kertaa viikossa<\/p>\n\n\n\n<figure class=\"wp-block-table\"><table class=\"has-fixed-layout\"><tbody><tr><td>Tiistai klo 17-18.15<\/td><td>Huhmarnummen koulu<\/td><\/tr><tr><td>Sunnuntai klo 14-15.15<\/td><td>Kuoppanummen koulu, tanssisali<\/td><\/tr><\/tbody><\/table><\/figure>\n\n\n\n<p><\/p>\n\n\n\n<p><\/p>\n\n\n\n<p>Odessaan mahtuu lis\u00e4\u00e4 innokkaita tulevia voimistelijoitta! Ota rohkeasti yhteytt\u00e4 valmentajiin ja sovi kokeilutreenit!<\/p>\n\n\n\n<p>Joukkueen valmentajat ja yhteystiedot<\/p>\n\n\n\n<p><strong>Emilia Jyrkinen<\/strong><\/p>\n\n\n\n<p>emilia.jyrkinen(at)gmail.com <\/p>\n\n\n\n<p><strong>Venla Tuomi<\/strong><\/p>\n\n\n\n<p>venla(at)vihti-gym.fi<\/p>\n\n\n\n<p><strong>Aada Kivilompolo<\/strong><\/p>\n","protected":false},"excerpt":{"rendered":"<p>Odessa on joukkuevoimistelun esivalmennusjoukkue. Joukkue on 2019-2020 syntyneille. Joukkue harjoittelee kaksi kertaa viikossa Tiistai klo 17-18.15 Huhmarnummen koulu Sunnuntai klo 14-15.15 Kuoppanummen koulu, tanssisali Odessaan mahtuu lis\u00e4\u00e4 innokkaita tulevia voimistelijoitta! Ota rohkeasti yhteytt\u00e4 valmentajiin ja sovi kokeilutreenit! Joukkueen valmentajat ja yhteystiedot Emilia Jyrkinen emilia.jyrkinen(at)gmail.com Venla Tuomi venla(at)vihti-gym.fi Aada Kivilompolo<\/p>\n","protected":false},"author":5,"featured_media":0,"parent":209,"menu_order":0,"comment_status":"closed","ping_status":"closed","template":"","meta":{"site-sidebar-layout":"default","site-content-layout":"","ast-site-content-layout":"default","site-content-style":"default","site-sidebar-style":"default","ast-global-header-display":"","ast-banner-title-visibility":"","ast-main-header-display":"","ast-hfb-above-header-display":"","ast-hfb-below-header-display":"","ast-hfb-mobile-header-display":"","site-post-title":"","ast-breadcrumbs-content":"","ast-featured-img":"","footer-sml-layout":"","ast-disable-related-posts":"","theme-transparent-header-meta":"","adv-header-id-meta":"","stick-header-meta":"","header-above-stick-meta":"","header-main-stick-meta":"","header-below-stick-meta":"","astra-migrate-meta-layouts":"set","ast-page-background-enabled":"default","ast-page-background-meta":{"desktop":{"background-color":"var(--ast-global-color-4)","background-image":"","background-repeat":"repeat","background-position":"center center","background-size":"auto","background-attachment":"scroll","background-type":"","background-media":"","overlay-type":"","overlay-color":"","overlay-opacity":"","overlay-gradient":""},"tablet":{"background-color":"","background-image":"","background-repeat":"repeat","background-position":"center center","background-size":"auto","background-attachment":"scroll","background-type":"","background-media":"","overlay-type":"","overlay-color":"","overlay-opacity":"","overlay-gradient":""},"mobile":{"background-color":"","background-image":"","background-repeat":"repeat","background-position":"center center","background-size":"auto","background-attachment":"scroll","background-type":"","background-media":"","overlay-type":"","overlay-color":"","overlay-opacity":"","overlay-gradient":""}},"ast-content-background-meta":{"desktop":{"background-color":"var(--ast-global-color-5)","background-image":"","background-repeat":"repeat","background-position":"center center","background-size":"auto","background-attachment":"scroll","background-type":"","background-media":"","overlay-type":"","overlay-color":"","overlay-opacity":"","overlay-gradient":""},"tablet":{"background-color":"var(--ast-global-color-5)","background-image":"","background-repeat":"repeat","background-position":"center center","background-size":"auto","background-attachment":"scroll","background-type":"","background-media":"","overlay-type":"","overlay-color":"","overlay-opacity":"","overlay-gradient":""},"mobile":{"background-color":"var(--ast-global-color-5)","background-image":"","background-repeat":"repeat","background-position":"center center","background-size":"auto","background-attachment":"scroll","background-type":"","background-media":"","overlay-type":"","overlay-color":"","overlay-opacity":"","overlay-gradient":""}},"footnotes":""},"class_list":["post-2619","page","type-page","status-publish","hentry"],"_links":{"self":[{"href":"https:\/\/vihti-gym.fi\/index.php\/wp-json\/wp\/v2\/pages\/2619","targetHints":{"allow":["GET"]}}],"collection":[{"href":"https:\/\/vihti-gym.fi\/index.php\/wp-json\/wp\/v2\/pages"}],"about":[{"href":"https:\/\/vihti-gym.fi\/index.php\/wp-json\/wp\/v2\/types\/page"}],"author":[{"embeddable":true,"href":"https:\/\/vihti-gym.fi\/index.php\/wp-json\/wp\/v2\/users\/5"}],"replies":[{"embeddable":true,"href":"https:\/\/vihti-gym.fi\/index.php\/wp-json\/wp\/v2\/comments?post=2619"}],"version-history":[{"count":2,"href":"https:\/\/vihti-gym.fi\/index.php\/wp-json\/wp\/v2\/pages\/2619\/revisions"}],"predecessor-version":[{"id":2621,"href":"https:\/\/vihti-gym.fi\/index.php\/wp-json\/wp\/v2\/pages\/2619\/revisions\/2621"}],"up":[{"embeddable":true,"href":"https:\/\/vihti-gym.fi\/index.php\/wp-json\/wp\/v2\/pages\/209"}],"wp:attachment":[{"href":"https:\/\/vihti-gym.fi\/index.php\/wp-json\/wp\/v2\/media?parent=2619"}],"curies":[{"name":"wp","href":"https:\/\/api.w.org\/{rel}","templated":true}]}}