{"id":260,"date":"2021-10-22T15:27:55","date_gmt":"2021-10-22T12:27:55","guid":{"rendered":"https:\/\/aboanalytics.wordpress.com\/?page_id=260"},"modified":"2022-07-26T12:06:55","modified_gmt":"2022-07-26T09:06:55","slug":"rekrytointi","status":"publish","type":"page","link":"https:\/\/vihti-gym.fi\/index.php\/rekrytointi\/","title":{"rendered":"Rekrytointi"},"content":{"rendered":"\n<h2 class=\"wp-block-heading\">Haluatko lasten tai nuorten ohjaajaksi?<\/h2>\n\n\n\n<p>Liikuntaseura Vihti-Gym ry on aktiivinen liikuntaseura, joka tarjoaa liikuntael\u00e4myksi\u00e4 kaikenik\u00e4isille ihmisille. Etsimme iloiseen joukkoomme jatkuvasti uusia innokkaita ohjaajia ja apuohjaajia. Aiempaa koulutusta et tarvitse, sill\u00e4 seuramme kouluttaa kaikki ohjaajansa.<\/p>\n\n\n\n<p>Riitt\u00e4\u00e4, ett\u00e4 olet iloinen, liikunnallinen ja reipas ja nautit lasten ja&nbsp;nuorten kanssa&nbsp; ty\u00f6skentelyst\u00e4.<\/p>\n\n\n\n<p>Apuohjaajana on hyv\u00e4 aloittaa, jos olet yli 13-vuotias ja haluat opetella&nbsp;ryhm\u00e4n ohjaamista. Apuohjaajia tarvitaan lasten ja nuorten ryhmiss\u00e4.<\/p>\n\n\n\n<h2 class=\"wp-block-heading\">&nbsp;<\/h2>\n\n\n\n<h2 class=\"wp-block-heading\">Aikuisten ohjaajaksi tai talkoolaiseksi?<\/h2>\n\n\n\n<h2 class=\"wp-block-heading\">&nbsp;<\/h2>\n\n\n\n<p>Seura hakee jatkuvasti aikuisten liikunnan ohjaajia vet\u00e4m\u00e4\u00e4n kaikenlaisia jumppia joko varsinaisena ohjaajana tai sijaisena. Aikuisten ohjaajilta vaaditaan kokemusta ohjaamisesta ja aitoa innostusta ohjaamiseen.<\/p>\n\n\n\n<p>Lis\u00e4ksi voit ilmoittautua s\u00e4hk\u00f6postin kautta&nbsp;<strong>talkoolaiseksi&nbsp;<\/strong>tapahtumiin tai muihin vapaaehtoisteht\u00e4viin.<\/p>\n\n\n\n<p>Ota rohkeasti yhteytt\u00e4 ja l\u00e4het\u00e4 itsest\u00e4si lyhyt esittely seuran s\u00e4hk\u00f6postiosoitteeseen <strong>toimisto@vihti-gym.fi.<\/strong> Sielt\u00e4 postisi ohjautuu kunkin ryhm\u00e4n vastaavalle, joka ottaa sinuun yhteytt\u00e4.<\/p>\n\n\n\n<p>Tervetuloa liikuttamaan kanssamme!<br>&nbsp;<a><\/a><\/p>\n","protected":false},"excerpt":{"rendered":"<p>Haluatko lasten tai nuorten ohjaajaksi? Liikuntaseura Vihti-Gym ry on aktiivinen liikuntaseura, joka tarjoaa liikuntael\u00e4myksi\u00e4 kaikenik\u00e4isille ihmisille. Etsimme iloiseen joukkoomme jatkuvasti uusia innokkaita ohjaajia ja apuohjaajia. Aiempaa koulutusta et tarvitse, sill\u00e4 seuramme kouluttaa kaikki ohjaajansa. Riitt\u00e4\u00e4, ett\u00e4 olet iloinen, liikunnallinen ja reipas ja nautit lasten ja&nbsp;nuorten kanssa&nbsp; ty\u00f6skentelyst\u00e4. Apuohjaajana on hyv\u00e4 aloittaa, jos olet yli 13-vuotias [&hellip;]<\/p>\n","protected":false},"author":2,"featured_media":0,"parent":0,"menu_order":0,"comment_status":"closed","ping_status":"closed","template":"","meta":{"site-sidebar-layout":"default","site-content-layout":"","ast-site-content-layout":"default","site-content-style":"default","site-sidebar-style":"default","ast-global-header-display":"","ast-banner-title-visibility":"","ast-main-header-display":"","ast-hfb-above-header-display":"","ast-hfb-below-header-display":"","ast-hfb-mobile-header-display":"","site-post-title":"","ast-breadcrumbs-content":"","ast-featured-img":"","footer-sml-layout":"","ast-disable-related-posts":"","theme-transparent-header-meta":"","adv-header-id-meta":"","stick-header-meta":"","header-above-stick-meta":"","header-main-stick-meta":"","header-below-stick-meta":"","astra-migrate-meta-layouts":"default","ast-page-background-enabled":"default","ast-page-background-meta":{"desktop":{"background-color":"var(--ast-global-color-4)","background-image":"","background-repeat":"repeat","background-position":"center center","background-size":"auto","background-attachment":"scroll","background-type":"","background-media":"","overlay-type":"","overlay-color":"","overlay-opacity":"","overlay-gradient":""},"tablet":{"background-color":"","background-image":"","background-repeat":"repeat","background-position":"center center","background-size":"auto","background-attachment":"scroll","background-type":"","background-media":"","overlay-type":"","overlay-color":"","overlay-opacity":"","overlay-gradient":""},"mobile":{"background-color":"","background-image":"","background-repeat":"repeat","background-position":"center center","background-size":"auto","background-attachment":"scroll","background-type":"","background-media":"","overlay-type":"","overlay-color":"","overlay-opacity":"","overlay-gradient":""}},"ast-content-background-meta":{"desktop":{"background-color":"var(--ast-global-color-5)","background-image":"","background-repeat":"repeat","background-position":"center center","background-size":"auto","background-attachment":"scroll","background-type":"","background-media":"","overlay-type":"","overlay-color":"","overlay-opacity":"","overlay-gradient":""},"tablet":{"background-color":"var(--ast-global-color-5)","background-image":"","background-repeat":"repeat","background-position":"center center","background-size":"auto","background-attachment":"scroll","background-type":"","background-media":"","overlay-type":"","overlay-color":"","overlay-opacity":"","overlay-gradient":""},"mobile":{"background-color":"var(--ast-global-color-5)","background-image":"","background-repeat":"repeat","background-position":"center center","background-size":"auto","background-attachment":"scroll","background-type":"","background-media":"","overlay-type":"","overlay-color":"","overlay-opacity":"","overlay-gradient":""}},"footnotes":""},"class_list":["post-260","page","type-page","status-publish","hentry"],"_links":{"self":[{"href":"https:\/\/vihti-gym.fi\/index.php\/wp-json\/wp\/v2\/pages\/260","targetHints":{"allow":["GET"]}}],"collection":[{"href":"https:\/\/vihti-gym.fi\/index.php\/wp-json\/wp\/v2\/pages"}],"about":[{"href":"https:\/\/vihti-gym.fi\/index.php\/wp-json\/wp\/v2\/types\/page"}],"author":[{"embeddable":true,"href":"https:\/\/vihti-gym.fi\/index.php\/wp-json\/wp\/v2\/users\/2"}],"replies":[{"embeddable":true,"href":"https:\/\/vihti-gym.fi\/index.php\/wp-json\/wp\/v2\/comments?post=260"}],"version-history":[{"count":2,"href":"https:\/\/vihti-gym.fi\/index.php\/wp-json\/wp\/v2\/pages\/260\/revisions"}],"predecessor-version":[{"id":1228,"href":"https:\/\/vihti-gym.fi\/index.php\/wp-json\/wp\/v2\/pages\/260\/revisions\/1228"}],"wp:attachment":[{"href":"https:\/\/vihti-gym.fi\/index.php\/wp-json\/wp\/v2\/media?parent=260"}],"curies":[{"name":"wp","href":"https:\/\/api.w.org\/{rel}","templated":true}]}}