{"id":258,"date":"2021-10-22T15:26:24","date_gmt":"2021-10-22T12:26:24","guid":{"rendered":"https:\/\/aboanalytics.wordpress.com\/?page_id=258"},"modified":"2025-07-30T17:49:46","modified_gmt":"2025-07-30T14:49:46","slug":"liikuntapaikat","status":"publish","type":"page","link":"https:\/\/vihti-gym.fi\/index.php\/liikuntapaikat\/","title":{"rendered":"Liikuntapaikat"},"content":{"rendered":"\n<h1 class=\"wp-block-heading\">Liikuntaseura Vihti-Gymin jumppia pidet\u00e4\u00e4n useassa eri toimipaikassa.<\/h1>\n\n\n\n<p class=\"has-medium-font-size\" style=\"text-decoration:underline\"><strong>Kuoppanummen koulukeskus<\/strong><\/p>\n\n\n\n<p>Kuoppanummentie 18, 03100 Nummela<\/p>\n\n\n\n<p>Kuoppanummen koululla on k\u00e4yt\u00f6ss\u00e4 kolme salia: Tanssisali, Palloilusali sek\u00e4 Kamppailusali.\u00a0<strong>Koulun ulko-ovet ovat aina lukittuina. Ohjaaja tulee avaamaan ovia noin 10 minuttia ennen tunnin alkamista. Saavuthan tunnille ajoissa!<\/strong><\/p>\n\n\n\n<p class=\"has-text-align-center\"><strong>Palloilusal<\/strong>i<br>Kuoppanummen koulukeskuksessa, Kuoppanummentien\u00a0puoleisella sivulla olevasta p\u00e4\u00e4ovesta sis\u00e4\u00e4n ja vasemmalle.<\/p>\n\n\n\n<p class=\"has-text-align-center\"><strong>Tanssisali<\/strong><br>Kuoppanummen koulukeskuksessa, j\u00e4\u00e4hallin puoleisella sivulla olevasta ovesta sis\u00e4\u00e4n ja toiseen kerrokseen.<\/p>\n\n\n\n<p class=\"has-text-align-center\"><strong>Kamppailusali<\/strong><br>Kuoppanummen koulukeskuksessa, j\u00e4\u00e4hallin puoleisella sivulla olevasta ovesta sis\u00e4\u00e4n ja heti ulko-ovesta sis\u00e4\u00e4ntullessa oikealle.<\/p>\n\n\n\n<p class=\"has-vivid-red-color has-text-color has-link-color wp-elements-a07b987c67ea7e2ae6bd4f2c0035761e\">Autot pys\u00e4k\u00f6id\u00e4\u00e4n Kuoppanummen koulun viereiselle palloiluhallin parkkipaikalle.\u00a0<strong>Palloilusalin oven edess\u00e4 olevalle piha-alueelle ei saa pys\u00e4k\u00f6id\u00e4 autoa! Kyseess\u00e4 on pelastustie.\u00a0<\/strong>Polkupy\u00f6r\u00e4t tulee j\u00e4tt\u00e4\u00e4 niille tarkoitettuihin py\u00f6r\u00e4telineisiin.<\/p>\n\n\n\n<p class=\"has-medium-font-size\" style=\"text-decoration:underline\"><strong>Huhmarnummen koulu<\/strong><\/p>\n\n\n\n<p>Pihtisillantie 109, 03510 Huhmari<\/p>\n\n\n\n<p>Saliin k\u00e4ynti koulun takapuolelta, josta l\u00f6ytyy my\u00f6s parkkipaikka. <\/p>\n\n\n\n<p class=\"has-medium-font-size\" style=\"text-decoration:underline\"><strong>Luksia, L\u00e4nsi-Uudenmaan ammattikoulutuskuntayhtym\u00e4<\/strong><\/p>\n\n\n\n<p>Ojakkalantie 2, 03100 Nummela <\/p>\n\n\n\n<p class=\"has-ast-global-color-3-color has-text-color has-link-color wp-elements-b5053e055a9fdaed687eb1ef38a7d9ec\">Luksian liikuntasaliin kuljetetaan yl\u00e4pihalla olevan oven kautta, ei p\u00e4\u00e4oven kautta.<\/p>\n\n\n\n<p class=\"has-medium-font-size\" style=\"text-decoration:underline\"><strong>Nummelan koulu<\/strong><\/p>\n\n\n\n<p>V\u00e4in\u00e4m\u00f6isentie 9, 03100 Nummela<\/p>\n\n\n\n<p>K\u00e4ynti liikuntasaliin koulun alapihalta &#8211; pys\u00e4k\u00f6intialueella kiekkopaikkoja.<\/p>\n\n\n\n<p class=\"has-medium-font-size\" style=\"text-decoration:underline\"><strong>Nummelan ty\u00f6v\u00e4entalo Rientola<\/strong><\/p>\n\n\n\n<p>Pisteenkaari 3, 03100 Nummela<\/p>\n\n\n\n<p class=\"has-medium-font-size\" style=\"text-decoration:underline\"><strong>Ojakkalan koulu<\/strong><\/p>\n\n\n\n<p>Nummitie 21, 03250 Ojakkala<\/p>\n\n\n\n<div class=\"wp-block-columns is-layout-flex wp-container-core-columns-is-layout-28f84493 wp-block-columns-is-layout-flex\">\n<div class=\"wp-block-column is-layout-flow wp-block-column-is-layout-flow\"><\/div>\n<\/div>\n\n\n\n<p><\/p>\n","protected":false},"excerpt":{"rendered":"<p>Liikuntaseura Vihti-Gymin jumppia pidet\u00e4\u00e4n useassa eri toimipaikassa. Kuoppanummen koulukeskus Kuoppanummentie 18, 03100 Nummela Kuoppanummen koululla on k\u00e4yt\u00f6ss\u00e4 kolme salia: Tanssisali, Palloilusali sek\u00e4 Kamppailusali.\u00a0Koulun ulko-ovet ovat aina lukittuina. Ohjaaja tulee avaamaan ovia noin 10 minuttia ennen tunnin alkamista. Saavuthan tunnille ajoissa! PalloilusaliKuoppanummen koulukeskuksessa, Kuoppanummentien\u00a0puoleisella sivulla olevasta p\u00e4\u00e4ovesta sis\u00e4\u00e4n ja vasemmalle. TanssisaliKuoppanummen koulukeskuksessa, j\u00e4\u00e4hallin puoleisella sivulla olevasta [&hellip;]<\/p>\n","protected":false},"author":2,"featured_media":0,"parent":0,"menu_order":0,"comment_status":"closed","ping_status":"closed","template":"","meta":{"site-sidebar-layout":"default","site-content-layout":"","ast-site-content-layout":"default","site-content-style":"default","site-sidebar-style":"default","ast-global-header-display":"","ast-banner-title-visibility":"","ast-main-header-display":"","ast-hfb-above-header-display":"","ast-hfb-below-header-display":"","ast-hfb-mobile-header-display":"","site-post-title":"","ast-breadcrumbs-content":"","ast-featured-img":"","footer-sml-layout":"","ast-disable-related-posts":"","theme-transparent-header-meta":"","adv-header-id-meta":"","stick-header-meta":"","header-above-stick-meta":"","header-main-stick-meta":"","header-below-stick-meta":"","astra-migrate-meta-layouts":"set","ast-page-background-enabled":"default","ast-page-background-meta":{"desktop":{"background-color":"var(--ast-global-color-4)","background-image":"","background-repeat":"repeat","background-position":"center center","background-size":"auto","background-attachment":"scroll","background-type":"","background-media":"","overlay-type":"","overlay-color":"","overlay-opacity":"","overlay-gradient":""},"tablet":{"background-color":"","background-image":"","background-repeat":"repeat","background-position":"center center","background-size":"auto","background-attachment":"scroll","background-type":"","background-media":"","overlay-type":"","overlay-color":"","overlay-opacity":"","overlay-gradient":""},"mobile":{"background-color":"","background-image":"","background-repeat":"repeat","background-position":"center center","background-size":"auto","background-attachment":"scroll","background-type":"","background-media":"","overlay-type":"","overlay-color":"","overlay-opacity":"","overlay-gradient":""}},"ast-content-background-meta":{"desktop":{"background-color":"var(--ast-global-color-5)","background-image":"","background-repeat":"repeat","background-position":"center center","background-size":"auto","background-attachment":"scroll","background-type":"","background-media":"","overlay-type":"","overlay-color":"","overlay-opacity":"","overlay-gradient":""},"tablet":{"background-color":"var(--ast-global-color-5)","background-image":"","background-repeat":"repeat","background-position":"center center","background-size":"auto","background-attachment":"scroll","background-type":"","background-media":"","overlay-type":"","overlay-color":"","overlay-opacity":"","overlay-gradient":""},"mobile":{"background-color":"var(--ast-global-color-5)","background-image":"","background-repeat":"repeat","background-position":"center center","background-size":"auto","background-attachment":"scroll","background-type":"","background-media":"","overlay-type":"","overlay-color":"","overlay-opacity":"","overlay-gradient":""}},"footnotes":""},"class_list":["post-258","page","type-page","status-publish","hentry"],"_links":{"self":[{"href":"https:\/\/vihti-gym.fi\/index.php\/wp-json\/wp\/v2\/pages\/258","targetHints":{"allow":["GET"]}}],"collection":[{"href":"https:\/\/vihti-gym.fi\/index.php\/wp-json\/wp\/v2\/pages"}],"about":[{"href":"https:\/\/vihti-gym.fi\/index.php\/wp-json\/wp\/v2\/types\/page"}],"author":[{"embeddable":true,"href":"https:\/\/vihti-gym.fi\/index.php\/wp-json\/wp\/v2\/users\/2"}],"replies":[{"embeddable":true,"href":"https:\/\/vihti-gym.fi\/index.php\/wp-json\/wp\/v2\/comments?post=258"}],"version-history":[{"count":4,"href":"https:\/\/vihti-gym.fi\/index.php\/wp-json\/wp\/v2\/pages\/258\/revisions"}],"predecessor-version":[{"id":2529,"href":"https:\/\/vihti-gym.fi\/index.php\/wp-json\/wp\/v2\/pages\/258\/revisions\/2529"}],"wp:attachment":[{"href":"https:\/\/vihti-gym.fi\/index.php\/wp-json\/wp\/v2\/media?parent=258"}],"curies":[{"name":"wp","href":"https:\/\/api.w.org\/{rel}","templated":true}]}}