{"id":250,"date":"2021-10-22T15:22:46","date_gmt":"2021-10-22T12:22:46","guid":{"rendered":"https:\/\/aboanalytics.wordpress.com\/?page_id=250"},"modified":"2025-07-30T10:53:20","modified_gmt":"2025-07-30T07:53:20","slug":"lasten-tuntien-ohjaajat","status":"publish","type":"page","link":"https:\/\/vihti-gym.fi\/index.php\/lasten-tuntien-ohjaajat\/","title":{"rendered":"Lasten tuntien ohjaajat"},"content":{"rendered":"\n<p><strong>Julia Eriksson<\/strong><\/p>\n\n\n\n<ul class=\"wp-block-list\">\n<li>Voimistelukoulu 5 &#8211; 6v.<\/li>\n<\/ul>\n\n\n\n<p>Olen harrastanut seurassamme voimistelua noin 10 vuotta ja t\u00e4ll\u00e4 hetkell\u00e4 olen Vihti-Gymin tanssillisen voimistelun Korennot joukkueessa. Aloitin apuohjaajana kaudella 2021\u20132022 ja nyt toimin toisena p\u00e4\u00e4ohjaajana 5\u20136-vuotiaiden Voimistelukoulussa.<\/p>\n\n\n\n<p><strong>Johanna M\u00e4\u00e4tt\u00e4<\/strong><\/p>\n\n\n\n<ul class=\"wp-block-list\">\n<li>Dance4Fun 4 &#8211; 6v.<\/li>\n\n\n\n<li>Dance4Fun 7 &#8211; 9v. <\/li>\n\n\n\n<li>Dance4Fun 10 &#8211; 12v.<\/li>\n\n\n\n<li>Dance4Fun 12 &#8211; 16v.<\/li>\n<\/ul>\n\n\n\n<p> <span style=\"font-size: 1rem; font-weight: inherit; color: var(--ast-global-color-3); background-color: var(--ast-global-color-5);\">Olen kouluttautunut Liikunnanohjaaja (AMK), suuntautunut valmennukseen. Ryhm\u00e4nohjausta takana jo n. 23-vuotta ja ohjausta laajalla skaalalla vauvoista ik\u00e4ihmisiin. Olen toiminut aikaisemmin tanssikouluyritt\u00e4j\u00e4n\u00e4, kunnan liikunnanohjaajana, uinninvalvojana sek\u00e4 uimaopettajana useita vuosia sek\u00e4 ohjannut kuntokeskuksissa ryhm\u00e4liikuntatunteja sek\u00e4 ollut omaohjaajana, tehden mm. kuntosaliohjauksia. T\u00e4ll\u00e4 hetkell\u00e4 ty\u00f6skentelen varhaiskasvatuksen puolella lastenohjaajana, ohjaan ryhm\u00e4liikuntatunteja ja&nbsp;teen yksil\u00f6valmennusta. Olen kouluttautunut \u00e4itiysliikuntavalmentaja sek\u00e4 elintapaohjaaja. T\u00e4ll\u00e4 kaudella ohjaan Vihti-Gymiss\u00e4 aikuisten ryhm\u00e4liikuntaa sek\u00e4 nuorten ett\u00e4 lasten tanssitunteja.&nbsp;<\/span>   <\/p>\n\n\n\n<p><\/p>\n\n\n\n<p><\/p>\n\n\n\n<ul class=\"wp-block-list\"><\/ul>\n\n\n\n<p><\/p>\n","protected":false},"excerpt":{"rendered":"<p>Julia Eriksson Olen harrastanut seurassamme voimistelua noin 10 vuotta ja t\u00e4ll\u00e4 hetkell\u00e4 olen Vihti-Gymin tanssillisen voimistelun Korennot joukkueessa. Aloitin apuohjaajana kaudella 2021\u20132022 ja nyt toimin toisena p\u00e4\u00e4ohjaajana 5\u20136-vuotiaiden Voimistelukoulussa. Johanna M\u00e4\u00e4tt\u00e4 Olen kouluttautunut Liikunnanohjaaja (AMK), suuntautunut valmennukseen. Ryhm\u00e4nohjausta takana jo n. 23-vuotta ja ohjausta laajalla skaalalla vauvoista ik\u00e4ihmisiin. Olen toiminut aikaisemmin tanssikouluyritt\u00e4j\u00e4n\u00e4, kunnan liikunnanohjaajana, uinninvalvojana [&hellip;]<\/p>\n","protected":false},"author":2,"featured_media":0,"parent":0,"menu_order":0,"comment_status":"closed","ping_status":"closed","template":"","meta":{"site-sidebar-layout":"default","site-content-layout":"","ast-site-content-layout":"default","site-content-style":"default","site-sidebar-style":"default","ast-global-header-display":"","ast-banner-title-visibility":"","ast-main-header-display":"","ast-hfb-above-header-display":"","ast-hfb-below-header-display":"","ast-hfb-mobile-header-display":"","site-post-title":"","ast-breadcrumbs-content":"","ast-featured-img":"","footer-sml-layout":"","ast-disable-related-posts":"","theme-transparent-header-meta":"","adv-header-id-meta":"","stick-header-meta":"","header-above-stick-meta":"","header-main-stick-meta":"","header-below-stick-meta":"","astra-migrate-meta-layouts":"set","ast-page-background-enabled":"default","ast-page-background-meta":{"desktop":{"background-color":"var(--ast-global-color-4)","background-image":"","background-repeat":"repeat","background-position":"center center","background-size":"auto","background-attachment":"scroll","background-type":"","background-media":"","overlay-type":"","overlay-color":"","overlay-opacity":"","overlay-gradient":""},"tablet":{"background-color":"","background-image":"","background-repeat":"repeat","background-position":"center center","background-size":"auto","background-attachment":"scroll","background-type":"","background-media":"","overlay-type":"","overlay-color":"","overlay-opacity":"","overlay-gradient":""},"mobile":{"background-color":"","background-image":"","background-repeat":"repeat","background-position":"center center","background-size":"auto","background-attachment":"scroll","background-type":"","background-media":"","overlay-type":"","overlay-color":"","overlay-opacity":"","overlay-gradient":""}},"ast-content-background-meta":{"desktop":{"background-color":"var(--ast-global-color-5)","background-image":"","background-repeat":"repeat","background-position":"center center","background-size":"auto","background-attachment":"scroll","background-type":"","background-media":"","overlay-type":"","overlay-color":"","overlay-opacity":"","overlay-gradient":""},"tablet":{"background-color":"var(--ast-global-color-5)","background-image":"","background-repeat":"repeat","background-position":"center center","background-size":"auto","background-attachment":"scroll","background-type":"","background-media":"","overlay-type":"","overlay-color":"","overlay-opacity":"","overlay-gradient":""},"mobile":{"background-color":"var(--ast-global-color-5)","background-image":"","background-repeat":"repeat","background-position":"center center","background-size":"auto","background-attachment":"scroll","background-type":"","background-media":"","overlay-type":"","overlay-color":"","overlay-opacity":"","overlay-gradient":""}},"footnotes":""},"class_list":["post-250","page","type-page","status-publish","hentry"],"_links":{"self":[{"href":"https:\/\/vihti-gym.fi\/index.php\/wp-json\/wp\/v2\/pages\/250","targetHints":{"allow":["GET"]}}],"collection":[{"href":"https:\/\/vihti-gym.fi\/index.php\/wp-json\/wp\/v2\/pages"}],"about":[{"href":"https:\/\/vihti-gym.fi\/index.php\/wp-json\/wp\/v2\/types\/page"}],"author":[{"embeddable":true,"href":"https:\/\/vihti-gym.fi\/index.php\/wp-json\/wp\/v2\/users\/2"}],"replies":[{"embeddable":true,"href":"https:\/\/vihti-gym.fi\/index.php\/wp-json\/wp\/v2\/comments?post=250"}],"version-history":[{"count":10,"href":"https:\/\/vihti-gym.fi\/index.php\/wp-json\/wp\/v2\/pages\/250\/revisions"}],"predecessor-version":[{"id":2527,"href":"https:\/\/vihti-gym.fi\/index.php\/wp-json\/wp\/v2\/pages\/250\/revisions\/2527"}],"wp:attachment":[{"href":"https:\/\/vihti-gym.fi\/index.php\/wp-json\/wp\/v2\/media?parent=250"}],"curies":[{"name":"wp","href":"https:\/\/api.w.org\/{rel}","templated":true}]}}