{"id":246,"date":"2021-10-22T15:20:32","date_gmt":"2021-10-22T12:20:32","guid":{"rendered":"https:\/\/aboanalytics.wordpress.com\/?page_id=246"},"modified":"2023-08-19T11:16:40","modified_gmt":"2023-08-19T08:16:40","slug":"ohjaajat","status":"publish","type":"page","link":"https:\/\/vihti-gym.fi\/index.php\/ohjaajat\/","title":{"rendered":"Jumppaturva"},"content":{"rendered":"\n<p>Kaikki Vihti-Gymin ohjaajat ja valmentajat on vakuutettu Pohjolan ryhm\u00e4tapaturmavakuutuksella&nbsp;&nbsp;<strong>nro 8627097-3.&nbsp;<\/strong>Vakuutusesite l\u00f6ytyy&nbsp;<a rel=\"noreferrer noopener\" href=\"https:\/\/www.vihti-gym.fi\/@Bin\/383071\/Jumppaturva+2018-2019.pdf\" target=\"_blank\">t\u00e4\u00e4lt\u00e4<\/a>. <strong>HUOM: Seura ei ole vakuuttanut j\u00e4seni\u00e4\u00e4n, joten tarkista oman vakuutuksesi korvausehdot liikuntaharrastuksissa.<\/strong><\/p>\n\n\n\n<p>Tapaturman sattuessa ohjaajan tulee ensiksi k\u00e4yd\u00e4 l\u00e4\u00e4k\u00e4riss\u00e4 ja l\u00e4hett\u00e4\u00e4 sen j\u00e4lkeen korvaushakemus Kelaan ja sitten vasta Pohjolaan &#8211;&nbsp;&nbsp;jotkin&nbsp;Pohjolan sopimusl\u00e4\u00e4k\u00e4riasemat&nbsp;saattavat l\u00e4hett\u00e4\u00e4 laskun suoraan Pohjolaan.<br>&nbsp;<br>Lis\u00e4tietoa vakuutuksesta l\u00f6ytyy Pohjolan nettisivuilta:&nbsp;<a href=\"http:\/\/www.pohjola.fi\/\">www.pohjola.fi<\/a>&gt;Yritys- ja yhteis\u00f6asiakkaat &gt;Vahingot&gt;Kumppanuusverkostot&gt;Hoitolaitokset<\/p>\n\n\n\n<p>tai puhelimitse nrosta 0303 0303.<\/p>\n","protected":false},"excerpt":{"rendered":"<p>Kaikki Vihti-Gymin ohjaajat ja valmentajat on vakuutettu Pohjolan ryhm\u00e4tapaturmavakuutuksella&nbsp;&nbsp;nro 8627097-3.&nbsp;Vakuutusesite l\u00f6ytyy&nbsp;t\u00e4\u00e4lt\u00e4. HUOM: Seura ei ole vakuuttanut j\u00e4seni\u00e4\u00e4n, joten tarkista oman vakuutuksesi korvausehdot liikuntaharrastuksissa. Tapaturman sattuessa ohjaajan tulee ensiksi k\u00e4yd\u00e4 l\u00e4\u00e4k\u00e4riss\u00e4 ja l\u00e4hett\u00e4\u00e4 sen j\u00e4lkeen korvaushakemus Kelaan ja sitten vasta Pohjolaan &#8211;&nbsp;&nbsp;jotkin&nbsp;Pohjolan sopimusl\u00e4\u00e4k\u00e4riasemat&nbsp;saattavat l\u00e4hett\u00e4\u00e4 laskun suoraan Pohjolaan.&nbsp;Lis\u00e4tietoa vakuutuksesta l\u00f6ytyy Pohjolan nettisivuilta:&nbsp;www.pohjola.fi&gt;Yritys- ja yhteis\u00f6asiakkaat &gt;Vahingot&gt;Kumppanuusverkostot&gt;Hoitolaitokset tai puhelimitse [&hellip;]<\/p>\n","protected":false},"author":2,"featured_media":0,"parent":0,"menu_order":0,"comment_status":"closed","ping_status":"closed","template":"","meta":{"site-sidebar-layout":"default","site-content-layout":"","ast-site-content-layout":"default","site-content-style":"default","site-sidebar-style":"default","ast-global-header-display":"","ast-banner-title-visibility":"","ast-main-header-display":"","ast-hfb-above-header-display":"","ast-hfb-below-header-display":"","ast-hfb-mobile-header-display":"","site-post-title":"","ast-breadcrumbs-content":"","ast-featured-img":"","footer-sml-layout":"","ast-disable-related-posts":"","theme-transparent-header-meta":"","adv-header-id-meta":"","stick-header-meta":"","header-above-stick-meta":"","header-main-stick-meta":"","header-below-stick-meta":"","astra-migrate-meta-layouts":"default","ast-page-background-enabled":"default","ast-page-background-meta":{"desktop":{"background-color":"var(--ast-global-color-4)","background-image":"","background-repeat":"repeat","background-position":"center center","background-size":"auto","background-attachment":"scroll","background-type":"","background-media":"","overlay-type":"","overlay-color":"","overlay-opacity":"","overlay-gradient":""},"tablet":{"background-color":"","background-image":"","background-repeat":"repeat","background-position":"center center","background-size":"auto","background-attachment":"scroll","background-type":"","background-media":"","overlay-type":"","overlay-color":"","overlay-opacity":"","overlay-gradient":""},"mobile":{"background-color":"","background-image":"","background-repeat":"repeat","background-position":"center center","background-size":"auto","background-attachment":"scroll","background-type":"","background-media":"","overlay-type":"","overlay-color":"","overlay-opacity":"","overlay-gradient":""}},"ast-content-background-meta":{"desktop":{"background-color":"var(--ast-global-color-5)","background-image":"","background-repeat":"repeat","background-position":"center center","background-size":"auto","background-attachment":"scroll","background-type":"","background-media":"","overlay-type":"","overlay-color":"","overlay-opacity":"","overlay-gradient":""},"tablet":{"background-color":"var(--ast-global-color-5)","background-image":"","background-repeat":"repeat","background-position":"center center","background-size":"auto","background-attachment":"scroll","background-type":"","background-media":"","overlay-type":"","overlay-color":"","overlay-opacity":"","overlay-gradient":""},"mobile":{"background-color":"var(--ast-global-color-5)","background-image":"","background-repeat":"repeat","background-position":"center center","background-size":"auto","background-attachment":"scroll","background-type":"","background-media":"","overlay-type":"","overlay-color":"","overlay-opacity":"","overlay-gradient":""}},"footnotes":""},"class_list":["post-246","page","type-page","status-publish","hentry"],"_links":{"self":[{"href":"https:\/\/vihti-gym.fi\/index.php\/wp-json\/wp\/v2\/pages\/246","targetHints":{"allow":["GET"]}}],"collection":[{"href":"https:\/\/vihti-gym.fi\/index.php\/wp-json\/wp\/v2\/pages"}],"about":[{"href":"https:\/\/vihti-gym.fi\/index.php\/wp-json\/wp\/v2\/types\/page"}],"author":[{"embeddable":true,"href":"https:\/\/vihti-gym.fi\/index.php\/wp-json\/wp\/v2\/users\/2"}],"replies":[{"embeddable":true,"href":"https:\/\/vihti-gym.fi\/index.php\/wp-json\/wp\/v2\/comments?post=246"}],"version-history":[{"count":5,"href":"https:\/\/vihti-gym.fi\/index.php\/wp-json\/wp\/v2\/pages\/246\/revisions"}],"predecessor-version":[{"id":1703,"href":"https:\/\/vihti-gym.fi\/index.php\/wp-json\/wp\/v2\/pages\/246\/revisions\/1703"}],"wp:attachment":[{"href":"https:\/\/vihti-gym.fi\/index.php\/wp-json\/wp\/v2\/media?parent=246"}],"curies":[{"name":"wp","href":"https:\/\/api.w.org\/{rel}","templated":true}]}}