{"id":244,"date":"2021-10-22T15:14:10","date_gmt":"2021-10-22T12:14:10","guid":{"rendered":"https:\/\/aboanalytics.wordpress.com\/?page_id=244"},"modified":"2022-07-25T11:36:35","modified_gmt":"2022-07-25T08:36:35","slug":"yhteystiedot","status":"publish","type":"page","link":"https:\/\/vihti-gym.fi\/index.php\/yhteystiedot\/","title":{"rendered":"Yhteystiedot"},"content":{"rendered":"\n<h2 class=\"wp-block-heading\">Seuran yhteystiedot<br>&nbsp;<\/h2>\n\n\n\n<p><strong>Osoite&nbsp;<\/strong><\/p>\n\n\n\n<p>Liikuntaseura Vihti-Gym, As Oy Nummelan Kisarinne, En\u00e4j\u00e4rventie&nbsp;3, 03100 Nummela (Ojakkalantien K-marketin alapuolella olevan kerrostalon kerhohuone)<\/p>\n\n\n\n<p><strong>Yhteystiedot<\/strong><\/p>\n\n\n\n<p>Uusi s\u00e4hk\u00f6postiosoitteemme on&nbsp;<strong><a rel=\"noreferrer noopener\" href=\"mailto:toimisto@vihti-gym.fi\" target=\"_blank\">toimisto@vihti-gym.fi<\/a><\/strong><\/p>\n\n\n\n<p><\/p>\n\n\n\n<h3 class=\"wp-block-heading\"><a href=\"https:\/\/www.vihti-gym.fi\/@Bin\/257572\/jasenrekisteriseloste+14.8.2007%5b1%5d.docx\">J\u00e4senrekisteriseloste<\/a><\/h3>\n\n\n\n<p><a><\/a><\/p>\n\n\n\n<figure class=\"wp-block-table\"><table><tbody><tr><td><img loading=\"lazy\" decoding=\"async\" src=\"https:\/\/www.vihti-gym.fi\/@Bin\/257515\/orig_image-12558.jpeg\" width=\"270\" height=\"270\" alt=\"\">Kartta seuran toimistolle<\/td><\/tr><\/tbody><\/table><\/figure>\n\n\n\n<figure class=\"wp-block-image size-full\"><img loading=\"lazy\" decoding=\"async\" width=\"270\" height=\"270\" src=\"https:\/\/vihti-gym.fi\/wp-content\/uploads\/2021\/11\/osoite_map.jpeg\" alt=\"\" class=\"wp-image-327\" srcset=\"https:\/\/vihti-gym.fi\/wp-content\/uploads\/2021\/11\/osoite_map.jpeg 270w, https:\/\/vihti-gym.fi\/wp-content\/uploads\/2021\/11\/osoite_map-150x150.jpeg 150w\" sizes=\"auto, (max-width: 270px) 100vw, 270px\" \/><\/figure>\n\n\n\n<h3 class=\"wp-block-heading\">Ota yhteytt\u00e4<\/h3>\n\n\n\n<p>&nbsp;<strong><a href=\"mailto:toimisto@vihti-gym.fi\" target=\"_blank\" rel=\"noreferrer noopener\">toimisto@vihti-gym.fi<\/a><\/strong><\/p>\n","protected":false},"excerpt":{"rendered":"<p>Seuran yhteystiedot&nbsp; Osoite&nbsp; Liikuntaseura Vihti-Gym, As Oy Nummelan Kisarinne, En\u00e4j\u00e4rventie&nbsp;3, 03100 Nummela (Ojakkalantien K-marketin alapuolella olevan kerrostalon kerhohuone) Yhteystiedot Uusi s\u00e4hk\u00f6postiosoitteemme on&nbsp;toimisto@vihti-gym.fi J\u00e4senrekisteriseloste Kartta seuran toimistolle Ota yhteytt\u00e4 &nbsp;toimisto@vihti-gym.fi<\/p>\n","protected":false},"author":2,"featured_media":0,"parent":0,"menu_order":0,"comment_status":"closed","ping_status":"closed","template":"","meta":{"site-sidebar-layout":"default","site-content-layout":"","ast-site-content-layout":"default","site-content-style":"default","site-sidebar-style":"default","ast-global-header-display":"","ast-banner-title-visibility":"","ast-main-header-display":"","ast-hfb-above-header-display":"","ast-hfb-below-header-display":"","ast-hfb-mobile-header-display":"","site-post-title":"","ast-breadcrumbs-content":"","ast-featured-img":"","footer-sml-layout":"","ast-disable-related-posts":"","theme-transparent-header-meta":"","adv-header-id-meta":"","stick-header-meta":"","header-above-stick-meta":"","header-main-stick-meta":"","header-below-stick-meta":"","astra-migrate-meta-layouts":"default","ast-page-background-enabled":"default","ast-page-background-meta":{"desktop":{"background-color":"var(--ast-global-color-4)","background-image":"","background-repeat":"repeat","background-position":"center center","background-size":"auto","background-attachment":"scroll","background-type":"","background-media":"","overlay-type":"","overlay-color":"","overlay-opacity":"","overlay-gradient":""},"tablet":{"background-color":"","background-image":"","background-repeat":"repeat","background-position":"center center","background-size":"auto","background-attachment":"scroll","background-type":"","background-media":"","overlay-type":"","overlay-color":"","overlay-opacity":"","overlay-gradient":""},"mobile":{"background-color":"","background-image":"","background-repeat":"repeat","background-position":"center center","background-size":"auto","background-attachment":"scroll","background-type":"","background-media":"","overlay-type":"","overlay-color":"","overlay-opacity":"","overlay-gradient":""}},"ast-content-background-meta":{"desktop":{"background-color":"var(--ast-global-color-5)","background-image":"","background-repeat":"repeat","background-position":"center center","background-size":"auto","background-attachment":"scroll","background-type":"","background-media":"","overlay-type":"","overlay-color":"","overlay-opacity":"","overlay-gradient":""},"tablet":{"background-color":"var(--ast-global-color-5)","background-image":"","background-repeat":"repeat","background-position":"center center","background-size":"auto","background-attachment":"scroll","background-type":"","background-media":"","overlay-type":"","overlay-color":"","overlay-opacity":"","overlay-gradient":""},"mobile":{"background-color":"var(--ast-global-color-5)","background-image":"","background-repeat":"repeat","background-position":"center center","background-size":"auto","background-attachment":"scroll","background-type":"","background-media":"","overlay-type":"","overlay-color":"","overlay-opacity":"","overlay-gradient":""}},"footnotes":""},"class_list":["post-244","page","type-page","status-publish","hentry"],"_links":{"self":[{"href":"https:\/\/vihti-gym.fi\/index.php\/wp-json\/wp\/v2\/pages\/244","targetHints":{"allow":["GET"]}}],"collection":[{"href":"https:\/\/vihti-gym.fi\/index.php\/wp-json\/wp\/v2\/pages"}],"about":[{"href":"https:\/\/vihti-gym.fi\/index.php\/wp-json\/wp\/v2\/types\/page"}],"author":[{"embeddable":true,"href":"https:\/\/vihti-gym.fi\/index.php\/wp-json\/wp\/v2\/users\/2"}],"replies":[{"embeddable":true,"href":"https:\/\/vihti-gym.fi\/index.php\/wp-json\/wp\/v2\/comments?post=244"}],"version-history":[{"count":4,"href":"https:\/\/vihti-gym.fi\/index.php\/wp-json\/wp\/v2\/pages\/244\/revisions"}],"predecessor-version":[{"id":1222,"href":"https:\/\/vihti-gym.fi\/index.php\/wp-json\/wp\/v2\/pages\/244\/revisions\/1222"}],"wp:attachment":[{"href":"https:\/\/vihti-gym.fi\/index.php\/wp-json\/wp\/v2\/media?parent=244"}],"curies":[{"name":"wp","href":"https:\/\/api.w.org\/{rel}","templated":true}]}}