{"id":237,"date":"2021-10-22T15:10:58","date_gmt":"2021-10-22T12:10:58","guid":{"rendered":"https:\/\/aboanalytics.wordpress.com\/?page_id=237"},"modified":"2025-03-13T19:07:14","modified_gmt":"2025-03-13T17:07:14","slug":"clara","status":"publish","type":"page","link":"https:\/\/vihti-gym.fi\/index.php\/clara\/","title":{"rendered":"Clara"},"content":{"rendered":"\n<h2 class=\"wp-block-heading\">Tervetuloa Clarojen joukkuesivuille!<\/h2>\n\n\n\n<figure class=\"wp-block-gallery has-nested-images columns-default is-cropped wp-block-gallery-1 is-layout-flex wp-block-gallery-is-layout-flex\">\n<figure class=\"wp-block-image size-large is-style-rounded\"><img loading=\"lazy\" decoding=\"async\" width=\"1024\" height=\"763\" data-id=\"1561\" src=\"https:\/\/vihti-gym.fi\/wp-content\/uploads\/2023\/06\/IMG_20230422_1818002-1-1024x763.jpg\" alt=\"\" class=\"wp-image-1561\" srcset=\"https:\/\/vihti-gym.fi\/wp-content\/uploads\/2023\/06\/IMG_20230422_1818002-1-1024x763.jpg 1024w, https:\/\/vihti-gym.fi\/wp-content\/uploads\/2023\/06\/IMG_20230422_1818002-1-300x224.jpg 300w, https:\/\/vihti-gym.fi\/wp-content\/uploads\/2023\/06\/IMG_20230422_1818002-1-768x572.jpg 768w, https:\/\/vihti-gym.fi\/wp-content\/uploads\/2023\/06\/IMG_20230422_1818002-1-1536x1144.jpg 1536w, https:\/\/vihti-gym.fi\/wp-content\/uploads\/2023\/06\/IMG_20230422_1818002-1.jpg 1800w\" sizes=\"auto, (max-width: 1024px) 100vw, 1024px\" \/><\/figure>\n<\/figure>\n\n\n\n<ul class=\"wp-block-social-links is-layout-flex wp-block-social-links-is-layout-flex\"><li class=\"wp-social-link wp-social-link-instagram  wp-block-social-link\"><a href=\"https:\/\/www.instagram.com\/clarat_vg\/\" class=\"wp-block-social-link-anchor\"><svg width=\"24\" height=\"24\" viewBox=\"0 0 24 24\" version=\"1.1\" xmlns=\"http:\/\/www.w3.org\/2000\/svg\" aria-hidden=\"true\" focusable=\"false\"><path d=\"M12,4.622c2.403,0,2.688,0.009,3.637,0.052c0.877,0.04,1.354,0.187,1.671,0.31c0.42,0.163,0.72,0.358,1.035,0.673 c0.315,0.315,0.51,0.615,0.673,1.035c0.123,0.317,0.27,0.794,0.31,1.671c0.043,0.949,0.052,1.234,0.052,3.637 s-0.009,2.688-0.052,3.637c-0.04,0.877-0.187,1.354-0.31,1.671c-0.163,0.42-0.358,0.72-0.673,1.035 c-0.315,0.315-0.615,0.51-1.035,0.673c-0.317,0.123-0.794,0.27-1.671,0.31c-0.949,0.043-1.233,0.052-3.637,0.052 s-2.688-0.009-3.637-0.052c-0.877-0.04-1.354-0.187-1.671-0.31c-0.42-0.163-0.72-0.358-1.035-0.673 c-0.315-0.315-0.51-0.615-0.673-1.035c-0.123-0.317-0.27-0.794-0.31-1.671C4.631,14.688,4.622,14.403,4.622,12 s0.009-2.688,0.052-3.637c0.04-0.877,0.187-1.354,0.31-1.671c0.163-0.42,0.358-0.72,0.673-1.035 c0.315-0.315,0.615-0.51,1.035-0.673c0.317-0.123,0.794-0.27,1.671-0.31C9.312,4.631,9.597,4.622,12,4.622 M12,3 C9.556,3,9.249,3.01,8.289,3.054C7.331,3.098,6.677,3.25,6.105,3.472C5.513,3.702,5.011,4.01,4.511,4.511 c-0.5,0.5-0.808,1.002-1.038,1.594C3.25,6.677,3.098,7.331,3.054,8.289C3.01,9.249,3,9.556,3,12c0,2.444,0.01,2.751,0.054,3.711 c0.044,0.958,0.196,1.612,0.418,2.185c0.23,0.592,0.538,1.094,1.038,1.594c0.5,0.5,1.002,0.808,1.594,1.038 c0.572,0.222,1.227,0.375,2.185,0.418C9.249,20.99,9.556,21,12,21s2.751-0.01,3.711-0.054c0.958-0.044,1.612-0.196,2.185-0.418 c0.592-0.23,1.094-0.538,1.594-1.038c0.5-0.5,0.808-1.002,1.038-1.594c0.222-0.572,0.375-1.227,0.418-2.185 C20.99,14.751,21,14.444,21,12s-0.01-2.751-0.054-3.711c-0.044-0.958-0.196-1.612-0.418-2.185c-0.23-0.592-0.538-1.094-1.038-1.594 c-0.5-0.5-1.002-0.808-1.594-1.038c-0.572-0.222-1.227-0.375-2.185-0.418C14.751,3.01,14.444,3,12,3L12,3z M12,7.378 c-2.552,0-4.622,2.069-4.622,4.622S9.448,16.622,12,16.622s4.622-2.069,4.622-4.622S14.552,7.378,12,7.378z M12,15 c-1.657,0-3-1.343-3-3s1.343-3,3-3s3,1.343,3,3S13.657,15,12,15z M16.804,6.116c-0.596,0-1.08,0.484-1.08,1.08 s0.484,1.08,1.08,1.08c0.596,0,1.08-0.484,1.08-1.08S17.401,6.116,16.804,6.116z\"><\/path><\/svg><span class=\"wp-block-social-link-label screen-reader-text\">Instagram<\/span><\/a><\/li><\/ul>\n\n\n\n<h2 class=\"wp-block-heading\">Joukkue<\/h2>\n\n\n\n<p>Clara on vuosina 2010 &#8211; 2011&nbsp;syntyneiden tytt\u00f6jen tanssillisen voimistelun joukkue. Clara osallistuu tavoitteellisesti tanssillisen voimistelun kilpailuihin 12-15-vuotiaiden sarjassa.<\/p>\n\n\n\n<h2 class=\"wp-block-heading\">Harjoitukset<\/h2>\n\n\n\n<p><strong>Harjoitutusajat- ja paikat kaudella 2024-2025<\/strong><\/p>\n\n\n\n<figure class=\"wp-block-table\"><table><tbody><tr><td>Tiistai<\/td><td>17.30-19.00 <\/td><td>Kuoppanummen koulu, kamppailusali<\/td><\/tr><tr><td>Torstai<\/td><td>18.30-20.30<\/td><td>Otalammen koulu<\/td><\/tr><tr><td>Sunnuntai<\/td><td>16.00-18.00<\/td><td>Kuoppanummen koulu, palloilusali<\/td><\/tr><\/tbody><\/table><\/figure>\n\n\n\n<h2 class=\"wp-block-heading\">Voimistelijat<\/h2>\n\n\n\n<ul class=\"wp-block-list\">\n<li>Aava<\/li>\n\n\n\n<li>Ellen<\/li>\n\n\n\n<li>Maija<\/li>\n\n\n\n<li>Eerika<\/li>\n\n\n\n<li>Yanette<\/li>\n\n\n\n<li>Jadea<\/li>\n\n\n\n<li>Matilda<\/li>\n\n\n\n<li>Lilian<\/li>\n\n\n\n<li>Hennariina<\/li>\n\n\n\n<li>Kiira<\/li>\n\n\n\n<li>Wilhelmina<\/li>\n<\/ul>\n\n\n\n<h2 class=\"wp-block-heading\">Toimihenkil\u00f6t<\/h2>\n\n\n\n<p>Valmentajat: Anna Rantanen ja Arja Puro<\/p>\n\n\n\n<p>Apuvalmentajat: Eveliina Rantanen ja Stella Suominen<\/p>\n\n\n\n<div class=\"wp-block-columns is-layout-flex wp-container-core-columns-is-layout-28f84493 wp-block-columns-is-layout-flex\">\n<div class=\"wp-block-column is-layout-flow wp-block-column-is-layout-flow\">\n<h2 class=\"wp-block-heading\">Historian havinaa<\/h2>\n<\/div>\n<\/div>\n\n\n\n<p><strong><mark style=\"background-color:rgba(0, 0, 0, 0)\" class=\"has-inline-color has-ast-global-color-8-color\">Kausi 2022-2023<\/mark><\/strong><\/p>\n\n\n\n<p>Clarojen joukkueessa kaudella 2022-2023 voimisteli 13 tytt\u00f6\u00e4. Harjoituksia viikossa oli 3 kertaa, 1h balettia ja 6h lajinomaista treeni\u00e4. Clarat kisasivat kauden aikana tanssillisen voimistelun Cup-kisoissa 8-11-vuotiaiden sarjassa ohjelmallaan \u201cKaasu pohjaan\u201d. Ohjelman teemana toimi rallikuskit. Kev\u00e4tkaudella Clarat kisasivat tanssillisen voimistelun mestaruuskisoissa 12-15-vuotiaiden sarjassa sek\u00e4 Lumo-kisoissa uudella ohjelmallaan \u201cLiberte\u201d. T\u00e4m\u00e4n ohjelman teemana toimi Ranskan vallankumous. Joukkueen valmentajana toimi Suvi Halonen, apuvalmentajana Eveliina Rantanen ja baletin opettajana Irvena \u00c5gren. Kauden ohjelmien koreografeina toimivat Helmi Haaparanta ja Suvi Halonen.<\/p>\n\n\n\n<p><strong><mark style=\"background-color:rgba(0, 0, 0, 0)\" class=\"has-inline-color has-ast-global-color-8-color\">Menestys kaudella 2022-2023<\/mark><\/strong><\/p>\n\n\n\n<ul class=\"wp-block-list\">\n<li>Cup-hopeaa 8-11-vuotiaiden sarjassa<\/li>\n\n\n\n<li>5.11.2022, M\u00e4nts\u00e4l\u00e4 TanvoCup 1: Kategoria II ja mitalit kolmen parhaan joukossa<\/li>\n\n\n\n<li>10.12.2022 Jyv\u00e4skyl\u00e4 TanvoCup 2: Kategoria II ja mitalit kolmen parhaan joukossa<\/li>\n\n\n\n<li>28.1.2023 M\u00e4ntyharju TanvoCup 3: Kategoria II ja mitalit kolmen parhaan joukossa<\/li>\n\n\n\n<li>25.3.2023 Jyv\u00e4skyl\u00e4 TanvoCup 4: Kategoria II ja mitalit kolmen parhaan joukossa<\/li>\n\n\n\n<li>26.3.2023 Vantaa Lumo-kisat: Kultakategoria ja mitalit (Kultakategoriaan p\u00e4\u00e4si 6 joukkuetta 20:st\u00e4 joukkueesta)<\/li>\n\n\n\n<li>22.4.2023 Vantaa Tanssillisen voimistelun mestaruuskisat: Sijoitus 6\/16 (pistein 133,667)<\/li>\n<\/ul>\n\n\n\n<p><strong><mark style=\"background-color:rgba(0, 0, 0, 0)\" class=\"has-inline-color has-ast-global-color-8-color\">Kausi 2021-2022<\/mark><\/strong><\/p>\n\n\n\n<p>Clarojen joukkueessa syksyll\u00e4 2021 voimisteli 11 tytt\u00f6\u00e4 ja kev\u00e4\u00e4ll\u00e4 2022 voimisteli 13 tytt\u00f6\u00e4. Harjoituksia viikossa oli 3 kertaa, 1,5h balettia ja 4,5h lajinomaista treeni\u00e4. Clarat kilpailivat koko kauden 8-11-vuotiaiden sarjassa ohjelmallaan \u201cMatkassa muuttolinnun\u201d. Valmentajina ja joukkueen ohjelman koreografeina toimivat Helmi Haaparanta ja Suvi Halonen. Baletin opettajana toimi Irina Toropcina. Claran tyt\u00f6ist\u00e4 11 p\u00e4\u00e4tti osallistua Tampereen Suomi Gymnaestradan kentt\u00e4ohjelmaan \u201cJos kuussa voi tanssia\u201d.<\/p>\n\n\n\n<p><strong><mark style=\"background-color:rgba(0, 0, 0, 0)\" class=\"has-inline-color has-ast-global-color-8-color\">Menestys kaudella 2021-2022<\/mark><\/strong><\/p>\n\n\n\n<ul class=\"wp-block-list\">\n<li>Cup-pronssia 8-11-vuotiaiden sarjassa<\/li>\n\n\n\n<li>6.11.2021 Jyv\u00e4skyl\u00e4 TanvoCup1: Kategoria III ja mitalit kolmen parhaan joukossa<\/li>\n\n\n\n<li>27.11.2021 M\u00e4nts\u00e4l\u00e4 TanvoCup2: Kategoria II ja mitalit kolmen parhaan joukossa<\/li>\n\n\n\n<li>27.3.2022 Helsinki TanvoCup3: Kategoria II ja mitalit kolmen parhaan joukossa<\/li>\n\n\n\n<li>23.4.2022 Jyv\u00e4skyl\u00e4 Tanssillisen voimistelun mestaruuskisat: Kategoria II ja mitalit kahden parhaan joukossa<\/li>\n\n\n\n<li>7.5.2022 Oulu TanvoCup4: Kategoria II ja mitalit kolmen parhaan joukossa<\/li>\n<\/ul>\n\n\n\n<p><strong><mark style=\"background-color:rgba(0, 0, 0, 0)\" class=\"has-inline-color has-ast-global-color-8-color\">Kausi 2020-2021<\/mark><\/strong><\/p>\n\n\n\n<p>Clarojen joukkueessa syksyll\u00e4 2020 voimisteli 10 tytt\u00f6\u00e4 ja kev\u00e4\u00e4ll\u00e4 2021 voimisteli 11 tytt\u00f6\u00e4. Harjoituksia viikossa oli 3 kertaa, 1,5h balettia ja 4h lajinomaista treeni\u00e4. Clarat kilpailivat koko kauden 8-11-vuotiaiden sarjassa. Syksyll\u00e4 ohjelmallaan &#8221;Ohjat omissa k\u00e4siss\u00e4&#8221;, ja kev\u00e4\u00e4ll\u00e4 ohjelmallaan &#8221;Lohik\u00e4\u00e4rmeen lento&#8221;. Valmentajana toimi Helmi Haaparanta ja apuvalmentajana Suvi Halonen. Syksyn ohjelman koreografina toimi Helmi Haaparanta ja kev\u00e4\u00e4n ohjelman koreografeina toimivat Helmi Haaparanta ja Suvi Halonen. Baletin opettajana toimi Irina Toropcina. Kauden aikana kisoja ja harjoituksia jouduttiin perumaan koronan takia. Tytt\u00f6jen treenaamiseen kuului my\u00f6s et\u00e4treenej\u00e4.<\/p>\n\n\n\n<p><strong><mark style=\"background-color:rgba(0, 0, 0, 0)\" class=\"has-inline-color has-ast-global-color-8-color\">Menestys kaudella 2020-2021<\/mark><\/strong><\/p>\n\n\n\n<ul class=\"wp-block-list\">\n<li>7.11.2020 Lappeenranta TanvoCup1: Kategoria III ja mitalit kolmen parhaan joukossa<\/li>\n\n\n\n<li>24.4.2021 TanvoCup4 Et\u00e4kilpailu: Kategoria III<\/li>\n<\/ul>\n\n\n\n<p><\/p>\n","protected":false},"excerpt":{"rendered":"<p>Tervetuloa Clarojen joukkuesivuille! Joukkue Clara on vuosina 2010 &#8211; 2011&nbsp;syntyneiden tytt\u00f6jen tanssillisen voimistelun joukkue. Clara osallistuu tavoitteellisesti tanssillisen voimistelun kilpailuihin 12-15-vuotiaiden sarjassa. Harjoitukset Harjoitutusajat- ja paikat kaudella 2024-2025 Tiistai 17.30-19.00 Kuoppanummen koulu, kamppailusali Torstai 18.30-20.30 Otalammen koulu Sunnuntai 16.00-18.00 Kuoppanummen koulu, palloilusali Voimistelijat Toimihenkil\u00f6t Valmentajat: Anna Rantanen ja Arja Puro Apuvalmentajat: Eveliina Rantanen ja Stella [&hellip;]<\/p>\n","protected":false},"author":2,"featured_media":0,"parent":0,"menu_order":0,"comment_status":"closed","ping_status":"closed","template":"","meta":{"site-sidebar-layout":"default","site-content-layout":"","ast-site-content-layout":"default","site-content-style":"default","site-sidebar-style":"default","ast-global-header-display":"","ast-banner-title-visibility":"","ast-main-header-display":"","ast-hfb-above-header-display":"","ast-hfb-below-header-display":"","ast-hfb-mobile-header-display":"","site-post-title":"","ast-breadcrumbs-content":"","ast-featured-img":"","footer-sml-layout":"","ast-disable-related-posts":"","theme-transparent-header-meta":"","adv-header-id-meta":"","stick-header-meta":"","header-above-stick-meta":"","header-main-stick-meta":"","header-below-stick-meta":"","astra-migrate-meta-layouts":"set","ast-page-background-enabled":"default","ast-page-background-meta":{"desktop":{"background-color":"var(--ast-global-color-4)","background-image":"","background-repeat":"repeat","background-position":"center center","background-size":"auto","background-attachment":"scroll","background-type":"","background-media":"","overlay-type":"","overlay-color":"","overlay-opacity":"","overlay-gradient":""},"tablet":{"background-color":"","background-image":"","background-repeat":"repeat","background-position":"center center","background-size":"auto","background-attachment":"scroll","background-type":"","background-media":"","overlay-type":"","overlay-color":"","overlay-opacity":"","overlay-gradient":""},"mobile":{"background-color":"","background-image":"","background-repeat":"repeat","background-position":"center center","background-size":"auto","background-attachment":"scroll","background-type":"","background-media":"","overlay-type":"","overlay-color":"","overlay-opacity":"","overlay-gradient":""}},"ast-content-background-meta":{"desktop":{"background-color":"var(--ast-global-color-5)","background-image":"","background-repeat":"repeat","background-position":"center center","background-size":"auto","background-attachment":"scroll","background-type":"","background-media":"","overlay-type":"","overlay-color":"","overlay-opacity":"","overlay-gradient":""},"tablet":{"background-color":"var(--ast-global-color-5)","background-image":"","background-repeat":"repeat","background-position":"center center","background-size":"auto","background-attachment":"scroll","background-type":"","background-media":"","overlay-type":"","overlay-color":"","overlay-opacity":"","overlay-gradient":""},"mobile":{"background-color":"var(--ast-global-color-5)","background-image":"","background-repeat":"repeat","background-position":"center center","background-size":"auto","background-attachment":"scroll","background-type":"","background-media":"","overlay-type":"","overlay-color":"","overlay-opacity":"","overlay-gradient":""}},"footnotes":""},"class_list":["post-237","page","type-page","status-publish","hentry"],"_links":{"self":[{"href":"https:\/\/vihti-gym.fi\/index.php\/wp-json\/wp\/v2\/pages\/237","targetHints":{"allow":["GET"]}}],"collection":[{"href":"https:\/\/vihti-gym.fi\/index.php\/wp-json\/wp\/v2\/pages"}],"about":[{"href":"https:\/\/vihti-gym.fi\/index.php\/wp-json\/wp\/v2\/types\/page"}],"author":[{"embeddable":true,"href":"https:\/\/vihti-gym.fi\/index.php\/wp-json\/wp\/v2\/users\/2"}],"replies":[{"embeddable":true,"href":"https:\/\/vihti-gym.fi\/index.php\/wp-json\/wp\/v2\/comments?post=237"}],"version-history":[{"count":20,"href":"https:\/\/vihti-gym.fi\/index.php\/wp-json\/wp\/v2\/pages\/237\/revisions"}],"predecessor-version":[{"id":2314,"href":"https:\/\/vihti-gym.fi\/index.php\/wp-json\/wp\/v2\/pages\/237\/revisions\/2314"}],"wp:attachment":[{"href":"https:\/\/vihti-gym.fi\/index.php\/wp-json\/wp\/v2\/media?parent=237"}],"curies":[{"name":"wp","href":"https:\/\/api.w.org\/{rel}","templated":true}]}}