{"id":225,"date":"2021-10-22T15:05:34","date_gmt":"2021-10-22T12:05:34","guid":{"rendered":"https:\/\/aboanalytics.wordpress.com\/?page_id=225"},"modified":"2025-05-27T09:24:22","modified_gmt":"2025-05-27T06:24:22","slug":"vgc-joukkueenjohtajat-huoltajat","status":"publish","type":"page","link":"https:\/\/vihti-gym.fi\/index.php\/vgc-joukkueenjohtajat-huoltajat\/","title":{"rendered":"VGC joukkueenjohtajat &#038; huoltajat"},"content":{"rendered":"\n<h2 class=\"wp-block-heading\">Joukkueenjohtajat eli JOJOt<\/h2>\n\n\n\n<p><br>Jokaisella VGC-joukkueella on kaudella 2025-2026 oma joukkueenjohtajansa, jojo. Jojon p\u00e4\u00e4teht\u00e4v\u00e4n\u00e4 on huolehtia joukkueen varinhankinnasta.\u00a0<\/p>\n\n\n\n<p><br>&nbsp;<\/p>\n\n\n\n<h2 class=\"wp-block-heading\"><strong>Huoltajat  ja seuraty\u00f6ntekij\u00e4t kisamatkoilla<\/strong><\/h2>\n\n\n\n<p><br>Huoltajien lukum\u00e4\u00e4r\u00e4 on jokaisen ryhm\u00e4n valmentajan p\u00e4\u00e4tett\u00e4viss\u00e4. Huoltajat avustavat valmentajia mm kisamatkoilla, jolloin huoltajan vastuu alkaa matkan alkaessa ja p\u00e4\u00e4ttyy vasta kotimatkan p\u00e4\u00e4tytty\u00e4. Onnettomuuden sattuessa huoltaja huolehtii urheilijan ensiapuun ja tiedottaa valmentajalle. Huoltaja s\u00e4ilytt\u00e4\u00e4 urheilijoiden arvotavaroita kisap\u00e4iv\u00e4n aikana ja avustaa valmentajia sek\u00e4 urheilijoita.<\/p>\n\n\n\n<p>Huoltaja on kisoissa urheilijaa varten, mutta antaa urheilijalle ja valmentajalle rauhan keskitty\u00e4 suoritukseen! Huoltaja voi seurata kisoja kisaajien katsomosta.<\/p>\n\n\n\n<p>Jokainen valmennusjoukkue tarvitsee seuraty\u00f6ntekij\u00e4n Super kilpailuihin. Seuraty\u00f6ntekij\u00e4 toimii talkoolaisena, j\u00e4rjest\u00e4v\u00e4n tahon (SCL) ohjeiden mukaan. Seuraty\u00f6ntekij\u00e4 ei voi toimia samaan aikaan joukkueen huoltajana. <\/p>\n","protected":false},"excerpt":{"rendered":"<p>Joukkueenjohtajat eli JOJOt Jokaisella VGC-joukkueella on kaudella 2025-2026 oma joukkueenjohtajansa, jojo. Jojon p\u00e4\u00e4teht\u00e4v\u00e4n\u00e4 on huolehtia joukkueen varinhankinnasta.\u00a0 &nbsp; Huoltajat ja seuraty\u00f6ntekij\u00e4t kisamatkoilla Huoltajien lukum\u00e4\u00e4r\u00e4 on jokaisen ryhm\u00e4n valmentajan p\u00e4\u00e4tett\u00e4viss\u00e4. Huoltajat avustavat valmentajia mm kisamatkoilla, jolloin huoltajan vastuu alkaa matkan alkaessa ja p\u00e4\u00e4ttyy vasta kotimatkan p\u00e4\u00e4tytty\u00e4. Onnettomuuden sattuessa huoltaja huolehtii urheilijan ensiapuun ja tiedottaa valmentajalle. Huoltaja [&hellip;]<\/p>\n","protected":false},"author":2,"featured_media":0,"parent":0,"menu_order":0,"comment_status":"closed","ping_status":"closed","template":"","meta":{"site-sidebar-layout":"default","site-content-layout":"","ast-site-content-layout":"default","site-content-style":"default","site-sidebar-style":"default","ast-global-header-display":"","ast-banner-title-visibility":"","ast-main-header-display":"","ast-hfb-above-header-display":"","ast-hfb-below-header-display":"","ast-hfb-mobile-header-display":"","site-post-title":"","ast-breadcrumbs-content":"","ast-featured-img":"","footer-sml-layout":"","ast-disable-related-posts":"","theme-transparent-header-meta":"","adv-header-id-meta":"","stick-header-meta":"","header-above-stick-meta":"","header-main-stick-meta":"","header-below-stick-meta":"","astra-migrate-meta-layouts":"set","ast-page-background-enabled":"default","ast-page-background-meta":{"desktop":{"background-color":"var(--ast-global-color-4)","background-image":"","background-repeat":"repeat","background-position":"center center","background-size":"auto","background-attachment":"scroll","background-type":"","background-media":"","overlay-type":"","overlay-color":"","overlay-opacity":"","overlay-gradient":""},"tablet":{"background-color":"","background-image":"","background-repeat":"repeat","background-position":"center center","background-size":"auto","background-attachment":"scroll","background-type":"","background-media":"","overlay-type":"","overlay-color":"","overlay-opacity":"","overlay-gradient":""},"mobile":{"background-color":"","background-image":"","background-repeat":"repeat","background-position":"center center","background-size":"auto","background-attachment":"scroll","background-type":"","background-media":"","overlay-type":"","overlay-color":"","overlay-opacity":"","overlay-gradient":""}},"ast-content-background-meta":{"desktop":{"background-color":"var(--ast-global-color-5)","background-image":"","background-repeat":"repeat","background-position":"center center","background-size":"auto","background-attachment":"scroll","background-type":"","background-media":"","overlay-type":"","overlay-color":"","overlay-opacity":"","overlay-gradient":""},"tablet":{"background-color":"var(--ast-global-color-5)","background-image":"","background-repeat":"repeat","background-position":"center center","background-size":"auto","background-attachment":"scroll","background-type":"","background-media":"","overlay-type":"","overlay-color":"","overlay-opacity":"","overlay-gradient":""},"mobile":{"background-color":"var(--ast-global-color-5)","background-image":"","background-repeat":"repeat","background-position":"center center","background-size":"auto","background-attachment":"scroll","background-type":"","background-media":"","overlay-type":"","overlay-color":"","overlay-opacity":"","overlay-gradient":""}},"footnotes":""},"class_list":["post-225","page","type-page","status-publish","hentry"],"_links":{"self":[{"href":"https:\/\/vihti-gym.fi\/index.php\/wp-json\/wp\/v2\/pages\/225","targetHints":{"allow":["GET"]}}],"collection":[{"href":"https:\/\/vihti-gym.fi\/index.php\/wp-json\/wp\/v2\/pages"}],"about":[{"href":"https:\/\/vihti-gym.fi\/index.php\/wp-json\/wp\/v2\/types\/page"}],"author":[{"embeddable":true,"href":"https:\/\/vihti-gym.fi\/index.php\/wp-json\/wp\/v2\/users\/2"}],"replies":[{"embeddable":true,"href":"https:\/\/vihti-gym.fi\/index.php\/wp-json\/wp\/v2\/comments?post=225"}],"version-history":[{"count":4,"href":"https:\/\/vihti-gym.fi\/index.php\/wp-json\/wp\/v2\/pages\/225\/revisions"}],"predecessor-version":[{"id":2395,"href":"https:\/\/vihti-gym.fi\/index.php\/wp-json\/wp\/v2\/pages\/225\/revisions\/2395"}],"wp:attachment":[{"href":"https:\/\/vihti-gym.fi\/index.php\/wp-json\/wp\/v2\/media?parent=225"}],"curies":[{"name":"wp","href":"https:\/\/api.w.org\/{rel}","templated":true}]}}