{"id":221,"date":"2021-10-22T15:03:59","date_gmt":"2021-10-22T12:03:59","guid":{"rendered":"https:\/\/aboanalytics.wordpress.com\/?page_id=221"},"modified":"2025-06-24T22:36:37","modified_gmt":"2025-06-24T19:36:37","slug":"viable","status":"publish","type":"page","link":"https:\/\/vihti-gym.fi\/index.php\/viable\/","title":{"rendered":"Viable"},"content":{"rendered":"\n<h2 class=\"wp-block-heading\"><strong>TERVETULOA VIABLEN JOUKKUESIVUILLE!&nbsp;<\/strong><\/h2>\n\n\n\n<figure class=\"wp-block-gallery has-nested-images columns-default is-cropped wp-block-gallery-1 is-layout-flex wp-block-gallery-is-layout-flex\">\n<figure class=\"wp-block-image size-large\"><img loading=\"lazy\" decoding=\"async\" width=\"953\" height=\"654\" data-id=\"1961\" src=\"https:\/\/vihti-gym.fi\/wp-content\/uploads\/2024\/02\/423105873_3684935838419607_544569982216728602_n.jpg\" alt=\"\" class=\"wp-image-1961\" srcset=\"https:\/\/vihti-gym.fi\/wp-content\/uploads\/2024\/02\/423105873_3684935838419607_544569982216728602_n.jpg 953w, https:\/\/vihti-gym.fi\/wp-content\/uploads\/2024\/02\/423105873_3684935838419607_544569982216728602_n-300x206.jpg 300w, https:\/\/vihti-gym.fi\/wp-content\/uploads\/2024\/02\/423105873_3684935838419607_544569982216728602_n-768x527.jpg 768w\" sizes=\"auto, (max-width: 953px) 100vw, 953px\" \/><\/figure>\n<\/figure>\n\n\n\n<p>Spirit 2022 Jyv\u00e4skyl\u00e4 <br>Kuva: Tero Wester Photography<\/p>\n\n\n\n<h3 class=\"wp-block-heading\">Viable, cheer minit<\/h3>\n\n\n\n<p>Cheer&nbsp;minit Viable on Vihti-Gymin minien 2014-2016 syntyneiden, level 1 tasoinen valmennusjoukkue ja joukkue harjoittelee 2 kertaa viikossa.<br>Joukkueeseen vaaditaan aiempi kokemus cheerleadingist\u00e4 ja oikea motivaatio kilpaurheiluun. .<br><br>Urheilijan tulee sitoutua treeneihin 2 kertaa viikossa, &nbsp;leireille, kilpailuihin, seuran tapahtumiin ja omatoimiseen harjoitteluun valmentajien ohjeiden mukaisesti<\/p>\n\n\n\n<p> Urheilijalta edellytet\u00e4\u00e4n my\u00f6s innostusta harjoitella level 1-2 tason lattia akrobatiataitoja, kuten k\u00e4sill\u00e4seisontaa, k\u00e4rrynpy\u00f6r\u00e4\u00e4, arabialaista sek\u00e4 siltakaatoa.<\/p>\n\n\n\n<p>Joukkueeseen haetaan joukkuejakotilasuuden kautta, joka j\u00e4rjestet\u00e4\u00e4n sunnuntaina 10.08.2025 Huhmarnummen koululla. Joukkuetta t\u00e4ydennet\u00e4\u00e4n tarvittaessa kauden aikana. Joukkueessa p\u00e4\u00e4set harjoittelemaan monipuolisesti cheerleadingia tukevia fyysisi\u00e4 ominaisuuksia; liikkuvuutta, voimaa, kest\u00e4vyytt\u00e4, kuin venyvyytt\u00e4kin. Joukkue sopii niin tyt\u00f6ille, kuin pojille. Poikia toivottaisiin lis\u00e4\u00e4 cheerleading harrastuksen pariin!<\/p>\n\n\n\n<p>Ilmoittaudu joukkuejakoon oheisella Google Formsilla: <a href=\"https:\/\/docs.google.com\/forms\/d\/e\/1FAIpQLScd5PovNHs2B3dUH5PAqddlNvka2RHLlLajOUFj_SVltD5uOA\/viewform?usp=header\">https:\/\/docs.google.com\/forms\/d\/e\/1FAIpQLScd5PovNHs2B3dUH5PAqddlNvka2RHLlLajOUFj_SVltD5uOA\/viewform?usp=header<\/a><\/p>\n\n\n\n<p>Ota yhteytt\u00e4 ja tule kokeilemaan! \u2028Voit seurata Viablen treenaamista Instagramista k\u00e4ytt\u00e4j\u00e4lt\u00e4 @vgcviable.<\/p>\n\n\n\n<p><strong>Treenit ja treenipaikat:<\/strong><\/p>\n\n\n\n<p>Sunnuntaisin 17-19<br>Huhmarnummen koulu<br>Pihtisillantie 303, 03150 Huhmari<br><br>Torstaisin 17 &#8211; 19<br>Nummelan Luksia<br>Ojakkalantie2, 03100 Nummela<\/p>\n\n\n\n<p><strong>Valmentajat:<\/strong><\/p>\n\n\n\n<p>Sue Haaksi<\/p>\n\n\n\n<p>Stella Napari<\/p>\n\n\n\n<p>Jenny Lempinen<\/p>\n\n\n\n<p>Helmi Eskolin<\/p>\n\n\n\n<p>Lotta Miilum\u00e4ki<\/p>\n\n\n\n<p><strong>Poissaoloilmoitukset:<\/strong><\/p>\n\n\n\n<p>MyClub <br><\/p>\n\n\n\n<p><strong>Yhteystiedot:<\/strong>&nbsp;<\/p>\n\n\n\n<p>sue@vihti-gym-fi<\/p>\n\n\n\n<p><strong>Seura:<\/strong><\/p>\n\n\n\n<p>Liikuntaseura Vihti-Gym ry.<\/p>\n\n\n\n<p>En\u00e4j\u00e4rventie 3<\/p>\n\n\n\n<p>03100 Nummela<\/p>\n\n\n\n<p><\/p>\n","protected":false},"excerpt":{"rendered":"<p>TERVETULOA VIABLEN JOUKKUESIVUILLE!&nbsp; Spirit 2022 Jyv\u00e4skyl\u00e4 Kuva: Tero Wester Photography Viable, cheer minit Cheer&nbsp;minit Viable on Vihti-Gymin minien 2014-2016 syntyneiden, level 1 tasoinen valmennusjoukkue ja joukkue harjoittelee 2 kertaa viikossa.Joukkueeseen vaaditaan aiempi kokemus cheerleadingist\u00e4 ja oikea motivaatio kilpaurheiluun. . Urheilijan tulee sitoutua treeneihin 2 kertaa viikossa, &nbsp;leireille, kilpailuihin, seuran tapahtumiin ja omatoimiseen harjoitteluun valmentajien ohjeiden [&hellip;]<\/p>\n","protected":false},"author":2,"featured_media":0,"parent":0,"menu_order":0,"comment_status":"closed","ping_status":"closed","template":"","meta":{"site-sidebar-layout":"default","site-content-layout":"","ast-site-content-layout":"default","site-content-style":"default","site-sidebar-style":"default","ast-global-header-display":"","ast-banner-title-visibility":"","ast-main-header-display":"","ast-hfb-above-header-display":"","ast-hfb-below-header-display":"","ast-hfb-mobile-header-display":"","site-post-title":"","ast-breadcrumbs-content":"","ast-featured-img":"","footer-sml-layout":"","ast-disable-related-posts":"","theme-transparent-header-meta":"","adv-header-id-meta":"","stick-header-meta":"","header-above-stick-meta":"","header-main-stick-meta":"","header-below-stick-meta":"","astra-migrate-meta-layouts":"set","ast-page-background-enabled":"default","ast-page-background-meta":{"desktop":{"background-color":"var(--ast-global-color-4)","background-image":"","background-repeat":"repeat","background-position":"center center","background-size":"auto","background-attachment":"scroll","background-type":"","background-media":"","overlay-type":"","overlay-color":"","overlay-opacity":"","overlay-gradient":""},"tablet":{"background-color":"","background-image":"","background-repeat":"repeat","background-position":"center center","background-size":"auto","background-attachment":"scroll","background-type":"","background-media":"","overlay-type":"","overlay-color":"","overlay-opacity":"","overlay-gradient":""},"mobile":{"background-color":"","background-image":"","background-repeat":"repeat","background-position":"center center","background-size":"auto","background-attachment":"scroll","background-type":"","background-media":"","overlay-type":"","overlay-color":"","overlay-opacity":"","overlay-gradient":""}},"ast-content-background-meta":{"desktop":{"background-color":"var(--ast-global-color-5)","background-image":"","background-repeat":"repeat","background-position":"center center","background-size":"auto","background-attachment":"scroll","background-type":"","background-media":"","overlay-type":"","overlay-color":"","overlay-opacity":"","overlay-gradient":""},"tablet":{"background-color":"var(--ast-global-color-5)","background-image":"","background-repeat":"repeat","background-position":"center center","background-size":"auto","background-attachment":"scroll","background-type":"","background-media":"","overlay-type":"","overlay-color":"","overlay-opacity":"","overlay-gradient":""},"mobile":{"background-color":"var(--ast-global-color-5)","background-image":"","background-repeat":"repeat","background-position":"center center","background-size":"auto","background-attachment":"scroll","background-type":"","background-media":"","overlay-type":"","overlay-color":"","overlay-opacity":"","overlay-gradient":""}},"footnotes":""},"class_list":["post-221","page","type-page","status-publish","hentry"],"_links":{"self":[{"href":"https:\/\/vihti-gym.fi\/index.php\/wp-json\/wp\/v2\/pages\/221","targetHints":{"allow":["GET"]}}],"collection":[{"href":"https:\/\/vihti-gym.fi\/index.php\/wp-json\/wp\/v2\/pages"}],"about":[{"href":"https:\/\/vihti-gym.fi\/index.php\/wp-json\/wp\/v2\/types\/page"}],"author":[{"embeddable":true,"href":"https:\/\/vihti-gym.fi\/index.php\/wp-json\/wp\/v2\/users\/2"}],"replies":[{"embeddable":true,"href":"https:\/\/vihti-gym.fi\/index.php\/wp-json\/wp\/v2\/comments?post=221"}],"version-history":[{"count":15,"href":"https:\/\/vihti-gym.fi\/index.php\/wp-json\/wp\/v2\/pages\/221\/revisions"}],"predecessor-version":[{"id":2434,"href":"https:\/\/vihti-gym.fi\/index.php\/wp-json\/wp\/v2\/pages\/221\/revisions\/2434"}],"wp:attachment":[{"href":"https:\/\/vihti-gym.fi\/index.php\/wp-json\/wp\/v2\/media?parent=221"}],"curies":[{"name":"wp","href":"https:\/\/api.w.org\/{rel}","templated":true}]}}