{"id":2193,"date":"2024-10-20T10:01:59","date_gmt":"2024-10-20T07:01:59","guid":{"rendered":"https:\/\/vihti-gym.fi\/?page_id=2193"},"modified":"2025-11-16T18:46:20","modified_gmt":"2025-11-16T16:46:20","slug":"arvot-ja-visio","status":"publish","type":"page","link":"https:\/\/vihti-gym.fi\/index.php\/arvot-ja-visio\/","title":{"rendered":"Arvot ja visio"},"content":{"rendered":"\n<figure class=\"wp-block-image size-full\"><img loading=\"lazy\" decoding=\"async\" width=\"762\" height=\"412\" src=\"https:\/\/vihti-gym.fi\/wp-content\/uploads\/2024\/10\/arvot.jpg\" alt=\"\" class=\"wp-image-2194\" srcset=\"https:\/\/vihti-gym.fi\/wp-content\/uploads\/2024\/10\/arvot.jpg 762w, https:\/\/vihti-gym.fi\/wp-content\/uploads\/2024\/10\/arvot-300x162.jpg 300w\" sizes=\"auto, (max-width: 762px) 100vw, 762px\" \/><\/figure>\n\n\n\n<p class=\"has-large-font-size\"><strong>Seuratoiminnan arvot<\/strong><\/p>\n\n\n\n<p><strong>Ilo ja el\u00e4mykset<\/strong><\/p>\n\n\n\n<p>Kaikessa toiminnassamme haluamme vaalia ilon kokemuksia. Onnistumisen ja oppimisen ilo onkin yksi parhaista tunteista pitk\u00e4n ja sinnikk\u00e4\u00e4n harjoittelun j\u00e4lkeen. Harjoitukset rakennetaan mielekk\u00e4iksi, kehitt\u00e4viksi ja ik\u00e4tasolle sopiviksi. Laadukas lasten valmennus on vahvasti linkiss\u00e4 ilon ja el\u00e4myksien kokemuksien kanssa. Esiintymiset seuran tapahtumissa, kilpailumatkat ja esimerkiksi voimistelun suurtapahtumat luovat elinik\u00e4isi\u00e4 muistoja harrastajien mieleen.<\/p>\n\n\n\n<p><strong>Laadukkuus<\/strong><\/p>\n\n\n\n<p>Laadukkuus on kaiken toimintamme pohja. Tarjoamme valmentajille ja ohjaajille mahdollisuuden osallistua liittojen koulutuksiin, jotta heid\u00e4n on mahdollista yll\u00e4pit\u00e4\u00e4 laadukasta ty\u00f6otetta. Osaamisen jatkuva kehitt\u00e4minen on pohja laadukkaan liikunnan tarjoamiselle my\u00f6s tulevaisuudessa. Toiminnan laadukkuus my\u00f6s seuraty\u00f6ss\u00e4 on t\u00e4rke\u00e4\u00e4 ja pyrimme olemaan l\u00e4pin\u00e4kyvi\u00e4 ja avoimia esimerkiksi johtokuntaty\u00f6n osalta. My\u00f6s johtokunnan j\u00e4senet kouluttautuvat ja kehitt\u00e4v\u00e4t itse\u00e4\u00e4n, jotta voivat vied\u00e4 seuran toimintaa kokonaisuudessaan eteenp\u00e4in. Laadukkuuden sis\u00e4lle menee my\u00f6s olosuhteiden kehitt\u00e4minen, jotta harjoitukset voidaan j\u00e4rjest\u00e4\u00e4 lajille sopivissa ja turvallisissa olosuhteissa.<\/p>\n\n\n\n<p><strong>Yhdess\u00e4 tekem\u00e4ll\u00e4 onnistumme<\/strong><\/p>\n\n\n\n<p>Seuramme menestys ja toiminnan py\u00f6riminen vaativat aktiivista yhdess\u00e4 tekemist\u00e4. Toimintamme perustuu vahvasti talkoohenkeen \u2013 johtokunta tekee ty\u00f6t\u00e4 vapaaehtoisvoimin, tapahtumamme onnistuvat suurilta osin aktiivisten talkoolaisten ansiosta ja esimerkiksi joukkueenjohtajien rooli useassa joukkueessa on hyvin t\u00e4rke\u00e4 valmentajien tukena. Joukkueemme tekev\u00e4t my\u00f6s yhteisty\u00f6t\u00e4 toistensa kanssa pitkin kautta. Yhteisty\u00f6n kautta on mahdollista tarjota pienemmille harrastajille mahdollisuus n\u00e4hd\u00e4 isompien harrastejien suorituksia \u2013 usein n\u00e4m\u00e4 vanhemmat urheilijat ovat kuitenkin pienemmille esikuvan roolissa. Yhteistreeneill\u00e4 luodaan vaihtelua treeniarkeen ja luodaan ikimuistoisia kokemuksia.<\/p>\n\n\n\n<p class=\"has-large-font-size\"><strong>Seuratoiminnan visio ja stategiset painopisteet<\/strong><\/p>\n\n\n\n<figure class=\"wp-block-image size-full\"><img loading=\"lazy\" decoding=\"async\" width=\"1018\" height=\"763\" src=\"https:\/\/vihti-gym.fi\/wp-content\/uploads\/2025\/11\/Nayttokuva-2025-11-16-184554.png\" alt=\"\" class=\"wp-image-2595\" srcset=\"https:\/\/vihti-gym.fi\/wp-content\/uploads\/2025\/11\/Nayttokuva-2025-11-16-184554.png 1018w, https:\/\/vihti-gym.fi\/wp-content\/uploads\/2025\/11\/Nayttokuva-2025-11-16-184554-300x225.png 300w, https:\/\/vihti-gym.fi\/wp-content\/uploads\/2025\/11\/Nayttokuva-2025-11-16-184554-768x576.png 768w\" sizes=\"auto, (max-width: 1018px) 100vw, 1018px\" \/><\/figure>\n\n\n\n<p>Vihti-Gymin toiminnan tarkoituksena on tarjota monipuolisia mahdollisuuksia niin harraste- ja kuntoliikuntaan kuin kilpailu- ja valmennustoimintaan \u2013 olemme mukana edist\u00e4m\u00e4ss\u00e4 liikkuvaa, tervett\u00e4 ja hyvinvoivaa el\u00e4m\u00e4\u00e4 kaikille vihtil\u00e4isille!<\/p>\n\n\n\n<p>Vihti-Gymin visio heijastaa vahvasti edell\u00e4 mainittuja seuratoimintamme arvoja. Visiomme on olla tunnettu ja arvostettu liikuntaseura, joka kokoaa yhteen eri-ik\u00e4iset liikkujat. Toiminta tarjoaa vahvaa yhteis\u00f6llisyytt\u00e4 ja juurruttaa liikunnan ilon ja yhdess\u00e4 tekemisen kulttuurin sukupolvilta toisille.<\/p>\n\n\n\n<p><strong>Visiota toteutamme nelj\u00e4n strategisen painopisteen kautta:<\/strong>&#8217;<\/p>\n\n\n\n<p><strong>1. J\u00e4senist\u00f6 ja n\u00e4kyvyys<\/strong><br>Pyrimme laajentamaan ja monipuolistamaan j\u00e4senpohjaamme, jotta seuran toiminta jatkuu my\u00f6s tulevaisuudessa. T\u00e4m\u00e4n mahdollistaminen vaatii viestint\u00e4\u00e4 toiminnastamme, suunnitelmallista markkinointia ja l\u00e4sn\u00e4olemista paikallisissa tapahtumissa.<\/p>\n\n\n\n<p><strong>2. Vastuullisuus<\/strong><br>Haluamme olla arvostettu liikuntaseura, mik\u00e4 edellytt\u00e4\u00e4 vastuullista johtamista ja sit\u00e4 kautta seuramme taloudellisen vakauden varmistamista. Vastuullisuuteen liittyy my\u00f6s ajatus siit\u00e4, ett\u00e4 hyvinvoivassa seurayhteis\u00f6ss\u00e4 on turvallinen, avoin ja kannustava ilmapiiri.<\/p>\n\n\n\n<p><strong>3 .Laadukkuus ja monipuolisuus<\/strong><br>Ohjaajien ja valmentajien osaamisen kehitt\u00e4misen tukeminen on avain laadukkaaseen ohjaukseen ja valmennukseen. Jotta toimintamme voi olla laadukasta ja monipuolista on meid\u00e4n my\u00f6s oltava avoimia kehitt\u00e4m\u00e4\u00e4n sit\u00e4 s\u00e4\u00e4nn\u00f6llisesti. Kehitt\u00e4minen tulee kuitenkin tehd\u00e4 tasapainoisesti harraste- ja kilpatoiminnan kesken. Kehitt\u00e4misen taustalla vaikuttaa my\u00f6s j\u00e4senist\u00f6lt\u00e4 s\u00e4\u00e4nn\u00f6llisesti ker\u00e4tty palaute.<\/p>\n\n\n\n<p><strong>4. Vapaaehtoistoiminta<\/strong><br>Vapaaehtoistoiminta ja sit\u00e4 kautta my\u00f6s yhteis\u00f6llisyyden tunteen muodostuminen edellytt\u00e4\u00e4 sit\u00e4, ett\u00e4 vapaaehtoisilla on selke\u00e4t roolit ja he saavat teht\u00e4viins\u00e4 my\u00f6s perehdytyst\u00e4 ja koulutusta. Vapaaehtoistoiminnalle tulee olla selke\u00e4t kiitt\u00e4misen ja palkitsemisen mallit.<\/p>\n\n\n\n<p><\/p>\n","protected":false},"excerpt":{"rendered":"<p>Seuratoiminnan arvot Ilo ja el\u00e4mykset Kaikessa toiminnassamme haluamme vaalia ilon kokemuksia. Onnistumisen ja oppimisen ilo onkin yksi parhaista tunteista pitk\u00e4n ja sinnikk\u00e4\u00e4n harjoittelun j\u00e4lkeen. Harjoitukset rakennetaan mielekk\u00e4iksi, kehitt\u00e4viksi ja ik\u00e4tasolle sopiviksi. Laadukas lasten valmennus on vahvasti linkiss\u00e4 ilon ja el\u00e4myksien kokemuksien kanssa. Esiintymiset seuran tapahtumissa, kilpailumatkat ja esimerkiksi voimistelun suurtapahtumat luovat elinik\u00e4isi\u00e4 muistoja harrastajien mieleen. [&hellip;]<\/p>\n","protected":false},"author":13,"featured_media":0,"parent":0,"menu_order":0,"comment_status":"closed","ping_status":"closed","template":"","meta":{"site-sidebar-layout":"default","site-content-layout":"","ast-site-content-layout":"default","site-content-style":"default","site-sidebar-style":"default","ast-global-header-display":"","ast-banner-title-visibility":"","ast-main-header-display":"","ast-hfb-above-header-display":"","ast-hfb-below-header-display":"","ast-hfb-mobile-header-display":"","site-post-title":"","ast-breadcrumbs-content":"","ast-featured-img":"","footer-sml-layout":"","ast-disable-related-posts":"","theme-transparent-header-meta":"","adv-header-id-meta":"","stick-header-meta":"","header-above-stick-meta":"","header-main-stick-meta":"","header-below-stick-meta":"","astra-migrate-meta-layouts":"set","ast-page-background-enabled":"default","ast-page-background-meta":{"desktop":{"background-color":"var(--ast-global-color-4)","background-image":"","background-repeat":"repeat","background-position":"center center","background-size":"auto","background-attachment":"scroll","background-type":"","background-media":"","overlay-type":"","overlay-color":"","overlay-opacity":"","overlay-gradient":""},"tablet":{"background-color":"","background-image":"","background-repeat":"repeat","background-position":"center center","background-size":"auto","background-attachment":"scroll","background-type":"","background-media":"","overlay-type":"","overlay-color":"","overlay-opacity":"","overlay-gradient":""},"mobile":{"background-color":"","background-image":"","background-repeat":"repeat","background-position":"center center","background-size":"auto","background-attachment":"scroll","background-type":"","background-media":"","overlay-type":"","overlay-color":"","overlay-opacity":"","overlay-gradient":""}},"ast-content-background-meta":{"desktop":{"background-color":"var(--ast-global-color-5)","background-image":"","background-repeat":"repeat","background-position":"center center","background-size":"auto","background-attachment":"scroll","background-type":"","background-media":"","overlay-type":"","overlay-color":"","overlay-opacity":"","overlay-gradient":""},"tablet":{"background-color":"var(--ast-global-color-5)","background-image":"","background-repeat":"repeat","background-position":"center center","background-size":"auto","background-attachment":"scroll","background-type":"","background-media":"","overlay-type":"","overlay-color":"","overlay-opacity":"","overlay-gradient":""},"mobile":{"background-color":"var(--ast-global-color-5)","background-image":"","background-repeat":"repeat","background-position":"center center","background-size":"auto","background-attachment":"scroll","background-type":"","background-media":"","overlay-type":"","overlay-color":"","overlay-opacity":"","overlay-gradient":""}},"footnotes":""},"class_list":["post-2193","page","type-page","status-publish","hentry"],"_links":{"self":[{"href":"https:\/\/vihti-gym.fi\/index.php\/wp-json\/wp\/v2\/pages\/2193","targetHints":{"allow":["GET"]}}],"collection":[{"href":"https:\/\/vihti-gym.fi\/index.php\/wp-json\/wp\/v2\/pages"}],"about":[{"href":"https:\/\/vihti-gym.fi\/index.php\/wp-json\/wp\/v2\/types\/page"}],"author":[{"embeddable":true,"href":"https:\/\/vihti-gym.fi\/index.php\/wp-json\/wp\/v2\/users\/13"}],"replies":[{"embeddable":true,"href":"https:\/\/vihti-gym.fi\/index.php\/wp-json\/wp\/v2\/comments?post=2193"}],"version-history":[{"count":3,"href":"https:\/\/vihti-gym.fi\/index.php\/wp-json\/wp\/v2\/pages\/2193\/revisions"}],"predecessor-version":[{"id":2596,"href":"https:\/\/vihti-gym.fi\/index.php\/wp-json\/wp\/v2\/pages\/2193\/revisions\/2596"}],"wp:attachment":[{"href":"https:\/\/vihti-gym.fi\/index.php\/wp-json\/wp\/v2\/media?parent=2193"}],"curies":[{"name":"wp","href":"https:\/\/api.w.org\/{rel}","templated":true}]}}