{"id":2167,"date":"2024-10-06T12:57:10","date_gmt":"2024-10-06T09:57:10","guid":{"rendered":"https:\/\/vihti-gym.fi\/?page_id=2167"},"modified":"2024-12-08T19:47:32","modified_gmt":"2024-12-08T17:47:32","slug":"esivalmennusjoukkue-2016-2018","status":"publish","type":"page","link":"https:\/\/vihti-gym.fi\/index.php\/tanssillinen-voimistelu-2\/esivalmennusjoukkue-2016-2018\/","title":{"rendered":"Jadelia esivalmennus 2016-2018"},"content":{"rendered":"\n<p class=\"has-medium-font-size\">Joukkue<\/p>\n\n\n\n<p>Jadelia on tanssillisen voimistelun esivalmennusjoukkue vuosina 2016 \u2013 2018 syntyneille voimistelijoille. Joukkue on perustettu syksyll\u00e4 2024. P\u00e4\u00e4tavoitteena on kasvattaa voimistelun lajitaitoja huomioiden valmennusryhm\u00e4n ik\u00e4taso ja tulevina vuosina osallistua Voimisteluliiton Stara-tapahtumiin.<\/p>\n\n\n\n<p class=\"has-medium-font-size\">Harjoitukset&nbsp;<\/p>\n\n\n\n<p><strong>Harjoitusajat ja -paikat kaudella 2024-2025<\/strong><\/p>\n\n\n\n<figure class=\"wp-block-table\"><table class=\"has-fixed-layout\"><tbody><tr><td>Torstai klo 17-18<\/td><td>Kuoppanummen koulu, kamppailusali<\/td><\/tr><tr><td>Sunnuntai klo 15-16<\/td><td>Kuoppanummen koulu, tanssisali<\/td><\/tr><\/tbody><\/table><\/figure>\n\n\n\n<p><\/p>\n\n\n\n<p class=\"has-medium-font-size\">Voimistelijat<\/p>\n\n\n\n<p>Joukkueeseen otetaan uusia voimistelijoita mukaan. Ole yhteydess\u00e4 Sannaan ja sovi kokeilukerta!<\/p>\n\n\n\n<p>Valmentajat<\/p>\n\n\n\n<p>Kaisa Jyrkinen ja Jila Marttinen sek\u00e4 Sanna Nurmesniemi (sanna at vihti-gym.fi)<\/p>\n\n\n\n<p><\/p>\n\n\n\n<p><\/p>\n","protected":false},"excerpt":{"rendered":"<p>Joukkue Jadelia on tanssillisen voimistelun esivalmennusjoukkue vuosina 2016 \u2013 2018 syntyneille voimistelijoille. Joukkue on perustettu syksyll\u00e4 2024. P\u00e4\u00e4tavoitteena on kasvattaa voimistelun lajitaitoja huomioiden valmennusryhm\u00e4n ik\u00e4taso ja tulevina vuosina osallistua Voimisteluliiton Stara-tapahtumiin. Harjoitukset&nbsp; Harjoitusajat ja -paikat kaudella 2024-2025 Torstai klo 17-18 Kuoppanummen koulu, kamppailusali Sunnuntai klo 15-16 Kuoppanummen koulu, tanssisali Voimistelijat Joukkueeseen otetaan uusia voimistelijoita mukaan. [&hellip;]<\/p>\n","protected":false},"author":7,"featured_media":0,"parent":227,"menu_order":0,"comment_status":"closed","ping_status":"closed","template":"","meta":{"site-sidebar-layout":"default","site-content-layout":"","ast-site-content-layout":"default","site-content-style":"default","site-sidebar-style":"default","ast-global-header-display":"","ast-banner-title-visibility":"","ast-main-header-display":"","ast-hfb-above-header-display":"","ast-hfb-below-header-display":"","ast-hfb-mobile-header-display":"","site-post-title":"","ast-breadcrumbs-content":"","ast-featured-img":"","footer-sml-layout":"","ast-disable-related-posts":"","theme-transparent-header-meta":"","adv-header-id-meta":"","stick-header-meta":"","header-above-stick-meta":"","header-main-stick-meta":"","header-below-stick-meta":"","astra-migrate-meta-layouts":"set","ast-page-background-enabled":"default","ast-page-background-meta":{"desktop":{"background-color":"var(--ast-global-color-4)","background-image":"","background-repeat":"repeat","background-position":"center center","background-size":"auto","background-attachment":"scroll","background-type":"","background-media":"","overlay-type":"","overlay-color":"","overlay-opacity":"","overlay-gradient":""},"tablet":{"background-color":"","background-image":"","background-repeat":"repeat","background-position":"center center","background-size":"auto","background-attachment":"scroll","background-type":"","background-media":"","overlay-type":"","overlay-color":"","overlay-opacity":"","overlay-gradient":""},"mobile":{"background-color":"","background-image":"","background-repeat":"repeat","background-position":"center center","background-size":"auto","background-attachment":"scroll","background-type":"","background-media":"","overlay-type":"","overlay-color":"","overlay-opacity":"","overlay-gradient":""}},"ast-content-background-meta":{"desktop":{"background-color":"var(--ast-global-color-5)","background-image":"","background-repeat":"repeat","background-position":"center center","background-size":"auto","background-attachment":"scroll","background-type":"","background-media":"","overlay-type":"","overlay-color":"","overlay-opacity":"","overlay-gradient":""},"tablet":{"background-color":"var(--ast-global-color-5)","background-image":"","background-repeat":"repeat","background-position":"center center","background-size":"auto","background-attachment":"scroll","background-type":"","background-media":"","overlay-type":"","overlay-color":"","overlay-opacity":"","overlay-gradient":""},"mobile":{"background-color":"var(--ast-global-color-5)","background-image":"","background-repeat":"repeat","background-position":"center center","background-size":"auto","background-attachment":"scroll","background-type":"","background-media":"","overlay-type":"","overlay-color":"","overlay-opacity":"","overlay-gradient":""}},"footnotes":""},"class_list":["post-2167","page","type-page","status-publish","hentry"],"_links":{"self":[{"href":"https:\/\/vihti-gym.fi\/index.php\/wp-json\/wp\/v2\/pages\/2167","targetHints":{"allow":["GET"]}}],"collection":[{"href":"https:\/\/vihti-gym.fi\/index.php\/wp-json\/wp\/v2\/pages"}],"about":[{"href":"https:\/\/vihti-gym.fi\/index.php\/wp-json\/wp\/v2\/types\/page"}],"author":[{"embeddable":true,"href":"https:\/\/vihti-gym.fi\/index.php\/wp-json\/wp\/v2\/users\/7"}],"replies":[{"embeddable":true,"href":"https:\/\/vihti-gym.fi\/index.php\/wp-json\/wp\/v2\/comments?post=2167"}],"version-history":[{"count":3,"href":"https:\/\/vihti-gym.fi\/index.php\/wp-json\/wp\/v2\/pages\/2167\/revisions"}],"predecessor-version":[{"id":2263,"href":"https:\/\/vihti-gym.fi\/index.php\/wp-json\/wp\/v2\/pages\/2167\/revisions\/2263"}],"up":[{"embeddable":true,"href":"https:\/\/vihti-gym.fi\/index.php\/wp-json\/wp\/v2\/pages\/227"}],"wp:attachment":[{"href":"https:\/\/vihti-gym.fi\/index.php\/wp-json\/wp\/v2\/media?parent=2167"}],"curies":[{"name":"wp","href":"https:\/\/api.w.org\/{rel}","templated":true}]}}