{"id":209,"date":"2025-12-09T20:56:33","date_gmt":"2025-12-09T18:56:33","guid":{"rendered":"https:\/\/aboanalytics.wordpress.com\/?page_id=202"},"modified":"2025-12-09T21:00:12","modified_gmt":"2025-12-09T19:00:12","slug":"joukkuevoimistelu-2","status":"publish","type":"page","link":"https:\/\/vihti-gym.fi\/index.php\/valmennusryhmat\/joukkuevoimistelu-2\/","title":{"rendered":"Joukkuevoimistelu"},"content":{"rendered":"\n<figure class=\"wp-block-image size-large\"><img loading=\"lazy\" decoding=\"async\" width=\"1024\" height=\"682\" src=\"https:\/\/vihti-gym.fi\/wp-content\/uploads\/2022\/02\/vihti_gym_joukkuevoimistelu_2-1024x682.jpg\" alt=\"\" class=\"wp-image-820\" srcset=\"https:\/\/vihti-gym.fi\/wp-content\/uploads\/2022\/02\/vihti_gym_joukkuevoimistelu_2-1024x682.jpg 1024w, https:\/\/vihti-gym.fi\/wp-content\/uploads\/2022\/02\/vihti_gym_joukkuevoimistelu_2-300x200.jpg 300w, https:\/\/vihti-gym.fi\/wp-content\/uploads\/2022\/02\/vihti_gym_joukkuevoimistelu_2-768x512.jpg 768w, https:\/\/vihti-gym.fi\/wp-content\/uploads\/2022\/02\/vihti_gym_joukkuevoimistelu_2-1536x1024.jpg 1536w, https:\/\/vihti-gym.fi\/wp-content\/uploads\/2022\/02\/vihti_gym_joukkuevoimistelu_2.jpg 2000w\" sizes=\"auto, (max-width: 1024px) 100vw, 1024px\" \/><figcaption class=\"wp-element-caption\">Lilette Kuva: Pietari Hatanp\u00e4\u00e4<\/figcaption><\/figure>\n\n\n\n<div class=\"wp-block-columns is-layout-flex wp-container-core-columns-is-layout-28f84493 wp-block-columns-is-layout-flex\">\n<div class=\"wp-block-column is-layout-flow wp-block-column-is-layout-flow\" style=\"flex-basis:33.34%\">\n<div class=\"wp-block-buttons is-layout-flex wp-block-buttons-is-layout-flex\">\n<div class=\"wp-block-button has-custom-width wp-block-button__width-100\"><a class=\"wp-block-button__link has-medium-font-size has-custom-font-size wp-element-button\" href=\"https:\/\/vihti-gym.fi\/index.php\/joukkuevoimistelu-2\/odessa-2019-2020\/\" style=\"border-radius:10px\">Odessa 2019-2020<\/a><\/div>\n<\/div>\n<\/div>\n\n\n\n<div class=\"wp-block-column is-layout-flow wp-block-column-is-layout-flow\" style=\"flex-basis:33.34%\">\n<div class=\"wp-block-buttons is-layout-flex wp-block-buttons-is-layout-flex\">\n<div class=\"wp-block-button has-custom-width wp-block-button__width-100\"><a class=\"wp-block-button__link has-medium-font-size has-custom-font-size wp-element-button\" href=\"https:\/\/vihti-gym.fi\/index.php\/lilia-2016-2018\/\" style=\"border-radius:10px\" target=\"_blank\" rel=\"noreferrer noopener\">Amelia 2016-2018<\/a><\/div>\n<\/div>\n<\/div>\n\n\n\n<div class=\"wp-block-column has-medium-font-size is-layout-flow wp-block-column-is-layout-flow\" style=\"border-radius:10px\"><\/div>\n\n\n\n<div class=\"wp-block-column is-layout-flow wp-block-column-is-layout-flow\"><\/div>\n\n\n\n<div class=\"wp-block-column is-layout-flow wp-block-column-is-layout-flow\"><\/div>\n\n\n\n<div class=\"wp-block-column is-layout-flow wp-block-column-is-layout-flow\" style=\"flex-basis:33.34%\">\n<div class=\"wp-block-buttons is-content-justification-right is-layout-flex wp-container-core-buttons-is-layout-d445cf74 wp-block-buttons-is-layout-flex\">\n<div class=\"wp-block-button has-custom-width wp-block-button__width-100\"><a class=\"wp-block-button__link has-medium-font-size has-custom-font-size wp-element-button\" href=\"https:\/\/vihti-gym.fi\/index.php\/kiara-2015-2015\/\" style=\"border-radius:10px\">Kiara 2014-2015<\/a><\/div>\n\n\n\n<div class=\"wp-block-button has-custom-width wp-block-button__width-100\"><a class=\"wp-block-button__link has-medium-font-size has-text-align-center has-custom-font-size wp-element-button\" style=\"border-radius:10px\">Amira<\/a><\/div>\n<\/div>\n<\/div>\n<\/div>\n\n\n\n<p><\/p>\n\n\n\n<p><\/p>\n\n\n\n<p><\/p>\n\n\n\n<p>Joukkuevoimistelu on kehittynyt suomalaisesta naisvoimistelusta kansainv\u00e4liseksi kilpaurheilulajiksi ja se on harrastajam\u00e4\u00e4r\u00e4lt\u00e4\u00e4n Suomen Voimisteluliiton lajeista suurin.<\/p>\n\n\n\n<p>Laji vaatii voimistelijalta liikkuvuutta, tasapainoa, koordinaatiota ja rytmitajua ja siin\u00e4 korostuvat vartalon liikkeiden virtaavuus, ilmaisullisuus ja esteettisyys. Hyv\u00e4lle suoritukselle on ominaista yhten\u00e4isyys ja yht\u00e4aikaisuus.<\/p>\n\n\n\n<p>Joukkuevoimistelun kilpailuohjelma on liikkeiden ja musiikin muodostama taiteellinen ja urheilullinen kokonaisuus. Vuonna 2003 perustettiin Kansainv\u00e4linen Joukkuevoimisteluliitto&nbsp;<a href=\"http:\/\/www.ifagg.com\/\">IFAGG<\/a>. Lajiesittely l\u00f6ytyy Voimisteluliiiton sivuilta:&nbsp;<a href=\"http:\/\/www.voimistelu.fi\/fi\/Kilpavoimistelu\/Joukkuevoimistelu\/Lajiesittely\">http:\/\/www.voimistelu.fi\/fi\/Kilpavoimistelu\/Joukkuevoimistelu\/Lajiesittely<\/a>.<\/p>\n\n\n\n<p><\/p>\n\n\n\n<p><strong>Kilpailut<\/strong><\/p>\n\n\n\n<p>Joukkuevoimistelussa yli 12 -vuotiaiden joukkueet kilpailevat harraste-, kilpa- tai SM-tasolla. Vihti Gymiss\u00e4 joukkueet kilpailevat kilpa- sek\u00e4 harrastesarjassa.<\/p>\n\n\n\n<p>Alle 12-vuotiaiden lasten sarjoissa kilpaillaan vain yhdell\u00e4 sarjatasolla&nbsp;ik\u00e4luokissa&nbsp;<strong>8-10-vuotiaat<\/strong>&nbsp;ja&nbsp;<strong>10-12-vuotiaat<\/strong>. Alle 12-vuotiailla on my\u00f6s mahdollisuus esiinty\u00e4&nbsp;<strong><a href=\"http:\/\/www.voimistelu.fi\/fi\/Harrastevoimistelu\/Tapahtumat-ja-lisenssit\/Voimistelun-Asema\">Voimistelun<\/a><\/strong><a href=\"http:\/\/www.voimistelu.fi\/fi\/Harrastevoimistelu\/Tapahtumat-ja-lisenssit\/Voimistelun-Asema\">&nbsp;<strong>Stara-tapahtumissa<\/strong><\/a>, joissa joukkueita ei aseteta paremmuusj\u00e4rjestykseen.<br>&nbsp;<\/p>\n\n\n\n<h3 class=\"wp-block-heading has-text-align-center\">Kotimaan kilpailut<\/h3>\n\n\n\n<p><strong>Joukkuevoimistelun Cup kilpailut&nbsp;<\/strong>ovat Voimisteluliiton j\u00e4senseurojen j\u00e4rjest\u00e4mi\u00e4 kilpailuita, jotka my\u00f6nt\u00e4\u00e4 joukkuevoimistelun lajiasiantuntijaryhm\u00e4. Kilpailuissa on mukana vain osa kilpailusarjoista tai sarjatasoista, jotta kilpailuiden koko s\u00e4ilyy j\u00e4rjest\u00e4jien, osallistujien ja tilojen osalta sopivana.&nbsp;<\/p>\n\n\n\n<p><strong>Valtakunnallisissa mestaruuskilpailuissa<\/strong>&nbsp;ratkotaan kilpasarjojen mestaruudet sek\u00e4 Suomen mestaruudet yli 12-vuotiaiden sarjoissa.<\/p>\n\n\n\n<p>Lis\u00e4\u00e4 kilpailuista voit lukea Voimisteluliiton sivuilta linkist\u00e4: <a rel=\"noreferrer noopener\" href=\"http:\/\/www.voimistelu.fi\/fi\/Kilpavoimistelu\/Joukkuevoimistelu\/Kilpailu\/Kotimaan-Kilpailut\" target=\"_blank\">http:\/\/www.voimistelu.fi\/fi\/Kilpavoimistelu\/Joukkuevoimistelu\/Kilpailu\/Kotimaan-Kilpailut<\/a><\/p>\n","protected":false},"excerpt":{"rendered":"<p>Joukkuevoimistelu on kehittynyt suomalaisesta naisvoimistelusta kansainv\u00e4liseksi kilpaurheilulajiksi ja se on harrastajam\u00e4\u00e4r\u00e4lt\u00e4\u00e4n Suomen Voimisteluliiton lajeista suurin. Laji vaatii voimistelijalta liikkuvuutta, tasapainoa, koordinaatiota ja rytmitajua ja siin\u00e4 korostuvat vartalon liikkeiden virtaavuus, ilmaisullisuus ja esteettisyys. Hyv\u00e4lle suoritukselle on ominaista yhten\u00e4isyys ja yht\u00e4aikaisuus. Joukkuevoimistelun kilpailuohjelma on liikkeiden ja musiikin muodostama taiteellinen ja urheilullinen kokonaisuus. Vuonna 2003 perustettiin Kansainv\u00e4linen Joukkuevoimisteluliitto&nbsp;IFAGG. [&hellip;]<\/p>\n","protected":false},"author":2,"featured_media":0,"parent":208,"menu_order":0,"comment_status":"closed","ping_status":"closed","template":"","meta":{"site-sidebar-layout":"default","site-content-layout":"","ast-site-content-layout":"default","site-content-style":"default","site-sidebar-style":"default","ast-global-header-display":"","ast-banner-title-visibility":"","ast-main-header-display":"","ast-hfb-above-header-display":"","ast-hfb-below-header-display":"","ast-hfb-mobile-header-display":"","site-post-title":"","ast-breadcrumbs-content":"","ast-featured-img":"","footer-sml-layout":"","ast-disable-related-posts":"","theme-transparent-header-meta":"","adv-header-id-meta":"","stick-header-meta":"","header-above-stick-meta":"","header-main-stick-meta":"","header-below-stick-meta":"","astra-migrate-meta-layouts":"set","ast-page-background-enabled":"default","ast-page-background-meta":{"desktop":{"background-color":"var(--ast-global-color-4)","background-image":"","background-repeat":"repeat","background-position":"center center","background-size":"auto","background-attachment":"scroll","background-type":"","background-media":"","overlay-type":"","overlay-color":"","overlay-opacity":"","overlay-gradient":""},"tablet":{"background-color":"","background-image":"","background-repeat":"repeat","background-position":"center center","background-size":"auto","background-attachment":"scroll","background-type":"","background-media":"","overlay-type":"","overlay-color":"","overlay-opacity":"","overlay-gradient":""},"mobile":{"background-color":"","background-image":"","background-repeat":"repeat","background-position":"center center","background-size":"auto","background-attachment":"scroll","background-type":"","background-media":"","overlay-type":"","overlay-color":"","overlay-opacity":"","overlay-gradient":""}},"ast-content-background-meta":{"desktop":{"background-color":"var(--ast-global-color-5)","background-image":"","background-repeat":"repeat","background-position":"center center","background-size":"auto","background-attachment":"scroll","background-type":"","background-media":"","overlay-type":"","overlay-color":"","overlay-opacity":"","overlay-gradient":""},"tablet":{"background-color":"var(--ast-global-color-5)","background-image":"","background-repeat":"repeat","background-position":"center center","background-size":"auto","background-attachment":"scroll","background-type":"","background-media":"","overlay-type":"","overlay-color":"","overlay-opacity":"","overlay-gradient":""},"mobile":{"background-color":"var(--ast-global-color-5)","background-image":"","background-repeat":"repeat","background-position":"center center","background-size":"auto","background-attachment":"scroll","background-type":"","background-media":"","overlay-type":"","overlay-color":"","overlay-opacity":"","overlay-gradient":""}},"footnotes":""},"class_list":["post-209","page","type-page","status-publish","hentry"],"_links":{"self":[{"href":"https:\/\/vihti-gym.fi\/index.php\/wp-json\/wp\/v2\/pages\/209","targetHints":{"allow":["GET"]}}],"collection":[{"href":"https:\/\/vihti-gym.fi\/index.php\/wp-json\/wp\/v2\/pages"}],"about":[{"href":"https:\/\/vihti-gym.fi\/index.php\/wp-json\/wp\/v2\/types\/page"}],"author":[{"embeddable":true,"href":"https:\/\/vihti-gym.fi\/index.php\/wp-json\/wp\/v2\/users\/2"}],"replies":[{"embeddable":true,"href":"https:\/\/vihti-gym.fi\/index.php\/wp-json\/wp\/v2\/comments?post=209"}],"version-history":[{"count":20,"href":"https:\/\/vihti-gym.fi\/index.php\/wp-json\/wp\/v2\/pages\/209\/revisions"}],"predecessor-version":[{"id":2632,"href":"https:\/\/vihti-gym.fi\/index.php\/wp-json\/wp\/v2\/pages\/209\/revisions\/2632"}],"up":[{"embeddable":true,"href":"https:\/\/vihti-gym.fi\/index.php\/wp-json\/wp\/v2\/pages\/208"}],"wp:attachment":[{"href":"https:\/\/vihti-gym.fi\/index.php\/wp-json\/wp\/v2\/media?parent=209"}],"curies":[{"name":"wp","href":"https:\/\/api.w.org\/{rel}","templated":true}]}}