{"id":208,"date":"2021-10-22T14:51:19","date_gmt":"2021-10-22T11:51:19","guid":{"rendered":"https:\/\/aboanalytics.wordpress.com\/?page_id=200"},"modified":"2025-12-09T20:09:04","modified_gmt":"2025-12-09T18:09:04","slug":"valmennusryhmat","status":"publish","type":"page","link":"https:\/\/vihti-gym.fi\/index.php\/valmennusryhmat\/","title":{"rendered":"Valmennusryhm\u00e4t"},"content":{"rendered":"\n<h2 class=\"wp-block-heading has-text-align-center has-large-font-size\"><strong>Valmennusryhm\u00e4t<\/strong><\/h2>\n\n\n\n<figure class=\"wp-block-image aligncenter size-large\"><img loading=\"lazy\" decoding=\"async\" width=\"1024\" height=\"682\" src=\"https:\/\/vihti-gym.fi\/wp-content\/uploads\/2022\/02\/vihti-gym_valmennusryhmat_1-1024x682.jpg\" alt=\"\" class=\"wp-image-816\" srcset=\"https:\/\/vihti-gym.fi\/wp-content\/uploads\/2022\/02\/vihti-gym_valmennusryhmat_1-1024x682.jpg 1024w, https:\/\/vihti-gym.fi\/wp-content\/uploads\/2022\/02\/vihti-gym_valmennusryhmat_1-300x200.jpg 300w, https:\/\/vihti-gym.fi\/wp-content\/uploads\/2022\/02\/vihti-gym_valmennusryhmat_1-768x512.jpg 768w, https:\/\/vihti-gym.fi\/wp-content\/uploads\/2022\/02\/vihti-gym_valmennusryhmat_1-1536x1024.jpg 1536w, https:\/\/vihti-gym.fi\/wp-content\/uploads\/2022\/02\/vihti-gym_valmennusryhmat_1.jpg 2000w\" sizes=\"auto, (max-width: 1024px) 100vw, 1024px\" \/><\/figure>\n\n\n\n<div class=\"wp-block-buttons is-layout-flex wp-block-buttons-is-layout-flex\">\n<div class=\"wp-block-button has-custom-width wp-block-button__width-50\"><a class=\"wp-block-button__link has-medium-font-size has-custom-font-size wp-element-button\" href=\"https:\/\/vihti-gym.fi\/index.php\/joukkuevoimistelu-2\/\" style=\"border-radius:10px\">Joukkuevoimistelu<\/a><\/div>\n\n\n\n<div class=\"wp-block-button has-custom-width wp-block-button__width-50\"><a class=\"wp-block-button__link has-medium-font-size has-custom-font-size wp-element-button\" href=\"https:\/\/vihti-gym.fi\/index.php\/cheerleading-2\/\" style=\"border-radius:10px\">Cheerleading<\/a><\/div>\n<\/div>\n\n\n\n<div class=\"wp-block-buttons is-layout-flex wp-block-buttons-is-layout-flex\">\n<div class=\"wp-block-button has-custom-width wp-block-button__width-50\"><a class=\"wp-block-button__link has-medium-font-size has-custom-font-size wp-element-button\" href=\"https:\/\/vihti-gym.fi\/index.php\/tanssillinen-voimistelu-2\/\" style=\"border-radius:10px\">Tanssillinen voimistelu<\/a><\/div>\n<\/div>\n\n\n\n<h2 class=\"wp-block-heading has-text-align-center\"><strong>Kilpaileminen Vihti-Gymiss\u00e4<\/strong><\/h2>\n\n\n\n<p class=\"has-normal-font-size\">Vihti-Gymiss\u00e4 voi kilpailla kolmessa lajissa &#8211; joukkuevoimistelussa, cheerleadingissa sek\u00e4 tanssillisessa voimistelussa.<\/p>\n\n\n\n<p class=\"has-normal-font-size\">Joukkuevoimistelujoukkueita on seurassa nelj\u00e4: Odessa, Amelia, Kiara ja Amira<\/p>\n\n\n\n<p class=\"has-normal-font-size\">Cheerleading joukkueita seurasta l\u00f6ytyy nelj\u00e4 kappaletta: Viable, Velocity, Variety ja Voima<\/p>\n\n\n\n<p class=\"has-normal-font-size\">Seurassa on my\u00f6s viisi tanssillisen voimistelun joukkuetta: Jadelia, Rosalia, Clara, Korennot ja Impulssi<\/p>\n\n\n\n<p><a href=\"https:\/\/vihti-gym.fi\/wp-content\/uploads\/2023\/08\/Valmennusjoukkueen-kulujen-muodostuminen.pdf\" target=\"_blank\" rel=\"noreferrer noopener\">Tutustu t\u00e4\u00e4lt\u00e4<\/a> valmennusryhmien kulujen muodostumiseen.<\/p>\n\n\n\n<p><\/p>\n","protected":false},"excerpt":{"rendered":"<p>Valmennusryhm\u00e4t Kilpaileminen Vihti-Gymiss\u00e4 Vihti-Gymiss\u00e4 voi kilpailla kolmessa lajissa &#8211; joukkuevoimistelussa, cheerleadingissa sek\u00e4 tanssillisessa voimistelussa. Joukkuevoimistelujoukkueita on seurassa nelj\u00e4: Odessa, Amelia, Kiara ja Amira Cheerleading joukkueita seurasta l\u00f6ytyy nelj\u00e4 kappaletta: Viable, Velocity, Variety ja Voima Seurassa on my\u00f6s viisi tanssillisen voimistelun joukkuetta: Jadelia, Rosalia, Clara, Korennot ja Impulssi Tutustu t\u00e4\u00e4lt\u00e4 valmennusryhmien kulujen muodostumiseen.<\/p>\n","protected":false},"author":2,"featured_media":0,"parent":0,"menu_order":0,"comment_status":"closed","ping_status":"closed","template":"","meta":{"site-sidebar-layout":"default","site-content-layout":"","ast-site-content-layout":"default","site-content-style":"default","site-sidebar-style":"default","ast-global-header-display":"","ast-banner-title-visibility":"","ast-main-header-display":"","ast-hfb-above-header-display":"","ast-hfb-below-header-display":"","ast-hfb-mobile-header-display":"","site-post-title":"","ast-breadcrumbs-content":"","ast-featured-img":"","footer-sml-layout":"","ast-disable-related-posts":"","theme-transparent-header-meta":"","adv-header-id-meta":"","stick-header-meta":"","header-above-stick-meta":"","header-main-stick-meta":"","header-below-stick-meta":"","astra-migrate-meta-layouts":"set","ast-page-background-enabled":"default","ast-page-background-meta":{"desktop":{"background-color":"var(--ast-global-color-4)","background-image":"","background-repeat":"repeat","background-position":"center center","background-size":"auto","background-attachment":"scroll","background-type":"","background-media":"","overlay-type":"","overlay-color":"","overlay-opacity":"","overlay-gradient":""},"tablet":{"background-color":"","background-image":"","background-repeat":"repeat","background-position":"center center","background-size":"auto","background-attachment":"scroll","background-type":"","background-media":"","overlay-type":"","overlay-color":"","overlay-opacity":"","overlay-gradient":""},"mobile":{"background-color":"","background-image":"","background-repeat":"repeat","background-position":"center center","background-size":"auto","background-attachment":"scroll","background-type":"","background-media":"","overlay-type":"","overlay-color":"","overlay-opacity":"","overlay-gradient":""}},"ast-content-background-meta":{"desktop":{"background-color":"var(--ast-global-color-5)","background-image":"","background-repeat":"repeat","background-position":"center center","background-size":"auto","background-attachment":"scroll","background-type":"","background-media":"","overlay-type":"","overlay-color":"","overlay-opacity":"","overlay-gradient":""},"tablet":{"background-color":"var(--ast-global-color-5)","background-image":"","background-repeat":"repeat","background-position":"center center","background-size":"auto","background-attachment":"scroll","background-type":"","background-media":"","overlay-type":"","overlay-color":"","overlay-opacity":"","overlay-gradient":""},"mobile":{"background-color":"var(--ast-global-color-5)","background-image":"","background-repeat":"repeat","background-position":"center center","background-size":"auto","background-attachment":"scroll","background-type":"","background-media":"","overlay-type":"","overlay-color":"","overlay-opacity":"","overlay-gradient":""}},"footnotes":""},"class_list":["post-208","page","type-page","status-publish","hentry"],"_links":{"self":[{"href":"https:\/\/vihti-gym.fi\/index.php\/wp-json\/wp\/v2\/pages\/208","targetHints":{"allow":["GET"]}}],"collection":[{"href":"https:\/\/vihti-gym.fi\/index.php\/wp-json\/wp\/v2\/pages"}],"about":[{"href":"https:\/\/vihti-gym.fi\/index.php\/wp-json\/wp\/v2\/types\/page"}],"author":[{"embeddable":true,"href":"https:\/\/vihti-gym.fi\/index.php\/wp-json\/wp\/v2\/users\/2"}],"replies":[{"embeddable":true,"href":"https:\/\/vihti-gym.fi\/index.php\/wp-json\/wp\/v2\/comments?post=208"}],"version-history":[{"count":16,"href":"https:\/\/vihti-gym.fi\/index.php\/wp-json\/wp\/v2\/pages\/208\/revisions"}],"predecessor-version":[{"id":2618,"href":"https:\/\/vihti-gym.fi\/index.php\/wp-json\/wp\/v2\/pages\/208\/revisions\/2618"}],"wp:attachment":[{"href":"https:\/\/vihti-gym.fi\/index.php\/wp-json\/wp\/v2\/media?parent=208"}],"curies":[{"name":"wp","href":"https:\/\/api.w.org\/{rel}","templated":true}]}}