{"id":207,"date":"2021-10-22T14:48:18","date_gmt":"2021-10-22T11:48:18","guid":{"rendered":"https:\/\/aboanalytics.wordpress.com\/?page_id=198"},"modified":"2025-07-07T13:46:48","modified_gmt":"2025-07-07T10:46:48","slug":"harrasteryhmat","status":"publish","type":"page","link":"https:\/\/vihti-gym.fi\/index.php\/harrasteryhmat\/","title":{"rendered":"Harrasteryhm\u00e4t"},"content":{"rendered":"\n<h2 class=\"wp-block-heading has-text-align-center has-large-font-size\"><strong>Harrasteryhm\u00e4t<\/strong><\/h2>\n\n\n\n<figure class=\"wp-block-image aligncenter size-large\"><img loading=\"lazy\" decoding=\"async\" width=\"1024\" height=\"682\" src=\"https:\/\/vihti-gym.fi\/wp-content\/uploads\/2022\/02\/Vihti-Gym_harrasteryhmat_1-1024x682.jpg\" alt=\"\" class=\"wp-image-812\" srcset=\"https:\/\/vihti-gym.fi\/wp-content\/uploads\/2022\/02\/Vihti-Gym_harrasteryhmat_1-1024x682.jpg 1024w, https:\/\/vihti-gym.fi\/wp-content\/uploads\/2022\/02\/Vihti-Gym_harrasteryhmat_1-300x200.jpg 300w, https:\/\/vihti-gym.fi\/wp-content\/uploads\/2022\/02\/Vihti-Gym_harrasteryhmat_1-768x512.jpg 768w, https:\/\/vihti-gym.fi\/wp-content\/uploads\/2022\/02\/Vihti-Gym_harrasteryhmat_1-1536x1024.jpg 1536w, https:\/\/vihti-gym.fi\/wp-content\/uploads\/2022\/02\/Vihti-Gym_harrasteryhmat_1.jpg 2000w\" sizes=\"auto, (max-width: 1024px) 100vw, 1024px\" \/><figcaption class=\"wp-element-caption\">Kuva: Pietari Hatanp\u00e4\u00e4<\/figcaption><\/figure>\n\n\n\n<div class=\"wp-block-buttons is-layout-flex wp-block-buttons-is-layout-flex\">\n<div class=\"wp-block-button has-custom-width wp-block-button__width-50\"><a class=\"wp-block-button__link has-medium-font-size has-custom-font-size wp-element-button\" href=\"https:\/\/vihti-gym.fi\/index.php\/perheliikunta-3-4-vuotiaat-aikuisen-kanssa\/\" style=\"border-radius:10px\">Perheliikunta 1-5v.<\/a><\/div>\n\n\n\n<div class=\"wp-block-button has-custom-width wp-block-button__width-50\"><a class=\"wp-block-button__link has-medium-font-size has-custom-font-size wp-element-button\" href=\"https:\/\/vihti-gym.fi\/index.php\/lasten-liikunta-3-12-vuotiaat\/\" style=\"border-radius:10px\">Lasten liikunta 3-12v.<\/a><\/div>\n<\/div>\n\n\n\n<p style=\"font-size:3px\"><\/p>\n\n\n\n<div class=\"wp-block-buttons is-layout-flex wp-block-buttons-is-layout-flex\">\n<div class=\"wp-block-button has-custom-width wp-block-button__width-50\"><a class=\"wp-block-button__link has-medium-font-size has-custom-font-size wp-element-button\" href=\"https:\/\/vihti-gym.fi\/index.php\/nuorten-liikunta-13-19-vuotiaat\/\" style=\"border-radius:10px\">Nuorten liikunta 12-19v.<\/a><\/div>\n\n\n\n<div class=\"wp-block-button has-custom-width wp-block-button__width-50\"><a class=\"wp-block-button__link has-medium-font-size has-custom-font-size wp-element-button\" href=\"https:\/\/vihti-gym.fi\/index.php\/aikuisten-liikunta\/\" style=\"border-radius:10px\">Aikuisten liikunta<\/a><\/div>\n<\/div>\n\n\n\n<blockquote class=\"wp-block-quote is-layout-flow wp-block-quote-is-layout-flow\">\n<p><\/p>\n<cite>Tarjoamme koko perheelle ja erityisesti perheen pienimmille (1-5v.) turvallisia, kehitt\u00e4vi\u00e4 ja liikuntaan innostavia liikuntakokemuksia PerheGym -ryhmiss\u00e4 lapselle tutun aikuisen kanssa. Lapsille ja nuorille Vihti-Gym tarjoaa monipuolisesti eri harrasteryhmi\u00e4, joihin lapsi voi osallistua ilman aikaisempaa kokemusta lajeista. Aikuisille seura tarjoaa harrasteliikuntaa ryhm\u00e4liikunnan parissa. Monipuolisia ja rasittavuudeltaan vaihtelevia tunteja l\u00f6ytyy jokaiselle kuntotasolle aina ik\u00e4ihmisille asti.\u00a0<\/cite><\/blockquote>\n\n\n\n<p><strong>Katso hinnat&nbsp;<a href=\"https:\/\/vihti-gym.fi\/index.php\/jasenmaksut\/\" data-type=\"page\" data-id=\"91\">t\u00e4\u00e4lt\u00e4<\/a><\/strong>.<\/p>\n\n\n\n<h2 class=\"wp-block-heading has-text-align-center\">Huoltajien pelis\u00e4\u00e4nn\u00f6t<\/h2>\n\n\n\n<ol class=\"wp-block-list\">\n<li>Autot pys\u00e4k\u00f6id\u00e4\u00e4n niille merkityille paikoille.\u00a0<\/li>\n\n\n\n<li>Keng\u00e4t j\u00e4tet\u00e4\u00e4n kenk\u00e4telineisiin hyv\u00e4\u00e4n j\u00e4rjestykseen.\u00a0<\/li>\n\n\n\n<li>Lapsella\/nuorella on asiaankuuluvat liikuntavarusteet.\u00a0<\/li>\n\n\n\n<li>Lasten\/nuorten vaatteissa ja tarvikkeissa on nimi.\u00a0<\/li>\n\n\n\n<li>Lapsi\/nuori saapuu ajoissa harjoituksiin.\u00a0<\/li>\n\n\n\n<li>Pidempiaikaisesta poissaolosta tai lapsen\/nuoren harrastuksen\u00a0tai keskeytt\u00e4misest\u00e4 tulee ilmoittaa ohjaajille.\u00a0<\/li>\n\n\n\n<li>Lapset\/nuoret ovat liikuntatunnin ajan ohjaajan kanssa salissa.\u00a0<\/li>\n\n\n\n<li>Huoltaja on vastuussa lapsen\/nuoren kulkemisesta harjoituksiin.\u00a0<\/li>\n\n\n\n<li>Mik\u00e4li lapsella\/nuorella on jokin liikuntaan vaikuttava tekij\u00e4 (astma\u00a0tms.), tulee siit\u00e4 ilmoittaa ohjaajalle\u00a0<\/li>\n\n\n\n<li>Tutustun lapsen\/nuoren kanssa yhdess\u00e4 jumppakoulupassiin \/ jumppavihkoon ja muihin tiedotteisiin yms.\u00a0<\/li>\n\n\n\n<li>Arvostan ja tuen lapsen\/nuoren harrastusta\u00a0<\/li>\n\n\n\n<li>Muistan, ett\u00e4 harrastustoiminta on lapselle\/nuorelle vapaaehtoista<\/li>\n<\/ol>\n\n\n\n<p><\/p>\n","protected":false},"excerpt":{"rendered":"<p>Harrasteryhm\u00e4t Tarjoamme koko perheelle ja erityisesti perheen pienimmille (1-5v.) turvallisia, kehitt\u00e4vi\u00e4 ja liikuntaan innostavia liikuntakokemuksia PerheGym -ryhmiss\u00e4 lapselle tutun aikuisen kanssa. Lapsille ja nuorille Vihti-Gym tarjoaa monipuolisesti eri harrasteryhmi\u00e4, joihin lapsi voi osallistua ilman aikaisempaa kokemusta lajeista. Aikuisille seura tarjoaa harrasteliikuntaa ryhm\u00e4liikunnan parissa. Monipuolisia ja rasittavuudeltaan vaihtelevia tunteja l\u00f6ytyy jokaiselle kuntotasolle aina ik\u00e4ihmisille asti.\u00a0 Katso [&hellip;]<\/p>\n","protected":false},"author":2,"featured_media":0,"parent":0,"menu_order":0,"comment_status":"closed","ping_status":"closed","template":"","meta":{"site-sidebar-layout":"default","site-content-layout":"","ast-site-content-layout":"default","site-content-style":"default","site-sidebar-style":"default","ast-global-header-display":"","ast-banner-title-visibility":"","ast-main-header-display":"","ast-hfb-above-header-display":"","ast-hfb-below-header-display":"","ast-hfb-mobile-header-display":"","site-post-title":"","ast-breadcrumbs-content":"","ast-featured-img":"","footer-sml-layout":"","ast-disable-related-posts":"","theme-transparent-header-meta":"","adv-header-id-meta":"","stick-header-meta":"","header-above-stick-meta":"","header-main-stick-meta":"","header-below-stick-meta":"","astra-migrate-meta-layouts":"set","ast-page-background-enabled":"default","ast-page-background-meta":{"desktop":{"background-color":"var(--ast-global-color-4)","background-image":"","background-repeat":"repeat","background-position":"center center","background-size":"auto","background-attachment":"scroll","background-type":"","background-media":"","overlay-type":"","overlay-color":"","overlay-opacity":"","overlay-gradient":""},"tablet":{"background-color":"","background-image":"","background-repeat":"repeat","background-position":"center center","background-size":"auto","background-attachment":"scroll","background-type":"","background-media":"","overlay-type":"","overlay-color":"","overlay-opacity":"","overlay-gradient":""},"mobile":{"background-color":"","background-image":"","background-repeat":"repeat","background-position":"center center","background-size":"auto","background-attachment":"scroll","background-type":"","background-media":"","overlay-type":"","overlay-color":"","overlay-opacity":"","overlay-gradient":""}},"ast-content-background-meta":{"desktop":{"background-color":"var(--ast-global-color-5)","background-image":"","background-repeat":"repeat","background-position":"center center","background-size":"auto","background-attachment":"scroll","background-type":"","background-media":"","overlay-type":"","overlay-color":"","overlay-opacity":"","overlay-gradient":""},"tablet":{"background-color":"var(--ast-global-color-5)","background-image":"","background-repeat":"repeat","background-position":"center center","background-size":"auto","background-attachment":"scroll","background-type":"","background-media":"","overlay-type":"","overlay-color":"","overlay-opacity":"","overlay-gradient":""},"mobile":{"background-color":"var(--ast-global-color-5)","background-image":"","background-repeat":"repeat","background-position":"center center","background-size":"auto","background-attachment":"scroll","background-type":"","background-media":"","overlay-type":"","overlay-color":"","overlay-opacity":"","overlay-gradient":""}},"footnotes":""},"class_list":["post-207","page","type-page","status-publish","hentry"],"_links":{"self":[{"href":"https:\/\/vihti-gym.fi\/index.php\/wp-json\/wp\/v2\/pages\/207","targetHints":{"allow":["GET"]}}],"collection":[{"href":"https:\/\/vihti-gym.fi\/index.php\/wp-json\/wp\/v2\/pages"}],"about":[{"href":"https:\/\/vihti-gym.fi\/index.php\/wp-json\/wp\/v2\/types\/page"}],"author":[{"embeddable":true,"href":"https:\/\/vihti-gym.fi\/index.php\/wp-json\/wp\/v2\/users\/2"}],"replies":[{"embeddable":true,"href":"https:\/\/vihti-gym.fi\/index.php\/wp-json\/wp\/v2\/comments?post=207"}],"version-history":[{"count":20,"href":"https:\/\/vihti-gym.fi\/index.php\/wp-json\/wp\/v2\/pages\/207\/revisions"}],"predecessor-version":[{"id":2453,"href":"https:\/\/vihti-gym.fi\/index.php\/wp-json\/wp\/v2\/pages\/207\/revisions\/2453"}],"wp:attachment":[{"href":"https:\/\/vihti-gym.fi\/index.php\/wp-json\/wp\/v2\/media?parent=207"}],"curies":[{"name":"wp","href":"https:\/\/api.w.org\/{rel}","templated":true}]}}