{"id":177,"date":"2021-10-22T14:16:58","date_gmt":"2021-10-22T11:16:58","guid":{"rendered":"https:\/\/aboanalytics.wordpress.com\/?page_id=177"},"modified":"2026-04-12T16:52:49","modified_gmt":"2026-04-12T13:52:49","slug":"kevatkimara","status":"publish","type":"page","link":"https:\/\/vihti-gym.fi\/index.php\/kevatkimara\/","title":{"rendered":"Kev\u00e4tkimara"},"content":{"rendered":"\n<h2 class=\"wp-block-heading\">Vihti-Gymin Kev\u00e4tkimara helatorstaina 14.5.2026<\/h2>\n\n\n\n<figure class=\"wp-block-image size-large\"><img loading=\"lazy\" decoding=\"async\" width=\"1024\" height=\"512\" src=\"https:\/\/vihti-gym.fi\/wp-content\/uploads\/2026\/04\/Kevatkimara-4-1024x512.png\" alt=\"\" class=\"wp-image-2677\" srcset=\"https:\/\/vihti-gym.fi\/wp-content\/uploads\/2026\/04\/Kevatkimara-4-1024x512.png 1024w, https:\/\/vihti-gym.fi\/wp-content\/uploads\/2026\/04\/Kevatkimara-4-300x150.png 300w, https:\/\/vihti-gym.fi\/wp-content\/uploads\/2026\/04\/Kevatkimara-4-768x384.png 768w, https:\/\/vihti-gym.fi\/wp-content\/uploads\/2026\/04\/Kevatkimara-4-1536x768.png 1536w, https:\/\/vihti-gym.fi\/wp-content\/uploads\/2026\/04\/Kevatkimara-4-2048x1024.png 2048w\" sizes=\"auto, (max-width: 1024px) 100vw, 1024px\" \/><\/figure>\n\n\n\n<p>Kev\u00e4tkimara kokoaa seuran harrastus- ja valmennusryhm\u00e4t esiintym\u00e4\u00e4n kev\u00e4tkauden ohjelmillaan <strong>helatorstaina 14.5.2026\u00a0<\/strong>.<\/p>\n\n\n\n<p>N\u00e4yt\u00f6ksi\u00e4 on kaksi, kello 13 ja kello 16.<\/p>\n\n\n\n<p><strong>Lippuja myyd\u00e4\u00e4n osoitteessa kide.app. Lippujen myynti k\u00e4ynnistyy to 16.4.2026 kello 18.00.<\/strong><\/p>\n\n\n\n<p>Suora linkki tapahtumiin: <\/p>\n\n\n\n<ul class=\"wp-block-list\">\n<li><a href=\"https:\/\/kide.app\/events\/0565297e-a3df-4e6e-b3d8-666c56cce57c\" data-type=\"link\" data-id=\"https:\/\/kide.app\/events\/0565297e-a3df-4e6e-b3d8-666c56cce57c\">1. n\u00e4yt\u00f6s <\/a><\/li>\n\n\n\n<li><a href=\"https:\/\/kide.app\/events\/a258e2cd-6f9d-490c-b9bc-55320cd96897\" data-type=\"link\" data-id=\"https:\/\/kide.app\/events\/a258e2cd-6f9d-490c-b9bc-55320cd96897\">2. n\u00e4yt\u00f6s<\/a><\/li>\n<\/ul>\n\n\n\n<p><strong> Esiintymisj\u00e4rjestys l\u00f6ytyy yl\u00e4palkin Tapahtumat alasvetopalkista.<\/strong><\/p>\n\n\n\n<p>Lippuja on myynniss\u00e4 rajallinen m\u00e4\u00e4r\u00e4 n\u00e4yt\u00f6ksiin. <\/p>\n\n\n\n<p><strong>P\u00e4\u00e4sylippujen hinnat<\/strong><\/p>\n\n\n\n<p>Aikuisten lippu: 14 \/ 10 \u20ac (yl\u00e4katsomo \/ sivukatsomo)<br>Lasten lippu 3 &#8211; 12 v.&nbsp;: 8 \/ 7 \u20ac (yl\u00e4katsomo \/ sivukatsomo)<\/p>\n\n\n\n<p>Sylilapset (0-2v) ilmaiseksi<\/p>\n\n\n\n<p>Lipputuloilla katetaan tilavuokra ja juhlaa varten teht\u00e4v\u00e4t hankinnat sek\u00e4 ker\u00e4t\u00e4\u00e4n varoja seuralle.<\/p>\n\n\n\n<p><em><strong>Jos haluat varmistaa oman paikkasi n\u00e4yt\u00f6ksess\u00e4, k\u00e4y ostamassa liput hyviss\u00e4 ajoin.&nbsp;Saliin mahtuu vain rajallinen m\u00e4\u00e4r\u00e4 katsojia! Ensimm\u00e4isess\u00e4 ja toisessa n\u00e4yt\u00f6ksess\u00e4 on osittain eri esiintyji\u00e4.<\/strong><\/em><\/p>\n\n\n\n<p><strong>Parkkipaikat<\/strong><\/p>\n\n\n\n<p>Luksiassa on kaksi parkkipaikkaa, Auditorion oven vieress\u00e4 oleva parkkipaikka sek\u00e4&nbsp;Ojakkalantielt\u00e4 katsottaessa rakennuksen oikealla puolella oleva&nbsp; iso parkkipaikka.&nbsp;Lis\u00e4ksi l\u00e4heisen urheilukent\u00e4n parkkipaikka on laaja. <em>Huomioithan, ett\u00e4 viereisen K-marketin pihaan pys\u00e4k\u00f6iminen on kielletty.<\/em> Ojakkalantien suuntainen k\u00e4velytie on&nbsp;<strong>pelastustie<\/strong>. Sille ajaminen, pys\u00e4k\u00f6inti ja pys\u00e4htyminen on ehdottomasti&nbsp;<strong>kielletty!<\/strong><\/p>\n\n\n\n<p><strong>Katsojien sis\u00e4\u00e4ntulo<\/strong><\/p>\n\n\n\n<p>Katsojat tulevat sis\u00e4lle p\u00e4\u00e4ovesta, auditorion vierest\u00e4.<\/p>\n\n\n\n<p><strong>Katsomotilat<\/strong><br><br>Katsomo tyhjennet\u00e4\u00e4n harjoituskierroksen p\u00e4\u00e4tytty\u00e4. N\u00e4yt\u00f6ksen&nbsp;alkaessa katsomoon p\u00e4\u00e4see ainoastaan p\u00e4\u00e4sylippua n\u00e4ytt\u00e4m\u00e4ll\u00e4. Esiintyjille on varattu tilaa lattialla esiintymisalueen vieress\u00e4.<\/p>\n\n\n\n<p><strong>Buffet <\/strong><br><br>Buffet aukeaa klo 10.00 ja on avoinna v\u00e4liajalla ja\u00a0n\u00e4yt\u00f6sten v\u00e4lill\u00e4. Voit ostaa suussasulavia herkkuja ja kahvia joukkuevoimistelun tukemiseksi.<\/p>\n\n\n\n<p><strong>Ensiapu<\/strong><\/p>\n\n\n\n<p>Paikalla on ensiapupiste. Ensiapupisteess\u00e4 hoidetaan vain akuutteja vammoja.<\/p>\n\n\n\n<p><em>Tervetuloa koko perheen voimin&nbsp;katsomaan ja nauttimaan tunnelmasta kanssamme!<\/em><\/p>\n\n\n\n<p><\/p>\n\n\n\n<p><\/p>\n","protected":false},"excerpt":{"rendered":"<p>Vihti-Gymin Kev\u00e4tkimara helatorstaina 14.5.2026 Kev\u00e4tkimara kokoaa seuran harrastus- ja valmennusryhm\u00e4t esiintym\u00e4\u00e4n kev\u00e4tkauden ohjelmillaan helatorstaina 14.5.2026\u00a0. N\u00e4yt\u00f6ksi\u00e4 on kaksi, kello 13 ja kello 16. Lippuja myyd\u00e4\u00e4n osoitteessa kide.app. Lippujen myynti k\u00e4ynnistyy to 16.4.2026 kello 18.00. Suora linkki tapahtumiin: Esiintymisj\u00e4rjestys l\u00f6ytyy yl\u00e4palkin Tapahtumat alasvetopalkista. Lippuja on myynniss\u00e4 rajallinen m\u00e4\u00e4r\u00e4 n\u00e4yt\u00f6ksiin. P\u00e4\u00e4sylippujen hinnat Aikuisten lippu: 14 \/ 10 [&hellip;]<\/p>\n","protected":false},"author":2,"featured_media":0,"parent":0,"menu_order":0,"comment_status":"closed","ping_status":"closed","template":"","meta":{"site-sidebar-layout":"default","site-content-layout":"","ast-site-content-layout":"default","site-content-style":"default","site-sidebar-style":"default","ast-global-header-display":"","ast-banner-title-visibility":"","ast-main-header-display":"","ast-hfb-above-header-display":"","ast-hfb-below-header-display":"","ast-hfb-mobile-header-display":"","site-post-title":"","ast-breadcrumbs-content":"","ast-featured-img":"","footer-sml-layout":"","ast-disable-related-posts":"","theme-transparent-header-meta":"","adv-header-id-meta":"","stick-header-meta":"","header-above-stick-meta":"","header-main-stick-meta":"","header-below-stick-meta":"","astra-migrate-meta-layouts":"set","ast-page-background-enabled":"default","ast-page-background-meta":{"desktop":{"background-color":"var(--ast-global-color-4)","background-image":"","background-repeat":"repeat","background-position":"center center","background-size":"auto","background-attachment":"scroll","background-type":"","background-media":"","overlay-type":"","overlay-color":"","overlay-opacity":"","overlay-gradient":""},"tablet":{"background-color":"","background-image":"","background-repeat":"repeat","background-position":"center center","background-size":"auto","background-attachment":"scroll","background-type":"","background-media":"","overlay-type":"","overlay-color":"","overlay-opacity":"","overlay-gradient":""},"mobile":{"background-color":"","background-image":"","background-repeat":"repeat","background-position":"center center","background-size":"auto","background-attachment":"scroll","background-type":"","background-media":"","overlay-type":"","overlay-color":"","overlay-opacity":"","overlay-gradient":""}},"ast-content-background-meta":{"desktop":{"background-color":"var(--ast-global-color-5)","background-image":"","background-repeat":"repeat","background-position":"center center","background-size":"auto","background-attachment":"scroll","background-type":"","background-media":"","overlay-type":"","overlay-color":"","overlay-opacity":"","overlay-gradient":""},"tablet":{"background-color":"var(--ast-global-color-5)","background-image":"","background-repeat":"repeat","background-position":"center center","background-size":"auto","background-attachment":"scroll","background-type":"","background-media":"","overlay-type":"","overlay-color":"","overlay-opacity":"","overlay-gradient":""},"mobile":{"background-color":"var(--ast-global-color-5)","background-image":"","background-repeat":"repeat","background-position":"center center","background-size":"auto","background-attachment":"scroll","background-type":"","background-media":"","overlay-type":"","overlay-color":"","overlay-opacity":"","overlay-gradient":""}},"footnotes":""},"class_list":["post-177","page","type-page","status-publish","hentry"],"_links":{"self":[{"href":"https:\/\/vihti-gym.fi\/index.php\/wp-json\/wp\/v2\/pages\/177","targetHints":{"allow":["GET"]}}],"collection":[{"href":"https:\/\/vihti-gym.fi\/index.php\/wp-json\/wp\/v2\/pages"}],"about":[{"href":"https:\/\/vihti-gym.fi\/index.php\/wp-json\/wp\/v2\/types\/page"}],"author":[{"embeddable":true,"href":"https:\/\/vihti-gym.fi\/index.php\/wp-json\/wp\/v2\/users\/2"}],"replies":[{"embeddable":true,"href":"https:\/\/vihti-gym.fi\/index.php\/wp-json\/wp\/v2\/comments?post=177"}],"version-history":[{"count":13,"href":"https:\/\/vihti-gym.fi\/index.php\/wp-json\/wp\/v2\/pages\/177\/revisions"}],"predecessor-version":[{"id":2679,"href":"https:\/\/vihti-gym.fi\/index.php\/wp-json\/wp\/v2\/pages\/177\/revisions\/2679"}],"wp:attachment":[{"href":"https:\/\/vihti-gym.fi\/index.php\/wp-json\/wp\/v2\/media?parent=177"}],"curies":[{"name":"wp","href":"https:\/\/api.w.org\/{rel}","templated":true}]}}