{"id":164,"date":"2021-10-22T14:06:16","date_gmt":"2021-10-22T11:06:16","guid":{"rendered":"https:\/\/aboanalytics.wordpress.com\/?page_id=164"},"modified":"2024-05-30T07:14:31","modified_gmt":"2024-05-30T04:14:31","slug":"vuoden-palkitut","status":"publish","type":"page","link":"https:\/\/vihti-gym.fi\/index.php\/vuoden-palkitut\/","title":{"rendered":"Vuoden palkitut"},"content":{"rendered":"\n<p>Vuonna 2018 muutettiin k\u00e4yt\u00e4nt\u00f6\u00e4 ja jatkossa jouluna palkitaan cheerleading-valmentaja ja\/tai ohjaaja ja kev\u00e4\u00e4ll\u00e4 vuoden voimisteluvalmentaja ja\/tai ohjaaja<\/p>\n\n\n\n<p><strong>VUODEN CHEERLEADING-VALMENTAJA (palkitaan jouluna)<\/strong><\/p>\n\n\n\n<p>2018&nbsp; &nbsp; &nbsp; &nbsp; &nbsp; &nbsp; &nbsp; &nbsp; &nbsp; &nbsp; &nbsp;Taru Salonen<\/p>\n\n\n\n<p>2021                     Iiris Niukkanen<\/p>\n\n\n\n<p>2022                     Viveca Sohlberg<\/p>\n\n\n\n<p><strong>VUODEN CHEERLEADING-OHJAAJA<\/strong><\/p>\n\n\n\n<p>2018&nbsp; &nbsp; &nbsp; &nbsp; &nbsp; &nbsp; &nbsp; &nbsp; &nbsp; &nbsp; &nbsp; Oona Nissi&nbsp;<\/p>\n\n\n\n<p>2019 &nbsp; &nbsp; &nbsp; &nbsp; &nbsp; &nbsp; &nbsp; &nbsp; &nbsp; &nbsp; &nbsp;Jemina Viherkanto<\/p>\n\n\n\n<p><\/p>\n\n\n\n<p><strong>VUODEN VOIMISTELUVALMENTAJA<\/strong> (palkitaan kev\u00e4\u00e4ll\u00e4)<\/p>\n\n\n\n<p>2019&nbsp; &nbsp; &nbsp; &nbsp; &nbsp; &nbsp; &nbsp; &nbsp; &nbsp; &nbsp; &nbsp; &nbsp;Anna Rantanen<\/p>\n\n\n\n<p>2022                      Helmi Haaparanta ja Suvi Halonen<\/p>\n\n\n\n<p>2024                      Roosa J\u00e4rventausta<\/p>\n\n\n\n<p><br><strong>VUODEN JUMPPARI<\/strong>&nbsp;(palkitaan kev\u00e4\u00e4ll\u00e4)<\/p>\n\n\n\n<p>2006-2007&nbsp;&nbsp;&nbsp;&nbsp;&nbsp;&nbsp;&nbsp;&nbsp;&nbsp;&nbsp;&nbsp;&nbsp; Tuula Harju<\/p>\n\n\n\n<p>2007-2008&nbsp;&nbsp;&nbsp;&nbsp;&nbsp;&nbsp;&nbsp;&nbsp;&nbsp;&nbsp;&nbsp;&nbsp; Kaija Valo<\/p>\n\n\n\n<p>2008-2009&nbsp;&nbsp;&nbsp;&nbsp;&nbsp;&nbsp;&nbsp;&nbsp;&nbsp;&nbsp;&nbsp;&nbsp; Riitta Takanen&nbsp;&nbsp;&nbsp;&nbsp;&nbsp;&nbsp;&nbsp;&nbsp;&nbsp;&nbsp;&nbsp;&nbsp;&nbsp;&nbsp;&nbsp;&nbsp;&nbsp;&nbsp;&nbsp;&nbsp;&nbsp;&nbsp;&nbsp;&nbsp;&nbsp;&nbsp;&nbsp;&nbsp;<\/p>\n\n\n\n<p>2009-2010&nbsp;&nbsp;&nbsp;&nbsp;&nbsp;&nbsp;&nbsp;&nbsp;&nbsp;&nbsp;&nbsp;&nbsp; Taru Suikkari<\/p>\n\n\n\n<p>2010-2011&nbsp;&nbsp;&nbsp;&nbsp;&nbsp;&nbsp;&nbsp;&nbsp;&nbsp;&nbsp;&nbsp;&nbsp;  Marita Heikkil\u00e4<\/p>\n\n\n\n<p>2011-2012&nbsp;&nbsp;&nbsp;&nbsp;&nbsp;&nbsp;&nbsp;&nbsp;&nbsp;&nbsp;&nbsp;&nbsp;  Heidi Hirvonen<\/p>\n\n\n\n<p>2012-2013&nbsp;&nbsp;&nbsp;&nbsp;&nbsp;&nbsp;&nbsp;&nbsp;&nbsp;&nbsp;&nbsp;&nbsp; Heidi Huusko<\/p>\n\n\n\n<p>2013-2014&nbsp;&nbsp;&nbsp;&nbsp;&nbsp;&nbsp;&nbsp;&nbsp;&nbsp;&nbsp;&nbsp;&nbsp; Anne Palm\u00e8n<\/p>\n\n\n\n<p>2014-2015&nbsp;&nbsp;&nbsp;&nbsp;&nbsp;&nbsp;&nbsp;&nbsp;&nbsp;&nbsp;&nbsp;&nbsp; Kaarina Alasentie<a><\/a><\/p>\n\n\n\n<p>2015-2016&nbsp;&nbsp;&nbsp;&nbsp;&nbsp;&nbsp;&nbsp;&nbsp;&nbsp;&nbsp;&nbsp;&nbsp; Marianne Ilkanheimo<\/p>\n\n\n\n<p>2016 &#8211; 2017 &nbsp; &nbsp; &nbsp; &nbsp; &nbsp; Ulla Linnavuori<\/p>\n\n\n\n<p>2017 &#8211; 2018&nbsp; &nbsp; &nbsp; &nbsp; &nbsp; &nbsp;Sinikka Peromaa<\/p>\n\n\n\n<p>2018 &#8211; 2019&nbsp; &nbsp; &nbsp; &nbsp; &nbsp; &nbsp;Jaana Kainulainen<\/p>\n\n\n\n<p>2022-2023             Sinikka Packalen<br>\u00a0<\/p>\n\n\n\n<p><strong>VUODEN TALKOOLAINEN<\/strong>&nbsp;(palkitaan jouluna)<\/p>\n\n\n\n<p>2009&nbsp;&nbsp;&nbsp;&nbsp;&nbsp;&nbsp;&nbsp;&nbsp;&nbsp;&nbsp;&nbsp;&nbsp;&nbsp;&nbsp;&nbsp;&nbsp;&nbsp;&nbsp;&nbsp; Anne Toivakainen<\/p>\n\n\n\n<p>2010&nbsp;&nbsp;&nbsp;&nbsp;&nbsp;&nbsp;&nbsp;&nbsp;&nbsp;&nbsp;&nbsp;&nbsp;&nbsp;&nbsp;&nbsp;&nbsp;&nbsp;&nbsp;&nbsp; Sirpa J\u00e4rvinen<\/p>\n\n\n\n<p>2011&nbsp;&nbsp;&nbsp;&nbsp;&nbsp;&nbsp;&nbsp;&nbsp;&nbsp;&nbsp;&nbsp;&nbsp;&nbsp;&nbsp;&nbsp;&nbsp;&nbsp;&nbsp;&nbsp; Tiina ja Markus Laitinen<\/p>\n\n\n\n<p>2012&nbsp;&nbsp;&nbsp;&nbsp;&nbsp;&nbsp;&nbsp;&nbsp;&nbsp;&nbsp;&nbsp;&nbsp;&nbsp;&nbsp;&nbsp;&nbsp;&nbsp;&nbsp;&nbsp; Pekka Salonen<\/p>\n\n\n\n<p>2013&nbsp;&nbsp;&nbsp;&nbsp;&nbsp;&nbsp;&nbsp;&nbsp;&nbsp;&nbsp;&nbsp;&nbsp;&nbsp;&nbsp;&nbsp;&nbsp;&nbsp;&nbsp;&nbsp; Raisa R\u00e4s\u00e4nen<\/p>\n\n\n\n<p>2014&nbsp;&nbsp;&nbsp;&nbsp;&nbsp;&nbsp;&nbsp;&nbsp;&nbsp;&nbsp;&nbsp;&nbsp;&nbsp;&nbsp;&nbsp;&nbsp;&nbsp;&nbsp;&nbsp; Maarit Tampio<\/p>\n\n\n\n<p>2015&nbsp;&nbsp;&nbsp;&nbsp;&nbsp;&nbsp;&nbsp;&nbsp;&nbsp;&nbsp;&nbsp;&nbsp;&nbsp;&nbsp;&nbsp;&nbsp;&nbsp;&nbsp;&nbsp; Tuomas Tiainen<\/p>\n\n\n\n<p>2016&nbsp; &nbsp; &nbsp; &nbsp; &nbsp; &nbsp; &nbsp; &nbsp; &nbsp; &nbsp; Miia-Maria Hiltunen<\/p>\n\n\n\n<p>2017&nbsp; &nbsp; &nbsp; &nbsp; &nbsp; &nbsp; &nbsp; &nbsp; &nbsp; &nbsp; SPR:n ryhm\u00e4: Maisa Selim\u00e4ki, Marjatta Lehtamo ja Leila Tiainen&nbsp;<\/p>\n\n\n\n<p>2018&nbsp; &nbsp; &nbsp; &nbsp; &nbsp; &nbsp; &nbsp; &nbsp; &nbsp; &nbsp; Taru Ek<\/p>\n\n\n\n<p>2019  &nbsp; &nbsp; &nbsp; &nbsp; &nbsp; &nbsp; &nbsp; &nbsp; &nbsp; Ville Kataja<\/p>\n\n\n\n<p><\/p>\n\n\n\n<p><strong>VUODEN OHJAAJA<\/strong>&nbsp;(palkitaan jouluna, aikoinaan joskus my\u00f6s kev\u00e4isin)<\/p>\n\n\n\n<p>1990&nbsp;&nbsp;&nbsp;&nbsp;&nbsp;&nbsp;&nbsp;&nbsp;&nbsp;&nbsp;&nbsp;&nbsp;&nbsp;&nbsp;&nbsp;&nbsp;&nbsp;&nbsp;&nbsp; Heli H\u00e4m\u00e4l\u00e4inen<\/p>\n\n\n\n<p>1991&nbsp;&nbsp;&nbsp;&nbsp;&nbsp;&nbsp;&nbsp;&nbsp;&nbsp;&nbsp;&nbsp;&nbsp;&nbsp;&nbsp;&nbsp;&nbsp;&nbsp;&nbsp;&nbsp; P\u00e4ivi Laitala<\/p>\n\n\n\n<p>1992&nbsp;&nbsp;&nbsp;&nbsp;&nbsp;&nbsp;&nbsp;&nbsp;&nbsp;&nbsp;&nbsp;&nbsp;&nbsp;&nbsp;&nbsp;&nbsp;&nbsp;&nbsp;&nbsp; Suvi Jokiranta<\/p>\n\n\n\n<p>1993&nbsp;&nbsp;&nbsp;&nbsp;&nbsp;&nbsp;&nbsp;&nbsp;&nbsp;&nbsp;&nbsp;&nbsp;&nbsp;&nbsp;&nbsp;&nbsp;&nbsp;&nbsp;&nbsp; P\u00e4ivi Laitala<\/p>\n\n\n\n<p>1994&nbsp;&nbsp;&nbsp;&nbsp;&nbsp;&nbsp;&nbsp;&nbsp;&nbsp;&nbsp;&nbsp;&nbsp;&nbsp;&nbsp;&nbsp;&nbsp;&nbsp;&nbsp;&nbsp; Airi Hyv\u00f6nen<\/p>\n\n\n\n<p>1995&nbsp;&nbsp;&nbsp;&nbsp;&nbsp;&nbsp;&nbsp;&nbsp;&nbsp;&nbsp;&nbsp;&nbsp;&nbsp;&nbsp;&nbsp;&nbsp;&nbsp;&nbsp;&nbsp; Sari Laitala<\/p>\n\n\n\n<p>1996&nbsp;&nbsp;&nbsp;&nbsp;&nbsp;&nbsp;&nbsp;&nbsp;&nbsp;&nbsp;&nbsp;&nbsp;&nbsp;&nbsp;&nbsp;&nbsp;&nbsp;&nbsp;&nbsp; Krista Mattila<\/p>\n\n\n\n<p>1997&nbsp;&nbsp;&nbsp;&nbsp;&nbsp;&nbsp;&nbsp;&nbsp;&nbsp;&nbsp;&nbsp;&nbsp;&nbsp;&nbsp;&nbsp;&nbsp;&nbsp;&nbsp;&nbsp; Virpi Leino<\/p>\n\n\n\n<p>1998&nbsp;&nbsp;&nbsp;&nbsp;&nbsp;&nbsp;&nbsp;&nbsp;&nbsp;&nbsp;&nbsp;&nbsp;&nbsp;&nbsp;&nbsp;&nbsp;&nbsp;&nbsp;&nbsp; 12-14 vuotiaiden joukkue<\/p>\n\n\n\n<p>1999&nbsp;&nbsp;&nbsp;&nbsp;&nbsp;&nbsp;&nbsp;&nbsp;&nbsp;&nbsp;&nbsp;&nbsp;&nbsp;&nbsp;&nbsp;&nbsp;&nbsp;&nbsp;&nbsp; Merja Lehtosalo<\/p>\n\n\n\n<p>2000&nbsp;&nbsp;&nbsp;&nbsp;&nbsp;&nbsp;&nbsp;&nbsp;&nbsp;&nbsp;&nbsp;&nbsp;&nbsp;&nbsp;&nbsp;&nbsp;&nbsp;&nbsp;&nbsp; Pauliina Merikallio<\/p>\n\n\n\n<p>2001&nbsp;&nbsp;&nbsp;&nbsp;&nbsp;&nbsp;&nbsp;&nbsp;&nbsp;&nbsp;&nbsp;&nbsp;&nbsp;&nbsp;&nbsp;&nbsp;&nbsp;&nbsp;&nbsp; Kristiina J\u00e4rvinen ja Marjaana Toivakainen<\/p>\n\n\n\n<p>2002&nbsp;&nbsp;&nbsp;&nbsp;&nbsp;&nbsp;&nbsp;&nbsp;&nbsp;&nbsp;&nbsp;&nbsp;&nbsp;&nbsp;&nbsp;&nbsp;&nbsp;&nbsp;&nbsp; P\u00e4ivi Laitala<\/p>\n\n\n\n<p>2003&nbsp;&nbsp;&nbsp;&nbsp;&nbsp;&nbsp;&nbsp;&nbsp;&nbsp;&nbsp;&nbsp;&nbsp;&nbsp;&nbsp;&nbsp;&nbsp;&nbsp;&nbsp;&nbsp; Anni Leino<\/p>\n\n\n\n<p>2004&nbsp;&nbsp;&nbsp;&nbsp;&nbsp;&nbsp;&nbsp;&nbsp;&nbsp;&nbsp;&nbsp;&nbsp;&nbsp;&nbsp;&nbsp;&nbsp;&nbsp;&nbsp;&nbsp; Heli H\u00e4m\u00e4l\u00e4inen<\/p>\n\n\n\n<p>2005&nbsp;&nbsp;&nbsp;&nbsp;&nbsp;&nbsp;&nbsp;&nbsp;&nbsp;&nbsp;&nbsp;&nbsp;&nbsp;&nbsp;&nbsp;&nbsp;&nbsp;&nbsp;&nbsp; Aulikki Joenrinne<\/p>\n\n\n\n<p>2006&nbsp;&nbsp;&nbsp;&nbsp;&nbsp;&nbsp;&nbsp;&nbsp;&nbsp;&nbsp;&nbsp;&nbsp;&nbsp;&nbsp;&nbsp;&nbsp;&nbsp;&nbsp;&nbsp; Virpi Leino<\/p>\n\n\n\n<p>2007&nbsp;&nbsp;&nbsp;&nbsp;&nbsp;&nbsp;&nbsp;&nbsp;&nbsp;&nbsp;&nbsp;&nbsp;&nbsp;&nbsp;&nbsp;&nbsp;&nbsp;&nbsp;&nbsp; Tuulikki Lindstr\u00f6m<\/p>\n\n\n\n<p>2008&nbsp;&nbsp;&nbsp;&nbsp;&nbsp;&nbsp;&nbsp;&nbsp;&nbsp;&nbsp;&nbsp;&nbsp;&nbsp;&nbsp;&nbsp;&nbsp;&nbsp;&nbsp;&nbsp; P\u00e4ivi Askola<\/p>\n\n\n\n<p>2009&nbsp;&nbsp;&nbsp;&nbsp;&nbsp;&nbsp;&nbsp;&nbsp;&nbsp;&nbsp;&nbsp;&nbsp;&nbsp;&nbsp;&nbsp;&nbsp;&nbsp;&nbsp;&nbsp; Merja Lehtosalo<\/p>\n\n\n\n<p>2010&nbsp;&nbsp;&nbsp;&nbsp;&nbsp;&nbsp;&nbsp;&nbsp;&nbsp;&nbsp;&nbsp;&nbsp;&nbsp;&nbsp;&nbsp;&nbsp;&nbsp;&nbsp;&nbsp; Anne Mehtonen<\/p>\n\n\n\n<p>2011&nbsp;&nbsp;&nbsp;&nbsp;&nbsp;&nbsp;&nbsp;&nbsp;&nbsp;&nbsp;&nbsp;&nbsp;&nbsp;&nbsp;&nbsp;&nbsp;&nbsp;&nbsp;&nbsp; Johanna Ranta<\/p>\n\n\n\n<p>2012&nbsp;&nbsp;&nbsp;&nbsp;&nbsp;&nbsp;&nbsp;&nbsp;&nbsp;&nbsp;&nbsp;&nbsp;&nbsp;&nbsp;&nbsp;&nbsp;&nbsp;&nbsp;&nbsp; Aulikki Joenrinne<\/p>\n\n\n\n<p>2013&nbsp;&nbsp;&nbsp;&nbsp;&nbsp;&nbsp;&nbsp;&nbsp;&nbsp;&nbsp;&nbsp;&nbsp;&nbsp;&nbsp;&nbsp;&nbsp;&nbsp;&nbsp;&nbsp; Mervi ja Elina Huhtinen<\/p>\n\n\n\n<p>2014&nbsp;&nbsp;&nbsp;&nbsp;&nbsp;&nbsp;&nbsp;&nbsp;&nbsp;&nbsp;&nbsp;&nbsp;&nbsp;&nbsp;&nbsp;&nbsp;&nbsp;&nbsp;&nbsp; Tiia Manninen ja Hetti Tammijoki<\/p>\n\n\n\n<p>2015&nbsp;&nbsp;&nbsp;&nbsp;&nbsp;&nbsp;&nbsp;&nbsp;&nbsp;&nbsp;&nbsp;&nbsp;&nbsp;&nbsp;&nbsp;&nbsp;&nbsp;&nbsp;&nbsp; Jukka Saros ja Vesa Patrikainen<\/p>\n\n\n\n<p>2016 &nbsp; &nbsp; &nbsp; &nbsp; &nbsp; &nbsp; &nbsp; &nbsp; &nbsp; &nbsp;Elina Lindholm<\/p>\n\n\n\n<p>2017&nbsp; &nbsp; &nbsp; &nbsp; &nbsp; &nbsp; &nbsp; &nbsp; &nbsp; &nbsp; Johanna M\u00e4\u00e4tt\u00e4<\/p>\n\n\n\n<p>2022                    Anniina J\u00e4rvinen<\/p>\n\n\n\n<p>2023                   Hanna Sievinen<\/p>\n\n\n\n<p><\/p>\n\n\n\n<p><\/p>\n\n\n\n<p><strong>VUODEN VALMENTAJA&nbsp;<\/strong>(nyky\u00e4\u00e4n kev\u00e4isin palkitaan vuoden voimisteluvalmentaja ja joulusiin vuoden cheerleading valmentaja)<\/p>\n\n\n\n<p>2006-2007&nbsp;&nbsp;&nbsp;&nbsp;&nbsp;&nbsp;&nbsp;&nbsp;&nbsp;&nbsp;&nbsp;&nbsp; Kristiina J\u00e4rvinen, Satu Rautiala, Marjaana Toivakainen ja Linda Loukasm\u00e4ki<\/p>\n\n\n\n<p>2008-2009&nbsp;&nbsp;&nbsp;&nbsp;&nbsp;&nbsp;&nbsp;&nbsp;&nbsp;&nbsp;&nbsp;&nbsp; Minna Laapas<\/p>\n\n\n\n<p>2009-2010 &nbsp; &nbsp; &nbsp; &nbsp; &nbsp; &nbsp; Kristiina J\u00e4rvinen ja Satu Rautiala<\/p>\n\n\n\n<p>2010-2011&nbsp;&nbsp;&nbsp;&nbsp;&nbsp;&nbsp;&nbsp;&nbsp;&nbsp;&nbsp;&nbsp;&nbsp; 12 \u2013 14 \u2013vuotiaiden joukkue Kobrat<\/p>\n\n\n\n<p>2012-2013&nbsp;&nbsp;&nbsp;&nbsp;&nbsp;&nbsp;&nbsp;&nbsp;&nbsp;&nbsp;&nbsp;&nbsp; Taru Salonen<\/p>\n\n\n\n<p>2013-2014&nbsp;&nbsp;&nbsp;&nbsp;&nbsp;&nbsp;&nbsp;&nbsp;&nbsp;&nbsp;&nbsp;&nbsp; Veera Lindholm, Karoliina Koski, Pipsa Soikkeli<\/p>\n\n\n\n<p>2015-2016&nbsp;&nbsp;&nbsp;&nbsp;&nbsp;&nbsp;&nbsp;&nbsp;&nbsp;&nbsp;&nbsp;&nbsp; Katja Hakala ja Mirka R\u00e4s\u00e4nen<\/p>\n\n\n\n<p>2016 &#8211; 2017 &nbsp; &nbsp; &nbsp; &nbsp; &nbsp; Karoliina Koski ja Veera Lindholm<\/p>\n\n\n\n<p>2017- 2018&nbsp; &nbsp; &nbsp; &nbsp; &nbsp; &nbsp; Kristiina J\u00e4rvinen ja Satu Rautiala<br>&nbsp;<\/p>\n\n\n\n<p><strong>VUODEN JUNIORIVALMENTAJA<\/strong>&nbsp;(palkittiin vuosina 2009-2015)<\/p>\n\n\n\n<p>2009 &#8211; 2010 &nbsp; &nbsp; Katja Hakala<\/p>\n\n\n\n<p>2011 &nbsp;&#8211; 2012 &nbsp; &nbsp;Milla Hento<\/p>\n\n\n\n<p>2014 &#8211; 2015 &nbsp; &nbsp;Noora Launonen<\/p>\n","protected":false},"excerpt":{"rendered":"<p>Vuonna 2018 muutettiin k\u00e4yt\u00e4nt\u00f6\u00e4 ja jatkossa jouluna palkitaan cheerleading-valmentaja ja\/tai ohjaaja ja kev\u00e4\u00e4ll\u00e4 vuoden voimisteluvalmentaja ja\/tai ohjaaja VUODEN CHEERLEADING-VALMENTAJA (palkitaan jouluna) 2018&nbsp; &nbsp; &nbsp; &nbsp; &nbsp; &nbsp; &nbsp; &nbsp; &nbsp; &nbsp; &nbsp;Taru Salonen 2021 Iiris Niukkanen 2022 Viveca Sohlberg VUODEN CHEERLEADING-OHJAAJA 2018&nbsp; &nbsp; &nbsp; &nbsp; &nbsp; &nbsp; &nbsp; &nbsp; &nbsp; &nbsp; &nbsp; Oona Nissi&nbsp; 2019 [&hellip;]<\/p>\n","protected":false},"author":2,"featured_media":0,"parent":0,"menu_order":0,"comment_status":"closed","ping_status":"closed","template":"","meta":{"site-sidebar-layout":"default","site-content-layout":"","ast-site-content-layout":"default","site-content-style":"default","site-sidebar-style":"default","ast-global-header-display":"","ast-banner-title-visibility":"","ast-main-header-display":"","ast-hfb-above-header-display":"","ast-hfb-below-header-display":"","ast-hfb-mobile-header-display":"","site-post-title":"","ast-breadcrumbs-content":"","ast-featured-img":"","footer-sml-layout":"","ast-disable-related-posts":"","theme-transparent-header-meta":"","adv-header-id-meta":"","stick-header-meta":"","header-above-stick-meta":"","header-main-stick-meta":"","header-below-stick-meta":"","astra-migrate-meta-layouts":"set","ast-page-background-enabled":"default","ast-page-background-meta":{"desktop":{"background-color":"var(--ast-global-color-4)","background-image":"","background-repeat":"repeat","background-position":"center center","background-size":"auto","background-attachment":"scroll","background-type":"","background-media":"","overlay-type":"","overlay-color":"","overlay-opacity":"","overlay-gradient":""},"tablet":{"background-color":"","background-image":"","background-repeat":"repeat","background-position":"center center","background-size":"auto","background-attachment":"scroll","background-type":"","background-media":"","overlay-type":"","overlay-color":"","overlay-opacity":"","overlay-gradient":""},"mobile":{"background-color":"","background-image":"","background-repeat":"repeat","background-position":"center center","background-size":"auto","background-attachment":"scroll","background-type":"","background-media":"","overlay-type":"","overlay-color":"","overlay-opacity":"","overlay-gradient":""}},"ast-content-background-meta":{"desktop":{"background-color":"var(--ast-global-color-5)","background-image":"","background-repeat":"repeat","background-position":"center center","background-size":"auto","background-attachment":"scroll","background-type":"","background-media":"","overlay-type":"","overlay-color":"","overlay-opacity":"","overlay-gradient":""},"tablet":{"background-color":"var(--ast-global-color-5)","background-image":"","background-repeat":"repeat","background-position":"center center","background-size":"auto","background-attachment":"scroll","background-type":"","background-media":"","overlay-type":"","overlay-color":"","overlay-opacity":"","overlay-gradient":""},"mobile":{"background-color":"var(--ast-global-color-5)","background-image":"","background-repeat":"repeat","background-position":"center center","background-size":"auto","background-attachment":"scroll","background-type":"","background-media":"","overlay-type":"","overlay-color":"","overlay-opacity":"","overlay-gradient":""}},"footnotes":""},"class_list":["post-164","page","type-page","status-publish","hentry"],"_links":{"self":[{"href":"https:\/\/vihti-gym.fi\/index.php\/wp-json\/wp\/v2\/pages\/164","targetHints":{"allow":["GET"]}}],"collection":[{"href":"https:\/\/vihti-gym.fi\/index.php\/wp-json\/wp\/v2\/pages"}],"about":[{"href":"https:\/\/vihti-gym.fi\/index.php\/wp-json\/wp\/v2\/types\/page"}],"author":[{"embeddable":true,"href":"https:\/\/vihti-gym.fi\/index.php\/wp-json\/wp\/v2\/users\/2"}],"replies":[{"embeddable":true,"href":"https:\/\/vihti-gym.fi\/index.php\/wp-json\/wp\/v2\/comments?post=164"}],"version-history":[{"count":5,"href":"https:\/\/vihti-gym.fi\/index.php\/wp-json\/wp\/v2\/pages\/164\/revisions"}],"predecessor-version":[{"id":2019,"href":"https:\/\/vihti-gym.fi\/index.php\/wp-json\/wp\/v2\/pages\/164\/revisions\/2019"}],"wp:attachment":[{"href":"https:\/\/vihti-gym.fi\/index.php\/wp-json\/wp\/v2\/media?parent=164"}],"curies":[{"name":"wp","href":"https:\/\/api.w.org\/{rel}","templated":true}]}}