{"id":1623,"date":"2023-07-22T11:38:16","date_gmt":"2023-07-22T08:38:16","guid":{"rendered":"https:\/\/vihti-gym.fi\/?page_id=1623"},"modified":"2026-04-12T19:40:33","modified_gmt":"2026-04-12T16:40:33","slug":"tapahtumakalenteri-2023-2024","status":"publish","type":"page","link":"https:\/\/vihti-gym.fi\/index.php\/tapahtumakalenteri-2023-2024\/","title":{"rendered":"Tapahtumakalenteri 2025-2026"},"content":{"rendered":"\n<div class=\"wp-block-columns is-layout-flex wp-container-core-columns-is-layout-28f84493 wp-block-columns-is-layout-flex\">\n<div class=\"wp-block-column is-layout-flow wp-block-column-is-layout-flow\" style=\"flex-basis:100%\">\n<div class=\"wp-block-columns is-layout-flex wp-container-core-columns-is-layout-28f84493 wp-block-columns-is-layout-flex\">\n<div class=\"wp-block-column is-layout-flow wp-block-column-is-layout-flow\" style=\"flex-basis:100%\">\n<p><\/p>\n\n\n\n<figure class=\"wp-block-table\"><table><tbody><tr><td><strong>VK<\/strong><\/td><td><\/td><td><strong>SYYSKAUSI 2025<\/strong><\/td><td><strong>Paikka<\/strong><\/td><\/tr><tr><td><\/td><td><\/td><td><\/td><td><\/td><\/tr><tr><td><\/td><td><\/td><td><strong>ELOKUU<\/strong><\/td><td><\/td><\/tr><tr><td>32<\/td><td>ma 4.8.<\/td><td>Aikuisten ja perheliikunnan ilmoittautuminen 18.00<\/td><td>www.vihti-gym.fi<\/td><\/tr><tr><td>32<\/td><td>ti 5.8.<\/td><td>Lasten ja nuorten ilmoittautuminen 18.00<\/td><td>www.vihti-gym.fi<\/td><\/tr><tr><td>33<\/td><td>ke 13.8.<\/td><td>Johtokunnan kokous 18.00<\/td><td>Toimisto<\/td><\/tr><tr><td>34<\/td><td>ma 18.8.<\/td><td>Kauden avaustilaisuus ohjaajille 17.30<\/td><td>Kuoppanummi, Tanssisali<\/td><\/tr><tr><td>34<\/td><td>la 23.8.<\/td><td>Wuosisatamarkkinat&nbsp;&nbsp;10-16<\/td><td>Vihdin kirkonkyl\u00e4<\/td><\/tr><tr><td>35<\/td><td>ma 25.8.<\/td><td>Harrasteryhmien syyskausi alkaa<\/td><td><\/td><\/tr><tr><td><\/td><td><\/td><td><\/td><td><\/td><\/tr><tr><td><\/td><td><\/td><td><strong>SYYSKUU<\/strong><\/td><td><\/td><\/tr><tr><td>36<\/td><td>ke 3.9.<\/td><td>Johtokunnan kokous&nbsp;18.00<\/td><td>Toimisto<\/td><\/tr><tr><td>38<\/td><td>la 20.9.<\/td><td>Vihti liikkeelle -messut<\/td><td>Kuoppanummen koulukeskus<\/td><\/tr><tr><td><\/td><td><\/td><td><\/td><td><\/td><\/tr><tr><td><\/td><td><\/td><td><strong>LOKAKUU<\/strong><\/td><td><\/td><\/tr><tr><td>40<\/td><td>ke 8.10.<\/td><td>Johtokunnan kokous &nbsp;18.00<\/td><td>Toimisto<\/td><\/tr><tr><td>42<\/td><td><\/td><td>Syyslomaviikko &#8211; harrasteryhm\u00e4t lomailevat<\/td><td><\/td><\/tr><tr><td>43<\/td><td>la 25.10.<\/td><td>Voimistelujoukkueiden Kisakatselmus<\/td><td>Kuoppanummi, Palloilusali<\/td><\/tr><tr><td>43<\/td><td>su 26.10.<\/td><td>Tampere Cup: Kiara, Amira<br><br>Vantaa Stara: Amelia V, Amelia G<\/td><td>Tampere<br><br>Vantaa<\/td><\/tr><tr><td><\/td><td><\/td><td><\/td><td><\/td><\/tr><tr><td><\/td><td><\/td><td><strong>MARRASKUU<\/strong><\/td><td><\/td><\/tr><tr><td>44<\/td><td>la 1.11.<\/td><td>Tanssillisen voimistelun Cup 1 -kilpailu <br>Mukana: Rosalia, Clara, Korennot, Impulssi<br><br>Hyvink\u00e4\u00e4 Syyscup: Amira<\/td><td>Huittinen<br><br>Hyvink\u00e4\u00e4<\/td><\/tr><tr><td>44<\/td><td>su 2.11.<\/td><td>Halloween Stara: Amelia V, Amelia G<br><br>Tapiola Cup: Kiara<\/td><td>Espoo<br><br>Espoo<\/td><\/tr><tr><td>45<\/td><td>ke 12.11.<\/td><td>Johtokunnan kokous 18.00&nbsp;<\/td><td>Toimisto<\/td><\/tr><tr><td>45<\/td><td>la 15.11.<\/td><td>Forssa Cup + stara: Amelia V, Amelia G, Kiara<\/td><td>Forssa<\/td><\/tr><tr><td>46<\/td><td>ke 19.11.<\/td><td>Syyskokous 18.15<\/td><td>Toimisto<\/td><\/tr><tr><td>48<\/td><td>la 29.11.<\/td><td>Tanssillien voimistelun Cup 2 -kilpailu<br>Mukana: Rosalia, Clara, Korennot, Impulssi<\/td><td>Vihti KOTIKISAT<br>Nummelanharjun koulu<\/td><\/tr><tr><td><\/td><td><\/td><td><\/td><td><\/td><\/tr><tr><td><\/td><td><\/td><td><strong>JOULUKUU<\/strong><\/td><td><\/td><\/tr><tr><td>49<\/td><td>ke 3.12.<\/td><td>Johtokunnan kokous 18.00<\/td><td>Toimisto<\/td><\/tr><tr><td>50<\/td><td>la 13.12.<\/td><td>Joulujuhla<\/td><td>Luksia Nummela<\/td><\/tr><tr><td>51<\/td><td>pe 19.12.<\/td><td>Kauden k\u00e4\u00e4nn\u00f6s &#8211; ohjaajien ja valmentajien tilaisuus<\/td><td>Nummela Rientola<\/td><\/tr><tr><td>51<\/td><td>su 21.12.<\/td><td>Harrasteryhmien syyskausi p\u00e4\u00e4ttyy<\/td><td><\/td><\/tr><tr><td><\/td><td><\/td><td><\/td><td><\/td><\/tr><tr><td><strong>VK<\/strong><\/td><td><\/td><td><strong>KEV\u00c4TKAUSI 2026<\/strong><\/td><td><strong>Paikka<\/strong><\/td><\/tr><tr><td><\/td><td><\/td><td><\/td><td><\/td><\/tr><tr><td><\/td><td><\/td><td><strong>TAMMIKUU<\/strong><\/td><td><\/td><\/tr><tr><td>2<\/td><td>ma 5.1.<\/td><td>Harrasteryhmien kev\u00e4tkausi alkaa<\/td><td><\/td><\/tr><tr><td>2<\/td><td>ke 7.1.<\/td><td>Johtokunnan kokous&nbsp;18.00<\/td><td>Toimisto<\/td><\/tr><tr><td><\/td><td><\/td><td><\/td><td><\/td><\/tr><tr><td><\/td><td><\/td><td><strong>HELMIKUU<\/strong><\/td><td><\/td><\/tr><tr><td>6<\/td><td>ke 4.2.<\/td><td>Johtokunnan kokous 18.00<\/td><td>Toimisto<\/td><\/tr><tr><td>6<\/td><td>la 7.2.<\/td><td>Tanssillisen voimistelun Cup 3-kilpailu<br>Mukana:<\/td><td>Kempele<\/td><\/tr><tr><td>8<\/td><td><\/td><td>Hiihtolomaviikko &#8211; harrasteryhm\u00e4t lomailevat<\/td><td><\/td><\/tr><tr><td><\/td><td><\/td><td><\/td><td><\/td><\/tr><tr><td><\/td><td><\/td><td><strong>MAALISKUU<\/strong><\/td><td><\/td><\/tr><tr><td>10<\/td><td>la 7.3.<\/td><td>Spirit 1-kilpailu<br>Mukana: Viable<\/td><td>Lappeenranta<\/td><\/tr><tr><td>11<\/td><td>ke 11.3.<\/td><td>Johtokunnan kokous 18.00<\/td><td>Toimisto<\/td><\/tr><tr><td>11<\/td><td>la 14.3.<\/td><td>Spirit 2-kilpailu<br>Mukana: Voima, Velocity<\/td><td>Nokia<\/td><\/tr><tr><td>12<\/td><td>ma 16.3.<\/td><td>Ilmoittautuminen kes\u00e4leirille alkaa 16.00<\/td><td>Myclub<\/td><\/tr><tr><td>12<\/td><td>su 22.3.<\/td><td>Joukkuevoimistelun kisakatselmus<\/td><td>Kuoppanummen koulu<\/td><\/tr><tr><td>13<\/td><td>la 28.3.<\/td><td>Tanssillisen voimistelun Cup 4-kilpailu<br>Mukana: Rosalia, Clara, Korennot, Impulssi<\/td><td>Vantaa<\/td><\/tr><tr><td><\/td><td><\/td><td><strong>HUHTIKUU<\/strong><\/td><td><\/td><\/tr><tr><td>14<\/td><td>ke 8.4.<\/td><td>Johtokunnan kokous&nbsp;18.00<\/td><td>Toimisto<\/td><\/tr><tr><td>15<\/td><td>la 11.4.<\/td><td>Spirit 4-kilpailu<br>Mukana: Variety<\/td><td>Vantaa<\/td><\/tr><tr><td>15<\/td><td>su 12.4.<\/td><td>Sateenkaari Cup <br>Mukana: Amelia Lila, Amelia Lux, Kiara<\/td><td>Helsinki<\/td><\/tr><tr><td>16<\/td><td>ti 14.4.<\/td><td>Cheerleading maajoukkueet Luksialla klo 20<\/td><td>Luksia<\/td><\/tr><tr><td>16<\/td><td>la 18.4.<\/td><td>Kirku Cup<br>Mukana:  Amelia Lila, Amelia Lux, Kiara<\/td><td>Kirkkonummi<\/td><\/tr><tr><td>16<\/td><td>su 19.4.<\/td><td>PNV Cup<br>Mukana: Amira<\/td><td>Helsinki<\/td><\/tr><tr><td>17<\/td><td>25.4.<\/td><td>Maratonjumppa klo 11.15-15.30<\/td><td>Kuoppanummen koulu, palloilusali<\/td><\/tr><tr><td>17<\/td><td>25.-26.4.<br><\/td><td>Super 2 kilpailu<br>Mukana: Voima, Velocity<\/td><td>Oulu<\/td><\/tr><tr><td><\/td><td><\/td><td><strong>TOUKOKUU<\/strong><\/td><td><\/td><\/tr><tr><td>19<\/td><td>ke 6.5.<\/td><td>Kev\u00e4tkokous 17.30 + Johtokunnan kokous 18.00<\/td><td>Toimisto<\/td><\/tr><tr><td>19<\/td><td>la 9.5.<\/td><td>H\u00e4mpton Cup<br>Mukana:  Amelia Lila, Amelia Lux, Kiara, Amira<\/td><td>H\u00e4meenlinna<\/td><\/tr><tr><td>20<\/td><td>to 14.5.<\/td><td>Kev\u00e4tkimara<\/td><td>Luksia Nummela<\/td><\/tr><tr><td>20<\/td><td>la 16.5.<\/td><td>Kotka Sport Cup<br>Mukana:  Amelia Lila, Amelia Lux, Kiara, Amira<\/td><td><\/td><\/tr><tr><td>20<\/td><td>su 17.5.<\/td><td>Harrasteryhmien syyskausi p\u00e4\u00e4ttyy<\/td><td><\/td><\/tr><tr><td>20<\/td><td>su 17.5.<\/td><td>Super 4 kilpailu<br>Mukana: Variety<\/td><td>Lahti<\/td><\/tr><tr><td>21<\/td><td>la 23.5.<\/td><td>Nummela-p\u00e4iv\u00e4<\/td><td>Nummelan tori<\/td><\/tr><tr><td>21<\/td><td>la 23.5.<\/td><td>Stage kilpailu<br>Mukana: Venom<\/td><td>Vantaa<\/td><\/tr><tr><td><\/td><td><\/td><td><strong>KES\u00c4KUU<\/strong><\/td><td><\/td><\/tr><tr><td>23<\/td><td>to 4.6.-su 7.6.<\/td><td>Gymnaestrada Joensuu<\/td><td>Joensuu<\/td><\/tr><tr><td>24<\/td><td>pe 12.6.<\/td><td>Johtokunnan suunnittelup\u00e4iv\u00e4 15.00-21.00<\/td><td><\/td><\/tr><tr><td>24<\/td><td>14.6.<\/td><td>Puuhapark perhep\u00e4iv\u00e4 j\u00e4senist\u00f6lle<\/td><td>Puuhapark<\/td><\/tr><tr><td>25<\/td><td>15.-18.6.<\/td><td>Kes\u00e4leiri<\/td><td>Nummelan koulu<\/td><\/tr><tr><td>25<\/td><td>17.6.<\/td><td>Vihti Gym 50v kahvit ja avoimet ovet seuran toimistolla<\/td><td>Toimisto<\/td><\/tr><\/tbody><\/table><\/figure>\n<\/div>\n<\/div>\n\n\n\n<p><\/p>\n<\/div>\n<\/div>\n\n\n\n<p><\/p>\n","protected":false},"excerpt":{"rendered":"<p>VK SYYSKAUSI 2025 Paikka ELOKUU 32 ma 4.8. Aikuisten ja perheliikunnan ilmoittautuminen 18.00 www.vihti-gym.fi 32 ti 5.8. Lasten ja nuorten ilmoittautuminen 18.00 www.vihti-gym.fi 33 ke 13.8. Johtokunnan kokous 18.00 Toimisto 34 ma 18.8. Kauden avaustilaisuus ohjaajille 17.30 Kuoppanummi, Tanssisali 34 la 23.8. Wuosisatamarkkinat&nbsp;&nbsp;10-16 Vihdin kirkonkyl\u00e4 35 ma 25.8. Harrasteryhmien syyskausi alkaa SYYSKUU 36 ke 3.9. [&hellip;]<\/p>\n","protected":false},"author":3,"featured_media":0,"parent":0,"menu_order":0,"comment_status":"closed","ping_status":"closed","template":"","meta":{"site-sidebar-layout":"default","site-content-layout":"","ast-site-content-layout":"default","site-content-style":"default","site-sidebar-style":"default","ast-global-header-display":"","ast-banner-title-visibility":"","ast-main-header-display":"","ast-hfb-above-header-display":"","ast-hfb-below-header-display":"","ast-hfb-mobile-header-display":"","site-post-title":"","ast-breadcrumbs-content":"","ast-featured-img":"","footer-sml-layout":"","ast-disable-related-posts":"","theme-transparent-header-meta":"","adv-header-id-meta":"","stick-header-meta":"","header-above-stick-meta":"","header-main-stick-meta":"","header-below-stick-meta":"","astra-migrate-meta-layouts":"set","ast-page-background-enabled":"default","ast-page-background-meta":{"desktop":{"background-color":"var(--ast-global-color-4)","background-image":"","background-repeat":"repeat","background-position":"center center","background-size":"auto","background-attachment":"scroll","background-type":"","background-media":"","overlay-type":"","overlay-color":"","overlay-opacity":"","overlay-gradient":""},"tablet":{"background-color":"","background-image":"","background-repeat":"repeat","background-position":"center center","background-size":"auto","background-attachment":"scroll","background-type":"","background-media":"","overlay-type":"","overlay-color":"","overlay-opacity":"","overlay-gradient":""},"mobile":{"background-color":"","background-image":"","background-repeat":"repeat","background-position":"center center","background-size":"auto","background-attachment":"scroll","background-type":"","background-media":"","overlay-type":"","overlay-color":"","overlay-opacity":"","overlay-gradient":""}},"ast-content-background-meta":{"desktop":{"background-color":"var(--ast-global-color-5)","background-image":"","background-repeat":"repeat","background-position":"center center","background-size":"auto","background-attachment":"scroll","background-type":"","background-media":"","overlay-type":"","overlay-color":"","overlay-opacity":"","overlay-gradient":""},"tablet":{"background-color":"var(--ast-global-color-5)","background-image":"","background-repeat":"repeat","background-position":"center center","background-size":"auto","background-attachment":"scroll","background-type":"","background-media":"","overlay-type":"","overlay-color":"","overlay-opacity":"","overlay-gradient":""},"mobile":{"background-color":"var(--ast-global-color-5)","background-image":"","background-repeat":"repeat","background-position":"center center","background-size":"auto","background-attachment":"scroll","background-type":"","background-media":"","overlay-type":"","overlay-color":"","overlay-opacity":"","overlay-gradient":""}},"footnotes":""},"class_list":["post-1623","page","type-page","status-publish","hentry"],"_links":{"self":[{"href":"https:\/\/vihti-gym.fi\/index.php\/wp-json\/wp\/v2\/pages\/1623","targetHints":{"allow":["GET"]}}],"collection":[{"href":"https:\/\/vihti-gym.fi\/index.php\/wp-json\/wp\/v2\/pages"}],"about":[{"href":"https:\/\/vihti-gym.fi\/index.php\/wp-json\/wp\/v2\/types\/page"}],"author":[{"embeddable":true,"href":"https:\/\/vihti-gym.fi\/index.php\/wp-json\/wp\/v2\/users\/3"}],"replies":[{"embeddable":true,"href":"https:\/\/vihti-gym.fi\/index.php\/wp-json\/wp\/v2\/comments?post=1623"}],"version-history":[{"count":20,"href":"https:\/\/vihti-gym.fi\/index.php\/wp-json\/wp\/v2\/pages\/1623\/revisions"}],"predecessor-version":[{"id":2691,"href":"https:\/\/vihti-gym.fi\/index.php\/wp-json\/wp\/v2\/pages\/1623\/revisions\/2691"}],"wp:attachment":[{"href":"https:\/\/vihti-gym.fi\/index.php\/wp-json\/wp\/v2\/media?parent=1623"}],"curies":[{"name":"wp","href":"https:\/\/api.w.org\/{rel}","templated":true}]}}