{"id":157,"date":"2021-10-22T13:35:53","date_gmt":"2021-10-22T10:35:53","guid":{"rendered":"https:\/\/aboanalytics.wordpress.com\/?page_id=157"},"modified":"2025-03-18T17:28:01","modified_gmt":"2025-03-18T15:28:01","slug":"tahtiseura","status":"publish","type":"page","link":"https:\/\/vihti-gym.fi\/index.php\/tahtiseura\/","title":{"rendered":"T\u00e4htiseura"},"content":{"rendered":"\n<h1 class=\"wp-block-heading\">Liikuntaseura Vihti-Gym loistaa T\u00e4htiseurana<\/h1>\n\n\n\n<figure class=\"wp-block-video\"><video height=\"2880\" style=\"aspect-ratio: 2880 \/ 2880;\" width=\"2880\" controls src=\"https:\/\/vihti-gym.fi\/wp-content\/uploads\/2025\/03\/Tahtiseura.mp4\"><\/video><\/figure>\n\n\n\n<p><\/p>\n\n\n\n<p><strong>Vihti-Gym on saanut ensimm\u00e4isten seurojen joukossa voimistelun T\u00e4htimerkin lasten ja nuorten liikunnasta ja aikuisten liikunnasta vuonna 2018.&nbsp; Vuonna 2022 Vihti-Gym sai ensimm\u00e4isen\u00e4 seurana aikuisliikunnan T\u00e4htimerkin cheerleadingist\u00e4. T\u00e4htimerkki on lupaus laadusta nykyisille ja uusille&nbsp;seuran&nbsp;j\u00e4senille sek\u00e4 heid\u00e4n l\u00e4hipiirilleen.&nbsp;T\u00e4htimerkin saaneessa seurassa toimitaan&nbsp;inhimillisesti, modernisti ja ketter\u00e4sti.&nbsp;T\u00e4htiseurassa jokainen voi urheilla ja liikkua omalla tasollaan ja kohti omia tavoitteitaan yh\u00e4 suuremman taustatuen avulla.&nbsp;T\u00e4m\u00e4n&nbsp;laajemman tuen avulla on mahdollista s\u00e4ilytt\u00e4\u00e4 liikunta osana&nbsp;eri el\u00e4m\u00e4nvaiheita ja my\u00f6s kehitty\u00e4 huippu-urheilijaksi asti. (Suomen Olympiakomitea, 2020).<\/strong> <strong>T\u00e4htiseura on Olympiakomitean, lajiliittojen ja aluej\u00e4rjest\u00f6jen uusi seurojen laatuohjelma, joka tukee suomalaisen urheilun keskeist\u00e4 vahvuutta: seuratoimintaa.<\/strong> <strong>Viimeisin T\u00e4htiseura-auditointi on suoritettu Vihti-Gymille joulukuussa 2024, jonka seurauksena saamme edelleen pit\u00e4\u00e4 meille jo aiemmin my\u00f6nnetyt nelj\u00e4 T\u00e4htimerkki\u00e4!<\/strong><\/p>\n\n\n\n<p>Olympiakomitea, lajiliitot ja aluej\u00e4rjest\u00f6t ovat yhdess\u00e4 luoneet T\u00e4htiseura-laatuohjelman, jonka tavoitteena on suomalaisen urheiluseuratoiminnan kokonaisvaltainen kehitt\u00e4minen. Ohjelman tunnuksena on T\u00e4htimerkki, joka viestii siit\u00e4, ett\u00e4 seura t\u00e4ytt\u00e4\u00e4 kohderyhm\u00e4kohtaiset (lapset &amp; nuoret, aikuiset sek\u00e4 huippu-urheilijat) sis\u00e4lt\u00f6vaatimukset ja kaikille yhteiset johtamisen laatutekij\u00e4t. T\u00e4htimerkin saaneet seurat toimivat osana maanlaajuista jatkuvan kehitt\u00e4misen verkostoa, jossa seurat saavat tukea omaan toimintaansa ja jakavat hyvi\u00e4 k\u00e4yt\u00e4nt\u00f6j\u00e4\u00e4n. Liikuntaseura Vihti-Gym ry&nbsp;on saanut sek\u00e4 aikuisten ett\u00e4 lapset &amp; nuoret osa-alueen T\u00e4htimerkin niin voimisteluun kuin cheerleadingiin.<\/p>\n\n\n\n<p><strong>Aikuisten osa-alueen merkki<\/strong> osoittaa, ett\u00e4 seura kehitt\u00e4\u00e4 aikuisille suunnattuja palveluitaan j\u00e4senilt\u00e4\u00e4n saamansa palautteen perusteella yhteisty\u00f6ss\u00e4 muiden T\u00e4htiseurojen kanssa. Aikuiset-t\u00e4htimerkin saanut seura kiinnitt\u00e4\u00e4 huomiota sek\u00e4 joustaviin harrastusmahdollisuuksiin ett\u00e4 laajempaan osallistumismahdollisuuteen seuran toiminnassa, ja tekee liikunnasta ja urheilusta helpommin mukautuvaa, suunnitellumpaa ja turvallisempaa.<\/p>\n\n\n\n<p><strong>Lasten ja nuorten osa-alueen merkki<\/strong> puolestaan viestii siit\u00e4, ett\u00e4 seura luo lapsille ja nuorille turvallisen, kehitt\u00e4v\u00e4n ja innostavan ymp\u00e4rist\u00f6n harrastaa ja urheilla. Seura t\u00e4ytt\u00e4\u00e4 seuran johtamisen ja lasten urheilun laatutekij\u00e4t, ja on osa suurempaa seuraverkostoa, joka kehittyy yhdess\u00e4 ja oppii toisiltaan hyvi\u00e4 k\u00e4yt\u00e4nt\u00f6j\u00e4. T\u00e4htiseurassa jokainen saa urheilla omalla tavallaan hyv\u00e4ss\u00e4 seurassa! Vihti-Gymin toiminnassa t\u00e4m\u00e4 n\u00e4kyy my\u00f6s vahvana lasten voimistelun linjauksen jalkauttamisena lajirajojen ylitse. <\/p>\n\n\n\n<figure class=\"wp-block-gallery has-nested-images columns-default is-cropped wp-block-gallery-1 is-layout-flex wp-block-gallery-is-layout-flex\">\n<figure class=\"wp-block-image size-large is-resized\"><img loading=\"lazy\" decoding=\"async\" width=\"310\" height=\"349\" data-id=\"2322\" src=\"https:\/\/vihti-gym.fi\/wp-content\/uploads\/2025\/03\/tNhtiseura_lajiliitot_lapset_ja_nuoretaikuiset_cheerleading_rgb_72dpi-1.png\" alt=\"\" class=\"wp-image-2322\" style=\"width:280px;height:auto\" srcset=\"https:\/\/vihti-gym.fi\/wp-content\/uploads\/2025\/03\/tNhtiseura_lajiliitot_lapset_ja_nuoretaikuiset_cheerleading_rgb_72dpi-1.png 310w, https:\/\/vihti-gym.fi\/wp-content\/uploads\/2025\/03\/tNhtiseura_lajiliitot_lapset_ja_nuoretaikuiset_cheerleading_rgb_72dpi-1-266x300.png 266w\" sizes=\"auto, (max-width: 310px) 100vw, 310px\" \/><\/figure>\n\n\n\n<figure class=\"wp-block-image size-large is-resized\"><img loading=\"lazy\" decoding=\"async\" width=\"909\" height=\"1024\" data-id=\"2323\" src=\"https:\/\/vihti-gym.fi\/wp-content\/uploads\/2025\/03\/tNhtiseura_lajiliitot_lapset_ja_nuoretaikuiset_voimistelu_rgb_30-909x1024.png\" alt=\"\" class=\"wp-image-2323\" style=\"width:265px;height:auto\" srcset=\"https:\/\/vihti-gym.fi\/wp-content\/uploads\/2025\/03\/tNhtiseura_lajiliitot_lapset_ja_nuoretaikuiset_voimistelu_rgb_30-909x1024.png 909w, https:\/\/vihti-gym.fi\/wp-content\/uploads\/2025\/03\/tNhtiseura_lajiliitot_lapset_ja_nuoretaikuiset_voimistelu_rgb_30-266x300.png 266w, https:\/\/vihti-gym.fi\/wp-content\/uploads\/2025\/03\/tNhtiseura_lajiliitot_lapset_ja_nuoretaikuiset_voimistelu_rgb_30-768x865.png 768w, https:\/\/vihti-gym.fi\/wp-content\/uploads\/2025\/03\/tNhtiseura_lajiliitot_lapset_ja_nuoretaikuiset_voimistelu_rgb_30.png 1000w\" sizes=\"auto, (max-width: 909px) 100vw, 909px\" \/><\/figure>\n<\/figure>\n\n\n\n<p><strong>Seuran aiemmat tunnustukset ja palkinnot:<\/strong><\/p>\n\n\n\n<ul class=\"wp-block-list\">\n<li>1993, 1998, 2004, 2006, 2010, 2014 ja 2017 Nuoren Suomen Sinettiseura<\/li>\n\n\n\n<li>1997 Svolin historian ensimm\u00e4inen T\u00e4htiseura-palkinto&nbsp;<\/li>\n\n\n\n<li>2008, 2011, 2014 ja 2017 PRIIMA-aikuisliikunnan laatuseura-sertifikaatti<\/li>\n\n\n\n<li>2015 Active Cheer \u2013seura<\/li>\n\n\n\n<li>2018 Voimisteluliiton T\u00e4htiseura, aikuiset &amp; lapset ja nuoret<\/li>\n\n\n\n<li>2022 Voimisteluliiton T\u00e4htiseura, aikuiset &amp; lapset ja nuoret<\/li>\n\n\n\n<li>2022 Cheerleadingliiton T\u00e4htiseura, aikuiset &amp; lapset ja nuoret<\/li>\n\n\n\n<li>2024 Voimisteluliiton T\u00e4htiseura, aikuiset &amp; lapset ja nuoret<\/li>\n\n\n\n<li>2024 Cheerleadinliiton T\u00e4htiseura, aikuiset &amp; lapset ja nuoret<\/li>\n<\/ul>\n\n\n\n<p><strong><em>Suomalainen urheilu loistaa t\u00e4htiseurassa.<\/em><\/strong><\/p>\n\n\n\n<p><strong>Lis\u00e4tietoja&nbsp;&nbsp;&nbsp;<\/strong><a href=\"https:\/\/www.olympiakomitea.fi\/seuratoiminta\/tahtiseurat\/tahtiseurat-seurojen-laatuohjelma\/\"><strong>www.olympiakomitea.fi\/t\u00e4htiseurat<\/strong><\/a><\/p>\n\n\n\n<p><\/p>\n","protected":false},"excerpt":{"rendered":"<p>Liikuntaseura Vihti-Gym loistaa T\u00e4htiseurana Vihti-Gym on saanut ensimm\u00e4isten seurojen joukossa voimistelun T\u00e4htimerkin lasten ja nuorten liikunnasta ja aikuisten liikunnasta vuonna 2018.&nbsp; Vuonna 2022 Vihti-Gym sai ensimm\u00e4isen\u00e4 seurana aikuisliikunnan T\u00e4htimerkin cheerleadingist\u00e4. T\u00e4htimerkki on lupaus laadusta nykyisille ja uusille&nbsp;seuran&nbsp;j\u00e4senille sek\u00e4 heid\u00e4n l\u00e4hipiirilleen.&nbsp;T\u00e4htimerkin saaneessa seurassa toimitaan&nbsp;inhimillisesti, modernisti ja ketter\u00e4sti.&nbsp;T\u00e4htiseurassa jokainen voi urheilla ja liikkua omalla tasollaan ja kohti [&hellip;]<\/p>\n","protected":false},"author":2,"featured_media":0,"parent":0,"menu_order":0,"comment_status":"closed","ping_status":"closed","template":"","meta":{"site-sidebar-layout":"default","site-content-layout":"","ast-site-content-layout":"default","site-content-style":"default","site-sidebar-style":"default","ast-global-header-display":"","ast-banner-title-visibility":"","ast-main-header-display":"","ast-hfb-above-header-display":"","ast-hfb-below-header-display":"","ast-hfb-mobile-header-display":"","site-post-title":"","ast-breadcrumbs-content":"","ast-featured-img":"","footer-sml-layout":"","ast-disable-related-posts":"","theme-transparent-header-meta":"","adv-header-id-meta":"","stick-header-meta":"","header-above-stick-meta":"","header-main-stick-meta":"","header-below-stick-meta":"","astra-migrate-meta-layouts":"set","ast-page-background-enabled":"default","ast-page-background-meta":{"desktop":{"background-color":"var(--ast-global-color-4)","background-image":"","background-repeat":"repeat","background-position":"center center","background-size":"auto","background-attachment":"scroll","background-type":"","background-media":"","overlay-type":"","overlay-color":"","overlay-opacity":"","overlay-gradient":""},"tablet":{"background-color":"","background-image":"","background-repeat":"repeat","background-position":"center center","background-size":"auto","background-attachment":"scroll","background-type":"","background-media":"","overlay-type":"","overlay-color":"","overlay-opacity":"","overlay-gradient":""},"mobile":{"background-color":"","background-image":"","background-repeat":"repeat","background-position":"center center","background-size":"auto","background-attachment":"scroll","background-type":"","background-media":"","overlay-type":"","overlay-color":"","overlay-opacity":"","overlay-gradient":""}},"ast-content-background-meta":{"desktop":{"background-color":"var(--ast-global-color-5)","background-image":"","background-repeat":"repeat","background-position":"center center","background-size":"auto","background-attachment":"scroll","background-type":"","background-media":"","overlay-type":"","overlay-color":"","overlay-opacity":"","overlay-gradient":""},"tablet":{"background-color":"var(--ast-global-color-5)","background-image":"","background-repeat":"repeat","background-position":"center center","background-size":"auto","background-attachment":"scroll","background-type":"","background-media":"","overlay-type":"","overlay-color":"","overlay-opacity":"","overlay-gradient":""},"mobile":{"background-color":"var(--ast-global-color-5)","background-image":"","background-repeat":"repeat","background-position":"center center","background-size":"auto","background-attachment":"scroll","background-type":"","background-media":"","overlay-type":"","overlay-color":"","overlay-opacity":"","overlay-gradient":""}},"footnotes":""},"class_list":["post-157","page","type-page","status-publish","hentry"],"_links":{"self":[{"href":"https:\/\/vihti-gym.fi\/index.php\/wp-json\/wp\/v2\/pages\/157","targetHints":{"allow":["GET"]}}],"collection":[{"href":"https:\/\/vihti-gym.fi\/index.php\/wp-json\/wp\/v2\/pages"}],"about":[{"href":"https:\/\/vihti-gym.fi\/index.php\/wp-json\/wp\/v2\/types\/page"}],"author":[{"embeddable":true,"href":"https:\/\/vihti-gym.fi\/index.php\/wp-json\/wp\/v2\/users\/2"}],"replies":[{"embeddable":true,"href":"https:\/\/vihti-gym.fi\/index.php\/wp-json\/wp\/v2\/comments?post=157"}],"version-history":[{"count":5,"href":"https:\/\/vihti-gym.fi\/index.php\/wp-json\/wp\/v2\/pages\/157\/revisions"}],"predecessor-version":[{"id":2327,"href":"https:\/\/vihti-gym.fi\/index.php\/wp-json\/wp\/v2\/pages\/157\/revisions\/2327"}],"wp:attachment":[{"href":"https:\/\/vihti-gym.fi\/index.php\/wp-json\/wp\/v2\/media?parent=157"}],"curies":[{"name":"wp","href":"https:\/\/api.w.org\/{rel}","templated":true}]}}