{"id":1532,"date":"2023-07-13T10:20:54","date_gmt":"2023-07-13T07:20:54","guid":{"rendered":"https:\/\/vihti-gym.fi\/?page_id=1532"},"modified":"2025-11-16T18:39:48","modified_gmt":"2025-11-16T16:39:48","slug":"vastuullisuus","status":"publish","type":"page","link":"https:\/\/vihti-gym.fi\/index.php\/vastuullisuus\/","title":{"rendered":"Vastuullisuus ja viestint\u00e4"},"content":{"rendered":"\n<p>Liikuntaseura Vihti-Gym on <a href=\"https:\/\/www.olympiakomitea.fi\/seuratoiminta\/tahtiseurat\/\" target=\"_blank\" rel=\"noreferrer noopener\">T\u00e4htiseura<\/a>, ja olemme sitoutuneet noudattamaan <a href=\"https:\/\/www.olympiakomitea.fi\/uploads\/2020\/02\/ee3bcc3b-urheiluyhteison-vastuullisuusohjelma-2020-2024.pdf\" target=\"_blank\" rel=\"noreferrer noopener\">Urheiluyhteis\u00f6n vastuullisuusohjelmaa<\/a> sek\u00e4 <a href=\"https:\/\/www.voimistelu.fi\/voimisteluliitto\/vastuullisuus\/\" target=\"_blank\" rel=\"noreferrer noopener\">voimistelun eettisi\u00e4 periaatteita<\/a>. Haluamme olla rakentamassa entist\u00e4 turvallisempaa ja vastuullisempaa urheilukulttuuria. <\/p>\n\n\n\n<p>Seuran <a href=\"https:\/\/vihti-gym.fi\/wp-content\/uploads\/2025\/11\/Kriisiviestintasuunnitelma-Vihti-Gym-paivittty-16.11.2025.pdf\" data-type=\"attachment\" data-id=\"2592\">viestint\u00e4suunnitelma<\/a> (sis\u00e4lt\u00e4\u00e4 kriisiviestint\u00e4suunnitelman)<\/p>\n\n\n\n<figure class=\"wp-block-image size-large\"><img loading=\"lazy\" decoding=\"async\" width=\"1024\" height=\"576\" src=\"https:\/\/vihti-gym.fi\/wp-content\/uploads\/2023\/04\/966b6c_883cdbf036d54d82a978c84bf7b10b0d_mv2-1024x576.jpg\" alt=\"\" class=\"wp-image-1533\" srcset=\"https:\/\/vihti-gym.fi\/wp-content\/uploads\/2023\/04\/966b6c_883cdbf036d54d82a978c84bf7b10b0d_mv2-1024x576.jpg 1024w, https:\/\/vihti-gym.fi\/wp-content\/uploads\/2023\/04\/966b6c_883cdbf036d54d82a978c84bf7b10b0d_mv2-300x169.jpg 300w, https:\/\/vihti-gym.fi\/wp-content\/uploads\/2023\/04\/966b6c_883cdbf036d54d82a978c84bf7b10b0d_mv2-768x432.jpg 768w, https:\/\/vihti-gym.fi\/wp-content\/uploads\/2023\/04\/966b6c_883cdbf036d54d82a978c84bf7b10b0d_mv2.jpg 1280w\" sizes=\"auto, (max-width: 1024px) 100vw, 1024px\" \/><\/figure>\n\n\n\n<p><strong>HYV\u00c4&nbsp;HALLINTO<\/strong><\/p>\n\n\n\n<ul class=\"wp-block-list\">\n<li>Seuramme s\u00e4\u00e4nn\u00f6t, ohjeistukset ja toimintamallit ovat vastuullisuuden n\u00e4k\u00f6kulmasta ajan tasalla.<\/li>\n\n\n\n<li>Seuran toimintaperiaatteet ja toimintatavat on kirjattu auki seuran nettisivuille. Haluamme toimintamme olevan mahdollisimman avointa, rehellist\u00e4 ja luotettavaa.<\/li>\n\n\n\n<li>Seuran kaikilla palkallisilla ty\u00f6ntekij\u00f6ill\u00e4 on lain mukaiset ty\u00f6sopimukset. Kaikki uudet ty\u00f6ntekij\u00e4t saavat perehdytyksen.<\/li>\n\n\n\n<li>Seuralla on nimetty vastuuhenkil\u00f6 (Sini Koppanen), joka huolehtii vastuullisuuteen liittyvist\u00e4 asioista (ongelmanratkaisupolku).<\/li>\n\n\n\n<li>Taloudenpitomme on vastuullista ja realistista.<\/li>\n<\/ul>\n\n\n\n<p><strong>TURVALLINEN&nbsp;&nbsp;TOIMINTAYMP\u00c4RIST\u00d6<\/strong><\/p>\n\n\n\n<ul class=\"wp-block-list\">\n<li>Kaikilta alaik\u00e4isten kanssa ty\u00f6skentelevilt\u00e4 palkallisilta tarkistetaan rikosrekisteriotteet.<\/li>\n\n\n\n<li>Seuran eri toimijoilla on pelis\u00e4\u00e4nn\u00f6t, joita kaikki noudattavat. Pelis\u00e4\u00e4nn\u00f6t on n\u00e4ht\u00e4vill\u00e4 seuran nettisivuilla. <\/li>\n\n\n\n<li>Seuralla on ohjeet ep\u00e4asiallisen k\u00e4yt\u00f6ksen puuttumiseen, ja ne ovat kaikilla toimijoilla tiedossa. Ohjeet ovat my\u00f6s n\u00e4ht\u00e4vill\u00e4 seuran nettisivuilla. <\/li>\n\n\n\n<li>Emme hyv\u00e4ksy kiusaamista, h\u00e4irint\u00e4\u00e4 tai muuta ep\u00e4asiallista k\u00e4yt\u00f6st\u00e4. Tarjoamamme liikuntatunnit ovat kiusaamisvapaata vy\u00f6hykett\u00e4.<\/li>\n\n\n\n<li>Jokainen valmentajamme suorittaa turvallisuuteen liittyv\u00e4n Et ole yksin -verkkokoulutuksen.&nbsp;<\/li>\n<\/ul>\n\n\n\n<figure class=\"wp-block-image size-full\"><a href=\"https:\/\/www.etoleyksin.fi\/\"><img loading=\"lazy\" decoding=\"async\" width=\"670\" height=\"120\" src=\"https:\/\/vihti-gym.fi\/wp-content\/uploads\/2023\/04\/etoleyksin_toimintaohje_banneri_670x120.jpg\" alt=\"\" class=\"wp-image-1534\" srcset=\"https:\/\/vihti-gym.fi\/wp-content\/uploads\/2023\/04\/etoleyksin_toimintaohje_banneri_670x120.jpg 670w, https:\/\/vihti-gym.fi\/wp-content\/uploads\/2023\/04\/etoleyksin_toimintaohje_banneri_670x120-300x54.jpg 300w\" sizes=\"auto, (max-width: 670px) 100vw, 670px\" \/><\/a><\/figure>\n\n\n\n<p>Et ole yksin &#8211; <a href=\"https:\/\/www.etoleyksin.fi\/\" data-type=\"link\" data-id=\"https:\/\/www.etoleyksin.fi\/\">https:\/\/www.etoleyksin.fi\/<\/a><br>Terve urheilija &#8211; Mielenterveys <a href=\"https:\/\/terveurheilija.fi\/terveydenhuolto\/mielenterveys\/\" data-type=\"link\" data-id=\"https:\/\/terveurheilija.fi\/terveydenhuolto\/mielenterveys\/\">https:\/\/terveurheilija.fi\/terveydenhuolto\/mielenterveys\/<\/a><br>Mieli Ry &#8211; Mielen hyvinvointitaidot urheiluvalmennuksessa &#8211; <a href=\"https:\/\/mieli.fi\/materiaalit-ja-koulutukset\/tietoa-mielenterveyden-vahvistamisesta\/lapset-ja-nuoret\/mielen-hyvinvointitaidot-urheiluvalmennuksessa\/#materiaaleja-vanhemmille\" data-type=\"link\" data-id=\"https:\/\/mieli.fi\/materiaalit-ja-koulutukset\/tietoa-mielenterveyden-vahvistamisesta\/lapset-ja-nuoret\/mielen-hyvinvointitaidot-urheiluvalmennuksessa\/#materiaaleja-vanhemmille\">https:\/\/mieli.fi\/materiaalit-ja-koulutukset\/tietoa-mielenterveyden-vahvistamisesta\/lapset-ja-nuoret\/mielen-hyvinvointitaidot-urheiluvalmennuksessa\/#materiaaleja-vanhemmille<\/a><\/p>\n\n\n\n<p><strong>YHDENVERTAISUUS&nbsp;JA&nbsp;TASA-ARVO<\/strong><\/p>\n\n\n\n<ul class=\"wp-block-list\">\n<li>Liikunta ja urheilu ovat avoimia kaikille. Tasavertaisuus, moninaisuus ja oikeudenmukaisuus ovat seuramme perusta. <\/li>\n\n\n\n<li>Kunnioitamme yksil\u00f6n oikeuksia. Kiusaaminen, syrjiminen, haukkuminen, nimittely, fyysinen ja henkinen v\u00e4kivalta, alistaminen, v\u00e4h\u00e4ttely, seksuaalinen ja sukupuolinen ahdistelu sek\u00e4 syrjint\u00e4 ja rasismi eiv\u00e4t kuulu liikuntaan ja urheiluun &#8211; ei edes huumoriksi puettuna. Keskeisist\u00e4 k\u00e4ytt\u00e4ytymis- ja toimintatavoista sovitaan my\u00f6s joukkue- ja seuratasolla.<\/li>\n\n\n\n<li>Toiminta- ja j\u00e4senmaksut pidet\u00e4\u00e4n kohtuullisina. Kaikki innokkaat ja motivoituneet voimistelijat ja liikkujat ovat tervetulleita tunneillemme.<\/li>\n\n\n\n<li>Viestimme monipuolisesti. Kuva- ja sanavalintamme tukevat yhdenvertaisuutta ja tasa-arvoa.<\/li>\n<\/ul>\n\n\n\n<p><strong>YMP\u00c4RIST\u00d6&nbsp;JA&nbsp;ILMASTO<\/strong><\/p>\n\n\n\n<ul class=\"wp-block-list\">\n<li>Ymp\u00e4rist\u00f6kasvatus on osa seuran toimintaa. Suosimme l\u00e4hiliikuntaa, kannustamme j\u00e4seni\u00e4mme varusteiden kierr\u00e4tykseen ja pyrimme kiinnitt\u00e4m\u00e4\u00e4n huomiota materiaalikulttuuriin.<\/li>\n\n\n\n<li>Tiedostamme ja huomioimme eri toiminnoista aiheutuvat ymp\u00e4rist\u00f6vaikutukset.<\/li>\n\n\n\n<li>Suosimme paperittomia toimintamuotoja.<\/li>\n\n\n\n<li>Arjessa suosittelemme kulkemaan jalan tai py\u00f6r\u00e4illen harjoituksiin sek\u00e4 suosimaan kimppakyytej\u00e4. Kauempana pidett\u00e4viin kilpailuihin menn\u00e4\u00e4n mahdollisuuksien mukaan yhteiskyydill\u00e4. <\/li>\n<\/ul>\n\n\n\n<h2 class=\"wp-block-heading\">Ep\u00e4asialliseen k\u00e4yt\u00f6kseen puuttuminen<\/h2>\n\n\n\n<figure class=\"wp-block-table\"><table><tbody><tr><td><\/td><td><strong>Ensisijainen ratkaisumalli<\/strong><\/td><td><strong>Mik\u00e4li asia ei ratkea asianomaisten v\u00e4lisell\u00e4 keskustelulla.&nbsp;<\/strong><\/td><td><strong>Mik\u00e4li tilanne pitkittyy&nbsp;<\/strong><\/td><td><strong>Mik\u00e4li tilanne ei ratkea&nbsp;<\/strong><\/td><\/tr><tr><td><strong>Urheilijoiden v\u00e4liset tilanteet&nbsp;<\/strong><\/td><td>Tilanne pyrit\u00e4\u00e4n ratkaisemaan suoraan asianomaisten henkil\u00f6iden kanssa.&nbsp;<\/td><td>Asia sovitellaan valmentajan johdolla\/ avustuksella.&nbsp;<\/td><td>Asia vied\u00e4\u00e4n vastuuhenkil\u00f6lle, joka k\u00e4sittelee asian asianomaisen kanssa. Vanhempia tiedotetaan tapahtuneesta, ja heid\u00e4t otetaan mukaan k\u00e4sittelyyn.&nbsp;<\/td><td>Hallitus otetaan mukaan sovitteluun.&nbsp;<br>Liitoilta saatavilla apua sovitteluun. Tarvittaessa ulkopuolinen sovitteluapu (esim. Et ole yksin).&nbsp;<\/td><\/tr><tr><td><strong>Urheilijan\/ perheen ja seuratoimijan\/ seuran v\u00e4liset tilanteet&nbsp;<\/strong><\/td><td>Tilanne pyrit\u00e4\u00e4n ratkaisemaan suoraan asianomaisten henkil\u00f6iden kanssa.&nbsp;<\/td><td>Vastuuhenkil\u00f6 tai muu seuran nimetty henkil\u00f6 auttaa sovittelussa.&nbsp;<\/td><td>Asia vied\u00e4\u00e4n vastuuhenkil\u00f6n kautta hallitukselle, ja hallitus auttaa sovittelussa.&nbsp;<\/td><td>Liitoilta saatavilla apua sovitteluun. Tarvittaessa muu ulkopuolinen sovitteluapu.<\/td><\/tr><tr><td><strong>Seuran toimihenkil\u00f6iden v\u00e4liset tilanteet \/<br>Seuran toimihenkil\u00f6n ja seuran v\u00e4liset tilanteet&nbsp;<\/strong><\/td><td>Tilanne pyrit\u00e4\u00e4n ratkaisemaan suoraan asianomaisten henkil\u00f6iden kanssa.&nbsp;<\/td><td>Valmennusp\u00e4\u00e4llikk\u00f6 (tai vastuuhenkil\u00f6) auttaa sovittelussa.&nbsp;<\/td><td>Asia vied\u00e4\u00e4n valmennusp\u00e4\u00e4llik\u00f6n (tai vastuuhenkil\u00f6n) kautta hallitukselle, ja hallitus auttaa sovittelussa.&nbsp;<\/td><td>Liitoilta saatavilla apua sovitteluun. Tarvittaessa muu ulkopuolinen sovitteluapu (esim. ty\u00f6suojeluvaltuutettu, ammattiliittojen lakiapu) .<\/td><\/tr><tr><td><strong>Eri seurojen toimihenkil\u00f6iden v\u00e4liset tilanteet&nbsp;<\/strong><\/td><td>Tilanne pyrit\u00e4\u00e4n ratkaisemaan suoraan asianomaisten henkil\u00f6iden kanssa.&nbsp;<\/td><td>Valmennusp\u00e4\u00e4llikk\u00f6 (tai vastuuhenkil\u00f6) auttaa sovittelussa.&nbsp;<\/td><td>Sovittelija\/ seuran hallitus ottaa yhteytt\u00e4 toiseen seuraan, ja seurat toimivat yhdess\u00e4 sovittelijoina.&nbsp;<\/td><td>Liitoilta saatavilla apua sovitteluun. Tarvittaessa muu ulkopuolinen sovitteluapu.&nbsp;<\/td><\/tr><tr><td><strong>Seksuaalinen h\u00e4irint\u00e4, pahoinpitely, muu rikollinen toiminta&nbsp;<\/strong><\/td><td>Lastensuojelu tai poliisi&nbsp;<\/td><td><\/td><td><\/td><td><\/td><\/tr><\/tbody><\/table><figcaption class=\"wp-element-caption\"><strong>Ep\u00e4asialliseen k\u00e4yt\u00f6kseen puuttuminen&nbsp;<\/strong><\/figcaption><\/figure>\n\n\n\n<h2 class=\"wp-block-heading\"><strong>Muut ongelmatilanteet, joihin ei liity ep\u00e4asiallista k\u00e4yt\u00f6st\u00e4&nbsp;<\/strong><\/h2>\n\n\n\n<figure class=\"wp-block-table\"><table><tbody><tr><td><\/td><td><strong>Ensisijainen ratkaisumalli&nbsp;<\/strong><\/td><td><strong>Mik\u00e4li tilanne pitkittyy tai ei ratkea&nbsp;<\/strong><\/td><td><strong>Mik\u00e4li tilanne ei ratkea&nbsp;<\/strong><\/td><\/tr><tr><td><strong>Urheilijaa\/ huoltajia koskevat ongelmat&nbsp;<\/strong><\/td><td>Urheilijoita koskevat ongelmat ratkaistaan keskustelemalla urheilijanvalmentajan, urheilijan ja\/tai h\u00e4nen huoltajansa kanssa.&nbsp;<\/td><td>Otetaan yhteys joukkueenjohtajaan ja pyrit\u00e4\u00e4n ratkaisemaan ongelma h\u00e4nen johdollaan.<\/td><td>Ongelma siirret\u00e4\u00e4n hallituksen ratkaistavaksi.&nbsp;<\/td><\/tr><tr><td><strong>Valmentajia koskevat ongelmat&nbsp;<\/strong><\/td><td>Yksitt\u00e4ist\u00e4 valmentajaa koskevat ongelmat vied\u00e4\u00e4n valmennusvastaavan ratkaistavaksi.&nbsp;<\/td><td>Ellei ongelma ratkea valmennusvastaavan johdolla, niin ongelma siirret\u00e4\u00e4n hallituksen ratkaistavaksi.&nbsp;<\/td><td><\/td><\/tr><tr><td><strong>Hallituksen j\u00e4seni\u00e4 koskevat ongelmat&nbsp;<\/strong><\/td><td>Yksitt\u00e4ist\u00e4 hallituksen j\u00e4sent\u00e4 koskevat ongelmat vied\u00e4\u00e4n hallituksen puheenjohtajan ratkaistavaksi. Hallituksen puheenjohtajaa koskevat ongelmat siirret\u00e4\u00e4n ulkopuolisen sovittelijan ratkaistavaksi.&nbsp;<\/td><td>Ellei ongelma ratkea hallituksen puheenjohtajan johdolla, siirret\u00e4\u00e4n ongelma ulkopuolisen sovittelijan ratkaistavaksi.&nbsp;<\/td><td><\/td><\/tr><tr><td><strong>Vapaaehtoisia koskevat ongelmat&nbsp;<\/strong><\/td><td>Vapaaehtoisia koskevat ongelmat pyrit\u00e4\u00e4n ratkaisemaan paikan p\u00e4\u00e4ll\u00e4.&nbsp;<\/td><td>Tapahtuman vastuuhenkil\u00f6 ottaa yhteyden hallituksen puheenjohtajaan ja ongelma pyrit\u00e4\u00e4n ratkaisemaan h\u00e4nen johdollaan.&nbsp;<\/td><td>Ongelma siirret\u00e4\u00e4n hallituksen ratkaistavaksi.&nbsp;<\/td><\/tr><\/tbody><\/table><figcaption class=\"wp-element-caption\"><strong>Muut ongelmatilanteet, joihin ei liity ep\u00e4asiallista k\u00e4yt\u00f6st\u00e4&nbsp;<\/strong><\/figcaption><\/figure>\n\n\n\n<h2 class=\"wp-block-heading\">Vihti-Gymin pelis\u00e4\u00e4nn\u00f6t<\/h2>\n\n\n\n<p><br>Liikuntaseura Vihti-Gymin seuran pelis\u00e4\u00e4nn\u00f6t<\/p>\n\n\n\n<ul class=\"wp-block-list\">\n<li>Seura tukee ohjaajien ohjaamista tarjoamalla uusille ohjaajille tutorointia ja ohjaamalla ohjaajia aktiivisesti koulutukseen.<\/li>\n\n\n\n<li>Ohjaajat pidet\u00e4\u00e4n ajan tasalla seuran asioista ohjaajatiedotteilla ja tarvittaessa s\u00e4hk\u00f6postiviestein ja tekstiviestein.<\/li>\n\n\n\n<li>Seura noudattaa toiminnassaan T\u00e4htiseuran s\u00e4\u00e4nt\u00f6j\u00e4.<\/li>\n\n\n\n<li>Seura huomioi ohjauksessa jumppaajan taitotason ja tukee t\u00e4m\u00e4n kehittymist\u00e4 tarvittaessa henkil\u00f6kohtaisesti.<\/li>\n\n\n\n<li>Pyrit\u00e4\u00e4n my\u00f6nteisess\u00e4 hengess\u00e4 juurruttamaan elinik\u00e4inen liikuntatottumus jumppareihin ja nauttimaan liikunnan ilosta<\/li>\n\n\n\n<li>Seura palkitsee kauden mitalistit aina seuran joulu- ja kev\u00e4tjuhlissa.&nbsp;<\/li>\n<\/ul>\n\n\n\n<h2 class=\"wp-block-heading\">Huoltajien pelis\u00e4\u00e4nn\u00f6t<\/h2>\n\n\n\n<ol class=\"wp-block-list\">\n<li>Huoltaja&nbsp;muistaa, ett\u00e4 harrastustoiminta on lapselle\/nuorelle vapaaehtoista<\/li>\n\n\n\n<li>Autot pys\u00e4k\u00f6id\u00e4\u00e4n niille merkityille paikoille.<\/li>\n\n\n\n<li>Keng\u00e4t j\u00e4tet\u00e4\u00e4n kenk\u00e4telineisiin hyv\u00e4\u00e4n j\u00e4rjestykseen.<\/li>\n\n\n\n<li>Lapsella\/nuorella on asiaankuuluvat liikuntavarusteet.<\/li>\n\n\n\n<li>Lasten\/nuorten vaatteissa ja tarvikkeissa on nimi.<\/li>\n\n\n\n<li>Lapsi\/nuori saapuu ajoissa harjoituksiin.<\/li>\n\n\n\n<li>Pidempiaikaisesta poissaolosta tai lapsen\/nuoren harrastuksen keskeytt\u00e4misest\u00e4 tulee ilmoittaa&nbsp;&nbsp;&nbsp;&nbsp; ohjaajalle\/valmentajalle.<\/li>\n\n\n\n<li>Lapset\/nuoret ovat liikuntatunnin ajan ohjaajan\/valmentajan kanssa salissa.<\/li>\n\n\n\n<li>Huoltaja on vastuussa lapsen\/nuoren kulkemisesta harjoituksiin.<\/li>\n\n\n\n<li>Mik\u00e4li lapsella\/nuorella on jokin liikkumiseen vaikuttava tekij\u00e4 (astma tms.), tulee siit\u00e4 ilmoittaa ohjaajalle\/ valmentajalle.<\/li>\n\n\n\n<li>Huoltaja tutustuu lapsen\/nuoren kanssa yhdess\u00e4 jumppakoulupassiin\/jumppavihkoon sek\u00e4 muihin tiedotteisiin joita lapsi\/nuori kotiin tuo.<\/li>\n\n\n\n<li>Huoltaja arvostaa ja tukee lapsen\/nuoren harrastusta.<\/li>\n<\/ol>\n\n\n\n<p><\/p>\n","protected":false},"excerpt":{"rendered":"<p>Liikuntaseura Vihti-Gym on T\u00e4htiseura, ja olemme sitoutuneet noudattamaan Urheiluyhteis\u00f6n vastuullisuusohjelmaa sek\u00e4 voimistelun eettisi\u00e4 periaatteita. Haluamme olla rakentamassa entist\u00e4 turvallisempaa ja vastuullisempaa urheilukulttuuria. Seuran viestint\u00e4suunnitelma (sis\u00e4lt\u00e4\u00e4 kriisiviestint\u00e4suunnitelman) HYV\u00c4&nbsp;HALLINTO TURVALLINEN&nbsp;&nbsp;TOIMINTAYMP\u00c4RIST\u00d6 Et ole yksin &#8211; https:\/\/www.etoleyksin.fi\/Terve urheilija &#8211; Mielenterveys https:\/\/terveurheilija.fi\/terveydenhuolto\/mielenterveys\/Mieli Ry &#8211; Mielen hyvinvointitaidot urheiluvalmennuksessa &#8211; https:\/\/mieli.fi\/materiaalit-ja-koulutukset\/tietoa-mielenterveyden-vahvistamisesta\/lapset-ja-nuoret\/mielen-hyvinvointitaidot-urheiluvalmennuksessa\/#materiaaleja-vanhemmille YHDENVERTAISUUS&nbsp;JA&nbsp;TASA-ARVO YMP\u00c4RIST\u00d6&nbsp;JA&nbsp;ILMASTO Ep\u00e4asialliseen k\u00e4yt\u00f6kseen puuttuminen Ensisijainen ratkaisumalli Mik\u00e4li asia ei ratkea [&hellip;]<\/p>\n","protected":false},"author":3,"featured_media":0,"parent":0,"menu_order":0,"comment_status":"closed","ping_status":"closed","template":"","meta":{"site-sidebar-layout":"default","site-content-layout":"","ast-site-content-layout":"default","site-content-style":"default","site-sidebar-style":"default","ast-global-header-display":"","ast-banner-title-visibility":"","ast-main-header-display":"","ast-hfb-above-header-display":"","ast-hfb-below-header-display":"","ast-hfb-mobile-header-display":"","site-post-title":"","ast-breadcrumbs-content":"","ast-featured-img":"","footer-sml-layout":"","ast-disable-related-posts":"","theme-transparent-header-meta":"","adv-header-id-meta":"","stick-header-meta":"","header-above-stick-meta":"","header-main-stick-meta":"","header-below-stick-meta":"","astra-migrate-meta-layouts":"set","ast-page-background-enabled":"default","ast-page-background-meta":{"desktop":{"background-color":"var(--ast-global-color-4)","background-image":"","background-repeat":"repeat","background-position":"center center","background-size":"auto","background-attachment":"scroll","background-type":"","background-media":"","overlay-type":"","overlay-color":"","overlay-opacity":"","overlay-gradient":""},"tablet":{"background-color":"","background-image":"","background-repeat":"repeat","background-position":"center center","background-size":"auto","background-attachment":"scroll","background-type":"","background-media":"","overlay-type":"","overlay-color":"","overlay-opacity":"","overlay-gradient":""},"mobile":{"background-color":"","background-image":"","background-repeat":"repeat","background-position":"center center","background-size":"auto","background-attachment":"scroll","background-type":"","background-media":"","overlay-type":"","overlay-color":"","overlay-opacity":"","overlay-gradient":""}},"ast-content-background-meta":{"desktop":{"background-color":"var(--ast-global-color-5)","background-image":"","background-repeat":"repeat","background-position":"center center","background-size":"auto","background-attachment":"scroll","background-type":"","background-media":"","overlay-type":"","overlay-color":"","overlay-opacity":"","overlay-gradient":""},"tablet":{"background-color":"var(--ast-global-color-5)","background-image":"","background-repeat":"repeat","background-position":"center center","background-size":"auto","background-attachment":"scroll","background-type":"","background-media":"","overlay-type":"","overlay-color":"","overlay-opacity":"","overlay-gradient":""},"mobile":{"background-color":"var(--ast-global-color-5)","background-image":"","background-repeat":"repeat","background-position":"center center","background-size":"auto","background-attachment":"scroll","background-type":"","background-media":"","overlay-type":"","overlay-color":"","overlay-opacity":"","overlay-gradient":""}},"footnotes":""},"class_list":["post-1532","page","type-page","status-publish","hentry"],"_links":{"self":[{"href":"https:\/\/vihti-gym.fi\/index.php\/wp-json\/wp\/v2\/pages\/1532","targetHints":{"allow":["GET"]}}],"collection":[{"href":"https:\/\/vihti-gym.fi\/index.php\/wp-json\/wp\/v2\/pages"}],"about":[{"href":"https:\/\/vihti-gym.fi\/index.php\/wp-json\/wp\/v2\/types\/page"}],"author":[{"embeddable":true,"href":"https:\/\/vihti-gym.fi\/index.php\/wp-json\/wp\/v2\/users\/3"}],"replies":[{"embeddable":true,"href":"https:\/\/vihti-gym.fi\/index.php\/wp-json\/wp\/v2\/comments?post=1532"}],"version-history":[{"count":10,"href":"https:\/\/vihti-gym.fi\/index.php\/wp-json\/wp\/v2\/pages\/1532\/revisions"}],"predecessor-version":[{"id":2593,"href":"https:\/\/vihti-gym.fi\/index.php\/wp-json\/wp\/v2\/pages\/1532\/revisions\/2593"}],"wp:attachment":[{"href":"https:\/\/vihti-gym.fi\/index.php\/wp-json\/wp\/v2\/media?parent=1532"}],"curies":[{"name":"wp","href":"https:\/\/api.w.org\/{rel}","templated":true}]}}