{"id":139,"date":"2021-10-20T17:26:48","date_gmt":"2021-10-20T14:26:48","guid":{"rendered":"https:\/\/aboanalytics.wordpress.com\/?page_id=139"},"modified":"2025-08-31T20:22:41","modified_gmt":"2025-08-31T17:22:41","slug":"perheliikunta-3-4-vuotiaat-aikuisen-kanssa","status":"publish","type":"page","link":"https:\/\/vihti-gym.fi\/index.php\/perheliikunta-3-4-vuotiaat-aikuisen-kanssa\/","title":{"rendered":"PerheGym 1-5 -vuotiaat aikuisen kanssa"},"content":{"rendered":"\n<figure class=\"wp-block-image size-large\"><img loading=\"lazy\" decoding=\"async\" width=\"1024\" height=\"682\" src=\"https:\/\/vihti-gym.fi\/wp-content\/uploads\/2022\/02\/vihti-gym_perheliikunta_1-1024x682.jpg\" alt=\"\" class=\"wp-image-834\" srcset=\"https:\/\/vihti-gym.fi\/wp-content\/uploads\/2022\/02\/vihti-gym_perheliikunta_1-1024x682.jpg 1024w, https:\/\/vihti-gym.fi\/wp-content\/uploads\/2022\/02\/vihti-gym_perheliikunta_1-300x200.jpg 300w, https:\/\/vihti-gym.fi\/wp-content\/uploads\/2022\/02\/vihti-gym_perheliikunta_1-768x512.jpg 768w, https:\/\/vihti-gym.fi\/wp-content\/uploads\/2022\/02\/vihti-gym_perheliikunta_1-1536x1024.jpg 1536w, https:\/\/vihti-gym.fi\/wp-content\/uploads\/2022\/02\/vihti-gym_perheliikunta_1.jpg 2000w\" sizes=\"auto, (max-width: 1024px) 100vw, 1024px\" \/><figcaption class=\"wp-element-caption\">Kuva: Pietari Hatanp\u00e4\u00e4<\/figcaption><\/figure>\n\n\n\n<h2 class=\"wp-block-heading\">PerheGym 1-2 v.<\/h2>\n\n\n\n<p><strong>Ohjaajat: <\/strong>Minna Laapas, Elina Lindholm<br><strong>Aika ja paikka:\u00a0<\/strong>Sunnuntai 10.30-11.15, Palloilusali, Kuoppanummen koulu<\/p>\n\n\n\n<p>PerheGymiss\u00e4 ohjaajan avustuksella perhe johdatellaan perusliikuntataitojen saloihin, harjoittelemaan perheakrobatian perusteita sek\u00e4 tutustumaan voimistelullisiin elementteihin leikin kautta.&nbsp; Tunneilla on v\u00e4hemm\u00e4n jonotusta ja enemm\u00e4n aktiivista ja hauskaa yhdess\u00e4 tekemist\u00e4. Perhegym -tunnit voivat olla lapsen ensimm\u00e4inen kosketus voimisteluun ja liikunnan riemuun. Tunneille lapsi osallistuu yhdess\u00e4 huoltajan, kummin, isovanhemman tai muun tutun aikuisen kanssa.&nbsp;Tunnit soveltuvat kaikille 1-2 vuotiaille lapsen taustaan tai taitotasoon katsomatta.<\/p>\n\n\n\n<h2 class=\"wp-block-heading\">PerheGym 3-5 v.<\/h2>\n\n\n\n<p><strong>Ohjaajat: <\/strong>Minna Laapas, Elina Lindholm<br><strong>Aika ja paikka:&nbsp;<\/strong>Keskiviikko 17.00-18.00, Palloilusali, Kuoppanummen koulu<\/p>\n\n\n\n<p>PerheGymiss\u00e4 ohjaajan avustuksella perhe johdatellaan perusliikuntataitojen saloihin, harjoittelemaan perheakrobatian perusteita sek\u00e4 tutustumaan voimistelullisiin elementteihin leikin kautta.&nbsp; Tunneilla on v\u00e4hemm\u00e4n jonotusta ja enemm\u00e4n aktiivista ja hauskaa yhdess\u00e4 tekemist\u00e4. Perhegym -tunnit voivat olla lapsen ensimm\u00e4inen kosketus voimisteluun ja liikunnan riemuun. Tunneille lapsi osallistuu yhdess\u00e4 huoltajan, kummin, isovanhemman tai muun tutun aikuisen kanssa.&nbsp;Tunnit soveltuvat kaikille 3-5 vuotiaille lapsen taustaan tai taitotasoon katsomatta.<\/p>\n\n\n\n<p><em>Pid\u00e4t\u00e4mme oikeudet muutoksiin<\/em>.<\/p>\n\n\n\n<p>PerheGymin hinnat l\u00f6yd\u00e4t&nbsp;<a href=\"https:\/\/vihti-gym.fi\/index.php\/jasenmaksut\/\">t\u00e4\u00e4lt\u00e4.<\/a><\/p>\n\n\n\n<p><br><\/p>\n","protected":false},"excerpt":{"rendered":"<p>PerheGym 1-2 v. Ohjaajat: Minna Laapas, Elina LindholmAika ja paikka:\u00a0Sunnuntai 10.30-11.15, Palloilusali, Kuoppanummen koulu PerheGymiss\u00e4 ohjaajan avustuksella perhe johdatellaan perusliikuntataitojen saloihin, harjoittelemaan perheakrobatian perusteita sek\u00e4 tutustumaan voimistelullisiin elementteihin leikin kautta.&nbsp; Tunneilla on v\u00e4hemm\u00e4n jonotusta ja enemm\u00e4n aktiivista ja hauskaa yhdess\u00e4 tekemist\u00e4. Perhegym -tunnit voivat olla lapsen ensimm\u00e4inen kosketus voimisteluun ja liikunnan riemuun. Tunneille lapsi osallistuu [&hellip;]<\/p>\n","protected":false},"author":2,"featured_media":0,"parent":0,"menu_order":0,"comment_status":"closed","ping_status":"closed","template":"","meta":{"site-sidebar-layout":"default","site-content-layout":"","ast-site-content-layout":"default","site-content-style":"default","site-sidebar-style":"default","ast-global-header-display":"","ast-banner-title-visibility":"","ast-main-header-display":"","ast-hfb-above-header-display":"","ast-hfb-below-header-display":"","ast-hfb-mobile-header-display":"","site-post-title":"","ast-breadcrumbs-content":"","ast-featured-img":"","footer-sml-layout":"","ast-disable-related-posts":"","theme-transparent-header-meta":"","adv-header-id-meta":"","stick-header-meta":"","header-above-stick-meta":"","header-main-stick-meta":"","header-below-stick-meta":"","astra-migrate-meta-layouts":"set","ast-page-background-enabled":"default","ast-page-background-meta":{"desktop":{"background-color":"var(--ast-global-color-4)","background-image":"","background-repeat":"repeat","background-position":"center center","background-size":"auto","background-attachment":"scroll","background-type":"","background-media":"","overlay-type":"","overlay-color":"","overlay-opacity":"","overlay-gradient":""},"tablet":{"background-color":"","background-image":"","background-repeat":"repeat","background-position":"center center","background-size":"auto","background-attachment":"scroll","background-type":"","background-media":"","overlay-type":"","overlay-color":"","overlay-opacity":"","overlay-gradient":""},"mobile":{"background-color":"","background-image":"","background-repeat":"repeat","background-position":"center center","background-size":"auto","background-attachment":"scroll","background-type":"","background-media":"","overlay-type":"","overlay-color":"","overlay-opacity":"","overlay-gradient":""}},"ast-content-background-meta":{"desktop":{"background-color":"var(--ast-global-color-5)","background-image":"","background-repeat":"repeat","background-position":"center center","background-size":"auto","background-attachment":"scroll","background-type":"","background-media":"","overlay-type":"","overlay-color":"","overlay-opacity":"","overlay-gradient":""},"tablet":{"background-color":"var(--ast-global-color-5)","background-image":"","background-repeat":"repeat","background-position":"center center","background-size":"auto","background-attachment":"scroll","background-type":"","background-media":"","overlay-type":"","overlay-color":"","overlay-opacity":"","overlay-gradient":""},"mobile":{"background-color":"var(--ast-global-color-5)","background-image":"","background-repeat":"repeat","background-position":"center center","background-size":"auto","background-attachment":"scroll","background-type":"","background-media":"","overlay-type":"","overlay-color":"","overlay-opacity":"","overlay-gradient":""}},"footnotes":""},"class_list":["post-139","page","type-page","status-publish","hentry"],"_links":{"self":[{"href":"https:\/\/vihti-gym.fi\/index.php\/wp-json\/wp\/v2\/pages\/139","targetHints":{"allow":["GET"]}}],"collection":[{"href":"https:\/\/vihti-gym.fi\/index.php\/wp-json\/wp\/v2\/pages"}],"about":[{"href":"https:\/\/vihti-gym.fi\/index.php\/wp-json\/wp\/v2\/types\/page"}],"author":[{"embeddable":true,"href":"https:\/\/vihti-gym.fi\/index.php\/wp-json\/wp\/v2\/users\/2"}],"replies":[{"embeddable":true,"href":"https:\/\/vihti-gym.fi\/index.php\/wp-json\/wp\/v2\/comments?post=139"}],"version-history":[{"count":20,"href":"https:\/\/vihti-gym.fi\/index.php\/wp-json\/wp\/v2\/pages\/139\/revisions"}],"predecessor-version":[{"id":2551,"href":"https:\/\/vihti-gym.fi\/index.php\/wp-json\/wp\/v2\/pages\/139\/revisions\/2551"}],"wp:attachment":[{"href":"https:\/\/vihti-gym.fi\/index.php\/wp-json\/wp\/v2\/media?parent=139"}],"curies":[{"name":"wp","href":"https:\/\/api.w.org\/{rel}","templated":true}]}}