{"id":138,"date":"2025-01-19T19:09:04","date_gmt":"2025-01-19T17:09:04","guid":{"rendered":"https:\/\/aboanalytics.wordpress.com\/?page_id=138"},"modified":"2026-02-04T19:24:44","modified_gmt":"2026-02-04T17:24:44","slug":"lasten-liikunta-3-12-vuotiaat","status":"publish","type":"page","link":"https:\/\/vihti-gym.fi\/index.php\/lasten-liikunta-3-12-vuotiaat\/","title":{"rendered":"Lasten liikunta 3 &#8211; 12 -vuotiaat"},"content":{"rendered":"\n<figure class=\"wp-block-image aligncenter size-large is-resized\"><img loading=\"lazy\" decoding=\"async\" width=\"1024\" height=\"682\" src=\"https:\/\/vihti-gym.fi\/wp-content\/uploads\/2021\/12\/vihtigym_lores-81-1024x682.jpg\" alt=\"\" class=\"wp-image-679\" srcset=\"https:\/\/vihti-gym.fi\/wp-content\/uploads\/2021\/12\/vihtigym_lores-81-1024x682.jpg 1024w, https:\/\/vihti-gym.fi\/wp-content\/uploads\/2021\/12\/vihtigym_lores-81-300x200.jpg 300w, https:\/\/vihti-gym.fi\/wp-content\/uploads\/2021\/12\/vihtigym_lores-81-768x512.jpg 768w, https:\/\/vihti-gym.fi\/wp-content\/uploads\/2021\/12\/vihtigym_lores-81-1536x1024.jpg 1536w, https:\/\/vihti-gym.fi\/wp-content\/uploads\/2021\/12\/vihtigym_lores-81.jpg 2000w\" sizes=\"auto, (max-width: 1024px) 100vw, 1024px\" \/><figcaption class=\"wp-element-caption\">Kuva: Pietari Hatanp\u00e4\u00e4<\/figcaption><\/figure>\n\n\n\n<h2 class=\"wp-block-heading\" id=\"yleiskuvaus\"><strong>Yleiskuvaus<\/strong><\/h2>\n\n\n\n<p>Liikuntaseura Vihti-Gym tarjoaa lapsille turvallisen, kehitt\u00e4v\u00e4n ja innostavan ymp\u00e4rist\u00f6n harrastaa ja urheilla. Meid\u00e4n tuntitarjonnasta l\u00f6yd\u00e4t monipuoliset ja laadukkaat harrasteliikunnan tunnit lapselle, joissa lapsi voi liikkua koulutettujen ohjaajien opastuksella. T\u00e4htiseurassa jokainen saa urheilla omalla tavallaan hyv\u00e4ss\u00e4 seurassa!<\/p>\n\n\n\n<p>Lasten harrasteryhmiin mukaan voivat tulla uudet aloittelijat sek\u00e4 jo aiemmin liikuntaa harrastaneet! Tunneilla harjoitellaan my\u00f6s ryhm\u00e4ss\u00e4 toimimista ja toisten huomioon ottamista. Pariliikkeit\u00e4 ja kuvioita muodostaessa voi tunneilta l\u00f6yty\u00e4 uusia kivoja kavereitakin!<\/p>\n\n\n\n<p> Kauden p\u00e4\u00e4tteeksi opittuja taitoja voi halutessaan p\u00e4\u00e4st\u00e4 n\u00e4ytt\u00e4m\u00e4\u00e4n seuran omissa n\u00e4yt\u00f6ksiss\u00e4.<\/p>\n\n\n\n<p>Lasten liikunnan hinnat l\u00f6yd\u00e4t&nbsp;<a href=\"https:\/\/vihti-gym.fi\/index.php\/jasenmaksut\/\" data-type=\"page\" data-id=\"91\">t\u00e4\u00e4lt\u00e4.<\/a><\/p>\n\n\n\n<p><em>Pid\u00e4t\u00e4mme oikeudet muutoksiin. <\/em><\/p>\n\n\n\n<h2 class=\"wp-block-heading\" id=\"cheerleading\"><strong>Cheerleading<\/strong><\/h2>\n\n\n\n<figure class=\"wp-block-image size-large is-resized\"><img loading=\"lazy\" decoding=\"async\" width=\"1024\" height=\"682\" src=\"https:\/\/vihti-gym.fi\/wp-content\/uploads\/2022\/02\/vihtigym_cheerleading_4-1024x682.jpg\" alt=\"\" class=\"wp-image-843\" srcset=\"https:\/\/vihti-gym.fi\/wp-content\/uploads\/2022\/02\/vihtigym_cheerleading_4-1024x682.jpg 1024w, https:\/\/vihti-gym.fi\/wp-content\/uploads\/2022\/02\/vihtigym_cheerleading_4-300x200.jpg 300w, https:\/\/vihti-gym.fi\/wp-content\/uploads\/2022\/02\/vihtigym_cheerleading_4-768x512.jpg 768w, https:\/\/vihti-gym.fi\/wp-content\/uploads\/2022\/02\/vihtigym_cheerleading_4-1536x1024.jpg 1536w, https:\/\/vihti-gym.fi\/wp-content\/uploads\/2022\/02\/vihtigym_cheerleading_4.jpg 2000w\" sizes=\"auto, (max-width: 1024px) 100vw, 1024px\" \/><figcaption class=\"wp-element-caption\">Kuva: Pietari Hatanp\u00e4\u00e4<\/figcaption><\/figure>\n\n\n\n<h3 class=\"wp-block-heading\" id=\"cheerleading-vivid-6-9-v\"><strong>Cheerleading, Vivid&nbsp;7&nbsp;&#8211; 10 v.&nbsp;<\/strong><\/h3>\n\n\n\n<p><strong>Ohjaajat: <\/strong>Jemina Viherkanto ja Emma Aalto, apuohjaajina Sofia Rantanen, Lili Monkievicz ja Nora Matilainen<br><strong>Aika ja paikka: <\/strong>Sunnuntai klo 13.30 &#8211; 14.15 Huhmarnummen koulu<\/p>\n\n\n\n<p>Vihti-Gym Cheerleadingin harrastusryhm\u00e4ss\u00e4 opetellaan i\u00e4st\u00e4 riippumatta cheerledingin perusteita; stuntteja, pyramideja, akrobatiaa, hyppyj\u00e4 ja&nbsp;tanssia. Ryhm\u00e4 on suunnattu vuonna 2018 &#8211; 2015 syntyneille lapsille.<\/p>\n\n\n\n<p>Harrastusryhmien&nbsp;kautta voi halutessaan my\u00f6hemmin hakea cheerleadingin valmennusjoukkueisiin,&nbsp;joissa vaaditut taidot opetetaan harrastusryhmiss\u00e4.<\/p>\n\n\n\n<p>Cheerleadingin harrasteryhmiin osallistuvien tulee ostaa Cheerleadingliiton harrastelisenssi. Lisenssin hinta EI sis\u00e4lly j\u00e4sen- eik\u00e4 kausimaksuihin. <a rel=\"noreferrer noopener\" href=\"https:\/\/scl.fi\/harrastajalle\/lisenssit\/\" target=\"_blank\">Tutustu lisenssiin.<\/a><\/p>\n\n\n\n<h3 class=\"wp-block-heading\" id=\"cheerleading-volant-yli-10-v\"><strong>Cheerleading, Volant&nbsp;yli 10&nbsp;v.&nbsp;<\/strong><\/h3>\n\n\n\n<p><strong>Ohjaajat:<\/strong> Ida Merikallio, Jenni V\u00e4\u00e4t\u00e4inen, Fanni Ahlsten, Jenni Wikstr\u00f6m <br><strong>Aika ja paikka: <\/strong>Sunnuntai klo 14.00-15.15 Huhmarnummen koulu<\/p>\n\n\n\n<p>Vihti-Gym Cheerleadingin harrastusryhm\u00e4ss\u00e4 opetellaan i\u00e4st\u00e4 riippumatta cheerledingin perusteita; stuntteja, pyramideja, akrobatiaa, hyppyj\u00e4 ja&nbsp;tanssia. Ryhm\u00e4t harjoittelevat kerran viikossa ja esiintyv\u00e4t seuran kev\u00e4tn\u00e4yt\u00f6ksiss\u00e4. Ryhm\u00e4 on suunnattu vuonna 2014 ja sit\u00e4 aikaisemmin syntyneille lapsille.<\/p>\n\n\n\n<p>Harrastusryhmien&nbsp;kautta voi halutessaan my\u00f6hemmin hakea cheerleadingin valmennusjoukkueisiin,&nbsp;joissa vaaditut taidot opetetaan harrastusryhmiss\u00e4.<\/p>\n\n\n\n<p>Cheerleadingin harrasteryhmiin osallistuvien tulee ostaa Cheerleadingliiton harrastelisenssi. Lisenssin hinta EI sis\u00e4lly j\u00e4sen- eik\u00e4 kausimaksuihin. <a rel=\"noreferrer noopener\" href=\"https:\/\/scl.fi\/harrastajalle\/lisenssit\/\" target=\"_blank\">Tutustu lisenssiin.<\/a><\/p>\n\n\n\n<h2 class=\"wp-block-heading\">&nbsp;<\/h2>\n\n\n\n<h2 class=\"wp-block-heading\" id=\"voimistelu\"><strong>Voimistelu<\/strong><\/h2>\n\n\n\n<figure class=\"wp-block-image size-large is-resized\"><img loading=\"lazy\" decoding=\"async\" width=\"1024\" height=\"682\" src=\"https:\/\/vihti-gym.fi\/wp-content\/uploads\/2022\/02\/vihtigym_lastenharrastevoimistelu_4-1024x682.jpg\" alt=\"\" class=\"wp-image-846\" srcset=\"https:\/\/vihti-gym.fi\/wp-content\/uploads\/2022\/02\/vihtigym_lastenharrastevoimistelu_4-1024x682.jpg 1024w, https:\/\/vihti-gym.fi\/wp-content\/uploads\/2022\/02\/vihtigym_lastenharrastevoimistelu_4-300x200.jpg 300w, https:\/\/vihti-gym.fi\/wp-content\/uploads\/2022\/02\/vihtigym_lastenharrastevoimistelu_4-768x512.jpg 768w, https:\/\/vihti-gym.fi\/wp-content\/uploads\/2022\/02\/vihtigym_lastenharrastevoimistelu_4-1536x1024.jpg 1536w, https:\/\/vihti-gym.fi\/wp-content\/uploads\/2022\/02\/vihtigym_lastenharrastevoimistelu_4.jpg 2000w\" sizes=\"auto, (max-width: 1024px) 100vw, 1024px\" \/><figcaption class=\"wp-element-caption\">Kuva: Pietari Hatanp\u00e4\u00e4<\/figcaption><\/figure>\n\n\n\n<p>Liikuntaseura Vihti-Gymin tarjoamat voimistelutunnit ovat Voimisteluliiton konspetitunteja, joihin ohjaajamme ovat koulutettuja. Perusliikuntataitojen ja voimistelun alkeistaitojen oppiminen tapahtuu leikin kautta, laadukkaassa ohjauksessa tai valmennuksessa, panostaen lasten innostumiseen ja onnistumisen kokemuksiin. Tavoitteena on saada lapsi tunnistamaan omat vahvuutensa, innostumaan liikunnasta, l\u00f6yt\u00e4m\u00e4\u00e4n oman tapansa liikkua ja ponnistamaan Voimistelukoulusta juuri omann\u00e4k\u00f6iselle liikkujan polulle voimistelun, tanssin tai muun lajin parissa.<\/p>\n\n\n\n<h3 class=\"wp-block-heading\" id=\"voimistelukoulu-5-6-v\"><strong>Satuvoimistelu 3-4 v.<\/strong><\/h3>\n\n\n\n<p><strong>Ohjaaja: <\/strong>Sanna Nurmesniemi<br><strong>Aika ja paikka: <\/strong>Sunnuntai klo 15.15-16.00, Tanssisali, Kuoppanummen koulu<\/p>\n\n\n\n<p><strong>Satuvoimistelussa<\/strong> yhdistyv\u00e4t mielikuvitus, leikki ja perusliikuntataidot. Tunnilla liikutaan erilaisten teemojen parissa &#8211; lennet\u00e4\u00e4n kuin linnut, loikitaan kuin sammakot tai hiivit\u00e4\u00e4n kuin mets\u00e4n el\u00e4imet. Satuvoimistelussa harjoitellaan kehonhallintaa, tasapainoa, ketteryytt\u00e4 ja rytmitajua leikinomaisesti lapsen kehitysvaihe huomioiden. <br><br>Tavoitteena on her\u00e4tt\u00e4\u00e4 lapsen innostus liikkumiseen ja tukea motoristen taitojen kehittymist\u00e4 turvallisessa ja kannustavassa ilmapiiriss\u00e4. Lapsi osallistuu tunnille ilman vanhempaa.<\/p>\n\n\n\n<h3 class=\"wp-block-heading\" id=\"voimistelukoulu-5-6-v\"><strong>Voimistelukoulu&nbsp;5&nbsp;&#8211; 6&nbsp;v.<\/strong> maanantairyhm\u00e4<\/h3>\n\n\n\n<p><strong>Ohjaaja: <\/strong>Isabella Mehtola ja Julia Eriksson<br><strong>Aika ja paikka: <\/strong>Maanantai klo 17.45-18.30, Kamppailusali, Kuoppanummen koulu<\/p>\n\n\n\n<p><strong>Voimistelukoulu&nbsp;<\/strong>on iloista voimistelua ja harrastamista sek\u00e4 pojille ett\u00e4 tyt\u00f6ille. Tavoitteena on kehitt\u00e4\u00e4 lasten koordinaatiota, tasapainoa, liikkuvuutta ja perusvoimaa voimistelullisin keinoin sek\u00e4 tarjota lapselle liikunnallisia el\u00e4myksi\u00e4. Harjoittelu on monipuolista ja antaa erinomaiset taidot sek\u00e4 voimistelu-uralle ett\u00e4 muihin lajeihin.&nbsp;&nbsp;Ryhm\u00e4 on tarkoitettu voimistelusta kiinnostuneille aloittelijoille kuin jo voimistelua harrastaneille. Ryhm\u00e4n j\u00e4senet voivat halutessaan osallistua seuran n\u00e4yt\u00f6ksiin. Ryhm\u00e4 on suunnattu vuonna 2019-2020 syntyneille lapsille.<\/p>\n\n\n\n<h3 class=\"wp-block-heading\" id=\"voimistelukoulu-5-6-v\"><strong>Voimistelukoulu&nbsp;5&nbsp;&#8211; 6&nbsp;v.<\/strong> sunnuntairyhm\u00e4<\/h3>\n\n\n\n<p><strong>Ohjaaja: <\/strong>Venla Soininen, Saaga Soininen, Jessika Laitinen, Fanni Jokiranta<br><strong>Aika ja paikka: <\/strong>Sunnuntai klo 13.30-14.15 Kamppailusali, Kuoppanummen koulu<\/p>\n\n\n\n<p><strong>Voimistelukoulu&nbsp;<\/strong>on iloista voimistelua ja harrastamista sek\u00e4 pojille ett\u00e4 tyt\u00f6ille. Tavoitteena on kehitt\u00e4\u00e4 lasten koordinaatiota, tasapainoa, liikkuvuutta ja perusvoimaa voimistelullisin keinoin sek\u00e4 tarjota lapselle liikunnallisia el\u00e4myksi\u00e4. Harjoittelu on monipuolista ja antaa erinomaiset taidot sek\u00e4 voimistelu-uralle ett\u00e4 muihin lajeihin.&nbsp;&nbsp;Ryhm\u00e4 on tarkoitettu voimistelusta kiinnostuneille aloittelijoille kuin jo voimistelua harrastaneille. Ryhm\u00e4n j\u00e4senet voivat halutessaan osallistua seuran n\u00e4yt\u00f6ksiin. Ryhm\u00e4 on suunnattu vuonna 2019 &#8211; 2020 syntyneille lapsille.<\/p>\n\n\n\n<h3 class=\"wp-block-heading\" id=\"voimistelukoulu-6-8-v\"><strong>Voimistelukoulu 7 &#8211; 9 v.<\/strong><\/h3>\n\n\n\n<p><strong>Ohjaajat: <\/strong>Venla Soininen, Saaga Soininen<br><strong>Aika ja paikka:&nbsp;<\/strong>Maanantai 17.00-17.45 Kamppailusali, Kuoppanummen koulu<\/p>\n\n\n\n<p><strong>Voimistelukoulu&nbsp;<\/strong>on iloista voimistelua ja harrastamista sek\u00e4 pojille ett\u00e4 tyt\u00f6ille. Tavoitteena on kehitt\u00e4\u00e4 lasten koordinaatiota, tasapainoa, liikkuvuutta ja perusvoimaa voimistelullisin keinoin sek\u00e4 tarjota lapselle liikunnallisia el\u00e4myksi\u00e4. Harjoittelu on monipuolista ja antaa erinomaiset taidot sek\u00e4 voimistelu-uralle ett\u00e4 muihin lajeihin.&nbsp;&nbsp;Ryhm\u00e4 on tarkoitettu voimistelusta kiinnostuneille aloittelijoille kuin jo voimistelua harrastaneille. Ryhm\u00e4n j\u00e4senet voivat halutessaan osallistua seuran n\u00e4yt\u00f6ksiin. Ryhm\u00e4 on suunnattu vuonna 2018-2016 syntyneille lapsille.<\/p>\n\n\n\n<h3 class=\"wp-block-heading\" id=\"voimistelukoulu-8-10-v\"><strong>Voimistelukoulu&nbsp;10&nbsp;&#8211; 12&nbsp;v.<\/strong><\/h3>\n\n\n\n<p><strong>Ohjaaja: <\/strong>Jessika Laitinen, Fanni Jokiranta<br><strong>Aika ja paikka:<\/strong> Tiistai klo 17.00-18.00 Kamppailusali, Kuoppanummen koulu<\/p>\n\n\n\n<p><strong>Voimistelukoulu&nbsp;<\/strong>on iloista voimistelua ja harrastamista sek\u00e4 pojille ett\u00e4 tyt\u00f6ille. Tavoitteena on kehitt\u00e4\u00e4 lasten koordinaatiota, tasapainoa, liikkuvuutta ja perusvoimaa voimistelullisin keinoin sek\u00e4 tarjota lapselle liikunnallisia el\u00e4myksi\u00e4. Harjoittelu on monipuolista ja antaa erinomaiset taidot sek\u00e4 voimistelu-uralle ett\u00e4 muihin lajeihin.&nbsp;&nbsp;Ryhm\u00e4 on tarkoitettu voimistelusta kiinnostuneille aloittelijoille kuin jo voimistelua harrastaneille. Ryhm\u00e4n j\u00e4senet voivat halutessaan osallistua seuran n\u00e4yt\u00f6ksiin. Ryhm\u00e4 on suunnattu vuonna 2012 &#8211; 2015 syntyneille lapsille.<\/p>\n\n\n\n<div class=\"wp-block-columns is-layout-flex wp-container-core-columns-is-layout-28f84493 wp-block-columns-is-layout-flex\">\n<div class=\"wp-block-column is-layout-flow wp-block-column-is-layout-flow\">\n<h3 class=\"wp-block-heading\"><strong>Ninja-Gym 6-7 v. <\/strong><\/h3>\n<\/div>\n<\/div>\n\n\n\n<div class=\"wp-block-columns is-layout-flex wp-container-core-columns-is-layout-28f84493 wp-block-columns-is-layout-flex\">\n<div class=\"wp-block-column is-layout-flow wp-block-column-is-layout-flow\">\n<div class=\"wp-block-columns is-layout-flex wp-container-core-columns-is-layout-28f84493 wp-block-columns-is-layout-flex\">\n<div class=\"wp-block-column is-layout-flow wp-block-column-is-layout-flow\">\n<p class=\"has-text-align-left\"><strong>Ohjaaja: <\/strong>Evgenia Juselius ja Nette Kola, apuohjaaja Riika Annala<br><strong>Aika ja paikka:<\/strong> Maanantai klo 18.00-18.45 Nummelan koulu<\/p>\n<\/div>\n<\/div>\n<\/div>\n<\/div>\n\n\n\n<p>Ninja-gym-tunnit soveltuvat innokkaille ja kokeilunhaluisille ninjoille. Tunneilla tutustutaan perusliikunta taitohin, voimistelun alkeistaitoihin ja parkouriin siten, ett\u00e4 kauden lopussa vanhemmat ovat taatusti haltioissaan pikku-Ninjojen taidoista. Ninja-gym-tunneilla saa varmasti hien pintaan, oppii uusia asioita sek\u00e4 vahvistaa arjessakin tarpeellisia perusliikuntataitoja. Ryhm\u00e4 on tarkoitettu 2018 &#8211; 2019 syntyneille lapsille.<\/p>\n\n\n\n<div class=\"wp-block-columns is-layout-flex wp-container-core-columns-is-layout-28f84493 wp-block-columns-is-layout-flex\">\n<div class=\"wp-block-column is-layout-flow wp-block-column-is-layout-flow\"><\/div>\n<\/div>\n\n\n\n<figure class=\"wp-block-image size-large is-resized\"><img loading=\"lazy\" decoding=\"async\" width=\"1024\" height=\"682\" src=\"https:\/\/vihti-gym.fi\/wp-content\/uploads\/2022\/02\/vihtigym_lastentanssi_1-1024x682.jpg\" alt=\"\" class=\"wp-image-848\" srcset=\"https:\/\/vihti-gym.fi\/wp-content\/uploads\/2022\/02\/vihtigym_lastentanssi_1-1024x682.jpg 1024w, https:\/\/vihti-gym.fi\/wp-content\/uploads\/2022\/02\/vihtigym_lastentanssi_1-300x200.jpg 300w, https:\/\/vihti-gym.fi\/wp-content\/uploads\/2022\/02\/vihtigym_lastentanssi_1-768x512.jpg 768w, https:\/\/vihti-gym.fi\/wp-content\/uploads\/2022\/02\/vihtigym_lastentanssi_1-1536x1024.jpg 1536w, https:\/\/vihti-gym.fi\/wp-content\/uploads\/2022\/02\/vihtigym_lastentanssi_1.jpg 2000w\" sizes=\"auto, (max-width: 1024px) 100vw, 1024px\" \/><figcaption class=\"wp-element-caption\">Kuva: Pietari Hatanp\u00e4\u00e4<\/figcaption><\/figure>\n\n\n\n<h2 class=\"wp-block-heading\" id=\"tanssi\"><strong>Tanssi<\/strong><\/h2>\n\n\n\n<h3 class=\"wp-block-heading\" id=\"lasten-tanssi-4-5v\"><strong>Dance4Fun 4-6v.<\/strong> (entinen KiddieJam)<\/h3>\n\n\n\n<p><strong>Ohjaaja: <\/strong>Johanna M\u00e4\u00e4tt\u00e4 ja Siiri M\u00e4\u00e4tt\u00e4, apuohjaaja Milja Pekkola<br><strong>Aika ja paikka: <\/strong>Maanantai 17.15-18.00 Huhmarnummen koulu<\/p>\n\n\n\n<p>Voimisteluliiton konsepti&nbsp;<strong>Dance 4 Fun<\/strong>, on lapsille ja nuorille suunnattu monipuolinen tanssiharrastus, jossa liikkeet maustetaan eri tanssityylein. Tunneilla tanssi yhdist\u00e4\u00e4 luovuuden, motoriikan ja fyysisten ominaisuuksien harjoittelun. Tarkoituksena on liikkua mahdollisimman paljon, v\u00e4ltt\u00e4en turhaa seisoskelua ja odottelua.&nbsp;<\/p>\n\n\n\n<p>Dance 4 Fun -tunneilla harjoitellaan koreografioita ja ilmaisua. Halutessaan, ryhm\u00e4 voi esiinty\u00e4 my\u00f6s seuran omissa n\u00e4yt\u00f6ksiss\u00e4. T\u00e4rkeint\u00e4 kuitenkin on, ett\u00e4 jokainen tanssija l\u00f6yt\u00e4\u00e4 oman tapansa liikkua ja nauttia siit\u00e4.<\/p>\n\n\n\n<p>Ryhm\u00e4 on suunnattu vuonna 2019-2021 syntyneille lapsille.<\/p>\n\n\n\n<h3 class=\"wp-block-heading\" id=\"lasten-tanssi-little-star-6-9-v\"><strong>Dance4Fun 7 &#8211; 11&nbsp;v.<\/strong><\/h3>\n\n\n\n<p><strong>Ohjaajat: <\/strong>Johanna M\u00e4\u00e4tt\u00e4 ja Siiri M\u00e4\u00e4tt\u00e4<br><strong>Aika ja paikka:\u00a0<\/strong>Maanantai 18.00-19.00 Huhmarnummen koulu<\/p>\n\n\n\n<p>Voimisteluliiton konsepti&nbsp;<strong>Dance 4 Fun<\/strong>, on lapsille ja nuorille suunnattu monipuolinen tanssiharrastus, jossa liikkeet maustetaan eri tanssityylein. Tunneilla tanssi yhdist\u00e4\u00e4 luovuuden, motoriikan ja fyysisten ominaisuuksien harjoittelun. Tarkoituksena on liikkua mahdollisimman paljon, v\u00e4ltt\u00e4en turhaa seisoskelua ja odottelua.&nbsp;<\/p>\n\n\n\n<p>Dance 4 Fun -tunneilla harjoitellaan koreografioita ja ilmaisua. Halutessaan, ryhm\u00e4 voi esiinty\u00e4 my\u00f6s seuran omissa n\u00e4yt\u00f6ksiss\u00e4. T\u00e4rkeint\u00e4 kuitenkin on, ett\u00e4 jokainen tanssija l\u00f6yt\u00e4\u00e4 oman tapansa liikkua ja nauttia siit\u00e4.<\/p>\n\n\n\n<p><\/p>\n\n\n\n<p><\/p>\n","protected":false},"excerpt":{"rendered":"<p>Yleiskuvaus Liikuntaseura Vihti-Gym tarjoaa lapsille turvallisen, kehitt\u00e4v\u00e4n ja innostavan ymp\u00e4rist\u00f6n harrastaa ja urheilla. Meid\u00e4n tuntitarjonnasta l\u00f6yd\u00e4t monipuoliset ja laadukkaat harrasteliikunnan tunnit lapselle, joissa lapsi voi liikkua koulutettujen ohjaajien opastuksella. T\u00e4htiseurassa jokainen saa urheilla omalla tavallaan hyv\u00e4ss\u00e4 seurassa! Lasten harrasteryhmiin mukaan voivat tulla uudet aloittelijat sek\u00e4 jo aiemmin liikuntaa harrastaneet! Tunneilla harjoitellaan my\u00f6s ryhm\u00e4ss\u00e4 toimimista ja [&hellip;]<\/p>\n","protected":false},"author":2,"featured_media":0,"parent":0,"menu_order":0,"comment_status":"closed","ping_status":"closed","template":"","meta":{"site-sidebar-layout":"default","site-content-layout":"","ast-site-content-layout":"default","site-content-style":"default","site-sidebar-style":"default","ast-global-header-display":"","ast-banner-title-visibility":"","ast-main-header-display":"","ast-hfb-above-header-display":"","ast-hfb-below-header-display":"","ast-hfb-mobile-header-display":"","site-post-title":"","ast-breadcrumbs-content":"","ast-featured-img":"","footer-sml-layout":"","ast-disable-related-posts":"","theme-transparent-header-meta":"","adv-header-id-meta":"","stick-header-meta":"","header-above-stick-meta":"","header-main-stick-meta":"","header-below-stick-meta":"","astra-migrate-meta-layouts":"set","ast-page-background-enabled":"default","ast-page-background-meta":{"desktop":{"background-color":"var(--ast-global-color-4)","background-image":"","background-repeat":"repeat","background-position":"center center","background-size":"auto","background-attachment":"scroll","background-type":"","background-media":"","overlay-type":"","overlay-color":"","overlay-opacity":"","overlay-gradient":""},"tablet":{"background-color":"","background-image":"","background-repeat":"repeat","background-position":"center center","background-size":"auto","background-attachment":"scroll","background-type":"","background-media":"","overlay-type":"","overlay-color":"","overlay-opacity":"","overlay-gradient":""},"mobile":{"background-color":"","background-image":"","background-repeat":"repeat","background-position":"center center","background-size":"auto","background-attachment":"scroll","background-type":"","background-media":"","overlay-type":"","overlay-color":"","overlay-opacity":"","overlay-gradient":""}},"ast-content-background-meta":{"desktop":{"background-color":"var(--ast-global-color-5)","background-image":"","background-repeat":"repeat","background-position":"center center","background-size":"auto","background-attachment":"scroll","background-type":"","background-media":"","overlay-type":"","overlay-color":"","overlay-opacity":"","overlay-gradient":""},"tablet":{"background-color":"var(--ast-global-color-5)","background-image":"","background-repeat":"repeat","background-position":"center center","background-size":"auto","background-attachment":"scroll","background-type":"","background-media":"","overlay-type":"","overlay-color":"","overlay-opacity":"","overlay-gradient":""},"mobile":{"background-color":"var(--ast-global-color-5)","background-image":"","background-repeat":"repeat","background-position":"center center","background-size":"auto","background-attachment":"scroll","background-type":"","background-media":"","overlay-type":"","overlay-color":"","overlay-opacity":"","overlay-gradient":""}},"footnotes":""},"class_list":["post-138","page","type-page","status-publish","hentry"],"_links":{"self":[{"href":"https:\/\/vihti-gym.fi\/index.php\/wp-json\/wp\/v2\/pages\/138","targetHints":{"allow":["GET"]}}],"collection":[{"href":"https:\/\/vihti-gym.fi\/index.php\/wp-json\/wp\/v2\/pages"}],"about":[{"href":"https:\/\/vihti-gym.fi\/index.php\/wp-json\/wp\/v2\/types\/page"}],"author":[{"embeddable":true,"href":"https:\/\/vihti-gym.fi\/index.php\/wp-json\/wp\/v2\/users\/2"}],"replies":[{"embeddable":true,"href":"https:\/\/vihti-gym.fi\/index.php\/wp-json\/wp\/v2\/comments?post=138"}],"version-history":[{"count":20,"href":"https:\/\/vihti-gym.fi\/index.php\/wp-json\/wp\/v2\/pages\/138\/revisions"}],"predecessor-version":[{"id":2652,"href":"https:\/\/vihti-gym.fi\/index.php\/wp-json\/wp\/v2\/pages\/138\/revisions\/2652"}],"wp:attachment":[{"href":"https:\/\/vihti-gym.fi\/index.php\/wp-json\/wp\/v2\/media?parent=138"}],"curies":[{"name":"wp","href":"https:\/\/api.w.org\/{rel}","templated":true}]}}