{"id":1211,"date":"2022-07-23T12:09:57","date_gmt":"2022-07-23T09:09:57","guid":{"rendered":"https:\/\/vihti-gym.fi\/?page_id=1211"},"modified":"2025-02-04T06:56:42","modified_gmt":"2025-02-04T04:56:42","slug":"johtiksen-jorinat","status":"publish","type":"page","link":"https:\/\/vihti-gym.fi\/index.php\/johtiksen-jorinat\/","title":{"rendered":"Johtokunta tiedottaa"},"content":{"rendered":"\n<p>T\u00e4\u00e4lt\u00e4 p\u00e4\u00e4set lukemaan, mit\u00e4 johtokunnan kokouksissa on h\u00f6pisty, suunniteltu ja p\u00e4\u00e4ttty.<\/p>\n\n\n\n<p><strong>Tammikuu 2025<\/strong><\/p>\n\n\n\n<p>Vuoden 2025 ensimm\u00e4inen johtokunnan kokous pidettiin ke 8.1. seuran toimistolla. <\/p>\n\n\n\n<p>Kokouksessa k\u00e4siteltiin taas tulleita salivuoroperuutuksia, joita on kuluvalla kaudella kunnan puolelta ollut j\u00e4lleen kerran hyvin paljon. Lis\u00e4ksi k\u00e4ynnisteltiin vuoden 2025 kes\u00e4leirin suunnittelua. Keskusteltiin my\u00f6s kev\u00e4tkauden k\u00e4ynnistymisest\u00e4 harrastepuolella sek\u00e4 valmennusjoukkueiden kev\u00e4\u00e4n suunnitelmista.<\/p>\n\n\n\n<p><strong>Joulukuu 2024<\/strong><\/p>\n\n\n\n<p>Joulukuun kokous pidettiin lyhyen\u00e4 ke 27.11. seuran toimistolla.<\/p>\n\n\n\n<p>Kokouksessa keskusteltiin joulujuhlan k\u00e4yt\u00e4nn\u00f6n asioista, lippujen myynti oli sujunut eritt\u00e4in hienosti jo t\u00e4ss\u00e4 kohden. K\u00e4ytiin l\u00e4vitse kukitettavat syyskaudella menestyneet joukkueet. <\/p>\n\n\n\n<p>Tanvo cup 2 j\u00e4rjestet\u00e4\u00e4n marraskuussa 2025 Vihdiss\u00e4 ja k\u00e4ytiin tilojen osalta keskustelua.<\/p>\n\n\n\n<p><strong>Marraskuu 2024<\/strong><\/p>\n\n\n\n<p>Marraskuun kokous pidettiin keskiviikkona 13.11. seuran toimistolla.<\/p>\n\n\n\n<p>T\u00e4htiseura-auditointi toteutetaan et\u00e4n\u00e4 3.12., keskusteltiin k\u00e4yt\u00e4nn\u00f6n asioista ja osallistujista. Johtokunnan lis\u00e4ksi muutama ohjaaja kutsutaan mukaan tilaisuuteen. <\/p>\n\n\n\n<p>Joulujuhlan osalta k\u00e4ytiin l\u00e4vitse k\u00e4yt\u00e4nn\u00f6n asioita. Jatkossa buffetvuoro kiert\u00e4\u00e4 kolmen kesken eli jv, tanvo ja cheer eli ei en\u00e4\u00e4 niin ett\u00e4 joka toisella kerralla cheer ja joka toisella vuorottelevat jv ja tanvo. Lippujen myyntiin tulo varmistettiin.<\/p>\n\n\n\n<p>Kev\u00e4tkauden ilmoittautumisen osalta p\u00e4\u00e4tettiin, ett\u00e4 syksyn ryhm\u00e4l\u00e4isten ilmoittautuminen kev\u00e4\u00e4n ryhmiin alkaa 2.12. ja uusille harrastajille ilmoittautuminen avataan 16.12. <\/p>\n\n\n\n<p>Salivuoroperuutuksia on ollut paljon ja korvaavia vuoroja haetaan aktiivisesti. Tilannetta seurataan aktiivisesti.<\/p>\n\n\n\n<p>Keskusteltiin niin harraste- kuin valmennuspuolen ryhmien tilanteesta. Lis\u00e4ksi k\u00e4ytiin l\u00e4vitse valmentajien ja ohjaajien tulevia koulutuksia. Cheerleading puolella j\u00e4rjestet\u00e4\u00e4n liiton seurakohtainen Ohjauksen perusteet koulutus.<\/p>\n\n\n\n<p><strong>Lokakuu 2024<\/strong><\/p>\n\n\n\n<p>Lokakuun kokous pidettiin keskiviikkona 2.10. seuran toimistolla.<\/p>\n\n\n\n<p>Kokouksessa k\u00e4ytiin l\u00e4vitse ajankohtaisia juoksevia asioita, kuten k\u00e4ynniss\u00e4 olevaa Kakkutukin varainkeruukampanjaa, SSO-kannustajat kampanjaan p\u00e4\u00e4sy\u00e4, seuratakkien t\u00e4ydennystilausta, MyClubin koulutuksen hankintaa. <\/p>\n\n\n\n<p>Joulujuhlan suunnittelu k\u00e4ynnistettiin kunnolla, tila- ja \u00e4\u00e4nitekniikkavaraukset on tehty jo aiemmin. <\/p>\n\n\n\n<p>Vihti-Gymille on my\u00f6nnetty Tanssillisen voimistelun valtakunnallinen Tanvo Cup 2-kilpailu 11\/2025. T\u00e4t\u00e4 varten perustetaan oma ohjausryhm\u00e4.<\/p>\n\n\n\n<p>K\u00e4ytiin l\u00e4vitse toimintaa niin harraste- kuin valmennuspuolella. Tilanne kaiken kaikkiaan hyv\u00e4 ja mahdolliset haasteet on saatu ratkottua nopeasti ja tehokkaasti. <\/p>\n\n\n\n<p><strong>Syyskuu 2024<\/strong><\/p>\n\n\n\n<p>Kauden 2024-2025 ensimm\u00e4inen johtokunnan kokous. <br><br>&#8211; Kausi on k\u00e4ynnistynyt hyvin, ryhmiss\u00e4 on paljon osallistujia. Salivuoroperuutuksia tuli heti kauden ensimm\u00e4iselle viikolle ja muutenkin syksyn ajalle. Korvaavia vuoroja pyrit\u00e4\u00e4n hoitamaan aina aktiivisesti. <br><br>&#8211; P\u00e4\u00e4tettiin my\u00f6nt\u00e4\u00e4 t\u00e4ll\u00e4 kaudella sama summa eli 20.000 euroa tukea valmennusjoukkueille. Tuki jakaantuu joukkueille viikkotuntien suhteessa.<br><br>&#8211; P\u00e4\u00e4tettiin l\u00e4hte\u00e4 edist\u00e4m\u00e4\u00e4n yhteisty\u00f6n aloittamista tilitoimiston kanssa alkaen 1.9.2025. Tilitoimiston mukaanotto mahdollistaa seuran talouden seurantaa eri tasolla.<br><br>&#8211; Seuravaatekauppa tullaan avaamaan yhteisty\u00f6ss\u00e4 Teamplacen kanssa. Kokouksessa viimeisteltiin valikoima ja seuraavaksi puheenjohtaja vahvistaa viimeisimm\u00e4t muutokset Teamplacelle ja kauppa pit\u00e4isi saada auki viel\u00e4 syyskuun alkupuolella. Seuratakit tilataan toistaiseksi seuravaatekaupan ulkopuolelta ja niiden laskutuksen ja toimituksen hallinnoi jatkossakin seuran johtokunta.<\/p>\n\n\n\n<p><strong>Kes\u00e4kuu 2024<\/strong><\/p>\n\n\n\n<p>Kes\u00e4kuun johtokunnan kokous pidettiin suunnittelup\u00e4iv\u00e4n\u00e4 puheenjohtaja Sini Koppasen luona 14.6. Kokouksessa organisoitiin kauden 2024-2025 tuntitarjonta ja p\u00e4\u00e4tettiin kausi- ja ryhm\u00e4maksuista. Lis\u00e4ksi kokouksessa jaettiin johtokunnan vastuut tulevalle kaudelle. P\u00e4\u00e4s\u00e4\u00e4nt\u00f6isesti vastuut pysyiv\u00e4t samoina.<\/p>\n\n\n\n<p><strong>Toukokuu 2024<\/strong><\/p>\n\n\n\n<p>Toukokuun johtokunnan kokous pidettiin keskiviikkona 8.5. seuran toimistolla. Kokouksessa k\u00e4ytiin l\u00e4vitse kauden 2024-2025 valmentajatilannetta eri lajeittain ja pohdittiin mahdollisuuksia joita viel\u00e4 voisi olla tiettyjen haasteiden kampittamisessa. Valmentajatilannetta on k\u00e4sitelty jo koko kev\u00e4\u00e4n ajan ja tehty toimenpiteit\u00e4 sen eteen. Salivuorojen osalta k\u00e4ytiin keskustelua t\u00e4m\u00e4n kauden haasteista jo olleiden peruutusten kanssa ja sen lis\u00e4ksi nyt viel\u00e4 kes\u00e4kaudelle tullut peruutuksia runsaasti. Seuran vastuullisuusasioita kehitet\u00e4\u00e4n jatkuvasti. Valmistauduttiin Nummela-p\u00e4iv\u00e4\u00e4n ja kes\u00e4leiriin.<\/p>\n\n\n\n<p><strong>Huhtikuu 2024<\/strong><\/p>\n\n\n\n<p>Huhtikuun johtokunnan kokous pidettiin keskiviikkona 3.4. seuran toimistolla. Kokouksessa k\u00e4ytiin l\u00e4vitse Kes\u00e4leirin yksityiskohtia. Lis\u00e4ksi k\u00e4ytiin l\u00e4vitse Kev\u00e4tkimaran j\u00e4rjestelyt. Viestinn\u00e4n osalta keskusteltiin huhtikuun kuperkeikkahaasteesta.<\/p>\n\n\n\n<p><strong>Maaliskuu 2024<\/strong><\/p>\n\n\n\n<p>Maaliskuun johtokunnan kokous pidettiin keskiviikkona 28.2. seuran toimistolla. Kokouksessa keskusteltiin kev\u00e4\u00e4n tapahtumista (Kev\u00e4tkimara, Nummela-p\u00e4iv\u00e4, Kes\u00e4leiri) ja lis\u00e4ksi kauden kuulumisista. Suunniteltiin my\u00f6s tulevaa kautta ja koulutuksia niin valmentajille ja ohjaajille kuin my\u00f6s urheilijoille ja vanhemmille.<\/p>\n\n\n\n<p><strong>Helmikuu 2024<\/strong><\/p>\n\n\n\n<p>Helmikuun johtokunnan kokous pidettiin keskiviikkona 31.1. seuran toimistolla. Kokouksessa keskusteltiin jo hieman kauden 2024-2025 teemoista. Kev\u00e4tkausi on alkanut hyvin, my\u00f6s kilpailukausi on jo osalla joukkueista alkanut ja osalla alkamassa. Vaalij\u00e4rjestelyt ovat aiheuttaneet saliperuutuksia, joiden osalta etsit\u00e4\u00e4n korvaavat vuorot. Uudet turvamatot ovat saapumassa seuralle l\u00e4hip\u00e4ivin\u00e4.<\/p>\n\n\n\n<p><strong>Tammikuu 2024<\/strong><\/p>\n\n\n\n<p>Tammikuun johtokunnan kokous pidettiin keskiviikkona 3.1. seuran toimistolla \/ Teams-yhteydell\u00e4. Seuraty\u00f6ntekij\u00e4 oli osan aikaa mukana kokouksessa. Kokouksessa k\u00e4siteltiin aluksi joulujuhlan onnistuminen. Molemmat juhlat olivat loppuunmyytyj\u00e4 ja onnistuivat hienosti. Kunnan avustushakemus on tehty ja allekirjoitettu s\u00e4hk\u00f6isesti. Keskusteltiin cheerleadingtoiminnan kehitt\u00e4misest\u00e4 sek\u00e4 valmistautumisesta syksyll\u00e4 koittavaan T\u00e4htiseura-uudelleenauditointiin.  Joulukalenteri oli onnistunut ja kev\u00e4\u00e4n someviestint\u00e4\u00e4 l\u00e4hdettiin suunnittelemaan. P\u00e4\u00e4tettiin Kev\u00e4tkimaran ja kes\u00e4leirin toteutumisesta. Lasten valmentajien koulutuksen toinen osa toteutetaan alkuvuodesta. Voimisteluliiton vuositilastoinnin osalta todettiin, ett\u00e4 puheenjohtaja hoitaa tarvittavan raportoinnin liiton suuntaan. P\u00e4\u00e4tettiin my\u00f6s toteuttaa varainhankintakampanja Gutz:in kanssa yhteisty\u00f6ss\u00e4. <\/p>\n\n\n\n<p><strong>Joulukuu 2023<\/strong><\/p>\n\n\n\n<p>Joulukuun johtokunnan kokous pidettiin keskiviikkona 29.11. seuran toimistolla \/ Teams-yhteydell\u00e4. Kokouksessa k\u00e4siteltiin muun muassa ehdotus uudeksi seuraty\u00f6ntekij\u00e4ksi palkattavasta henkil\u00f6st\u00e4, aikataulutettiin kev\u00e4\u00e4n 2024 kokouksia uudelleen sek\u00e4 k\u00e4ytiin l\u00e4vitse p\u00e4ivitetty lasten ohjaajien ohjeistus loukkaantumistilanteiden osalta. Kokouksessa keskusteltiin cheerleadingin hyvin onnistuneesta varainkeruusta turvamattojen hankintaa varten ja p\u00e4\u00e4tettiin tukea t\u00e4t\u00e4 hankintaa my\u00f6s seuran puolesta. Keskusteltiin lis\u00e4ksi kev\u00e4tkaudelle ilmoittautumisesta sek\u00e4 sosiaaliseen mediaan joulukuussa teht\u00e4v\u00e4st\u00e4 somejoulukalenterista ja sen toteutuksesta. Joulujuhlaj\u00e4rjestelyiden osalta k\u00e4ytiin l\u00e4vitse viime hetken tilannekatsaus ja vastuut. Lippujen myynti on edistynyt hyvin. <\/p>\n\n\n\n<p><strong>Marraskuu 2023<\/strong><\/p>\n\n\n\n<p>Marraskuun johtokunnan kokous pidettiin keskiviikkona 1.11. seuran toimistolla \/ Teams-yhteydell\u00e4. Kokouksessa k\u00e4siteltiin tukien ja avustusten hakuaikatauluja ja mahdollisuuksia. Lis\u00e4ksi keskusteltiin varainkeruumahdollisuuksista. Joulujuhlan osalta k\u00e4ytiin pitk\u00e4hk\u00f6 keskustelu tarvittavista toimenpiteist\u00e4 ja vastuista. Suunnittelu etenee hyvin ja joulujuhlaliput saadaan myyntiin 14.11.2023. Toiminnan osalta k\u00e4ytiin l\u00e4pi eri vastaavien alueet. Lis\u00e4ksi p\u00e4\u00e4tettiin seuran edustuksesta tanssillisen voimistelun lajiryhm\u00e4 kokoukseen sek\u00e4 voimisteluliiton syyskokoukseen 18.11. Tampereella. Seuran puheenjohtaja Sini Koppanen l\u00e4htee edustamaan seuraa kyseisiin tapahtumiin. <\/p>\n\n\n\n<p><strong>Lokakuu 2023<\/strong><\/p>\n\n\n\n<p>Kauden 2023-2024 toinen johtokunnan kokous pidettiin keskiviikkona 4.10. seuran toimistolla \/ Teams-yhteydell\u00e4. Kokouksessa k\u00e4siteltiin mahdollisia seuratukihakemuksia, joita voitaisiin edist\u00e4\u00e4. My\u00f6s varainkeruuteemoista k\u00e4ytiin keskustelua. Seuralla on varainkeruuhankkeita, jonka lis\u00e4ksi my\u00f6s lajeilla ja joukkueilla on omia hankkeita. Yhten\u00e4 merkitt\u00e4v\u00e4n\u00e4 seuratason varainkeruuhankkeena on cheerleading turvamattojen lis\u00e4hankinta. Seuran joulujuhla pidet\u00e4\u00e4n Luksialla 2.12.2023 ja sen k\u00e4yt\u00e4nn\u00f6n toimien tilanteesta keskusteltiin. My\u00f6s syksyn muista tapahtumista ja koulutuksista keskusteltiin. T\u00e4rke\u00e4n\u00e4 teemana k\u00e4siteltiin my\u00f6s Voimisteluliiton Lasten voimistelun uudet linjaukset. Uusien linjausten sek\u00e4 yleisesti laadukkaan lasten valmennuksen ja lasten oikeuksia tukevan ohjaamisen\/valmentamisen osalta seura tulee j\u00e4rjest\u00e4m\u00e4\u00e4n pakollisen koulutuksen kaikille alle 18-vuotiaita ohjaaville ja valmentaville. Viestint\u00e4suunnitelmaa k\u00e4ytiin my\u00f6s l\u00e4vitse &#8211; seuran on t\u00e4rke\u00e4\u00e4 n\u00e4ky\u00e4 sek\u00e4 digitaalisessa mediassa kuin my\u00f6s kunnan tapahtumissa yms.<\/p>\n\n\n\n<p><strong>Syyskuu 2023<\/strong><\/p>\n\n\n\n<p>Kauden 2023-2024 ensimm\u00e4inen johtokunnan kokous pidettiin keskiviikkona 6.9. seuran toimistolla \/ Teams-yhteydell\u00e4. Kokouksessa keskusteltiin kilpajoukkueiden budjeteista \/ valmennusmaksujen ja kilpailumaksujen muodostumisesta. P\u00e4\u00e4timme seuran tukiosuuden suuruudesta kaudella 2023-2024. Tukiosuus pidettiin samana kuin edellisell\u00e4 kaudella eli 20.000 euroa, jolla tuetaan kilpajoukkueiden valmentajien palkkakustannuksia. Keskusteltiin T\u00e4htiseura-auditoinnista, joka tulee seuralle eteen 2024 &#8211; t\u00e4t\u00e4 ty\u00f6t\u00e4 aloitellaan hyviss\u00e4 ajoin, jotta pystymme pit\u00e4m\u00e4\u00e4n T\u00e4htiseura-statuksemme. Ilmoittautumisten osalta ollut ilahduttavan aktiivista &#8211; cheerin harrastepuolen lasten ryhmiss\u00e4 t\u00e4ytt\u00e4, t\u00e4t\u00e4 positiivista ongelmaa ratkotaan jo nyt seuraavaa kautta ajatellen. Samoin muiden nopeasti t\u00e4yteen menneiden ryhmien osalta tulee k\u00e4yd\u00e4 aktiivista pohdintaa ennen seuraavaa kautta. Ninja-Gymin osalta jatketaan ohjaajan etsint\u00e4\u00e4, jotta ryhm\u00e4 saadaan palautettua tarjontaan<\/p>\n\n\n\n<p><strong>Syyskuu 2022<\/strong><\/p>\n\n\n\n<p>Kauden 2022-2023 ensimm\u00e4inen johtokunnan kokous. Kokouksessa keskusteltiin valmennusmaksu-uudistuksesta. P\u00e4\u00e4timme seuran tukiosuuden valmennusjoukkeille. Tukiosuus on kaudella 2022-2023 yhteens\u00e4 20 000 eurolla. Tuet k\u00e4ytet\u00e4\u00e4n valmentajien palkkakustannuksiin. Totesimme  ilahtuneena uudelle kaudelle ilmoittauneiden m\u00e4\u00e4r\u00e4n olevan edelliskautta suurempi. Erityisesti lasten harrasteryhmiss\u00e4 niin voimistelun kuin cheerleadingin puolella ryhm\u00e4t ovat t\u00e4ynn\u00e4 ja varasijoilla paljon innokkaita harrastajia. P\u00e4\u00e4timme tosiassamme alkaa ratkomaan t\u00e4t\u00e4 positiivista ongelmaa tuleville kausille, sill\u00e4 lapset ovat seuran tulevaisuuden kannalta t\u00e4rkein kohderyhm\u00e4. <\/p>\n\n\n\n<p><strong>Kes\u00e4kuu 2022 Suunnittelupalaveri<\/strong><\/p>\n\n\n\n<p>Johtokunnan suunnittelupalaverissa pohdittiin tulevaa kautta 2022-2023. K\u00e4vimme l\u00e4pi tulevan kauden ryhmi\u00e4 ja kunnalta saamia salivuoroja. Otimme l\u00e4mm\u00f6ll\u00e4 vastaan uuden tulokkaan Helenin johtokuntaan ja kiitimme Sannaa johtokuntavuosista. Pohdimme taloudellista tilannetta, joka on yh\u00e4 heikko kahden koronakauden j\u00e4lkeen. P\u00e4\u00e4timme nostaa kaikkien ik\u00e4luokkien kausimaksuja, jotta selvi\u00e4mme seuran maksuista. T\u00e4h\u00e4n v\u00e4liin muistutamme, ett\u00e4 voittoahan emme saa tavoitella. Tulevan kauden tapahtumille l\u00f6ysimme alustavat p\u00e4iv\u00e4m\u00e4\u00e4r\u00e4t ja ne l\u00f6ytyv\u00e4t jo <a href=\"https:\/\/vihti-gym.fi\/index.php\/tulevat-tapahtumat\/\" target=\"_blank\" rel=\"noreferrer noopener\">tapahtumakalenteristamme!<\/a> Aloimme my\u00f6s luomaan strategiaa kausille 2023-2025. <\/p>\n","protected":false},"excerpt":{"rendered":"<p>T\u00e4\u00e4lt\u00e4 p\u00e4\u00e4set lukemaan, mit\u00e4 johtokunnan kokouksissa on h\u00f6pisty, suunniteltu ja p\u00e4\u00e4ttty. Tammikuu 2025 Vuoden 2025 ensimm\u00e4inen johtokunnan kokous pidettiin ke 8.1. seuran toimistolla. Kokouksessa k\u00e4siteltiin taas tulleita salivuoroperuutuksia, joita on kuluvalla kaudella kunnan puolelta ollut j\u00e4lleen kerran hyvin paljon. Lis\u00e4ksi k\u00e4ynnisteltiin vuoden 2025 kes\u00e4leirin suunnittelua. Keskusteltiin my\u00f6s kev\u00e4tkauden k\u00e4ynnistymisest\u00e4 harrastepuolella sek\u00e4 valmennusjoukkueiden kev\u00e4\u00e4n suunnitelmista. Joulukuu [&hellip;]<\/p>\n","protected":false},"author":3,"featured_media":0,"parent":0,"menu_order":0,"comment_status":"closed","ping_status":"closed","template":"","meta":{"site-sidebar-layout":"default","site-content-layout":"","ast-site-content-layout":"default","site-content-style":"default","site-sidebar-style":"default","ast-global-header-display":"","ast-banner-title-visibility":"","ast-main-header-display":"","ast-hfb-above-header-display":"","ast-hfb-below-header-display":"","ast-hfb-mobile-header-display":"","site-post-title":"","ast-breadcrumbs-content":"","ast-featured-img":"","footer-sml-layout":"","ast-disable-related-posts":"","theme-transparent-header-meta":"","adv-header-id-meta":"","stick-header-meta":"","header-above-stick-meta":"","header-main-stick-meta":"","header-below-stick-meta":"","astra-migrate-meta-layouts":"set","ast-page-background-enabled":"default","ast-page-background-meta":{"desktop":{"background-color":"var(--ast-global-color-4)","background-image":"","background-repeat":"repeat","background-position":"center center","background-size":"auto","background-attachment":"scroll","background-type":"","background-media":"","overlay-type":"","overlay-color":"","overlay-opacity":"","overlay-gradient":""},"tablet":{"background-color":"","background-image":"","background-repeat":"repeat","background-position":"center center","background-size":"auto","background-attachment":"scroll","background-type":"","background-media":"","overlay-type":"","overlay-color":"","overlay-opacity":"","overlay-gradient":""},"mobile":{"background-color":"","background-image":"","background-repeat":"repeat","background-position":"center center","background-size":"auto","background-attachment":"scroll","background-type":"","background-media":"","overlay-type":"","overlay-color":"","overlay-opacity":"","overlay-gradient":""}},"ast-content-background-meta":{"desktop":{"background-color":"var(--ast-global-color-5)","background-image":"","background-repeat":"repeat","background-position":"center center","background-size":"auto","background-attachment":"scroll","background-type":"","background-media":"","overlay-type":"","overlay-color":"","overlay-opacity":"","overlay-gradient":""},"tablet":{"background-color":"var(--ast-global-color-5)","background-image":"","background-repeat":"repeat","background-position":"center center","background-size":"auto","background-attachment":"scroll","background-type":"","background-media":"","overlay-type":"","overlay-color":"","overlay-opacity":"","overlay-gradient":""},"mobile":{"background-color":"var(--ast-global-color-5)","background-image":"","background-repeat":"repeat","background-position":"center center","background-size":"auto","background-attachment":"scroll","background-type":"","background-media":"","overlay-type":"","overlay-color":"","overlay-opacity":"","overlay-gradient":""}},"footnotes":""},"class_list":["post-1211","page","type-page","status-publish","hentry"],"_links":{"self":[{"href":"https:\/\/vihti-gym.fi\/index.php\/wp-json\/wp\/v2\/pages\/1211","targetHints":{"allow":["GET"]}}],"collection":[{"href":"https:\/\/vihti-gym.fi\/index.php\/wp-json\/wp\/v2\/pages"}],"about":[{"href":"https:\/\/vihti-gym.fi\/index.php\/wp-json\/wp\/v2\/types\/page"}],"author":[{"embeddable":true,"href":"https:\/\/vihti-gym.fi\/index.php\/wp-json\/wp\/v2\/users\/3"}],"replies":[{"embeddable":true,"href":"https:\/\/vihti-gym.fi\/index.php\/wp-json\/wp\/v2\/comments?post=1211"}],"version-history":[{"count":19,"href":"https:\/\/vihti-gym.fi\/index.php\/wp-json\/wp\/v2\/pages\/1211\/revisions"}],"predecessor-version":[{"id":2298,"href":"https:\/\/vihti-gym.fi\/index.php\/wp-json\/wp\/v2\/pages\/1211\/revisions\/2298"}],"wp:attachment":[{"href":"https:\/\/vihti-gym.fi\/index.php\/wp-json\/wp\/v2\/media?parent=1211"}],"curies":[{"name":"wp","href":"https:\/\/api.w.org\/{rel}","templated":true}]}}