{"id":110,"date":"2021-10-20T12:43:19","date_gmt":"2021-10-20T09:43:19","guid":{"rendered":"https:\/\/aboanalytics.wordpress.com\/?page_id=110"},"modified":"2025-08-05T11:15:43","modified_gmt":"2025-08-05T08:15:43","slug":"jasenrekisteri-ja-ilmoittautuminen","status":"publish","type":"page","link":"https:\/\/vihti-gym.fi\/index.php\/jasenrekisteri-ja-ilmoittautuminen\/","title":{"rendered":"J\u00e4senrekisteri ja ilmoittautuminen"},"content":{"rendered":"\n<div class=\"wp-block-columns is-layout-flex wp-container-core-columns-is-layout-28f84493 wp-block-columns-is-layout-flex\">\n<div class=\"wp-block-column has-ast-global-color-5-background-color has-background is-layout-flow wp-block-column-is-layout-flow\">\n<p>Oletko uusi liikkuja?<strong> <\/strong>Rekister\u00f6ityminen tapahtuu MyClubissa, johon siirrymme syksyll\u00e4 2025. <\/p>\n<\/div>\n\n\n\n<div class=\"wp-block-column is-layout-flow wp-block-column-is-layout-flow\">\n<p>Ilmoittautuminen tapahtuu MyClubissa, johon siirrymme syksyll\u00e4 2025. <\/p>\n<\/div>\n<\/div>\n\n\n\n<p class=\"has-vivid-purple-color has-text-color has-link-color has-medium-font-size wp-elements-78377ed1476f116f6fbdd2f6b70b9329\" style=\"text-decoration:underline\"><strong>Aikataulu<\/strong><\/p>\n\n\n\n<p><strong>Aikuiset ja perheliikunta<\/strong> ilmottautuminen jatkuu keskiviikkona 06.08.2025 kello 18.00 MyClubissa.<br><strong>Lapset ja nuoret\u00a0<\/strong>ilmoittautuminen avautuu tiistaina 5.8.2025 kello 18.00 MyClubissa<\/p>\n\n\n\n<p><strong>Ongelmatilanteissa l\u00e4het\u00e4 s\u00e4hk\u00f6postia toimisto@vihti-gym.fi.&nbsp;Vastaamme mahdollisimman pian!<\/strong><br>J\u00e4senmaksu maksetaan kerran (ilmoittautumisen yhteydess\u00e4). Kausimaksut ja ryhm\u00e4maksut laskutetaan syksyll\u00e4 ja kev\u00e4\u00e4ll\u00e4.<\/p>\n\n\n\n<p><\/p>\n\n\n\n<p class=\"has-vivid-purple-color has-text-color has-link-color has-medium-font-size wp-elements-6eea70b544ca797d736091cb05737f88\" style=\"text-decoration:underline\"><strong>J\u00e4senrekisteriin liittyminen<\/strong><\/p>\n\n\n\n<p class=\"has-black-color has-text-color has-link-color wp-elements-5feb82ccbb34c73b791c8036f472c7e8\">Luo k\u00e4ytt\u00e4j\u00e4profiili Vihti-Gymin MyClubiin <a href=\"https:\/\/vihti-gym.myclub.fi\/flow\/login\" data-type=\"link\" data-id=\"https:\/\/vihti-gym.myclub.fi\/flow\/login\">https:\/\/vihti-gym.myclub.fi\/flow\/login<\/a>. <\/p>\n\n\n\n<p class=\"has-black-color has-luminous-vivid-amber-background-color has-text-color has-background has-link-color wp-elements-48cb5b15494f5f8cc32419577c549c7a\">Vaikka aikuinen ei harrastaisi Vihti-Gymiss\u00e4 tulee jokaisen alaik\u00e4isen olla kytkettyn\u00e4 aikuisen MyClub-tiliin. Aikuinen luo siis ensin itsellens\u00e4 oman MyClub tilin ja sen j\u00e4lkeen lis\u00e4\u00e4 lapselle tilin sen alle. <\/p>\n\n\n\n<p class=\"has-black-color has-text-color has-link-color wp-elements-0edee25a077e0a98bc769427a7ada347\"><a href=\"https:\/\/docs.myclub.fi\/category\/1113-myclub-tunnus\" data-type=\"link\" data-id=\"https:\/\/docs.myclub.fi\/category\/1113-myclub-tunnus\">MyClubin ohjeet k\u00e4ytt\u00e4j\u00e4tunnuksen luomiseen<\/a> &#8211; apua saat my\u00f6s toimisto@vihti-gym.fi<\/p>\n\n\n\n<p><a href=\"https:\/\/docs.myclub.fi\/article\/1129-rekisterointi\">https:\/\/docs.myclub.fi\/article\/1129-rekisterointi<\/a><\/p>\n\n\n\n<p class=\"has-black-color has-text-color has-link-color wp-elements-0a2465e0108aabcf9bb1d481760fcd8d\"><a href=\"https:\/\/www.youtube.com\/watch?v=-Cb6mzDpecw\" data-type=\"link\" data-id=\"https:\/\/www.youtube.com\/watch?v=-Cb6mzDpecw\">Ohjevideo MyClubin k\u00e4yt\u00f6st\u00e4<\/a><\/p>\n\n\n\n<p class=\"has-pale-cyan-blue-background-color has-background\"><strong>Jokaiselle j\u00e4senelle tulee luoda oma tili. MyClubin ohjeista l\u00f6yd\u00e4t tiedon miten lapsen tilin saa yhdistetty\u00e4 aikuisen omaan tiliin. <\/strong><br>Lapsella ei ole viel\u00e4 MyClub tili\u00e4: <a href=\"https:\/\/docs.myclub.fi\/article\/1129-rekisterointi\">https:\/\/docs.myclub.fi\/article\/1129-rekisterointi<\/a><br>Lapsella on MyClub tili, mutta se ei ole liitetty huoltajan tiliin: <a href=\"https:\/\/docs.myclub.fi\/article\/1132-toinen-jasentili\">https:\/\/docs.myclub.fi\/article\/1132-toinen-jasentili<\/a><\/p>\n\n\n\n<p class=\"has-pale-pink-background-color has-background\"><strong>Aikuinen voi liitt\u00e4\u00e4 lapsen tilin omaan tiliins\u00e4 my\u00f6s vasta ilmoittautumisen kohdalla, jos lapsella ei viel\u00e4 ole MyClub tili\u00e4<\/strong> &#8211; t\u00e4ll\u00f6in aikuinen kirjautuu omalla tilill\u00e4\u00e4n ja ilmoittautumisvaiheessa valitsee &#8221;lis\u00e4\u00e4 uusi j\u00e4sen&#8221; &#8211; ohjeet alempana kuvakaappauksineen.<\/p>\n\n\n\n<p class=\"has-vivid-purple-color has-text-color has-link-color has-medium-font-size wp-elements-b97ac9152aaca57414b4ec158799ead0\" style=\"text-decoration:underline\"><strong>Ilmoittautuminen tunneille<\/strong><\/p>\n\n\n\n<p>Kirjaudu j\u00e4sensivuillesi ja mene v\u00e4lilehdelle ilmoittautumiset. Siell\u00e4 n\u00e4et mihin ryhmiin on ilmoittautuminen auki tai milloin ryhm\u00e4n ilmoittautuminen avautuu. Mik\u00e4li ilmoittautuminen on avoinna n\u00e4et kuinka monta paikkaa ryhm\u00e4ss\u00e4 on vapaana. Osallistun painikkeesta voit ilmoittautua ryhm\u00e4\u00e4n. Nuolen takaa n\u00e4et lis\u00e4tietoja ryhm\u00e4st\u00e4. <br><em>HUOMIOITHAN RYHMIEN IK\u00c4RAJAT &#8211; PID\u00c4T\u00c4MME OIKEUDEN POISTAA RYHMIST\u00c4 IK\u00c4RAJAN ULKOPUOLISET HARRASTAJAT.<\/em><\/p>\n\n\n\n<figure class=\"wp-block-image size-full\"><img loading=\"lazy\" decoding=\"async\" width=\"642\" height=\"474\" src=\"https:\/\/vihti-gym.fi\/wp-content\/uploads\/2025\/07\/OO.png\" alt=\"\" class=\"wp-image-2436\" srcset=\"https:\/\/vihti-gym.fi\/wp-content\/uploads\/2025\/07\/OO.png 642w, https:\/\/vihti-gym.fi\/wp-content\/uploads\/2025\/07\/OO-300x221.png 300w\" sizes=\"auto, (max-width: 642px) 100vw, 642px\" \/><\/figure>\n\n\n\n<p>Kun klikkaat osallistun-painiketta sen j\u00e4lkeen avautuu ponnahdusikkuna, jossa on ryhm\u00e4n maksutiedot. Jokaiseen ryhm\u00e4\u00e4n tulee ilmoittautua erikseen. J\u00e4senmaksu ja Kausimaksu tulee maksettavaksi vain kerran ensimm\u00e4isen ilmoittautumisen yhteydess\u00e4, ryhm\u00e4maksu muodostuu joka ryhm\u00e4st\u00e4. Valitsemalla Vahvista osallistuminen, osallistumisesi rekister\u00f6ityy ja siit\u00e4 muodostuu lasku.<\/p>\n\n\n\n<figure class=\"wp-block-image size-full\"><img loading=\"lazy\" decoding=\"async\" width=\"546\" height=\"543\" src=\"https:\/\/vihti-gym.fi\/wp-content\/uploads\/2025\/07\/II.png\" alt=\"\" class=\"wp-image-2437\" srcset=\"https:\/\/vihti-gym.fi\/wp-content\/uploads\/2025\/07\/II.png 546w, https:\/\/vihti-gym.fi\/wp-content\/uploads\/2025\/07\/II-300x298.png 300w, https:\/\/vihti-gym.fi\/wp-content\/uploads\/2025\/07\/II-150x150.png 150w\" sizes=\"auto, (max-width: 546px) 100vw, 546px\" \/><\/figure>\n\n\n\n<p class=\"has-vivid-purple-color has-text-color has-link-color has-medium-font-size wp-elements-8d5d8c3613bccaf9121d3582929ef215\" style=\"text-decoration:underline\"><strong>Ilmoittautuminen tunnille &#8211; lapsen liitt\u00e4minen samalla aikuisen tiliin<\/strong><\/p>\n\n\n\n<p>Kirjaudu omalla MyClub tunnuksellasi ja siirry ilmoittautumisv\u00e4lilehdelle. Valitse ryhm\u00e4, johon haluat ilmoittautua ja avaa lis\u00e4tiedoista kohda &#8221;ilmoita toinen j\u00e4sen&#8221;.<\/p>\n\n\n\n<figure class=\"wp-block-image size-full\"><img loading=\"lazy\" decoding=\"async\" width=\"855\" height=\"344\" src=\"https:\/\/vihti-gym.fi\/wp-content\/uploads\/2025\/07\/11111.png\" alt=\"\" class=\"wp-image-2486\" srcset=\"https:\/\/vihti-gym.fi\/wp-content\/uploads\/2025\/07\/11111.png 855w, https:\/\/vihti-gym.fi\/wp-content\/uploads\/2025\/07\/11111-300x121.png 300w, https:\/\/vihti-gym.fi\/wp-content\/uploads\/2025\/07\/11111-768x309.png 768w\" sizes=\"auto, (max-width: 855px) 100vw, 855px\" \/><\/figure>\n\n\n\n<p>Valitse kohta &#8221;uusi j\u00e4sentili&#8221;<\/p>\n\n\n\n<figure class=\"wp-block-image size-full\"><img loading=\"lazy\" decoding=\"async\" width=\"891\" height=\"414\" src=\"https:\/\/vihti-gym.fi\/wp-content\/uploads\/2025\/07\/11111-1.png\" alt=\"\" class=\"wp-image-2487\" srcset=\"https:\/\/vihti-gym.fi\/wp-content\/uploads\/2025\/07\/11111-1.png 891w, https:\/\/vihti-gym.fi\/wp-content\/uploads\/2025\/07\/11111-1-300x139.png 300w, https:\/\/vihti-gym.fi\/wp-content\/uploads\/2025\/07\/11111-1-768x357.png 768w\" sizes=\"auto, (max-width: 891px) 100vw, 891px\" \/><\/figure>\n\n\n\n<p>T\u00e4yt\u00e4 lapsen tiedot<\/p>\n\n\n\n<figure class=\"wp-block-image size-full\"><img loading=\"lazy\" decoding=\"async\" width=\"836\" height=\"660\" src=\"https:\/\/vihti-gym.fi\/wp-content\/uploads\/2025\/07\/11111-2.png\" alt=\"\" class=\"wp-image-2488\" srcset=\"https:\/\/vihti-gym.fi\/wp-content\/uploads\/2025\/07\/11111-2.png 836w, https:\/\/vihti-gym.fi\/wp-content\/uploads\/2025\/07\/11111-2-300x237.png 300w, https:\/\/vihti-gym.fi\/wp-content\/uploads\/2025\/07\/11111-2-768x606.png 768w\" sizes=\"auto, (max-width: 836px) 100vw, 836px\" \/><\/figure>\n","protected":false},"excerpt":{"rendered":"<p>Oletko uusi liikkuja? Rekister\u00f6ityminen tapahtuu MyClubissa, johon siirrymme syksyll\u00e4 2025. Ilmoittautuminen tapahtuu MyClubissa, johon siirrymme syksyll\u00e4 2025. Aikataulu Aikuiset ja perheliikunta ilmottautuminen jatkuu keskiviikkona 06.08.2025 kello 18.00 MyClubissa.Lapset ja nuoret\u00a0ilmoittautuminen avautuu tiistaina 5.8.2025 kello 18.00 MyClubissa Ongelmatilanteissa l\u00e4het\u00e4 s\u00e4hk\u00f6postia toimisto@vihti-gym.fi.&nbsp;Vastaamme mahdollisimman pian!J\u00e4senmaksu maksetaan kerran (ilmoittautumisen yhteydess\u00e4). Kausimaksut ja ryhm\u00e4maksut laskutetaan syksyll\u00e4 ja kev\u00e4\u00e4ll\u00e4. J\u00e4senrekisteriin liittyminen [&hellip;]<\/p>\n","protected":false},"author":2,"featured_media":0,"parent":0,"menu_order":0,"comment_status":"closed","ping_status":"closed","template":"","meta":{"site-sidebar-layout":"default","site-content-layout":"","ast-site-content-layout":"default","site-content-style":"default","site-sidebar-style":"default","ast-global-header-display":"","ast-banner-title-visibility":"","ast-main-header-display":"","ast-hfb-above-header-display":"","ast-hfb-below-header-display":"","ast-hfb-mobile-header-display":"","site-post-title":"","ast-breadcrumbs-content":"","ast-featured-img":"","footer-sml-layout":"","ast-disable-related-posts":"","theme-transparent-header-meta":"","adv-header-id-meta":"","stick-header-meta":"","header-above-stick-meta":"","header-main-stick-meta":"","header-below-stick-meta":"","astra-migrate-meta-layouts":"set","ast-page-background-enabled":"default","ast-page-background-meta":{"desktop":{"background-color":"var(--ast-global-color-4)","background-image":"","background-repeat":"repeat","background-position":"center center","background-size":"auto","background-attachment":"scroll","background-type":"","background-media":"","overlay-type":"","overlay-color":"","overlay-opacity":"","overlay-gradient":""},"tablet":{"background-color":"","background-image":"","background-repeat":"repeat","background-position":"center center","background-size":"auto","background-attachment":"scroll","background-type":"","background-media":"","overlay-type":"","overlay-color":"","overlay-opacity":"","overlay-gradient":""},"mobile":{"background-color":"","background-image":"","background-repeat":"repeat","background-position":"center center","background-size":"auto","background-attachment":"scroll","background-type":"","background-media":"","overlay-type":"","overlay-color":"","overlay-opacity":"","overlay-gradient":""}},"ast-content-background-meta":{"desktop":{"background-color":"var(--ast-global-color-5)","background-image":"","background-repeat":"repeat","background-position":"center center","background-size":"auto","background-attachment":"scroll","background-type":"","background-media":"","overlay-type":"","overlay-color":"","overlay-opacity":"","overlay-gradient":""},"tablet":{"background-color":"var(--ast-global-color-5)","background-image":"","background-repeat":"repeat","background-position":"center center","background-size":"auto","background-attachment":"scroll","background-type":"","background-media":"","overlay-type":"","overlay-color":"","overlay-opacity":"","overlay-gradient":""},"mobile":{"background-color":"var(--ast-global-color-5)","background-image":"","background-repeat":"repeat","background-position":"center center","background-size":"auto","background-attachment":"scroll","background-type":"","background-media":"","overlay-type":"","overlay-color":"","overlay-opacity":"","overlay-gradient":""}},"footnotes":""},"class_list":["post-110","page","type-page","status-publish","hentry"],"_links":{"self":[{"href":"https:\/\/vihti-gym.fi\/index.php\/wp-json\/wp\/v2\/pages\/110","targetHints":{"allow":["GET"]}}],"collection":[{"href":"https:\/\/vihti-gym.fi\/index.php\/wp-json\/wp\/v2\/pages"}],"about":[{"href":"https:\/\/vihti-gym.fi\/index.php\/wp-json\/wp\/v2\/types\/page"}],"author":[{"embeddable":true,"href":"https:\/\/vihti-gym.fi\/index.php\/wp-json\/wp\/v2\/users\/2"}],"replies":[{"embeddable":true,"href":"https:\/\/vihti-gym.fi\/index.php\/wp-json\/wp\/v2\/comments?post=110"}],"version-history":[{"count":20,"href":"https:\/\/vihti-gym.fi\/index.php\/wp-json\/wp\/v2\/pages\/110\/revisions"}],"predecessor-version":[{"id":2541,"href":"https:\/\/vihti-gym.fi\/index.php\/wp-json\/wp\/v2\/pages\/110\/revisions\/2541"}],"wp:attachment":[{"href":"https:\/\/vihti-gym.fi\/index.php\/wp-json\/wp\/v2\/media?parent=110"}],"curies":[{"name":"wp","href":"https:\/\/api.w.org\/{rel}","templated":true}]}}