{"id":1015,"date":"2022-04-13T20:59:02","date_gmt":"2022-04-13T17:59:02","guid":{"rendered":"https:\/\/vihti-gym.fi\/?page_id=1015"},"modified":"2026-04-15T22:09:30","modified_gmt":"2026-04-15T19:09:30","slug":"2-naytos-klo-1600","status":"publish","type":"page","link":"https:\/\/vihti-gym.fi\/index.php\/2-naytos-klo-1600\/","title":{"rendered":"2. N\u00c4YT\u00d6S klo 16:00 KEV\u00c4TKIMARA"},"content":{"rendered":"\n<figure class=\"wp-block-image size-large\"><img loading=\"lazy\" decoding=\"async\" width=\"724\" height=\"1024\" src=\"https:\/\/vihti-gym.fi\/wp-content\/uploads\/2026\/04\/2-724x1024.png\" alt=\"\" class=\"wp-image-2697\" srcset=\"https:\/\/vihti-gym.fi\/wp-content\/uploads\/2026\/04\/2-724x1024.png 724w, https:\/\/vihti-gym.fi\/wp-content\/uploads\/2026\/04\/2-212x300.png 212w, https:\/\/vihti-gym.fi\/wp-content\/uploads\/2026\/04\/2-768x1086.png 768w, https:\/\/vihti-gym.fi\/wp-content\/uploads\/2026\/04\/2.png 884w\" sizes=\"auto, (max-width: 724px) 100vw, 724px\" \/><\/figure>\n","protected":false},"excerpt":{"rendered":"","protected":false},"author":3,"featured_media":0,"parent":0,"menu_order":0,"comment_status":"closed","ping_status":"closed","template":"","meta":{"site-sidebar-layout":"default","site-content-layout":"","ast-site-content-layout":"default","site-content-style":"default","site-sidebar-style":"default","ast-global-header-display":"","ast-banner-title-visibility":"","ast-main-header-display":"","ast-hfb-above-header-display":"","ast-hfb-below-header-display":"","ast-hfb-mobile-header-display":"","site-post-title":"","ast-breadcrumbs-content":"","ast-featured-img":"","footer-sml-layout":"","ast-disable-related-posts":"","theme-transparent-header-meta":"","adv-header-id-meta":"","stick-header-meta":"","header-above-stick-meta":"","header-main-stick-meta":"","header-below-stick-meta":"","astra-migrate-meta-layouts":"set","ast-page-background-enabled":"default","ast-page-background-meta":{"desktop":{"background-color":"var(--ast-global-color-4)","background-image":"","background-repeat":"repeat","background-position":"center center","background-size":"auto","background-attachment":"scroll","background-type":"","background-media":"","overlay-type":"","overlay-color":"","overlay-opacity":"","overlay-gradient":""},"tablet":{"background-color":"","background-image":"","background-repeat":"repeat","background-position":"center center","background-size":"auto","background-attachment":"scroll","background-type":"","background-media":"","overlay-type":"","overlay-color":"","overlay-opacity":"","overlay-gradient":""},"mobile":{"background-color":"","background-image":"","background-repeat":"repeat","background-position":"center center","background-size":"auto","background-attachment":"scroll","background-type":"","background-media":"","overlay-type":"","overlay-color":"","overlay-opacity":"","overlay-gradient":""}},"ast-content-background-meta":{"desktop":{"background-color":"var(--ast-global-color-5)","background-image":"","background-repeat":"repeat","background-position":"center center","background-size":"auto","background-attachment":"scroll","background-type":"","background-media":"","overlay-type":"","overlay-color":"","overlay-opacity":"","overlay-gradient":""},"tablet":{"background-color":"var(--ast-global-color-5)","background-image":"","background-repeat":"repeat","background-position":"center center","background-size":"auto","background-attachment":"scroll","background-type":"","background-media":"","overlay-type":"","overlay-color":"","overlay-opacity":"","overlay-gradient":""},"mobile":{"background-color":"var(--ast-global-color-5)","background-image":"","background-repeat":"repeat","background-position":"center center","background-size":"auto","background-attachment":"scroll","background-type":"","background-media":"","overlay-type":"","overlay-color":"","overlay-opacity":"","overlay-gradient":""}},"footnotes":""},"class_list":["post-1015","page","type-page","status-publish","hentry"],"_links":{"self":[{"href":"https:\/\/vihti-gym.fi\/index.php\/wp-json\/wp\/v2\/pages\/1015","targetHints":{"allow":["GET"]}}],"collection":[{"href":"https:\/\/vihti-gym.fi\/index.php\/wp-json\/wp\/v2\/pages"}],"about":[{"href":"https:\/\/vihti-gym.fi\/index.php\/wp-json\/wp\/v2\/types\/page"}],"author":[{"embeddable":true,"href":"https:\/\/vihti-gym.fi\/index.php\/wp-json\/wp\/v2\/users\/3"}],"replies":[{"embeddable":true,"href":"https:\/\/vihti-gym.fi\/index.php\/wp-json\/wp\/v2\/comments?post=1015"}],"version-history":[{"count":10,"href":"https:\/\/vihti-gym.fi\/index.php\/wp-json\/wp\/v2\/pages\/1015\/revisions"}],"predecessor-version":[{"id":2698,"href":"https:\/\/vihti-gym.fi\/index.php\/wp-json\/wp\/v2\/pages\/1015\/revisions\/2698"}],"wp:attachment":[{"href":"https:\/\/vihti-gym.fi\/index.php\/wp-json\/wp\/v2\/media?parent=1015"}],"curies":[{"name":"wp","href":"https:\/\/api.w.org\/{rel}","templated":true}]}}